{"id":49,"date":"2019-08-09T17:32:30","date_gmt":"2019-08-09T20:32:30","guid":{"rendered":"https:\/\/www3.santoandre.sp.gov.br\/gcz\/?page_id=49"},"modified":"2026-03-31T16:37:20","modified_gmt":"2026-03-31T19:37:20","slug":"documentos-feira-de-adocao","status":"publish","type":"page","link":"https:\/\/www3.santoandre.sp.gov.br\/gcz\/index.php\/documentos-feira-de-adocao\/","title":{"rendered":"FORMUL\u00c1RIO DE INSCRI\u00c7\u00c3O"},"content":{"rendered":"<p><img loading=\"lazy\" decoding=\"async\" class=\"alignnone size-full wp-image-2579\" src=\"https:\/\/www3.santoandre.sp.gov.br\/gcz\/wp-content\/uploads\/2025\/02\/pexels-bertellifotografia-16652369-scaled.jpg\" alt=\"\" width=\"2560\" height=\"1707\" srcset=\"https:\/\/www3.santoandre.sp.gov.br\/gcz\/wp-content\/uploads\/2025\/02\/pexels-bertellifotografia-16652369-scaled.jpg 2560w, https:\/\/www3.santoandre.sp.gov.br\/gcz\/wp-content\/uploads\/2025\/02\/pexels-bertellifotografia-16652369-300x200.jpg 300w, https:\/\/www3.santoandre.sp.gov.br\/gcz\/wp-content\/uploads\/2025\/02\/pexels-bertellifotografia-16652369-1024x683.jpg 1024w, https:\/\/www3.santoandre.sp.gov.br\/gcz\/wp-content\/uploads\/2025\/02\/pexels-bertellifotografia-16652369-768x512.jpg 768w, https:\/\/www3.santoandre.sp.gov.br\/gcz\/wp-content\/uploads\/2025\/02\/pexels-bertellifotografia-16652369-1536x1024.jpg 1536w, https:\/\/www3.santoandre.sp.gov.br\/gcz\/wp-content\/uploads\/2025\/02\/pexels-bertellifotografia-16652369-2048x1365.jpg 2048w, https:\/\/www3.santoandre.sp.gov.br\/gcz\/wp-content\/uploads\/2025\/02\/pexels-bertellifotografia-16652369-1140x760.jpg 1140w\" sizes=\"auto, (max-width: 2560px) 100vw, 2560px\" \/><\/p>\n<p style=\"text-align: center;\"><span style=\"color: #000000;\"><strong><span style=\"font-size: 14pt;\">Calend\u00e1rio 2026 da feira de ado\u00e7\u00e3o: \ud83d\udcc6<\/span><\/strong><\/span><\/p>\n<table style=\"border-collapse: collapse; width: 100%; height: 298px;\">\n<tbody>\n<tr style=\"height: 24px;\">\n<td style=\"width: 50%; height: 24px; text-align: center;\"><span style=\"font-size: 14pt; color: #000000;\"><strong>M\u00eas<\/strong><\/span><\/td>\n<td style=\"width: 50%; height: 24px; text-align: center;\"><span style=\"font-size: 14pt; color: #000000;\"><strong>Dia<\/strong><\/span><\/td>\n<\/tr>\n<tr style=\"height: 10px;\">\n<td style=\"width: 50%; height: 10px; text-align: center;\"><del><span style=\"color: #000000;\">Janeiro<\/span><\/del><\/td>\n<td style=\"width: 50%; text-align: center; height: 10px;\" width=\"151\"><del><span style=\"color: #000000;\">18<\/span><\/del> <del><span style=\"color: #000000;\">\u2705<\/span><\/del><\/td>\n<\/tr>\n<tr style=\"height: 24px;\">\n<td style=\"width: 50%; height: 24px; text-align: center;\"><del><span style=\"color: #000000;\">Fevereiro<\/span><\/del><\/td>\n<td style=\"width: 50%; text-align: center; height: 24px;\" width=\"151\"><span style=\"color: #000000;\"><del>22\u2705<\/del><\/span><\/td>\n<\/tr>\n<tr style=\"height: 24px;\">\n<td style=\"width: 50%; height: 24px; text-align: center;\"><del><span style=\"color: #000000;\">Mar\u00e7o<\/span><\/del><\/td>\n<td style=\"width: 50%; text-align: center; height: 24px;\" width=\"151\"><del><span style=\"color: #000000;\">29<del>\u2705<\/del><\/span><\/del><\/td>\n<\/tr>\n<tr style=\"height: 24px;\">\n<td style=\"width: 50%; height: 24px; text-align: center;\"><span style=\"color: #000000;\">Abril<\/span><\/td>\n<td style=\"width: 50%; text-align: center; height: 24px;\" width=\"151\"><span style=\"color: #000000;\">26<\/span><\/td>\n<\/tr>\n<tr style=\"height: 24px;\">\n<td style=\"width: 50%; height: 24px; text-align: center;\"><span style=\"color: #000000;\">Maio<\/span><\/td>\n<td style=\"width: 50%; text-align: center; height: 24px;\" width=\"151\"><span style=\"color: #000000;\">31<\/span><\/td>\n<\/tr>\n<tr style=\"height: 24px;\">\n<td style=\"width: 50%; height: 24px; text-align: center;\"><span style=\"color: #000000;\">Junho<\/span><\/td>\n<td style=\"width: 50%; text-align: center; height: 24px;\" width=\"151\"><span style=\"color: #000000;\">28<\/span><\/td>\n<\/tr>\n<tr style=\"height: 24px;\">\n<td style=\"width: 50%; height: 24px; text-align: center;\"><span style=\"color: #000000;\">Julho<\/span><\/td>\n<td style=\"width: 50%; text-align: center; height: 24px;\" width=\"151\"><span style=\"color: #000000;\">26<\/span><\/td>\n<\/tr>\n<tr style=\"height: 24px;\">\n<td style=\"width: 50%; height: 24px; text-align: center;\"><span style=\"color: #000000;\">Agosto<\/span><\/td>\n<td style=\"width: 50%; text-align: center; height: 24px;\" width=\"151\"><span style=\"color: #000000;\">30<\/span><\/td>\n<\/tr>\n<tr style=\"height: 24px;\">\n<td style=\"width: 50%; height: 24px; text-align: center;\"><span style=\"color: #000000;\">Setembro<\/span><\/td>\n<td style=\"width: 50%; text-align: center; height: 24px;\" width=\"151\"><span style=\"color: #000000;\">27<\/span><\/td>\n<\/tr>\n<tr style=\"height: 24px;\">\n<td style=\"width: 50%; height: 24px; text-align: center;\"><span style=\"color: #000000;\">Outubro<\/span><\/td>\n<td style=\"width: 50%; text-align: center; height: 24px;\" width=\"151\"><span style=\"color: #000000;\">18<\/span><\/td>\n<\/tr>\n<tr style=\"height: 24px;\">\n<td style=\"width: 50%; height: 24px; text-align: center;\"><span style=\"color: #000000;\">Novembro<\/span><\/td>\n<td style=\"width: 50%; text-align: center; height: 24px;\" width=\"151\"><span style=\"color: #000000;\">29<\/span><\/td>\n<\/tr>\n<tr style=\"height: 24px;\">\n<td style=\"width: 50%; text-align: center; height: 24px;\"><\/td>\n<td style=\"width: 50%; text-align: center; height: 24px;\"><\/td>\n<\/tr>\n<\/tbody>\n<\/table>\n<p style=\"font-weight: 400;\"><span style=\"font-size: 14pt;\"><strong><span style=\"color: #000000;\">Procedimentos e documentos\u00a0 para PARTICIPAR<\/span> (<span style=\"color: #ff0000;\">DOAR ANIMAIS<\/span>) <span style=\"color: #000000;\">na feira de ado\u00e7\u00e3o:<\/span><\/strong><\/span><\/p>\n<p><span style=\"font-size: 12pt; color: #000000;\">Cadastre-se antes das feiras atrav\u00e9s do formul\u00e1rio:<\/span><\/p>\n<p style=\"text-align: center;\"><a href=\"https:\/\/forms.gle\/mCyd5BiVDccqDVZz5\"><img loading=\"lazy\" decoding=\"async\" class=\"aligncenter wp-image-3212\" src=\"https:\/\/www3.santoandre.sp.gov.br\/gcz\/wp-content\/uploads\/2025\/03\/feira-de-adocao-6.png\" alt=\"\" width=\"236\" height=\"94\" srcset=\"https:\/\/www3.santoandre.sp.gov.br\/gcz\/wp-content\/uploads\/2025\/03\/feira-de-adocao-6.png 591w, https:\/\/www3.santoandre.sp.gov.br\/gcz\/wp-content\/uploads\/2025\/03\/feira-de-adocao-6-300x120.png 300w\" sizes=\"auto, (max-width: 236px) 100vw, 236px\" \/><\/a><\/p>\n<p>&nbsp;<\/p>\n<p><strong>_______________________________________________________________________________________________________<\/strong><\/p>\n<p><span style=\"font-size: 14pt; color: #000000;\"><strong>Procedimentos e documentos\u00a0 para <span style=\"color: #ff0000;\">ADOTAR<\/span> na feira de ado\u00e7\u00e3o:<\/strong><\/span><\/p>\n<p style=\"font-weight: 400;\"><span style=\"font-size: 12pt;\"><span style=\"color: #000000;\">Adotar \u00e9 um gesto de amor e tamb\u00e9m de<\/span> <span style=\"color: #ff0000;\">RESPONSABILIDADE<\/span>.<\/span><\/p>\n<p style=\"font-weight: 400;\"><span style=\"color: #000000; font-size: 12pt;\">Para adotar \u00e9 necess\u00e1rio <strong>comparecer \u00e0 Feira de Ado\u00e7\u00e3o<\/strong>, ser maior de 18 anos, conhecer seu novo melhor amigo,\u00a0 ser entrevistado e orientado sobre guarda respons\u00e1vel do animal por\u00a0 Autoridade Sanit\u00e1ria e protetora independente que estiver doando o animal.<\/span><\/p>\n<p style=\"font-weight: 400;\"><span style=\"color: #000000; font-size: 12pt;\">O visitante dever\u00e1 apresentar\u00a0 os seguintes documentos:<\/span><\/p>\n<ul style=\"font-weight: 400;\">\n<li><span style=\"color: #000000; font-size: 12pt;\">RG, CPF (original);<\/span><\/li>\n<li><span style=\"color: #000000; font-size: 12pt;\">Comprovante de endere\u00e7o recente.<\/span><\/li>\n<\/ul>\n<p><img loading=\"lazy\" decoding=\"async\" class=\"size-full wp-image-3863 aligncenter\" src=\"https:\/\/www3.santoandre.sp.gov.br\/gcz\/wp-content\/uploads\/2026\/03\/Post-para-instagram-moderno-comunicado-importante-amarelo-2.png\" alt=\"\" width=\"1080\" height=\"1080\" srcset=\"https:\/\/www3.santoandre.sp.gov.br\/gcz\/wp-content\/uploads\/2026\/03\/Post-para-instagram-moderno-comunicado-importante-amarelo-2.png 1080w, https:\/\/www3.santoandre.sp.gov.br\/gcz\/wp-content\/uploads\/2026\/03\/Post-para-instagram-moderno-comunicado-importante-amarelo-2-300x300.png 300w, https:\/\/www3.santoandre.sp.gov.br\/gcz\/wp-content\/uploads\/2026\/03\/Post-para-instagram-moderno-comunicado-importante-amarelo-2-1024x1024.png 1024w, https:\/\/www3.santoandre.sp.gov.br\/gcz\/wp-content\/uploads\/2026\/03\/Post-para-instagram-moderno-comunicado-importante-amarelo-2-150x150.png 150w, https:\/\/www3.santoandre.sp.gov.br\/gcz\/wp-content\/uploads\/2026\/03\/Post-para-instagram-moderno-comunicado-importante-amarelo-2-768x768.png 768w, https:\/\/www3.santoandre.sp.gov.br\/gcz\/wp-content\/uploads\/2026\/03\/Post-para-instagram-moderno-comunicado-importante-amarelo-2-75x75.png 75w\" sizes=\"auto, (max-width: 1080px) 100vw, 1080px\" \/><\/p>\n","protected":false},"excerpt":{"rendered":"<p>Calend\u00e1rio 2026 da feira de ado\u00e7\u00e3o: \ud83d\udcc6 M\u00eas Dia Janeiro 18 \u2705 Fevereiro 22\u2705 Mar\u00e7o 29\u2705 Abril 26 Maio 31 Junho 28 Julho 26 Agosto 30 Setembro 27 Outubro 18 Novembro 29 Procedimentos e documentos\u00a0 para PARTICIPAR (DOAR ANIMAIS) na feira de ado\u00e7\u00e3o: Cadastre-se antes das feiras atrav\u00e9s do formul\u00e1rio: &nbsp; _______________________________________________________________________________________________________ Procedimentos e documentos\u00a0 para ADOTAR na feira de ado\u00e7\u00e3o: Adotar \u00e9 um gesto de amor e tamb\u00e9m de RESPONSABILIDADE. Para adotar \u00e9 necess\u00e1rio comparecer \u00e0 Feira de Ado\u00e7\u00e3o, ser maior de 18 anos, conhecer seu novo melhor amigo,\u00a0 ser entrevistado e orientado sobre guarda respons\u00e1vel do animal por\u00a0 Autoridade Sanit\u00e1ria e protetora independente que estiver doando o animal. O visitante dever\u00e1 apresentar\u00a0 os seguintes documentos: RG, CPF (original); Comprovante de endere\u00e7o recente.<\/p>\n","protected":false},"author":1,"featured_media":0,"parent":0,"menu_order":0,"comment_status":"closed","ping_status":"closed","template":"","meta":{"footnotes":""},"class_list":["post-49","page","type-page","status-publish","hentry"],"rttpg_featured_image_url":null,"rttpg_author":{"display_name":"admgcz","author_link":"https:\/\/www3.santoandre.sp.gov.br\/gcz\/index.php\/author\/admgcz\/"},"rttpg_comment":0,"rttpg_category":null,"rttpg_excerpt":"Calend\u00e1rio 2026 da feira de ado\u00e7\u00e3o: \ud83d\udcc6 M\u00eas Dia Janeiro 18 \u2705 Fevereiro 22\u2705 Mar\u00e7o 29\u2705 Abril 26 Maio 31 Junho 28 Julho 26 Agosto 30 Setembro 27 Outubro 18 Novembro 29 Procedimentos e documentos\u00a0 para PARTICIPAR (DOAR ANIMAIS) na feira de ado\u00e7\u00e3o: Cadastre-se antes das feiras atrav\u00e9s do formul\u00e1rio: &nbsp; _______________________________________________________________________________________________________ Procedimentos e documentos\u00a0&hellip;","_links":{"self":[{"href":"https:\/\/www3.santoandre.sp.gov.br\/gcz\/index.php\/wp-json\/wp\/v2\/pages\/49","targetHints":{"allow":["GET"]}}],"collection":[{"href":"https:\/\/www3.santoandre.sp.gov.br\/gcz\/index.php\/wp-json\/wp\/v2\/pages"}],"about":[{"href":"https:\/\/www3.santoandre.sp.gov.br\/gcz\/index.php\/wp-json\/wp\/v2\/types\/page"}],"author":[{"embeddable":true,"href":"https:\/\/www3.santoandre.sp.gov.br\/gcz\/index.php\/wp-json\/wp\/v2\/users\/1"}],"replies":[{"embeddable":true,"href":"https:\/\/www3.santoandre.sp.gov.br\/gcz\/index.php\/wp-json\/wp\/v2\/comments?post=49"}],"version-history":[{"count":43,"href":"https:\/\/www3.santoandre.sp.gov.br\/gcz\/index.php\/wp-json\/wp\/v2\/pages\/49\/revisions"}],"predecessor-version":[{"id":3891,"href":"https:\/\/www3.santoandre.sp.gov.br\/gcz\/index.php\/wp-json\/wp\/v2\/pages\/49\/revisions\/3891"}],"wp:attachment":[{"href":"https:\/\/www3.santoandre.sp.gov.br\/gcz\/index.php\/wp-json\/wp\/v2\/media?parent=49"}],"curies":[{"name":"wp","href":"https:\/\/api.w.org\/{rel}","templated":true}]}}