{"id":3042,"date":"2025-02-25T13:30:14","date_gmt":"2025-02-25T16:30:14","guid":{"rendered":"https:\/\/www3.santoandre.sp.gov.br\/gcz\/?page_id=3042"},"modified":"2025-10-15T14:30:55","modified_gmt":"2025-10-15T17:30:55","slug":"zoonoses","status":"publish","type":"page","link":"https:\/\/www3.santoandre.sp.gov.br\/gcz\/index.php\/zoonoses\/","title":{"rendered":"AS ZOONOSES"},"content":{"rendered":"<style type='text\/css' media='all'>#rt-tpg-container-140719971 .rt-holder .rt-woo-info .price{color:#afb8bf;}body .rt-tpg-container .rt-tpg-isotope-buttons .selected,\n\t\t\t\t\t#rt-tpg-container-140719971 .layout12 .rt-holder:hover .rt-detail,\n\t\t\t\t\t#rt-tpg-container-140719971 .isotope8 .rt-holder:hover .rt-detail,\n\t\t\t\t\t#rt-tpg-container-140719971 .carousel8 .rt-holder:hover .rt-detail,\n\t\t\t\t\t#rt-tpg-container-140719971 .layout13 .rt-holder .overlay .post-info,\n\t\t\t\t\t#rt-tpg-container-140719971 .isotope9 .rt-holder .overlay .post-info,\n\t\t\t\t\t#rt-tpg-container-140719971.rt-tpg-container .layout4 .rt-holder .rt-detail,\n\t\t\t\t\t.rt-modal-140719971 .md-content,\n\t\t\t\t\t.rt-modal-140719971 .md-content > .rt-md-content-holder .rt-md-content,\n\t\t\t\t\t.rt-popup-wrap-140719971.rt-popup-wrap .rt-popup-navigation-wrap,\n\t\t\t\t\t#rt-tpg-container-140719971 .carousel9 .rt-holder .overlay .post-info{background-color:#afb8bf;}#rt-tpg-container-140719971 .layout5 .rt-holder .overlay, #rt-tpg-container-140719971 .isotope2 .rt-holder .overlay, #rt-tpg-container-140719971 .carousel2 .rt-holder .overlay,#rt-tpg-container-140719971 .layout15 .rt-holder h3, #rt-tpg-container-140719971 .isotope11 .rt-holder h3, #rt-tpg-container-140719971 .carousel11 .rt-holder h3, #rt-tpg-container-140719971 .layout16 .rt-holder h3,\n\t\t\t\t\t#rt-tpg-container-140719971 .isotope12 .rt-holder h3, #rt-tpg-container-140719971 .carousel12 .rt-holder h3 {background-color:rgba(175,184,191,0.8);}#rt-tpg-container-140719971 .read-more a{border-radius:px;}#rt-tpg-container-140719971 .rt-img-holder img.rt-img-responsive,#rt-tpg-container-140719971 .rt-img-holder,\n\t\t\t\t\t#rt-tpg-container-140719971 .rt-post-overlay .post-img,\n\t\t\t\t\t#rt-tpg-container-140719971 .post-sm .post-img,\n\t\t\t\t\t#rt-tpg-container-140719971 .rt-post-grid .post-img,\n\t\t\t\t\t#rt-tpg-container-140719971 .post-img img {border-radius:px;}#rt-tpg-container-140719971 .layout5 .rt-holder h2.entry-title,\n\t\t\t\t\t#rt-tpg-container-140719971 .layout5 .rt-holder h3.entry-title,\n\t\t\t\t\t#rt-tpg-container-140719971 .layout5 .rt-holder h4.entry-title,\n\t\t\t\t\t#rt-tpg-container-140719971 .layout5 .rt-holder h2.entry-title a,\n\t\t\t\t\t#rt-tpg-container-140719971 .layout5 .rt-holder h3.entry-title a,\n\t\t\t\t\t#rt-tpg-container-140719971 .layout5 .rt-holder h4.entry-title a,\n\t\t\t\t\t#rt-tpg-container-140719971 .rt-holder .rt-woo-info h2 a,\n\t\t\t\t\t#rt-tpg-container-140719971 .rt-holder .rt-woo-info h3 a,\n\t\t\t\t\t#rt-tpg-container-140719971 .rt-holder .rt-woo-info h4 a,\n\t\t\t\t\t#rt-tpg-container-140719971 .post-content .post-title,\n\t\t\t\t\t#rt-tpg-container-140719971 .rt-post-grid .post-title,\n\t\t\t\t\t#rt-tpg-container-140719971 .rt-post-grid .post-title a,\n\t\t\t\t\t#rt-tpg-container-140719971 .post-content .post-title a,\n\t\t\t\t\t#rt-tpg-container-140719971 .rt-holder .rt-woo-info h2,\n\t\t\t\t\t#rt-tpg-container-140719971 .rt-holder .rt-woo-info h3,\n\t\t\t\t\t#rt-tpg-container-140719971 .rt-holder .rt-woo-info h4{font-size:22px;line-height:32px;text-align:center;}#rt-tpg-container-140719971 .post-grid-lg-style-1 .post-title,\n\t\t\t\t\t\t#rt-tpg-container-140719971 .post-grid-lg-style-1 .post-title a,\n\t\t\t\t\t\t#rt-tpg-container-140719971 .big-layout .post-title,\n\t\t\t\t\t\t#rt-tpg-container-140719971 .big-layout .post-title a,\n\t\t\t\t\t\t#rt-tpg-container-140719971 .post-grid-lg-style-1 .post-title,\n\t\t\t\t\t\t#rt-tpg-container-140719971 .post-grid-lg-style-1 .post-title a {font-size:30px;line-height:40px;}#rt-tpg-container-140719971 .layout5 .rt-holder .tpg-excerpt,#rt-tpg-container-140719971 .layout5 .tpg-excerpt,#rt-tpg-container-140719971 .layout5 .rt-holder .post-content,#rt-tpg-container-140719971 .rt-holder .rt-woo-info p,#rt-tpg-container-140719971 .post-content p {font-size:15px;}<\/style><div class='rt-container-fluid rt-tpg-container tpg-shortcode-main-wrapper ' id='rt-tpg-container-140719971'   data-layout='layout5' data-grid-style='even' data-desktop-col='2'  data-tab-col='2'  data-mobile-col='1' data-sc-id='3034'><div class=\"tpg-widget-heading-wrapper heading-style1 \"><span class=\"tpg-widget-heading-line line-left\"><\/span><h2 class=\"tpg-widget-heading\">AS DOEN\u00c7AS ZOON\u00d3TICAS<\/h2><span class=\"tpg-widget-heading-line\"><\/span><\/div><div data-title='Loading ...' class='rt-row rt-content-loader   layout5 tpg-even '><div class=\"rt-col-md-6 rt-col-sm-6 rt-col-xs-12 even-grid-item rt-grid-item\" data-id=\"3035\"><div class=\"rt-holder\"><div class=\"overlay\"><h3 class=\"entry-title\"><a data-id=\"3035\" class=\"\" href=\"https:\/\/www3.santoandre.sp.gov.br\/gcz\/index.php\/2025\/02\/25\/esporotricose\/\">ESPOROTRICOSE<\/a><\/h3><div class='rt-detail'><div class='tpg-excerpt'>Voc\u00ea j\u00e1 ouviu falar da Esporotricose? &nbsp; \u00c9 uma doen\u00e7a...<\/div><\/div><\/div> <a data-id='3035' class='' href='https:\/\/www3.santoandre.sp.gov.br\/gcz\/index.php\/2025\/02\/25\/esporotricose\/'><img loading=\"lazy\" decoding=\"async\" width=\"1440\" height=\"1442\" src=\"https:\/\/www3.santoandre.sp.gov.br\/gcz\/wp-content\/uploads\/2025\/02\/image1-scaled-e1740500180554.jpeg\" class=\"rt-img-responsive \" alt=\"\" \/><\/a><\/div><\/div><div class=\"rt-col-md-6 rt-col-sm-6 rt-col-xs-12 even-grid-item rt-grid-item\" data-id=\"3037\"><div class=\"rt-holder\"><div class=\"overlay\"><h3 class=\"entry-title\"><a data-id=\"3037\" class=\"\" href=\"https:\/\/www3.santoandre.sp.gov.br\/gcz\/index.php\/2025\/02\/25\/morcegos-e-a-raiva\/\">MORCEGOS E A RAIVA<\/a><\/h3><div class='rt-detail'><div class='tpg-excerpt'>&nbsp; Morcegos: Quem s\u00e3o essas criaturas diferentes &nbsp; Morcegos n\u00e3o...<\/div><\/div><\/div> <a data-id='3037' class='' href='https:\/\/www3.santoandre.sp.gov.br\/gcz\/index.php\/2025\/02\/25\/morcegos-e-a-raiva\/'><img loading=\"lazy\" decoding=\"async\" width=\"940\" height=\"940\" src=\"https:\/\/www3.santoandre.sp.gov.br\/gcz\/wp-content\/uploads\/2025\/02\/IMG_8890-scaled-e1740505090115.jpg\" class=\"rt-img-responsive \" alt=\"\" \/><\/a><\/div><\/div><div class=\"rt-col-md-6 rt-col-sm-6 rt-col-xs-12 even-grid-item rt-grid-item\" data-id=\"3040\"><div class=\"rt-holder\"><div class=\"overlay\"><h3 class=\"entry-title\"><a data-id=\"3040\" class=\"\" href=\"https:\/\/www3.santoandre.sp.gov.br\/gcz\/index.php\/2025\/02\/25\/outras-doencas\/\">OUTRAS DOEN\u00c7AS<\/a><\/h3><div class='rt-detail'><div class='tpg-excerpt'>Fale conosco atrav\u00e9s dos nossos contatos, solicite uma vistoria ou...<\/div><\/div><\/div> <a data-id='3040' class='' href='https:\/\/www3.santoandre.sp.gov.br\/gcz\/index.php\/2025\/02\/25\/outras-doencas\/'><img loading=\"lazy\" decoding=\"async\" width=\"1710\" height=\"1702\" src=\"https:\/\/www3.santoandre.sp.gov.br\/gcz\/wp-content\/uploads\/2025\/02\/close-up-veterinarian-taking-care-dog-scaled-e1740505363862.jpg\" class=\"rt-img-responsive \" alt=\"\" \/><\/a><\/div><\/div><div class=\"rt-col-md-6 rt-col-sm-6 rt-col-xs-12 even-grid-item rt-grid-item\" data-id=\"3064\"><div class=\"rt-holder\"><div class=\"overlay\"><h3 class=\"entry-title\"><a data-id=\"3064\" class=\"\" href=\"https:\/\/www3.santoandre.sp.gov.br\/gcz\/index.php\/2025\/10\/14\/dengue\/\">DENGUE<\/a><\/h3><div class='rt-detail'><div class='tpg-excerpt'>FONTE: CIEVS Santo Andr\u00e9. &#8211; https:\/\/sites.google.com\/view\/cievssantoandre\/alertas-epidemiol%C3%B3gicos\/c%C3%B3pia-de-dengue-2?authuser=0...<\/div><\/div><\/div> <a data-id='3064' class='' href='https:\/\/www3.santoandre.sp.gov.br\/gcz\/index.php\/2025\/10\/14\/dengue\/'><img loading=\"lazy\" decoding=\"async\" width=\"2560\" height=\"1695\" src=\"https:\/\/www3.santoandre.sp.gov.br\/gcz\/wp-content\/uploads\/2025\/02\/pexels-pixabay-86722-scaled.jpg\" class=\"rt-img-responsive \" alt=\"\" \/><\/a><\/div><\/div><\/div><\/div>\n","protected":false},"excerpt":{"rendered":"","protected":false},"author":4,"featured_media":0,"parent":0,"menu_order":0,"comment_status":"closed","ping_status":"closed","template":"","meta":{"footnotes":""},"class_list":["post-3042","page","type-page","status-publish","hentry"],"rttpg_featured_image_url":null,"rttpg_author":{"display_name":"LSERZEDELLO SANTO ANDRE","author_link":"https:\/\/www3.santoandre.sp.gov.br\/gcz\/index.php\/author\/acbsilva\/"},"rttpg_comment":0,"rttpg_category":"","rttpg_excerpt":null,"_links":{"self":[{"href":"https:\/\/www3.santoandre.sp.gov.br\/gcz\/index.php\/wp-json\/wp\/v2\/pages\/3042","targetHints":{"allow":["GET"]}}],"collection":[{"href":"https:\/\/www3.santoandre.sp.gov.br\/gcz\/index.php\/wp-json\/wp\/v2\/pages"}],"about":[{"href":"https:\/\/www3.santoandre.sp.gov.br\/gcz\/index.php\/wp-json\/wp\/v2\/types\/page"}],"author":[{"embeddable":true,"href":"https:\/\/www3.santoandre.sp.gov.br\/gcz\/index.php\/wp-json\/wp\/v2\/users\/4"}],"replies":[{"embeddable":true,"href":"https:\/\/www3.santoandre.sp.gov.br\/gcz\/index.php\/wp-json\/wp\/v2\/comments?post=3042"}],"version-history":[{"count":5,"href":"https:\/\/www3.santoandre.sp.gov.br\/gcz\/index.php\/wp-json\/wp\/v2\/pages\/3042\/revisions"}],"predecessor-version":[{"id":3484,"href":"https:\/\/www3.santoandre.sp.gov.br\/gcz\/index.php\/wp-json\/wp\/v2\/pages\/3042\/revisions\/3484"}],"wp:attachment":[{"href":"https:\/\/www3.santoandre.sp.gov.br\/gcz\/index.php\/wp-json\/wp\/v2\/media?parent=3042"}],"curies":[{"name":"wp","href":"https:\/\/api.w.org\/{rel}","templated":true}]}}