{"id":3026,"date":"2025-02-25T12:05:54","date_gmt":"2025-02-25T15:05:54","guid":{"rendered":"https:\/\/www3.santoandre.sp.gov.br\/gcz\/?page_id=3026"},"modified":"2025-10-15T14:37:20","modified_gmt":"2025-10-15T17:37:20","slug":"vacinacao-gratuita","status":"publish","type":"page","link":"https:\/\/www3.santoandre.sp.gov.br\/gcz\/index.php\/vacinacao-gratuita\/","title":{"rendered":"VACINA\u00c7\u00c3O"},"content":{"rendered":"<p><img loading=\"lazy\" decoding=\"async\" class=\"size-full wp-image-3060\" src=\"https:\/\/www3.santoandre.sp.gov.br\/gcz\/wp-content\/uploads\/2025\/02\/vet-giving-injection-dog.jpg\" alt=\"\" width=\"7689\" height=\"5128\" srcset=\"https:\/\/www3.santoandre.sp.gov.br\/gcz\/wp-content\/uploads\/2025\/02\/vet-giving-injection-dog.jpg 7689w, https:\/\/www3.santoandre.sp.gov.br\/gcz\/wp-content\/uploads\/2025\/02\/vet-giving-injection-dog-300x200.jpg 300w, https:\/\/www3.santoandre.sp.gov.br\/gcz\/wp-content\/uploads\/2025\/02\/vet-giving-injection-dog-1024x683.jpg 1024w, https:\/\/www3.santoandre.sp.gov.br\/gcz\/wp-content\/uploads\/2025\/02\/vet-giving-injection-dog-768x512.jpg 768w, https:\/\/www3.santoandre.sp.gov.br\/gcz\/wp-content\/uploads\/2025\/02\/vet-giving-injection-dog-1536x1024.jpg 1536w, https:\/\/www3.santoandre.sp.gov.br\/gcz\/wp-content\/uploads\/2025\/02\/vet-giving-injection-dog-1140x760.jpg 1140w\" sizes=\"auto, (max-width: 7689px) 100vw, 7689px\" \/><\/p>\n<p data-start=\"0\" data-end=\"69\"><span style=\"color: #ffffff;\">.<\/span><\/p>\n<p style=\"text-align: center;\" data-start=\"0\" data-end=\"69\"><span style=\"font-size: 12pt;\">A prefeitura de Santo Andr\u00e9 oferece <span style=\"color: #339966;\">vacina\u00e7\u00e3o antirr\u00e1bica (contra raiva) gratuita<\/span> para C\u00e3es e Gatos na Ger\u00eancia de Controle de Zoonoses.<\/span><\/p>\n<p data-start=\"0\" data-end=\"69\"><span style=\"color: #ffffff;\">.<\/span><\/p>\n<p data-start=\"0\" data-end=\"69\"><span style=\"font-size: 14pt;\"><strong>Quais os pr\u00e9-requisitos?<\/strong><\/span><\/p>\n<ul>\n<li data-start=\"0\" data-end=\"69\">Animal ter mais de 4 meses.<\/li>\n<li data-start=\"0\" data-end=\"69\">Estar sadio. (Se tomou alguma medica\u00e7\u00e3o recente informe a secretaria).<\/li>\n<li data-start=\"0\" data-end=\"69\">N\u00e3o ter feito nenhuma outra vacina nos \u00faltimos 30 dias corridos.<\/li>\n<\/ul>\n<p>&nbsp;<\/p>\n<p><strong><span style=\"font-size: 14pt;\">Qual hor\u00e1rio de atendimento?<\/span><\/strong><\/p>\n<p>De Segunda \u00e0 sexta, das <strong>08:00 \u00e0s 12:00 <\/strong>e das<strong> 13:00 \u00e0s 16:30 Horas<\/strong> na\u00a0<a class=\"customize-unpreviewable\" href=\"https:\/\/g.co\/kgs\/87fhCBw\">Rua Igarapava, 239 \u2013 Vila Valpara\u00edso, Santo Andr\u00e9 \u2013 SP, 09060-170<\/a><\/p>\n<p>&nbsp;<\/p>\n<p data-start=\"0\" data-end=\"69\"><span style=\"font-size: 14pt;\"><strong>Por que devo vacinar meus animais?<\/strong><\/span><\/p>\n<ol data-start=\"71\" data-end=\"1021\">\n<li data-start=\"71\" data-end=\"198\">\n<p data-start=\"74\" data-end=\"198\"><strong data-start=\"74\" data-end=\"105\">Prote\u00e7\u00e3o da sa\u00fade do animal<\/strong> \u2013 A raiva \u00e9 uma doen\u00e7a fatal, sem cura, e a vacina\u00e7\u00e3o \u00e9 a \u00fanica forma eficaz de preven\u00e7\u00e3o.<\/p>\n<\/li>\n<li data-start=\"200\" data-end=\"352\">\n<p data-start=\"203\" data-end=\"352\"><strong data-start=\"203\" data-end=\"228\">Prote\u00e7\u00e3o para humanos<\/strong> \u2013 A raiva \u00e9 uma zoonose, ou seja, pode ser transmitida dos animais para os humanos, geralmente por mordidas ou arranh\u00f5es.<\/p>\n<\/li>\n<li data-start=\"354\" data-end=\"479\">\n<p data-start=\"357\" data-end=\"479\"><strong data-start=\"357\" data-end=\"376\">Obriga\u00e7\u00e3o legal<\/strong> \u2013 A vacina\u00e7\u00e3o antirr\u00e1bica \u00e9 obrigat\u00f3ria devido a posse respons\u00e1vel do tutor com o animal e n\u00e3o se n\u00e3o cumprir pode gerar multas.<\/p>\n<\/li>\n<li data-start=\"481\" data-end=\"619\">\n<p data-start=\"484\" data-end=\"619\"><strong data-start=\"484\" data-end=\"507\">Preven\u00e7\u00e3o de surtos<\/strong> \u2013 Manter a vacina\u00e7\u00e3o em dia ajuda a evitar a dissemina\u00e7\u00e3o da doen\u00e7a, protegendo tanto animais quanto pessoas.<\/p>\n<\/li>\n<li data-start=\"621\" data-end=\"774\">\n<p data-start=\"624\" data-end=\"774\"><strong data-start=\"624\" data-end=\"654\">Contato com outros animais<\/strong> \u2013 C\u00e3es e gatos podem ser expostos ao v\u00edrus ao entrar em contato com morcegos, guaxinins ou outros animais infectados.<\/p>\n<\/li>\n<li data-start=\"776\" data-end=\"900\">\n<p data-start=\"779\" data-end=\"900\"><strong data-start=\"779\" data-end=\"807\">Seguran\u00e7a para a fam\u00edlia<\/strong> \u2013 Animais vacinados garantem mais seguran\u00e7a para crian\u00e7as e adultos que convivem com eles.<\/p>\n<\/li>\n<li data-start=\"902\" data-end=\"1021\">\n<p data-start=\"905\" data-end=\"1021\"><strong data-start=\"905\" data-end=\"941\">Gratuidade em campanhas p\u00fablicas<\/strong> \u2013 Basta trazer seus animais at\u00e9 a Ger\u00eancia de Controle de Zoonoses.<\/p>\n<\/li>\n<\/ol>\n","protected":false},"excerpt":{"rendered":"<p>. A prefeitura de Santo Andr\u00e9 oferece vacina\u00e7\u00e3o antirr\u00e1bica (contra raiva) gratuita para C\u00e3es e Gatos na Ger\u00eancia de Controle de Zoonoses. . Quais os pr\u00e9-requisitos? Animal ter mais de 4 meses. Estar sadio. (Se tomou alguma medica\u00e7\u00e3o recente informe a secretaria). N\u00e3o ter feito nenhuma outra vacina nos \u00faltimos 30 dias corridos. &nbsp; Qual hor\u00e1rio de atendimento? De Segunda \u00e0 sexta, das 08:00 \u00e0s 12:00 e das 13:00 \u00e0s 16:30 Horas na\u00a0Rua Igarapava, 239 \u2013 Vila Valpara\u00edso, Santo Andr\u00e9 \u2013 SP, 09060-170 &nbsp; Por que devo vacinar meus animais? Prote\u00e7\u00e3o da sa\u00fade do animal \u2013 A raiva \u00e9 uma doen\u00e7a fatal, sem cura, e a vacina\u00e7\u00e3o \u00e9 a \u00fanica forma eficaz de preven\u00e7\u00e3o. Prote\u00e7\u00e3o para humanos \u2013 A raiva \u00e9 uma zoonose, ou seja, pode ser transmitida dos animais para os humanos, geralmente por mordidas ou arranh\u00f5es. Obriga\u00e7\u00e3o legal \u2013 A vacina\u00e7\u00e3o antirr\u00e1bica \u00e9 obrigat\u00f3ria devido a posse respons\u00e1vel do tutor com o animal e n\u00e3o se n\u00e3o cumprir pode gerar multas. Preven\u00e7\u00e3o de surtos \u2013 Manter a vacina\u00e7\u00e3o em dia ajuda a evitar a dissemina\u00e7\u00e3o da doen\u00e7a, protegendo tanto animais quanto pessoas. Contato com outros animais \u2013 C\u00e3es e gatos podem ser expostos ao v\u00edrus ao entrar em contato com morcegos, guaxinins ou outros animais infectados. Seguran\u00e7a para a fam\u00edlia \u2013 Animais vacinados garantem mais seguran\u00e7a para crian\u00e7as e adultos que convivem com eles. Gratuidade em campanhas p\u00fablicas \u2013 Basta trazer seus animais at\u00e9 a Ger\u00eancia de Controle de Zoonoses.<\/p>\n","protected":false},"author":4,"featured_media":0,"parent":0,"menu_order":0,"comment_status":"closed","ping_status":"closed","template":"","meta":{"footnotes":""},"class_list":["post-3026","page","type-page","status-publish","hentry"],"rttpg_featured_image_url":null,"rttpg_author":{"display_name":"LSERZEDELLO SANTO ANDRE","author_link":"https:\/\/www3.santoandre.sp.gov.br\/gcz\/index.php\/author\/acbsilva\/"},"rttpg_comment":0,"rttpg_category":null,"rttpg_excerpt":". A prefeitura de Santo Andr\u00e9 oferece vacina\u00e7\u00e3o antirr\u00e1bica (contra raiva) gratuita para C\u00e3es e Gatos na Ger\u00eancia de Controle de Zoonoses. . Quais os pr\u00e9-requisitos? Animal ter mais de 4 meses. Estar sadio. (Se tomou alguma medica\u00e7\u00e3o recente informe a secretaria). N\u00e3o ter feito nenhuma outra vacina nos \u00faltimos 30 dias corridos. &nbsp; Qual&hellip;","_links":{"self":[{"href":"https:\/\/www3.santoandre.sp.gov.br\/gcz\/index.php\/wp-json\/wp\/v2\/pages\/3026","targetHints":{"allow":["GET"]}}],"collection":[{"href":"https:\/\/www3.santoandre.sp.gov.br\/gcz\/index.php\/wp-json\/wp\/v2\/pages"}],"about":[{"href":"https:\/\/www3.santoandre.sp.gov.br\/gcz\/index.php\/wp-json\/wp\/v2\/types\/page"}],"author":[{"embeddable":true,"href":"https:\/\/www3.santoandre.sp.gov.br\/gcz\/index.php\/wp-json\/wp\/v2\/users\/4"}],"replies":[{"embeddable":true,"href":"https:\/\/www3.santoandre.sp.gov.br\/gcz\/index.php\/wp-json\/wp\/v2\/comments?post=3026"}],"version-history":[{"count":9,"href":"https:\/\/www3.santoandre.sp.gov.br\/gcz\/index.php\/wp-json\/wp\/v2\/pages\/3026\/revisions"}],"predecessor-version":[{"id":3063,"href":"https:\/\/www3.santoandre.sp.gov.br\/gcz\/index.php\/wp-json\/wp\/v2\/pages\/3026\/revisions\/3063"}],"wp:attachment":[{"href":"https:\/\/www3.santoandre.sp.gov.br\/gcz\/index.php\/wp-json\/wp\/v2\/media?parent=3026"}],"curies":[{"name":"wp","href":"https:\/\/api.w.org\/{rel}","templated":true}]}}