{"id":2857,"date":"2025-02-18T11:59:48","date_gmt":"2025-02-18T14:59:48","guid":{"rendered":"https:\/\/www3.santoandre.sp.gov.br\/gcz\/?page_id=2857"},"modified":"2026-03-10T10:17:40","modified_gmt":"2026-03-10T13:17:40","slug":"perguntas-mais-frequentes","status":"publish","type":"page","link":"https:\/\/www3.santoandre.sp.gov.br\/gcz\/index.php\/perguntas-mais-frequentes\/","title":{"rendered":"PERGUNTAS MAIS FREQUENTES"},"content":{"rendered":"<p><img loading=\"lazy\" decoding=\"async\" class=\"size-full wp-image-3145 aligncenter\" src=\"https:\/\/www3.santoandre.sp.gov.br\/gcz\/wp-content\/uploads\/2025\/03\/question-145_256.gif\" alt=\"\" width=\"256\" height=\"256\" \/><\/p>\n<ul>\n<li><span style=\"font-size: 18pt; color: #333399;\"><strong>Qual o hor\u00e1rio de funcionamento da Gerencia de Controle de Zoonoses? \ud83d\udd58<\/strong><\/span><\/li>\n<\/ul>\n<p style=\"text-align: left;\"><span style=\"color: #000000;\">Segunda \u00e0 sexta, das <strong>08:00<\/strong>h \u00e0s <strong>12:00<\/strong>h e das <strong>13:00<\/strong>h \u00e0s <strong>17:00<\/strong> Horas.<\/span><\/p>\n<p><span style=\"color: #000000;\">Nossos servi\u00e7os:<\/span><a href=\"https:\/\/www3.santoandre.sp.gov.br\/gcz\/\"><img loading=\"lazy\" decoding=\"async\" class=\"wp-image-3453 aligncenter\" src=\"https:\/\/www3.santoandre.sp.gov.br\/gcz\/wp-content\/uploads\/2025\/10\/feira-de-adocao-8.png\" alt=\"\" width=\"286\" height=\"114\" srcset=\"https:\/\/www3.santoandre.sp.gov.br\/gcz\/wp-content\/uploads\/2025\/10\/feira-de-adocao-8.png 591w, https:\/\/www3.santoandre.sp.gov.br\/gcz\/wp-content\/uploads\/2025\/10\/feira-de-adocao-8-300x120.png 300w\" sizes=\"auto, (max-width: 286px) 100vw, 286px\" \/><\/a><\/p>\n<ul>\n<li><span style=\"font-size: 18pt; color: #333399;\"><strong>Como vacinar meu c\u00e3o ou gato contra a raiva? \ud83d\udc89<\/strong><\/span><\/li>\n<\/ul>\n<p><span style=\"color: #000000;\">O munic\u00edpio de Santo Andr\u00e9 oferece vacina\u00e7\u00e3o <strong>gratuita<\/strong> contra raiva para c\u00e3es e gatos na Ger\u00eancia de Controle de Zoonoses, localizada na \ud83d\udccd <span style=\"text-decoration: underline;\">Rua Igarapava, 239 &#8211; Vila Valpara\u00edso, Santo Andr\u00e9 &#8211; SP, 09060-170<\/span> (\ud83c\udf0e\u00a0<span style=\"color: #0000ff;\"><a style=\"color: #0000ff;\" href=\"https:\/\/g.co\/kgs\/pogGnVE\">Mapa<\/a><\/span>).<\/span><\/p>\n<p><span style=\"color: #000000;\">N\u00e3o \u00e9 necess\u00e1rio agendamento pr\u00e9vio, o servi\u00e7o \u00e9 realizado por ordem de chegada.<\/span><\/p>\n<p><span style=\"color: #000000;\">\ud83d\udd57 <span style=\"font-size: 14pt;\">De Segunda \u00e0 sexta, das <strong>08:00<\/strong>h \u00e0s <strong>12:00<\/strong>h e das <strong>13:00<\/strong>h \u00e0s <strong>16:30<\/strong> Horas.<\/span><\/span><\/p>\n<p><span style=\"text-decoration: underline;\"><strong><span style=\"color: #339966; text-decoration: underline;\">*Servi\u00e7o gratuito!<\/span><\/strong><\/span><\/p>\n<p>&nbsp;<\/p>\n<ul>\n<li><span style=\"font-size: 18pt; color: #333399;\"><strong>Como posso adotar um animal tutelado na GCZ?\u00a0<\/strong><\/span><\/li>\n<\/ul>\n<p><span style=\"color: #000000;\">Venha at\u00e9 a GCZ! Em \ud83d\udccd <span style=\"text-decoration: underline;\">Rua Igarapava, 239 &#8211; Vila Valpara\u00edso, Santo Andr\u00e9 &#8211; SP, 09060-170<\/span><\/span> (\ud83c\udf0e <a href=\"https:\/\/g.co\/kgs\/pogGnVE\"><span style=\"color: #0000ff;\">Mapa<\/span><\/a>) <span style=\"color: #000000;\">e se declare interessado.<\/span><\/p>\n<p><span style=\"color: #000000;\">Nossos animais s\u00e3o <span style=\"color: #0000ff;\">castrados<\/span>, <span style=\"color: #0000ff;\">vacinados<\/span> e <span style=\"color: #0000ff;\">vermifugados<\/span>.<\/span><\/p>\n<p><a href=\"https:\/\/www3.santoandre.sp.gov.br\/gcz\/index.php\/fotos\/\"><img loading=\"lazy\" decoding=\"async\" class=\"wp-image-3457 aligncenter\" src=\"https:\/\/www3.santoandre.sp.gov.br\/gcz\/wp-content\/uploads\/2025\/10\/1.png\" alt=\"\" width=\"288\" height=\"115\" srcset=\"https:\/\/www3.santoandre.sp.gov.br\/gcz\/wp-content\/uploads\/2025\/10\/1.png 591w, https:\/\/www3.santoandre.sp.gov.br\/gcz\/wp-content\/uploads\/2025\/10\/1-300x120.png 300w\" sizes=\"auto, (max-width: 288px) 100vw, 288px\" \/><\/a> <a href=\"https:\/\/www3.santoandre.sp.gov.br\/gcz\/index.php\/documentos-adocao-no-gcz\/\"><img loading=\"lazy\" decoding=\"async\" class=\"wp-image-3456 aligncenter\" src=\"https:\/\/www3.santoandre.sp.gov.br\/gcz\/wp-content\/uploads\/2025\/10\/2.png\" alt=\"\" width=\"288\" height=\"115\" srcset=\"https:\/\/www3.santoandre.sp.gov.br\/gcz\/wp-content\/uploads\/2025\/10\/2.png 591w, https:\/\/www3.santoandre.sp.gov.br\/gcz\/wp-content\/uploads\/2025\/10\/2-300x120.png 300w\" sizes=\"auto, (max-width: 288px) 100vw, 288px\" \/><\/a><\/p>\n<p>&nbsp;<\/p>\n<p><span style=\"text-decoration: underline;\"><strong><span style=\"color: #339966; text-decoration: underline;\">*Servi\u00e7o gratuito!<\/span><\/strong><\/span><\/p>\n<p>&nbsp;<\/p>\n<ul>\n<li><span style=\"font-size: 18pt; color: #333399;\"><strong>Como posso doar um animal? \ud83d\udc15<\/strong><\/span><\/li>\n<\/ul>\n<p><span style=\"color: #ff0000; font-size: 14pt;\">\u26a0\ufe0f Aten\u00e7\u00e3o!! O <strong>abandono<\/strong> de animais \u00e9 <strong>crime<\/strong> segundo a <a style=\"color: #ff0000;\" href=\"https:\/\/www.planalto.gov.br\/ccivil_03\/leis\/l9605.htm\">LEI FEDERAL 9.605\/98<\/a>. \u26a0\ufe0f<\/span><\/p>\n<p><span style=\"color: #000000;\">Voc\u00ea pode se inscrever para doar um animal atrav\u00e9s da <strong>feira de ado\u00e7\u00e3o<\/strong> que acontece mensalmente, a feira<\/span> <span style=\"color: #0000ff;\">Eu AMO, Eu Adoto<\/span>.<\/p>\n<p><a href=\"https:\/\/www3.santoandre.sp.gov.br\/gcz\/index.php\/data-e-locais-da-feira-de-adocao\/\"><img loading=\"lazy\" decoding=\"async\" class=\"wp-image-3178 alignleft\" src=\"https:\/\/www3.santoandre.sp.gov.br\/gcz\/wp-content\/uploads\/2025\/03\/2-1.png\" alt=\"\" width=\"218\" height=\"87\" srcset=\"https:\/\/www3.santoandre.sp.gov.br\/gcz\/wp-content\/uploads\/2025\/03\/2-1.png 591w, https:\/\/www3.santoandre.sp.gov.br\/gcz\/wp-content\/uploads\/2025\/03\/2-1-300x120.png 300w\" sizes=\"auto, (max-width: 218px) 100vw, 218px\" \/><\/a><\/p>\n<p><a href=\"https:\/\/www3.santoandre.sp.gov.br\/gcz\/index.php\/documentos-feira-de-adocao\/\"><img loading=\"lazy\" decoding=\"async\" class=\"wp-image-3203 alignright\" src=\"https:\/\/www3.santoandre.sp.gov.br\/gcz\/wp-content\/uploads\/2025\/03\/feira-de-adocao-2.png\" alt=\"\" width=\"218\" height=\"87\" srcset=\"https:\/\/www3.santoandre.sp.gov.br\/gcz\/wp-content\/uploads\/2025\/03\/feira-de-adocao-2.png 591w, https:\/\/www3.santoandre.sp.gov.br\/gcz\/wp-content\/uploads\/2025\/03\/feira-de-adocao-2-300x120.png 300w\" sizes=\"auto, (max-width: 218px) 100vw, 218px\" \/><\/a><\/p>\n<p><a href=\"https:\/\/www3.santoandre.sp.gov.br\/gcz\/index.php\/adocao-em-numeros\/\"><img loading=\"lazy\" decoding=\"async\" class=\"wp-image-3204 aligncenter\" src=\"https:\/\/www3.santoandre.sp.gov.br\/gcz\/wp-content\/uploads\/2025\/03\/feira-de-adocao-3.png\" alt=\"\" width=\"218\" height=\"87\" srcset=\"https:\/\/www3.santoandre.sp.gov.br\/gcz\/wp-content\/uploads\/2025\/03\/feira-de-adocao-3.png 591w, https:\/\/www3.santoandre.sp.gov.br\/gcz\/wp-content\/uploads\/2025\/03\/feira-de-adocao-3-300x120.png 300w\" sizes=\"auto, (max-width: 218px) 100vw, 218px\" \/><\/a><\/p>\n<p>&nbsp;<\/p>\n<ul>\n<li><span style=\"font-size: 18pt; color: #333399;\"><strong>Como posso fazer uma den\u00fancia ou solicitar uma vistoria?<\/strong><\/span><\/li>\n<\/ul>\n<p>Atrav\u00e9s do aplicativo e site \ud83d\udcf1 <strong>COLAB GOV<\/strong> ou \u260e\ufe0f <strong>Telefone da ouvidoria<\/strong> do munic\u00edpio. (0800 019 19 44)<\/p>\n<p><a href=\"https:\/\/www3.santoandre.sp.gov.br\/gcz\/index.php\/fale-conosco\/\"><img loading=\"lazy\" decoding=\"async\" class=\"wp-image-3207 aligncenter\" src=\"https:\/\/www3.santoandre.sp.gov.br\/gcz\/wp-content\/uploads\/2025\/03\/feira-de-adocao-4.png\" alt=\"\" width=\"218\" height=\"87\" srcset=\"https:\/\/www3.santoandre.sp.gov.br\/gcz\/wp-content\/uploads\/2025\/03\/feira-de-adocao-4.png 591w, https:\/\/www3.santoandre.sp.gov.br\/gcz\/wp-content\/uploads\/2025\/03\/feira-de-adocao-4-300x120.png 300w\" sizes=\"auto, (max-width: 218px) 100vw, 218px\" \/><\/a><\/p>\n<p><span style=\"text-decoration: underline;\"><strong><span style=\"color: #339966; text-decoration: underline;\">*Servi\u00e7o gratuito!<\/span><\/strong><\/span><\/p>\n","protected":false},"excerpt":{"rendered":"<p>Qual o hor\u00e1rio de funcionamento da Gerencia de Controle de Zoonoses? \ud83d\udd58 Segunda \u00e0 sexta, das 08:00h \u00e0s 12:00h e das 13:00h \u00e0s 17:00 Horas. Nossos servi\u00e7os: Como vacinar meu c\u00e3o ou gato contra a raiva? \ud83d\udc89 O munic\u00edpio de Santo Andr\u00e9 oferece vacina\u00e7\u00e3o gratuita contra raiva para c\u00e3es e gatos na Ger\u00eancia de Controle de Zoonoses, localizada na \ud83d\udccd Rua Igarapava, 239 &#8211; Vila Valpara\u00edso, Santo Andr\u00e9 &#8211; SP, 09060-170 (\ud83c\udf0e\u00a0Mapa). N\u00e3o \u00e9 necess\u00e1rio agendamento pr\u00e9vio, o servi\u00e7o \u00e9 realizado por ordem de chegada. \ud83d\udd57 De Segunda \u00e0 sexta, das 08:00h \u00e0s 12:00h e das 13:00h \u00e0s 16:30 Horas. *Servi\u00e7o gratuito! &nbsp; Como posso adotar um animal tutelado na GCZ?\u00a0 Venha at\u00e9 a GCZ! Em \ud83d\udccd Rua Igarapava, 239 &#8211; Vila Valpara\u00edso, Santo Andr\u00e9 &#8211; SP, 09060-170 (\ud83c\udf0e Mapa) e se declare interessado. Nossos animais s\u00e3o castrados, vacinados e vermifugados. &nbsp; *Servi\u00e7o gratuito! &nbsp; Como posso doar um animal? \ud83d\udc15 \u26a0\ufe0f Aten\u00e7\u00e3o!! O abandono de animais \u00e9 crime segundo a LEI FEDERAL 9.605\/98. \u26a0\ufe0f Voc\u00ea pode se inscrever para doar um animal atrav\u00e9s da feira de ado\u00e7\u00e3o que acontece mensalmente, a feira Eu AMO, Eu Adoto. &nbsp; Como posso fazer uma den\u00fancia ou solicitar uma vistoria? Atrav\u00e9s do aplicativo e site \ud83d\udcf1 COLAB GOV ou \u260e\ufe0f Telefone da ouvidoria do munic\u00edpio. (0800 019 19 44) *Servi\u00e7o gratuito!<\/p>\n","protected":false},"author":4,"featured_media":0,"parent":0,"menu_order":0,"comment_status":"closed","ping_status":"closed","template":"","meta":{"footnotes":""},"class_list":["post-2857","page","type-page","status-publish","hentry"],"rttpg_featured_image_url":null,"rttpg_author":{"display_name":"LSERZEDELLO SANTO ANDRE","author_link":"https:\/\/www3.santoandre.sp.gov.br\/gcz\/index.php\/author\/acbsilva\/"},"rttpg_comment":0,"rttpg_category":null,"rttpg_excerpt":"Qual o hor\u00e1rio de funcionamento da Gerencia de Controle de Zoonoses? \ud83d\udd58 Segunda \u00e0 sexta, das 08:00h \u00e0s 12:00h e das 13:00h \u00e0s 17:00 Horas. Nossos servi\u00e7os: Como vacinar meu c\u00e3o ou gato contra a raiva? \ud83d\udc89 O munic\u00edpio de Santo Andr\u00e9 oferece vacina\u00e7\u00e3o gratuita contra raiva para c\u00e3es e gatos na Ger\u00eancia de Controle&hellip;","_links":{"self":[{"href":"https:\/\/www3.santoandre.sp.gov.br\/gcz\/index.php\/wp-json\/wp\/v2\/pages\/2857","targetHints":{"allow":["GET"]}}],"collection":[{"href":"https:\/\/www3.santoandre.sp.gov.br\/gcz\/index.php\/wp-json\/wp\/v2\/pages"}],"about":[{"href":"https:\/\/www3.santoandre.sp.gov.br\/gcz\/index.php\/wp-json\/wp\/v2\/types\/page"}],"author":[{"embeddable":true,"href":"https:\/\/www3.santoandre.sp.gov.br\/gcz\/index.php\/wp-json\/wp\/v2\/users\/4"}],"replies":[{"embeddable":true,"href":"https:\/\/www3.santoandre.sp.gov.br\/gcz\/index.php\/wp-json\/wp\/v2\/comments?post=2857"}],"version-history":[{"count":44,"href":"https:\/\/www3.santoandre.sp.gov.br\/gcz\/index.php\/wp-json\/wp\/v2\/pages\/2857\/revisions"}],"predecessor-version":[{"id":3875,"href":"https:\/\/www3.santoandre.sp.gov.br\/gcz\/index.php\/wp-json\/wp\/v2\/pages\/2857\/revisions\/3875"}],"wp:attachment":[{"href":"https:\/\/www3.santoandre.sp.gov.br\/gcz\/index.php\/wp-json\/wp\/v2\/media?parent=2857"}],"curies":[{"name":"wp","href":"https:\/\/api.w.org\/{rel}","templated":true}]}}