{"id":2649,"date":"2025-02-17T10:31:34","date_gmt":"2025-02-17T13:31:34","guid":{"rendered":"https:\/\/www3.santoandre.sp.gov.br\/gcz\/?page_id=2649"},"modified":"2025-10-15T14:52:29","modified_gmt":"2025-10-15T17:52:29","slug":"fale-conosco","status":"publish","type":"page","link":"https:\/\/www3.santoandre.sp.gov.br\/gcz\/index.php\/fale-conosco\/","title":{"rendered":"FALE CONOSCO"},"content":{"rendered":"<p><img loading=\"lazy\" decoding=\"async\" class=\"alignnone size-full wp-image-2651\" src=\"https:\/\/www3.santoandre.sp.gov.br\/gcz\/wp-content\/uploads\/2025\/02\/pexels-mart-production-8434598-scaled.jpg\" alt=\"\" width=\"2560\" height=\"1707\" srcset=\"https:\/\/www3.santoandre.sp.gov.br\/gcz\/wp-content\/uploads\/2025\/02\/pexels-mart-production-8434598-scaled.jpg 2560w, https:\/\/www3.santoandre.sp.gov.br\/gcz\/wp-content\/uploads\/2025\/02\/pexels-mart-production-8434598-300x200.jpg 300w, https:\/\/www3.santoandre.sp.gov.br\/gcz\/wp-content\/uploads\/2025\/02\/pexels-mart-production-8434598-1024x683.jpg 1024w, https:\/\/www3.santoandre.sp.gov.br\/gcz\/wp-content\/uploads\/2025\/02\/pexels-mart-production-8434598-768x512.jpg 768w, https:\/\/www3.santoandre.sp.gov.br\/gcz\/wp-content\/uploads\/2025\/02\/pexels-mart-production-8434598-1536x1024.jpg 1536w, https:\/\/www3.santoandre.sp.gov.br\/gcz\/wp-content\/uploads\/2025\/02\/pexels-mart-production-8434598-2048x1365.jpg 2048w, https:\/\/www3.santoandre.sp.gov.br\/gcz\/wp-content\/uploads\/2025\/02\/pexels-mart-production-8434598-1140x760.jpg 1140w\" sizes=\"auto, (max-width: 2560px) 100vw, 2560px\" \/><\/p>\n<p><a href=\"https:\/\/www.santoandre.sp.gov.br\/SIA\/PortalServico\/Informacao\/frmConsDetalheLocaisAtendimento.aspx?id=197\"><img loading=\"lazy\" decoding=\"async\" class=\" wp-image-3219 aligncenter\" src=\"https:\/\/www3.santoandre.sp.gov.br\/gcz\/wp-content\/uploads\/2025\/03\/feira-de-adocao-7.png\" alt=\"\" width=\"253\" height=\"101\" srcset=\"https:\/\/www3.santoandre.sp.gov.br\/gcz\/wp-content\/uploads\/2025\/03\/feira-de-adocao-7.png 591w, https:\/\/www3.santoandre.sp.gov.br\/gcz\/wp-content\/uploads\/2025\/03\/feira-de-adocao-7-300x120.png 300w\" sizes=\"auto, (max-width: 253px) 100vw, 253px\" \/><\/a><\/p>\n<p><span class=\"w8qArf FoJoyf\"><span style=\"font-size: 14pt;\"><strong>Telefones: <\/strong>(11) <\/span>3356-9075 \/ 3356-9092 \/ 3356-9085<\/span><\/p>\n<p>&nbsp;<\/p>\n<p><strong><span style=\"font-size: 14pt;\">Para vistorias e chamados:<\/span><\/strong><\/p>\n<blockquote class=\"wp-embedded-content\" data-secret=\"t1Mbno4mQG\"><p><a href=\"https:\/\/www.colab.com.br\/sou-cidadao\/\">Sou Cidad\u00e3o<\/a><\/p><\/blockquote>\n<p><iframe loading=\"lazy\" class=\"wp-embedded-content\" sandbox=\"allow-scripts\" security=\"restricted\" style=\"position: absolute; visibility: hidden;\" title=\"&#8220;Sou Cidad\u00e3o&#8221; &#8212; Colab\" src=\"https:\/\/www.colab.com.br\/sou-cidadao\/embed\/#?secret=6qKG6SIZK6#?secret=t1Mbno4mQG\" data-secret=\"t1Mbno4mQG\" width=\"600\" height=\"338\" frameborder=\"0\" marginwidth=\"0\" marginheight=\"0\" scrolling=\"no\"><\/iframe><\/p>\n<p>Aplicativo ou site COLAB, ou Solicita\u00e7\u00f5es de servi\u00e7os atrav\u00e9s do telefone: 0800-0191944<\/p>\n<p>&nbsp;<\/p>\n<p><span style=\"font-size: 14pt;\"><strong>Demais n\u00fameros:<\/strong><\/span> <a href=\"https:\/\/web.santoandre.sp.gov.br\/portal\/servicos\/1006\/atendimento\/\">web.santoandre.sp.gov.br\/portal\/servicos\/1006\/atendimento\/<\/a><\/p>\n<p>&nbsp;<\/p>\n<p><span class=\"w8qArf FoJoyf\"><strong><span style=\"font-size: 14pt;\">Endere\u00e7o:<\/span><\/strong>\u00a0<\/span><span class=\"LrzXr\">R. Igarapava, 239 &#8211; Vila Valpara\u00edso, Santo Andr\u00e9 &#8211; SP, 09060-170<\/span><\/p>\n<p>&nbsp;<\/p>\n<p><span style=\"font-size: 14pt;\"><strong>Hor\u00e1rio de funcionamento: <\/strong><span style=\"font-size: 12pt;\">Segunda \u00e0 sexta, das 08:00 \u00e0s 12:00 e das 13:00 \u00e0s 17:00 Horas.<\/span><\/span><\/p>\n<p>&nbsp;<\/p>\n<p style=\"text-align: center;\"><a href=\"https:\/\/maps.app.goo.gl\/qATtKrnXDY5nuhNt9\"><img loading=\"lazy\" decoding=\"async\" class=\"wp-image-3210 aligncenter\" src=\"https:\/\/www3.santoandre.sp.gov.br\/gcz\/wp-content\/uploads\/2025\/03\/feira-de-adocao-5.png\" alt=\"\" width=\"258\" height=\"103\" srcset=\"https:\/\/www3.santoandre.sp.gov.br\/gcz\/wp-content\/uploads\/2025\/03\/feira-de-adocao-5.png 591w, https:\/\/www3.santoandre.sp.gov.br\/gcz\/wp-content\/uploads\/2025\/03\/feira-de-adocao-5-300x120.png 300w\" sizes=\"auto, (max-width: 258px) 100vw, 258px\" \/><\/a><\/p>\n<p><img loading=\"lazy\" decoding=\"async\" class=\"alignnone size-full wp-image-2650\" src=\"https:\/\/www3.santoandre.sp.gov.br\/gcz\/wp-content\/uploads\/2025\/02\/site-gcz.png\" alt=\"\" width=\"949\" height=\"547\" srcset=\"https:\/\/www3.santoandre.sp.gov.br\/gcz\/wp-content\/uploads\/2025\/02\/site-gcz.png 949w, https:\/\/www3.santoandre.sp.gov.br\/gcz\/wp-content\/uploads\/2025\/02\/site-gcz-300x173.png 300w, https:\/\/www3.santoandre.sp.gov.br\/gcz\/wp-content\/uploads\/2025\/02\/site-gcz-768x443.png 768w\" sizes=\"auto, (max-width: 949px) 100vw, 949px\" \/><\/p>\n","protected":false},"excerpt":{"rendered":"<p>Telefones: (11) 3356-9075 \/ 3356-9092 \/ 3356-9085 &nbsp; Para vistorias e chamados: Sou Cidad\u00e3o Aplicativo ou site COLAB, ou Solicita\u00e7\u00f5es de servi\u00e7os atrav\u00e9s do telefone: 0800-0191944 &nbsp; Demais n\u00fameros: web.santoandre.sp.gov.br\/portal\/servicos\/1006\/atendimento\/ &nbsp; Endere\u00e7o:\u00a0R. Igarapava, 239 &#8211; Vila Valpara\u00edso, Santo Andr\u00e9 &#8211; SP, 09060-170 &nbsp; Hor\u00e1rio de funcionamento: Segunda \u00e0 sexta, das 08:00 \u00e0s 12:00 e das 13:00 \u00e0s 17:00 Horas. &nbsp;<\/p>\n","protected":false},"author":4,"featured_media":0,"parent":0,"menu_order":0,"comment_status":"closed","ping_status":"closed","template":"","meta":{"footnotes":""},"class_list":["post-2649","page","type-page","status-publish","hentry"],"rttpg_featured_image_url":null,"rttpg_author":{"display_name":"LSERZEDELLO SANTO ANDRE","author_link":"https:\/\/www3.santoandre.sp.gov.br\/gcz\/index.php\/author\/acbsilva\/"},"rttpg_comment":0,"rttpg_category":null,"rttpg_excerpt":"Telefones: (11) 3356-9075 \/ 3356-9092 \/ 3356-9085 &nbsp; Para vistorias e chamados: Sou Cidad\u00e3o Aplicativo ou site COLAB, ou Solicita\u00e7\u00f5es de servi\u00e7os atrav\u00e9s do telefone: 0800-0191944 &nbsp; Demais n\u00fameros: web.santoandre.sp.gov.br\/portal\/servicos\/1006\/atendimento\/ &nbsp; Endere\u00e7o:\u00a0R. Igarapava, 239 &#8211; Vila Valpara\u00edso, Santo Andr\u00e9 &#8211; SP, 09060-170 &nbsp; Hor\u00e1rio de funcionamento: Segunda \u00e0 sexta, das 08:00 \u00e0s 12:00 e das&hellip;","_links":{"self":[{"href":"https:\/\/www3.santoandre.sp.gov.br\/gcz\/index.php\/wp-json\/wp\/v2\/pages\/2649","targetHints":{"allow":["GET"]}}],"collection":[{"href":"https:\/\/www3.santoandre.sp.gov.br\/gcz\/index.php\/wp-json\/wp\/v2\/pages"}],"about":[{"href":"https:\/\/www3.santoandre.sp.gov.br\/gcz\/index.php\/wp-json\/wp\/v2\/types\/page"}],"author":[{"embeddable":true,"href":"https:\/\/www3.santoandre.sp.gov.br\/gcz\/index.php\/wp-json\/wp\/v2\/users\/4"}],"replies":[{"embeddable":true,"href":"https:\/\/www3.santoandre.sp.gov.br\/gcz\/index.php\/wp-json\/wp\/v2\/comments?post=2649"}],"version-history":[{"count":8,"href":"https:\/\/www3.santoandre.sp.gov.br\/gcz\/index.php\/wp-json\/wp\/v2\/pages\/2649\/revisions"}],"predecessor-version":[{"id":3486,"href":"https:\/\/www3.santoandre.sp.gov.br\/gcz\/index.php\/wp-json\/wp\/v2\/pages\/2649\/revisions\/3486"}],"wp:attachment":[{"href":"https:\/\/www3.santoandre.sp.gov.br\/gcz\/index.php\/wp-json\/wp\/v2\/media?parent=2649"}],"curies":[{"name":"wp","href":"https:\/\/api.w.org\/{rel}","templated":true}]}}