{"id":2583,"date":"2025-02-12T16:29:56","date_gmt":"2025-02-12T19:29:56","guid":{"rendered":"https:\/\/www3.santoandre.sp.gov.br\/gcz\/?page_id=2583"},"modified":"2026-03-31T16:36:17","modified_gmt":"2026-03-31T19:36:17","slug":"o-que-e-a-gcz","status":"publish","type":"page","link":"https:\/\/www3.santoandre.sp.gov.br\/gcz\/","title":{"rendered":"SERVI\u00c7OS"},"content":{"rendered":"<p>&nbsp;<\/p>\n<p>&nbsp;<\/p>\n<p><a href=\"https:\/\/www3.santoandre.sp.gov.br\/gcz\/index.php\/fotos\/\"><img loading=\"lazy\" decoding=\"async\" class=\"wp-image-3177 alignleft\" src=\"https:\/\/www3.santoandre.sp.gov.br\/gcz\/wp-content\/uploads\/2025\/03\/1-2.png\" alt=\"\" width=\"233\" height=\"93\" srcset=\"https:\/\/www3.santoandre.sp.gov.br\/gcz\/wp-content\/uploads\/2025\/03\/1-2.png 591w, https:\/\/www3.santoandre.sp.gov.br\/gcz\/wp-content\/uploads\/2025\/03\/1-2-300x120.png 300w\" sizes=\"auto, (max-width: 233px) 100vw, 233px\" \/><\/a><a href=\"https:\/\/www3.santoandre.sp.gov.br\/gcz\/index.php\/documentos-feira-de-adocao\/\"><img loading=\"lazy\" decoding=\"async\" class=\"alignright wp-image-3178\" src=\"https:\/\/www3.santoandre.sp.gov.br\/gcz\/wp-content\/uploads\/2025\/03\/2-1.png\" alt=\"\" width=\"233\" height=\"93\" srcset=\"https:\/\/www3.santoandre.sp.gov.br\/gcz\/wp-content\/uploads\/2025\/03\/2-1.png 591w, https:\/\/www3.santoandre.sp.gov.br\/gcz\/wp-content\/uploads\/2025\/03\/2-1-300x120.png 300w\" sizes=\"auto, (max-width: 233px) 100vw, 233px\" \/><\/a><\/p>\n<p style=\"text-align: center;\"><a href=\"https:\/\/www3.santoandre.sp.gov.br\/gcz\/index.php\/perguntas-mais-frequentes\/\"><img loading=\"lazy\" decoding=\"async\" class=\"wp-image-3180 alignleft\" src=\"https:\/\/www3.santoandre.sp.gov.br\/gcz\/wp-content\/uploads\/2025\/03\/4.png\" alt=\"\" width=\"233\" height=\"93\" srcset=\"https:\/\/www3.santoandre.sp.gov.br\/gcz\/wp-content\/uploads\/2025\/03\/4.png 591w, https:\/\/www3.santoandre.sp.gov.br\/gcz\/wp-content\/uploads\/2025\/03\/4-300x120.png 300w\" sizes=\"auto, (max-width: 233px) 100vw, 233px\" \/><\/a><\/p>\n<p>&nbsp;<\/p>\n<p><a href=\"https:\/\/www3.santoandre.sp.gov.br\/gcz\/index.php\/vacinacao-gratuita\/\"><img loading=\"lazy\" decoding=\"async\" class=\"wp-image-3179 alignright\" style=\"text-align: center;\" src=\"https:\/\/www3.santoandre.sp.gov.br\/gcz\/wp-content\/uploads\/2025\/03\/3-1.png\" alt=\"\" width=\"233\" height=\"93\" srcset=\"https:\/\/www3.santoandre.sp.gov.br\/gcz\/wp-content\/uploads\/2025\/03\/3-1.png 591w, https:\/\/www3.santoandre.sp.gov.br\/gcz\/wp-content\/uploads\/2025\/03\/3-1-300x120.png 300w\" sizes=\"auto, (max-width: 233px) 100vw, 233px\" \/><\/a><\/p>\n<p>&nbsp;<\/p>\n<p>&nbsp;<\/p>\n<p>&nbsp;<\/p>\n<p>&nbsp;<\/p>\n<p>&nbsp;<\/p>\n<p>_______________________________________________________________________________________<\/p>\n<p>&nbsp;<\/p>\n<h3 style=\"text-align: center;\"><strong data-start=\"421\" data-end=\"466\">O que \u00e9 a Zoonoses? \ud83d\udca1<\/strong><\/h3>\n<p>A <strong data-start=\"2\" data-end=\"38\">Ger\u00eancia de Controle de Zoonoses<\/strong> \u00e9 uma \u00e1rea de gest\u00e3o focada na <span style=\"color: #ff0000;\">preven\u00e7\u00e3o<\/span>, <span style=\"color: #ff0000;\">controle<\/span> e <span style=\"color: #ff0000;\">erradica\u00e7\u00e3o<\/span> de doen\u00e7as <span style=\"color: #ff0000;\">transmiss\u00edveis entre animais e seres humanos<\/span>, conhecidas como <strong data-start=\"177\" data-end=\"189\">zoonoses<\/strong>. Essas doen\u00e7as podem ser transmitidas por meio do contato direto ou indireto com animais, seus fluidos corporais, fezes ou ambientes contaminados.<\/p>\n<p data-start=\"338\" data-end=\"412\">As atividades de uma Ger\u00eancia de Controle de Zoonoses envolvem:<\/p>\n<h3 data-start=\"414\" data-end=\"466\"><span style=\"font-size: 14pt;\"><strong data-start=\"421\" data-end=\"466\">Monitoramento e Vigil\u00e2ncia Epidemiol\u00f3gica \ud83d\udd2c<\/strong><\/span><\/h3>\n<ul data-start=\"470\" data-end=\"664\">\n<li data-start=\"470\" data-end=\"543\">Realiza\u00e7\u00e3o de estudos e acompanhamento de surtos de doen\u00e7as zoon\u00f3ticas.<\/li>\n<li data-start=\"547\" data-end=\"664\">Identifica\u00e7\u00e3o de animais que podem estar transmitindo doen\u00e7as, como roedores, mosquitos ou c\u00e3es e gatos infectados.<\/li>\n<\/ul>\n<h3 data-start=\"666\" data-end=\"697\"><strong data-start=\"673\" data-end=\"697\">Preven\u00e7\u00e3o e Educa\u00e7\u00e3o \u270f\ufe0f<\/strong><\/h3>\n<ul data-start=\"701\" data-end=\"975\">\n<li data-start=\"701\" data-end=\"820\">Campanhas de conscientiza\u00e7\u00e3o sobre como evitar o contato com animais doentes e a import\u00e2ncia da <span style=\"color: #ff0000;\">vacina\u00e7\u00e3o<\/span> de animais.<\/li>\n<li data-start=\"824\" data-end=\"896\">Incentivo \u00e0 <a href=\"https:\/\/www.santoandre.sp.gov.br\/SIA\/PortalServico\/Informacao\/frmGuiaServico.aspx?Id=592\">castra\u00e7\u00e3o de animais<\/a> para reduzir a propaga\u00e7\u00e3o de doen\u00e7as.<\/li>\n<li data-start=\"900\" data-end=\"975\">Orienta\u00e7\u00e3o \u00e0 popula\u00e7\u00e3o sobre a correta higiene e cuidados com os animais.<\/li>\n<\/ul>\n<h3 data-start=\"977\" data-end=\"1007\"><strong data-start=\"984\" data-end=\"1007\">Controle de Vetores \ud83e\udd9f<\/strong><\/h3>\n<ul data-start=\"1011\" data-end=\"1279\">\n<li data-start=\"1011\" data-end=\"1212\">Controle de insetos e outros vetores que possam transmitir zoonoses, como mosquitos (que transmitem doen\u00e7as como a dengue, zika, e febre amarela) e carrapatos (que podem transmitir a febre maculosa).<\/li>\n<li data-start=\"1216\" data-end=\"1279\">Elimina\u00e7\u00e3o de focos de vetores, como criadouros de mosquitos.<\/li>\n<\/ul>\n<p>&nbsp;<\/p>\n<p><img loading=\"lazy\" decoding=\"async\" class=\"size-full wp-image-3190 aligncenter\" src=\"https:\/\/www3.santoandre.sp.gov.br\/gcz\/wp-content\/uploads\/2025\/03\/Design-sem-nome-1.gif\" alt=\"\" width=\"369\" height=\"372\" \/><\/p>\n<p>&nbsp;<\/p>\n<h3 data-start=\"1281\" data-end=\"1326\"><strong data-start=\"1288\" data-end=\"1326\">Imuniza\u00e7\u00e3o e Tratamento de Animais \ud83d\udc15<\/strong><\/h3>\n<ul data-start=\"1330\" data-end=\"1548\">\n<li data-start=\"1330\" data-end=\"1441\">Vacina\u00e7\u00e3o em massa de animais dom\u00e9sticos e de produ\u00e7\u00e3o contra doen\u00e7as zoon\u00f3ticas (como raiva).<\/li>\n<li data-start=\"1445\" data-end=\"1548\">Exames e tratamentos para animais que possam estar infectados por doen\u00e7as transmiss\u00edveis aos humanos.<\/li>\n<\/ul>\n<h3 data-start=\"1550\" data-end=\"1592\"><strong data-start=\"1557\" data-end=\"1592\">Controle de Animais Abandonados \ud83d\udd0e<\/strong><\/h3>\n<ul data-start=\"1596\" data-end=\"1827\">\n<li data-start=\"1596\" data-end=\"1714\">A\u00e7\u00f5es para controlar a popula\u00e7\u00e3o de animais abandonados ou errantes, que podem ser vetores de doen\u00e7as, como a raiva.<\/li>\n<li data-start=\"1718\" data-end=\"1827\">Ado\u00e7\u00e3o de medidas para tratar esses animais, evitando a dissemina\u00e7\u00e3o de doen\u00e7as para as pessoas.<\/li>\n<li data-start=\"1718\" data-end=\"1827\">Feiras de ado\u00e7\u00e3o no munic\u00edpio\u00a0\u21d2 <a href=\"https:\/\/www3.santoandre.sp.gov.br\/gcz\/index.php\/data-e-locais-da-feira-de-adocao\/\">Clique aqui<\/a><\/li>\n<\/ul>\n<h3 data-start=\"1829\" data-end=\"1870\"><strong data-start=\"1836\" data-end=\"1870\">Integra\u00e7\u00e3o com a Sa\u00fade P\u00fablica \u26d1\ufe0f<\/strong><\/h3>\n<ul data-start=\"1874\" data-end=\"2141\">\n<li data-start=\"1874\" data-end=\"2006\">Colabora\u00e7\u00e3o com os servi\u00e7os de sa\u00fade p\u00fablica para tratar de doen\u00e7as zoon\u00f3ticas e identificar surtos que possam afetar a popula\u00e7\u00e3o.<\/li>\n<li data-start=\"2010\" data-end=\"2141\">A\u00e7\u00f5es coordenadas com \u00f3rg\u00e3os municipais, estaduais e federais para o controle de doen\u00e7as zoon\u00f3ticas e promo\u00e7\u00e3o da sa\u00fade coletiva.<\/li>\n<\/ul>\n","protected":false},"excerpt":{"rendered":"<p>&nbsp; &nbsp; &nbsp; &nbsp; &nbsp; &nbsp; &nbsp; &nbsp; _______________________________________________________________________________________ &nbsp; O que \u00e9 a Zoonoses? \ud83d\udca1 A Ger\u00eancia de Controle de Zoonoses \u00e9 uma \u00e1rea de gest\u00e3o focada na preven\u00e7\u00e3o, controle e erradica\u00e7\u00e3o de doen\u00e7as transmiss\u00edveis entre animais e seres humanos, conhecidas como zoonoses. Essas doen\u00e7as podem ser transmitidas por meio do contato direto ou indireto com animais, seus fluidos corporais, fezes ou ambientes contaminados. As atividades de uma Ger\u00eancia de Controle de Zoonoses envolvem: Monitoramento e Vigil\u00e2ncia Epidemiol\u00f3gica \ud83d\udd2c Realiza\u00e7\u00e3o de estudos e acompanhamento de surtos de doen\u00e7as zoon\u00f3ticas. Identifica\u00e7\u00e3o de animais que podem estar transmitindo doen\u00e7as, como roedores, mosquitos ou c\u00e3es e gatos infectados. Preven\u00e7\u00e3o e Educa\u00e7\u00e3o \u270f\ufe0f Campanhas de conscientiza\u00e7\u00e3o sobre como evitar o contato com animais doentes e a import\u00e2ncia da vacina\u00e7\u00e3o de animais. Incentivo \u00e0 castra\u00e7\u00e3o de animais para reduzir a propaga\u00e7\u00e3o de doen\u00e7as. Orienta\u00e7\u00e3o \u00e0 popula\u00e7\u00e3o sobre a correta higiene e cuidados com os animais. Controle de Vetores \ud83e\udd9f Controle de insetos e outros vetores que possam transmitir zoonoses, como mosquitos (que transmitem doen\u00e7as como a dengue, zika, e febre amarela) e carrapatos (que podem transmitir a febre maculosa). Elimina\u00e7\u00e3o de focos de vetores, como criadouros de mosquitos. &nbsp; &nbsp; Imuniza\u00e7\u00e3o e Tratamento de Animais \ud83d\udc15 Vacina\u00e7\u00e3o em massa de animais dom\u00e9sticos e de produ\u00e7\u00e3o contra doen\u00e7as zoon\u00f3ticas (como raiva). Exames e tratamentos para animais que possam estar infectados por doen\u00e7as transmiss\u00edveis aos humanos. Controle de Animais Abandonados \ud83d\udd0e A\u00e7\u00f5es para controlar a popula\u00e7\u00e3o de animais abandonados ou errantes, que podem ser vetores de doen\u00e7as, como a raiva. Ado\u00e7\u00e3o de medidas para tratar esses animais, evitando a dissemina\u00e7\u00e3o de doen\u00e7as para as pessoas. Feiras de ado\u00e7\u00e3o no munic\u00edpio\u00a0\u21d2 Clique aqui Integra\u00e7\u00e3o com a Sa\u00fade P\u00fablica \u26d1\ufe0f Colabora\u00e7\u00e3o com os servi\u00e7os de sa\u00fade p\u00fablica para tratar de doen\u00e7as zoon\u00f3ticas e identificar surtos que possam afetar a popula\u00e7\u00e3o. A\u00e7\u00f5es coordenadas com \u00f3rg\u00e3os municipais, estaduais e federais para o controle de doen\u00e7as zoon\u00f3ticas e promo\u00e7\u00e3o da sa\u00fade coletiva.<\/p>\n","protected":false},"author":4,"featured_media":0,"parent":0,"menu_order":0,"comment_status":"closed","ping_status":"closed","template":"","meta":{"footnotes":""},"class_list":["post-2583","page","type-page","status-publish","hentry"],"rttpg_featured_image_url":null,"rttpg_author":{"display_name":"LSERZEDELLO SANTO ANDRE","author_link":"https:\/\/www3.santoandre.sp.gov.br\/gcz\/index.php\/author\/acbsilva\/"},"rttpg_comment":0,"rttpg_category":null,"rttpg_excerpt":"&nbsp; &nbsp; &nbsp; &nbsp; &nbsp; &nbsp; &nbsp; &nbsp; _______________________________________________________________________________________ &nbsp; O que \u00e9 a Zoonoses? \ud83d\udca1 A Ger\u00eancia de Controle de Zoonoses \u00e9 uma \u00e1rea de gest\u00e3o focada na preven\u00e7\u00e3o, controle e erradica\u00e7\u00e3o de doen\u00e7as transmiss\u00edveis entre animais e seres humanos, conhecidas como zoonoses. Essas doen\u00e7as podem ser transmitidas por meio do contato direto ou&hellip;","_links":{"self":[{"href":"https:\/\/www3.santoandre.sp.gov.br\/gcz\/index.php\/wp-json\/wp\/v2\/pages\/2583","targetHints":{"allow":["GET"]}}],"collection":[{"href":"https:\/\/www3.santoandre.sp.gov.br\/gcz\/index.php\/wp-json\/wp\/v2\/pages"}],"about":[{"href":"https:\/\/www3.santoandre.sp.gov.br\/gcz\/index.php\/wp-json\/wp\/v2\/types\/page"}],"author":[{"embeddable":true,"href":"https:\/\/www3.santoandre.sp.gov.br\/gcz\/index.php\/wp-json\/wp\/v2\/users\/4"}],"replies":[{"embeddable":true,"href":"https:\/\/www3.santoandre.sp.gov.br\/gcz\/index.php\/wp-json\/wp\/v2\/comments?post=2583"}],"version-history":[{"count":39,"href":"https:\/\/www3.santoandre.sp.gov.br\/gcz\/index.php\/wp-json\/wp\/v2\/pages\/2583\/revisions"}],"predecessor-version":[{"id":3890,"href":"https:\/\/www3.santoandre.sp.gov.br\/gcz\/index.php\/wp-json\/wp\/v2\/pages\/2583\/revisions\/3890"}],"wp:attachment":[{"href":"https:\/\/www3.santoandre.sp.gov.br\/gcz\/index.php\/wp-json\/wp\/v2\/media?parent=2583"}],"curies":[{"name":"wp","href":"https:\/\/api.w.org\/{rel}","templated":true}]}}