{"id":1427,"date":"2020-08-10T15:40:31","date_gmt":"2020-08-10T18:40:31","guid":{"rendered":"https:\/\/www3.santoandre.sp.gov.br\/gcz\/?page_id=1427"},"modified":"2026-03-31T16:35:42","modified_gmt":"2026-03-31T19:35:42","slug":"adocao-em-numeros","status":"publish","type":"page","link":"https:\/\/www3.santoandre.sp.gov.br\/gcz\/index.php\/adocao-em-numeros\/","title":{"rendered":"ADO\u00c7\u00c3O EM N\u00daMEROS"},"content":{"rendered":"<p><img loading=\"lazy\" decoding=\"async\" class=\"wp-image-3876 aligncenter\" src=\"https:\/\/www3.santoandre.sp.gov.br\/gcz\/wp-content\/uploads\/2026\/03\/b3235d9f-d6db-41c8-b452-ec6df60888a4.jpg\" alt=\"\" width=\"881\" height=\"587\" srcset=\"https:\/\/www3.santoandre.sp.gov.br\/gcz\/wp-content\/uploads\/2026\/03\/b3235d9f-d6db-41c8-b452-ec6df60888a4.jpg 626w, https:\/\/www3.santoandre.sp.gov.br\/gcz\/wp-content\/uploads\/2026\/03\/b3235d9f-d6db-41c8-b452-ec6df60888a4-300x200.jpg 300w\" sizes=\"auto, (max-width: 881px) 100vw, 881px\" \/><\/p>\n<p>&nbsp;<\/p>\n<ul>\n<li><span style=\"font-size: 14pt;\">At\u00e9 o momento em 2026 foram adotados 144 animais. Sendo 77 c\u00e3es e 67 gatos.<\/span><\/li>\n<\/ul>\n<p><img loading=\"lazy\" decoding=\"async\" class=\"alignnone size-full wp-image-3886\" src=\"https:\/\/www3.santoandre.sp.gov.br\/gcz\/wp-content\/uploads\/2026\/03\/GRAFICO-FEIRA-DE-ADOCAO.png\" alt=\"\" width=\"1024\" height=\"768\" srcset=\"https:\/\/www3.santoandre.sp.gov.br\/gcz\/wp-content\/uploads\/2026\/03\/GRAFICO-FEIRA-DE-ADOCAO.png 1024w, https:\/\/www3.santoandre.sp.gov.br\/gcz\/wp-content\/uploads\/2026\/03\/GRAFICO-FEIRA-DE-ADOCAO-300x225.png 300w, https:\/\/www3.santoandre.sp.gov.br\/gcz\/wp-content\/uploads\/2026\/03\/GRAFICO-FEIRA-DE-ADOCAO-768x576.png 768w\" sizes=\"auto, (max-width: 1024px) 100vw, 1024px\" \/><\/p>\n<ul>\n<li><span style=\"font-size: 14pt;\">Neste importante trabalho, sabe-se que de 2017 at\u00e9 o momento foram adotados 3.327 animais, ganhando um lar para viver:<\/span><\/li>\n<\/ul>\n<p><img loading=\"lazy\" decoding=\"async\" class=\"alignnone size-full wp-image-3888\" src=\"https:\/\/www3.santoandre.sp.gov.br\/gcz\/wp-content\/uploads\/2026\/03\/GRAFICO-FEIRA-DE-ADOCAO-1.png\" alt=\"\" width=\"1024\" height=\"768\" srcset=\"https:\/\/www3.santoandre.sp.gov.br\/gcz\/wp-content\/uploads\/2026\/03\/GRAFICO-FEIRA-DE-ADOCAO-1.png 1024w, https:\/\/www3.santoandre.sp.gov.br\/gcz\/wp-content\/uploads\/2026\/03\/GRAFICO-FEIRA-DE-ADOCAO-1-300x225.png 300w, https:\/\/www3.santoandre.sp.gov.br\/gcz\/wp-content\/uploads\/2026\/03\/GRAFICO-FEIRA-DE-ADOCAO-1-768x576.png 768w\" sizes=\"auto, (max-width: 1024px) 100vw, 1024px\" \/><\/p>\n<ul>\n<li><span style=\"font-size: 14pt;\">Se ainda n\u00e3o encontrou seu melhor amigo, veja os animais disponiveis para ado\u00e7\u00e3o na GCZ:<\/span><\/li>\n<\/ul>\n<p><img loading=\"lazy\" decoding=\"async\" class=\"alignnone size-full wp-image-3841\" src=\"https:\/\/www3.santoandre.sp.gov.br\/gcz\/wp-content\/uploads\/2026\/01\/Design-sem-nome-scaled.png\" alt=\"\" width=\"2560\" height=\"1386\" srcset=\"https:\/\/www3.santoandre.sp.gov.br\/gcz\/wp-content\/uploads\/2026\/01\/Design-sem-nome-scaled.png 2560w, https:\/\/www3.santoandre.sp.gov.br\/gcz\/wp-content\/uploads\/2026\/01\/Design-sem-nome-300x162.png 300w, https:\/\/www3.santoandre.sp.gov.br\/gcz\/wp-content\/uploads\/2026\/01\/Design-sem-nome-1024x555.png 1024w, https:\/\/www3.santoandre.sp.gov.br\/gcz\/wp-content\/uploads\/2026\/01\/Design-sem-nome-768x416.png 768w, https:\/\/www3.santoandre.sp.gov.br\/gcz\/wp-content\/uploads\/2026\/01\/Design-sem-nome-1536x832.png 1536w, https:\/\/www3.santoandre.sp.gov.br\/gcz\/wp-content\/uploads\/2026\/01\/Design-sem-nome-2048x1109.png 2048w, https:\/\/www3.santoandre.sp.gov.br\/gcz\/wp-content\/uploads\/2026\/01\/Design-sem-nome-1140x617.png 1140w\" sizes=\"auto, (max-width: 2560px) 100vw, 2560px\" \/><\/p>\n<p><a href=\"https:\/\/www3.santoandre.sp.gov.br\/gcz\/index.php\/fotos\/\"><img loading=\"lazy\" decoding=\"async\" class=\" wp-image-3177 aligncenter\" src=\"https:\/\/www3.santoandre.sp.gov.br\/gcz\/wp-content\/uploads\/2025\/03\/1-2.png\" alt=\"\" width=\"233\" height=\"93\" srcset=\"https:\/\/www3.santoandre.sp.gov.br\/gcz\/wp-content\/uploads\/2025\/03\/1-2.png 591w, https:\/\/www3.santoandre.sp.gov.br\/gcz\/wp-content\/uploads\/2025\/03\/1-2-300x120.png 300w\" sizes=\"auto, (max-width: 233px) 100vw, 233px\" \/><\/a><\/p>\n<p>&nbsp;<\/p>\n","protected":false},"excerpt":{"rendered":"<p>&nbsp; At\u00e9 o momento em 2026 foram adotados 144 animais. Sendo 77 c\u00e3es e 67 gatos. Neste importante trabalho, sabe-se que de 2017 at\u00e9 o momento foram adotados 3.327 animais, ganhando um lar para viver: Se ainda n\u00e3o encontrou seu melhor amigo, veja os animais disponiveis para ado\u00e7\u00e3o na GCZ: &nbsp;<\/p>\n","protected":false},"author":4,"featured_media":0,"parent":0,"menu_order":0,"comment_status":"closed","ping_status":"closed","template":"","meta":{"footnotes":""},"class_list":["post-1427","page","type-page","status-publish","hentry"],"rttpg_featured_image_url":null,"rttpg_author":{"display_name":"LSERZEDELLO SANTO ANDRE","author_link":"https:\/\/www3.santoandre.sp.gov.br\/gcz\/index.php\/author\/acbsilva\/"},"rttpg_comment":0,"rttpg_category":null,"rttpg_excerpt":"&nbsp; At\u00e9 o momento em 2026 foram adotados 144 animais. Sendo 77 c\u00e3es e 67 gatos. Neste importante trabalho, sabe-se que de 2017 at\u00e9 o momento foram adotados 3.327 animais, ganhando um lar para viver: Se ainda n\u00e3o encontrou seu melhor amigo, veja os animais disponiveis para ado\u00e7\u00e3o na GCZ: &nbsp;","_links":{"self":[{"href":"https:\/\/www3.santoandre.sp.gov.br\/gcz\/index.php\/wp-json\/wp\/v2\/pages\/1427","targetHints":{"allow":["GET"]}}],"collection":[{"href":"https:\/\/www3.santoandre.sp.gov.br\/gcz\/index.php\/wp-json\/wp\/v2\/pages"}],"about":[{"href":"https:\/\/www3.santoandre.sp.gov.br\/gcz\/index.php\/wp-json\/wp\/v2\/types\/page"}],"author":[{"embeddable":true,"href":"https:\/\/www3.santoandre.sp.gov.br\/gcz\/index.php\/wp-json\/wp\/v2\/users\/4"}],"replies":[{"embeddable":true,"href":"https:\/\/www3.santoandre.sp.gov.br\/gcz\/index.php\/wp-json\/wp\/v2\/comments?post=1427"}],"version-history":[{"count":81,"href":"https:\/\/www3.santoandre.sp.gov.br\/gcz\/index.php\/wp-json\/wp\/v2\/pages\/1427\/revisions"}],"predecessor-version":[{"id":3889,"href":"https:\/\/www3.santoandre.sp.gov.br\/gcz\/index.php\/wp-json\/wp\/v2\/pages\/1427\/revisions\/3889"}],"wp:attachment":[{"href":"https:\/\/www3.santoandre.sp.gov.br\/gcz\/index.php\/wp-json\/wp\/v2\/media?parent=1427"}],"curies":[{"name":"wp","href":"https:\/\/api.w.org\/{rel}","templated":true}]}}