{"id":27759,"date":"2025-07-15T09:05:11","date_gmt":"2025-07-15T12:05:11","guid":{"rendered":"https:\/\/www3.santoandre.sp.gov.br\/fip\/?page_id=27759"},"modified":"2025-07-15T14:09:01","modified_gmt":"2025-07-15T17:09:01","slug":"index","status":"publish","type":"page","link":"https:\/\/www3.santoandre.sp.gov.br\/fip\/","title":{"rendered":"Index"},"content":{"rendered":"\n<p class=\"has-text-align-center has-medium-font-size\"><strong>ACESSE A PROGRAMA\u00c7\u00c3O <a href=\"https:\/\/www3.santoandre.sp.gov.br\/fip\/sabado-19-07-25\/programacao\/\">AQUI<\/a><\/strong><\/p>\n\n\n\n<p class=\"has-text-align-center has-medium-font-size\">Navegue tamb\u00e9m pelo menu acima!<\/p>\n\n\n<p>&nbsp;<\/p>\n<p>Venha participar do maior evento cultural da regi\u00e3o, que ser\u00e1 realizado nos dois \u00faltimos finais de semana de julho (19, 20, 26 e 27). Com mais de 80 atividades e a participa\u00e7\u00e3o de aproximadamente 400 artistas de Santo Andr\u00e9 e arredores, o FIP promete encantar a todos!&nbsp;<\/p>\n<p>Como sempre, a maior atra\u00e7\u00e3o \u00e9 a Vila de Paranapiacaba, com todo seu charme e hist\u00f3ria. Desfrute ainda de uma variedade musical incr\u00edvel, com estilos que v\u00e3o desde MPB, samba, forr\u00f3, viola caipira, rock, maracatu, punk e hip hop, at\u00e9 jazz e reggae. As apresenta\u00e7\u00f5es ocorrer\u00e3o em cinco pontos principais, incluindo palcos, espa\u00e7os culturais e at\u00e9 mesmo as hist\u00f3ricas vielas da vila inglesa.&nbsp;<\/p>\n<p>Al\u00e9m da m\u00fasica, o festival oferecer\u00e1 diversas atividades art\u00edsticas e culturais para todas as idades, com conta\u00e7\u00e3o de hist\u00f3rias, cinema, teatro, dan\u00e7a, sarau, circo e muito mais.&nbsp;&nbsp;<\/p>\n<p>E para os amantes da gastronomia, os restaurantes da Vila est\u00e3o preparados para proporcionar uma experi\u00eancia culin\u00e1ria \u00fanica. Duas pra\u00e7as de alimenta\u00e7\u00e3o com food trucks complementam a oferta, repletas de op\u00e7\u00f5es deliciosas.&nbsp;<\/p>\n<p><span style=\"font-size: 17px;\"><strong>Todas as atra\u00e7\u00f5es e atividades do festival s\u00e3o gratuitas, sendo apenas sugerida a doa\u00e7\u00e3o de 2 kilos de alimentos n\u00e3o perec\u00edveis ou itens para a Campanha do Agasalho do Fundo Social de Solidariedade.&nbsp;<\/strong><\/span><\/p>\n<p>Venha celebrar a cultura e a diversidade no 24\u00ba Festival de Inverno de Paranapiacaba!&nbsp;<\/p>\n<p><img data-recalc-dims=\"1\" loading=\"lazy\" decoding=\"async\" class=\"aligncenter wp-image-27760 size-full\" src=\"https:\/\/i0.wp.com\/www3.santoandre.sp.gov.br\/fip\/wp-content\/uploads\/2025\/07\/Web-1900-px.jpg?resize=1170%2C523&#038;ssl=1\" alt=\"\" width=\"1170\" height=\"523\" srcset=\"https:\/\/i0.wp.com\/www3.santoandre.sp.gov.br\/fip\/wp-content\/uploads\/2025\/07\/Web-1900-px.jpg?w=1900&amp;ssl=1 1900w, https:\/\/i0.wp.com\/www3.santoandre.sp.gov.br\/fip\/wp-content\/uploads\/2025\/07\/Web-1900-px.jpg?resize=300%2C134&amp;ssl=1 300w, https:\/\/i0.wp.com\/www3.santoandre.sp.gov.br\/fip\/wp-content\/uploads\/2025\/07\/Web-1900-px.jpg?resize=1024%2C458&amp;ssl=1 1024w, https:\/\/i0.wp.com\/www3.santoandre.sp.gov.br\/fip\/wp-content\/uploads\/2025\/07\/Web-1900-px.jpg?resize=768%2C344&amp;ssl=1 768w, https:\/\/i0.wp.com\/www3.santoandre.sp.gov.br\/fip\/wp-content\/uploads\/2025\/07\/Web-1900-px.jpg?resize=1536%2C687&amp;ssl=1 1536w\" sizes=\"auto, (max-width: 1170px) 100vw, 1170px\" \/><\/p>\n<p>&nbsp;<\/p>\n\n\n<div class=\"wp-block-buttons is-horizontal is-content-justification-center is-layout-flex wp-container-core-buttons-is-layout-499968f5 wp-block-buttons-is-layout-flex\">\n<div class=\"wp-block-button has-custom-width wp-block-button__width-100 is-style-fill\"><a class=\"wp-block-button__link has-background has-text-align-center wp-element-button\" href=\"https:\/\/www3.santoandre.sp.gov.br\/fip\/index.php\/paranapiacaba-2\/\" style=\"border-radius:100px;background-color:#5b64b9\">Leia mais: Hist\u00f3ria da Vila<\/a><\/div>\n<\/div>\n\n\n\n<p><\/p>\n\n\n\n<div class=\"wp-block-buttons is-content-justification-space-between is-layout-flex wp-container-core-buttons-is-layout-3d213aab wp-block-buttons-is-layout-flex\">\n<div class=\"wp-block-button has-custom-width wp-block-button__width-50\"><a class=\"wp-block-button__link has-background wp-element-button\" href=\"https:\/\/www3.santoandre.sp.gov.br\/fip\/index.php\/exposicao-virtual\/\" style=\"background-color:#5b64b9\">Visite Exposi\u00e7\u00e3o virtual \u2018Momentos\u2019<\/a><\/div>\n\n\n\n<div class=\"wp-block-button has-custom-width wp-block-button__width-50\"><a class=\"wp-block-button__link has-background wp-element-button\" href=\"https:\/\/www3.santoandre.sp.gov.br\/fip\/dicas-para-passeio-em-paranapiacaba\/\" style=\"background-color:#5b64b9\">Dicas para o passeio<\/a><\/div>\n<\/div>\n\n\n\n<p><\/p>\n\n\n\n<div class=\"wp-block-buttons is-content-justification-center is-layout-flex wp-container-core-buttons-is-layout-16018d1d wp-block-buttons-is-layout-flex\">\n<div class=\"wp-block-button has-custom-width wp-block-button__width-50\"><a class=\"wp-block-button__link has-background wp-element-button\" href=\"https:\/\/www3.santoandre.sp.gov.br\/turismosantoandre\/vila-ferroviaria-paranapiacaba\/\" style=\"background-color:#5b64b9\">Atrativos locais<\/a><\/div>\n\n\n\n<div class=\"wp-block-button has-custom-width wp-block-button__width-50\"><a class=\"wp-block-button__link has-background wp-element-button\" href=\"https:\/\/www3.santoandre.sp.gov.br\/fip\/index.php\/como-chegar\/\" style=\"background-color:#5b64b9\">Como chegar<\/a><\/div>\n<\/div>\n","protected":false},"excerpt":{"rendered":"<p>ACESSE A PROGRAMA\u00c7\u00c3O AQUI Navegue tamb\u00e9m pelo menu acima! &nbsp; Venha participar do maior evento cultural da regi\u00e3o, que ser\u00e1 realizado nos dois \u00faltimos finais de semana de julho (19, 20, 26 e 27). Com mais de 80 atividades e a participa\u00e7\u00e3o de aproximadamente 400 artistas de Santo Andr\u00e9 e arredores, o FIP promete encantar&hellip;<\/p>\n","protected":false},"author":4,"featured_media":0,"parent":0,"menu_order":0,"comment_status":"closed","ping_status":"closed","template":"","meta":{"ngg_post_thumbnail":0,"pgc_sgb_lightbox_settings":"","footnotes":""},"class_list":["post-27759","page","type-page","status-publish","hentry"],"jetpack_sharing_enabled":true,"_links":{"self":[{"href":"https:\/\/www3.santoandre.sp.gov.br\/fip\/wp-json\/wp\/v2\/pages\/27759","targetHints":{"allow":["GET"]}}],"collection":[{"href":"https:\/\/www3.santoandre.sp.gov.br\/fip\/wp-json\/wp\/v2\/pages"}],"about":[{"href":"https:\/\/www3.santoandre.sp.gov.br\/fip\/wp-json\/wp\/v2\/types\/page"}],"author":[{"embeddable":true,"href":"https:\/\/www3.santoandre.sp.gov.br\/fip\/wp-json\/wp\/v2\/users\/4"}],"replies":[{"embeddable":true,"href":"https:\/\/www3.santoandre.sp.gov.br\/fip\/wp-json\/wp\/v2\/comments?post=27759"}],"version-history":[{"count":12,"href":"https:\/\/www3.santoandre.sp.gov.br\/fip\/wp-json\/wp\/v2\/pages\/27759\/revisions"}],"predecessor-version":[{"id":27808,"href":"https:\/\/www3.santoandre.sp.gov.br\/fip\/wp-json\/wp\/v2\/pages\/27759\/revisions\/27808"}],"wp:attachment":[{"href":"https:\/\/www3.santoandre.sp.gov.br\/fip\/wp-json\/wp\/v2\/media?parent=27759"}],"curies":[{"name":"wp","href":"https:\/\/api.w.org\/{rel}","templated":true}]}}