{"id":27749,"date":"2025-07-15T08:52:08","date_gmt":"2025-07-15T11:52:08","guid":{"rendered":"https:\/\/www3.santoandre.sp.gov.br\/fip\/?page_id=27749"},"modified":"2025-07-15T15:15:15","modified_gmt":"2025-07-15T18:15:15","slug":"domingo-27-07-25-2","status":"publish","type":"page","link":"https:\/\/www3.santoandre.sp.gov.br\/fip\/domingo-27-07-25-2\/","title":{"rendered":"Domingo &#8211; 27\/07\/2025"},"content":{"rendered":"<p class=\"fonts-plugin-block \" style=\"font-size: 58px;line-height: 2.8;text-align: center\"><strong><strong>Domingo &#8211; 27\/07\/2025<\/strong><\/strong><\/p>\n\n<hr class=\"wp-block-separator has-css-opacity is-style-wide\">\n<p class=\"has-medium-font-size\"><strong>Palco Mercado<\/strong><\/p>\n<p>11h \u2013 Sue Cavalcante | Show Balaio de Mim (Forr\u00f3)&nbsp;&nbsp;&nbsp;&nbsp;<\/p>\n<p>13h \u2013 Tom Sapiranga | Show 20 Anos na Estrada (MPB)<\/p>\n<p>15h \u2013<a href=\"https:\/\/www3.santoandre.sp.gov.br\/fip\/domingo-27-07-25-2\/?popup_preview=0cf32d0d7b&amp;popup=27819\"> Abacaxepa (MPB)<\/a><\/p>\n<p>17h \u2013 Samba de Agbar\u00e1 | Show Mulheres no Samba: n\u00e3o nos deixei esquecer jamais&nbsp;<\/p>\n<p class=\"has-medium-font-size\"><strong>Palco Rua Direita<\/strong><\/p>\n<p>12h \u2013 Pretologia | Show Soul Preto, Soul Funk (Hip Hop)<\/p>\n<p>14h \u2013 P\u00e2nico X | Show Batuquebrada (Rock\/Hip Hop)&nbsp;<\/p>\n<p>16h \u2013 Polly Noise e The Cracks | (Indie Rock)<\/p>\n<p>18h \u2013 Vr\u00e1 | Show Bregazona (Tecnobrega)<\/p>\n<p class=\"has-medium-font-size\"><strong>Viradouro&nbsp;<\/strong><\/p>\n<p>13h \u2013 Paula Knoll | Primeiras Trilhas (Conta\u00e7\u00e3o de hist\u00f3rias)<\/p>\n<p>15h \u2013 Cotonete Maria | A Bandinha da Cotonete Maria (Circo)<\/p>\n<p>17h \u2013 Circo Caramba | A Banda do Jer\u00f4nico: uma banda inusitada de um homem s\u00f3 (Circo)<\/p>\n<p class=\"has-medium-font-size\"><strong>Biblioteca<\/strong><\/p>\n<p>14h \u2013 Cia. Os Rouxin\u00f3is | Contos do Bardo Beedle (Conta\u00e7\u00e3o de hist\u00f3rias)<\/p>\n<p class=\"has-medium-font-size\"><strong>Itinerante<\/strong><\/p>\n<p>12h \u2013 Cia. Doispral\u00e1 Doisprac\u00e1 |Realejo de Hist\u00f3rias&nbsp;<\/p>\n<p>16h \u2013 M\u00e1fia do Jazz | M\u00e1fia do Jazz pelas ruas de Paranapiacaba&nbsp;&nbsp;<\/p>\n<p class=\"has-medium-font-size\"><strong>Cine Lyra<\/strong><\/p>\n<p>11h \u00e0s 18h \u2013 Feira Livre do Vinil<\/p>\n<p class=\"has-medium-font-size\"><strong>Programa\u00e7\u00e3o Escola Livre de Cinema e V\u00eddeo:<\/strong><\/p>\n<p>11h \u00e0s 18h \u2013 Set de Cinema: instala\u00e7\u00e3o Instagram\u00e1vel (Foyer)<\/p>\n<p>13h \u2013 Sess\u00e3o de Filmes Festival do Minuto | Parceria Festival do Minuto<\/p>\n<p>14h \u2013 Sess\u00e3o de Pontos MIS: Curta &#8216;Projeta Quebrada&#8217; | Parceria Pontos MIS<\/p>\n<p>15h \u2013 Sess\u00e3o Curtas ABC: \u2018Crian\u00e7a Viva\u2019<\/p>\n<p>16h \u2013 Sess\u00e3o Curtas ABC: \u2018Jer\u00f4nimo\u2019<\/p>\n<p>17h \u2013 Document\u00e1rio \u2018Punks do ABC\u2019&nbsp;<\/p>","protected":false},"excerpt":{"rendered":"<p>Palco Mercado 11h \u2013 Sue Cavalcante | Show Balaio de Mim (Forr\u00f3)&nbsp;&nbsp;&nbsp;&nbsp; 13h \u2013 Tom Sapiranga | Show 20 Anos na Estrada (MPB) 15h \u2013 Abacaxepa (MPB) 17h \u2013 Samba de Agbar\u00e1 | Show Mulheres no Samba: n\u00e3o nos deixei esquecer jamais&nbsp; Palco Rua Direita 12h \u2013 Pretologia | Show Soul Preto, Soul Funk (Hip&hellip;<\/p>\n","protected":false},"author":4,"featured_media":0,"parent":0,"menu_order":0,"comment_status":"closed","ping_status":"closed","template":"","meta":{"ngg_post_thumbnail":0,"pgc_sgb_lightbox_settings":"","footnotes":""},"class_list":["post-27749","page","type-page","status-publish","hentry"],"jetpack_sharing_enabled":true,"_links":{"self":[{"href":"https:\/\/www3.santoandre.sp.gov.br\/fip\/wp-json\/wp\/v2\/pages\/27749","targetHints":{"allow":["GET"]}}],"collection":[{"href":"https:\/\/www3.santoandre.sp.gov.br\/fip\/wp-json\/wp\/v2\/pages"}],"about":[{"href":"https:\/\/www3.santoandre.sp.gov.br\/fip\/wp-json\/wp\/v2\/types\/page"}],"author":[{"embeddable":true,"href":"https:\/\/www3.santoandre.sp.gov.br\/fip\/wp-json\/wp\/v2\/users\/4"}],"replies":[{"embeddable":true,"href":"https:\/\/www3.santoandre.sp.gov.br\/fip\/wp-json\/wp\/v2\/comments?post=27749"}],"version-history":[{"count":12,"href":"https:\/\/www3.santoandre.sp.gov.br\/fip\/wp-json\/wp\/v2\/pages\/27749\/revisions"}],"predecessor-version":[{"id":27831,"href":"https:\/\/www3.santoandre.sp.gov.br\/fip\/wp-json\/wp\/v2\/pages\/27749\/revisions\/27831"}],"wp:attachment":[{"href":"https:\/\/www3.santoandre.sp.gov.br\/fip\/wp-json\/wp\/v2\/media?parent=27749"}],"curies":[{"name":"wp","href":"https:\/\/api.w.org\/{rel}","templated":true}]}}