{"id":27476,"date":"2023-07-13T13:21:25","date_gmt":"2023-07-13T16:21:25","guid":{"rendered":"https:\/\/www3.santoandre.sp.gov.br\/fip\/?page_id=27476"},"modified":"2025-07-15T10:46:43","modified_gmt":"2025-07-15T13:46:43","slug":"alimentacao","status":"publish","type":"page","link":"https:\/\/www3.santoandre.sp.gov.br\/fip\/alimentacao\/","title":{"rendered":"Alimenta\u00e7\u00e3o"},"content":{"rendered":"<p class=\"fonts-plugin-block \" style=\"font-size: 58px;line-height: 2.8;text-align: center\"><strong>Alimenta\u00e7\u00e3o<\/strong><\/p>\n\n\n<p class=\"has-medium-font-size\"><br><br>Prepare-se para uma experi\u00eancia gastron\u00f4mica incr\u00edvel! A Vila de Paranapiacaba j\u00e1 conta com mais de 50 op\u00e7\u00f5es deliciosas para satisfazer todos os gostos. Acesse <a href=\"https:\/\/paranapiacabapeabiru.com\/saboresdeparanapiacaba\/\" target=\"_blank\" rel=\"noreferrer noopener\">AQUI<\/a> o roteiro completo.\u00a0\u00a0<\/p>\n\n\n\n<p class=\"has-medium-font-size\">Al\u00e9m disso, as op\u00e7\u00f5es ser\u00e3o refor\u00e7adas com duas pra\u00e7as de alimenta\u00e7\u00e3o repletas de del\u00edcias, uma localizada entre o Clube Uni\u00e3o Lyra Serrano e o Antigo Mercado, e outra nos Galp\u00f5es das Oficinas, essa com m\u00fasica ao vivo.&nbsp;<\/p>\n\n\n\n<p class=\"has-medium-font-size\">As pra\u00e7as de alimenta\u00e7\u00e3o contar\u00e3o com op\u00e7\u00f5es diversas para todos os gostos, incluindo pratos quentes, frios, doces e salgados. E para acompanhar, ser\u00e3o oferecidos uma variedade de r\u00f3tulos de cervejas artesanais.&nbsp;<\/p>\n\n\n\n<p class=\"has-medium-font-size\">N\u00e3o perca a chance de experimentar!&nbsp;&nbsp;<\/p>\n","protected":false},"excerpt":{"rendered":"<p>Prepare-se para uma experi\u00eancia gastron\u00f4mica incr\u00edvel! A Vila de Paranapiacaba j\u00e1 conta com mais de 50 op\u00e7\u00f5es deliciosas para satisfazer todos os gostos. Acesse AQUI o roteiro completo.\u00a0\u00a0 Al\u00e9m disso, as op\u00e7\u00f5es ser\u00e3o refor\u00e7adas com duas pra\u00e7as de alimenta\u00e7\u00e3o repletas de del\u00edcias, uma localizada entre o Clube Uni\u00e3o Lyra Serrano e o Antigo Mercado, e&hellip;<\/p>\n","protected":false},"author":2,"featured_media":0,"parent":0,"menu_order":0,"comment_status":"closed","ping_status":"closed","template":"","meta":{"ngg_post_thumbnail":0,"pgc_sgb_lightbox_settings":"","footnotes":""},"class_list":["post-27476","page","type-page","status-publish","hentry"],"jetpack_sharing_enabled":true,"_links":{"self":[{"href":"https:\/\/www3.santoandre.sp.gov.br\/fip\/wp-json\/wp\/v2\/pages\/27476","targetHints":{"allow":["GET"]}}],"collection":[{"href":"https:\/\/www3.santoandre.sp.gov.br\/fip\/wp-json\/wp\/v2\/pages"}],"about":[{"href":"https:\/\/www3.santoandre.sp.gov.br\/fip\/wp-json\/wp\/v2\/types\/page"}],"author":[{"embeddable":true,"href":"https:\/\/www3.santoandre.sp.gov.br\/fip\/wp-json\/wp\/v2\/users\/2"}],"replies":[{"embeddable":true,"href":"https:\/\/www3.santoandre.sp.gov.br\/fip\/wp-json\/wp\/v2\/comments?post=27476"}],"version-history":[{"count":2,"href":"https:\/\/www3.santoandre.sp.gov.br\/fip\/wp-json\/wp\/v2\/pages\/27476\/revisions"}],"predecessor-version":[{"id":27793,"href":"https:\/\/www3.santoandre.sp.gov.br\/fip\/wp-json\/wp\/v2\/pages\/27476\/revisions\/27793"}],"wp:attachment":[{"href":"https:\/\/www3.santoandre.sp.gov.br\/fip\/wp-json\/wp\/v2\/media?parent=27476"}],"curies":[{"name":"wp","href":"https:\/\/api.w.org\/{rel}","templated":true}]}}