{"id":27369,"date":"2023-07-07T18:07:32","date_gmt":"2023-07-07T21:07:32","guid":{"rendered":"https:\/\/www3.santoandre.sp.gov.br\/fip\/?page_id=27369"},"modified":"2025-07-15T12:50:41","modified_gmt":"2025-07-15T15:50:41","slug":"sabado-26-07-2025","status":"publish","type":"page","link":"https:\/\/www3.santoandre.sp.gov.br\/fip\/sabado-26-07-2025\/","title":{"rendered":""},"content":{"rendered":"<p class=\"fonts-plugin-block \" style=\"font-size: 58px;line-height: 2.8;text-align: center\"><strong>S\u00e1bado &#8211; 26\/07\/2025<\/strong><\/p>\n\n\n<hr class=\"wp-block-separator has-css-opacity is-style-wide\"\/>\n\n\n\n<p class=\"has-medium-font-size\"><strong>Palco Mercado<\/strong><\/p>\n\n\n\n<p>11h &#8211; Banda SECI<\/p>\n\n\n\n<p>13h \u2013 Dino Barioni | Show Dino Barioni Quarteto (Jazz)<\/p>\n\n\n\n<p>15h \u2013 Wiliam Partideiro | Show Samba, Trajet\u00f3ria e F\u00e9 (Samba)<\/p>\n\n\n\n<p>17h \u2013 Os Amanticidas | show RenanRenan &amp; Os Amanticidas (MPB)<\/p>\n\n\n\n<p class=\"has-medium-font-size\"><strong>Palco Rua Direita<\/strong><\/p>\n\n\n\n<p>12h \u2013 Candombanda | Show Louvor de Terreiro (Soul\/Rap)<\/p>\n\n\n\n<p>14h \u2013 Leandro Segredo | 20 anos de HipHop (Hip Hop)<\/p>\n\n\n\n<p>16h \u2013 Arnaldo Tifu | Show RAPaladares os sabores das rimas (Hip Hop)<\/p>\n\n\n\n<p>18h \u2013 Passarinho e o Sistema Brega de Som (Brega\/Reggae)<\/p>\n\n\n\n<p class=\"has-medium-font-size\"><strong>Viradouro<\/strong><\/p>\n\n\n\n<p>13h \u2013 Grupo Ginga\u00ea Camar\u00e1 | A Capoeira do S\u00e9culo XVII ao S\u00e9culo XXI<\/p>\n\n\n\n<p>15h \u2013 Trupe Tangar\u00e1 | Espet\u00e1culo Caras com Caretas<\/p>\n\n\n\n<p>17h \u2013 Fam\u00edlia Cotel\u00ea | Espet\u00e1culo Entre Costura<\/p>\n\n\n\n<p class=\"has-medium-font-size\"><strong>Biblioteca<\/strong><\/p>\n\n\n\n<p>14h &#8211; Irene Tanabe | Dobras da Mem\u00f3ria, Desdobramentos da Vila<\/p>\n\n\n\n<p class=\"has-medium-font-size\"><strong>Itinerante (Sa\u00edda do Coreto)<\/strong><\/p>\n\n\n\n<p>12h \u2013 Cia. RodaViva de Teatro| Realejo Po\u00e9tico: Trilhos e Trilhas<\/p>\n\n\n\n<p>15h \u2013 Cia. Atitude | Kombi no Circo&nbsp;<\/p>\n\n\n\n<p>16h \u2013 Coletivo (a)gente | Musicleta<\/p>\n\n\n\n<p class=\"has-medium-font-size\"><strong>Coreto<\/strong><\/p>\n\n\n\n<p>14h<strong> <\/strong>\u2013 Aula Aberta ELT: Viv\u00eancia Livre em Oralidades musicais. Orientadora: Uma Pessoa<\/p>\n\n\n\n<p class=\"has-medium-font-size\"><strong>Cine Lyra<\/strong><\/p>\n\n\n\n<p>11h \u00e0s 18h \u2013 Feira Livre do Vinil<\/p>\n\n\n\n<p class=\"has-medium-font-size\"><strong>Programa\u00e7\u00e3o Escola Livre de Cinema e V\u00eddeo:<\/strong><\/p>\n\n\n\n<p>11h \u00e0s 18h \u2013 Set de Cinema: instala\u00e7\u00e3o Instagram\u00e1vel (Foyer)<\/p>\n\n\n\n<p>13h \u2013 Curtas Infantis de anima\u00e7\u00e3o DIA sess\u00e3o 1 | Parceria DIA &#8211; Dia Internacional Anima\u00e7\u00e3o<\/p>\n\n\n\n<p>14h \u2013 Curtas da ELCV &#8211; Programa 2 | Escuro, Monstra do Arm\u00e1rio e Amor s\u00f3 de M\u00e3e<\/p>\n\n\n\n<p>17h30 \u2013 Document\u00e1rio \u2018Eneas &#8211; A Vida na En\u00e9sima Pot\u00eancia\u2019<\/p>\n","protected":false},"excerpt":{"rendered":"<p>Palco Mercado 11h &#8211; Banda SECI 13h \u2013 Dino Barioni | Show Dino Barioni Quarteto (Jazz) 15h \u2013 Wiliam Partideiro | Show Samba, Trajet\u00f3ria e F\u00e9 (Samba) 17h \u2013 Os Amanticidas | show RenanRenan &amp; Os Amanticidas (MPB) Palco Rua Direita 12h \u2013 Candombanda | Show Louvor de Terreiro (Soul\/Rap) 14h \u2013 Leandro Segredo |&hellip;<\/p>\n","protected":false},"author":4,"featured_media":0,"parent":0,"menu_order":0,"comment_status":"closed","ping_status":"closed","template":"","meta":{"ngg_post_thumbnail":0,"pgc_sgb_lightbox_settings":"","footnotes":""},"class_list":["post-27369","page","type-page","status-publish","hentry"],"jetpack_sharing_enabled":true,"_links":{"self":[{"href":"https:\/\/www3.santoandre.sp.gov.br\/fip\/wp-json\/wp\/v2\/pages\/27369","targetHints":{"allow":["GET"]}}],"collection":[{"href":"https:\/\/www3.santoandre.sp.gov.br\/fip\/wp-json\/wp\/v2\/pages"}],"about":[{"href":"https:\/\/www3.santoandre.sp.gov.br\/fip\/wp-json\/wp\/v2\/types\/page"}],"author":[{"embeddable":true,"href":"https:\/\/www3.santoandre.sp.gov.br\/fip\/wp-json\/wp\/v2\/users\/4"}],"replies":[{"embeddable":true,"href":"https:\/\/www3.santoandre.sp.gov.br\/fip\/wp-json\/wp\/v2\/comments?post=27369"}],"version-history":[{"count":4,"href":"https:\/\/www3.santoandre.sp.gov.br\/fip\/wp-json\/wp\/v2\/pages\/27369\/revisions"}],"predecessor-version":[{"id":27805,"href":"https:\/\/www3.santoandre.sp.gov.br\/fip\/wp-json\/wp\/v2\/pages\/27369\/revisions\/27805"}],"wp:attachment":[{"href":"https:\/\/www3.santoandre.sp.gov.br\/fip\/wp-json\/wp\/v2\/media?parent=27369"}],"curies":[{"name":"wp","href":"https:\/\/api.w.org\/{rel}","templated":true}]}}