{"id":27022,"date":"2021-07-29T05:28:56","date_gmt":"2021-07-29T08:28:56","guid":{"rendered":"https:\/\/www3.santoandre.sp.gov.br\/fip\/?page_id=27022"},"modified":"2025-07-15T09:37:03","modified_gmt":"2025-07-15T12:37:03","slug":"dicas-para-passeio-em-paranapiacaba","status":"publish","type":"page","link":"https:\/\/www3.santoandre.sp.gov.br\/fip\/dicas-para-passeio-em-paranapiacaba\/","title":{"rendered":"Dicas para passeio em Paranapiacaba"},"content":{"rendered":"<p class=\"fonts-plugin-block \" style=\"font-size: 58px;line-height: 2.8;text-align: center\"><strong>Dicas para passeio em Paranapiacaba<\/strong><\/p>\n\n\n<p><br><\/p>\n\n\n\n<div class=\"wp-block-columns is-layout-flex wp-container-core-columns-is-layout-9d6595d7 wp-block-columns-is-layout-flex\">\n<div class=\"wp-block-column is-vertically-aligned-center is-layout-flow wp-block-column-is-layout-flow\">\n<p>A Vila de Paranapiacaba possui op\u00e7\u00f5es de passeios, trilhas, museus e restaurantes, atendendo a todos os gostos.<\/p>\n\n\n\n<p>Separamos aqui algumas dicas para tornar essa experi\u00eancia ainda mais proveitosa!<\/p>\n\n\n\n<p><strong>Confira:<\/strong><\/p>\n\n\n\n<ul class=\"wp-block-list\">\n<li>Use sapatos confort\u00e1veis. O piso hist\u00f3rico da Vila \u00e9 bastante desnivelado.<br><br><\/li>\n<\/ul>\n\n\n\n<ul class=\"wp-block-list\">\n<li>O clima na Vila muda muito r\u00e1pido. Podemos ter at\u00e9 as quatro esta\u00e7\u00f5es no mesmo dia. V\u00e1 preparado, com camadas de roupas.<br><\/li>\n<\/ul>\n\n\n\n<ul class=\"wp-block-list\">\n<li>Acompanhe a previs\u00e3o do tempo. Leve um guarda-chuva e, se poss\u00edvel, um casaco imperme\u00e1vel. A neblina n\u00e3o tem hora para aparecer, podendo chegar com chuvisco ou garoa.<br><\/li>\n<\/ul>\n\n\n\n<ul class=\"wp-block-list\">\n<li>Pesquise e fa\u00e7a um roteiro, especialmente se pretender realizar trilhas. Talvez n\u00e3o seja poss\u00edvel fazer trilha e conhecer todos os pontos tur\u00edsticos da Vila em um \u00fanico dia.<br><br><\/li>\n\n\n\n<li>Para fazer trilhas, \u00e9 necess\u00e1rio acompanhamento com monitores credenciados. <a href=\"https:\/\/www3.santoandre.sp.gov.br\/turismosantoandre\/ecoturismo-trilhas-na-mata-atlantica\">https:\/\/www3.santoandre.sp.gov.br\/turismosantoandre\/ecoturismo-trilhas-na-mata-atlantica<\/a><\/li>\n<\/ul>\n\n\n\n<p><\/p>\n<\/div>\n\n\n\n<div class=\"wp-block-column is-vertically-aligned-center is-layout-flow wp-block-column-is-layout-flow\">\n<figure class=\"wp-block-gallery aligncenter has-nested-images columns-default is-cropped wp-block-gallery-1 is-layout-flex wp-block-gallery-is-layout-flex\">\n<figure class=\"wp-block-image size-medium\"><a href=\"https:\/\/i0.wp.com\/www3.santoandre.sp.gov.br\/fip\/wp-content\/uploads\/2021\/07\/WhatsApp-Image-2019-07-23-at-20.24.15.jpeg?ssl=1\" data-rel=\"lightbox-gallery-nEIiVRdf\" data-rl_title=\"\" data-rl_caption=\"\" title=\"\"><img data-recalc-dims=\"1\" loading=\"lazy\" decoding=\"async\" width=\"300\" height=\"230\" data-id=\"27049\" src=\"https:\/\/i0.wp.com\/www3.santoandre.sp.gov.br\/fip\/wp-content\/uploads\/2021\/07\/WhatsApp-Image-2019-07-23-at-20.24.15.jpeg?resize=300%2C230&#038;ssl=1\" alt=\"\" class=\"wp-image-27049\" srcset=\"https:\/\/i0.wp.com\/www3.santoandre.sp.gov.br\/fip\/wp-content\/uploads\/2021\/07\/WhatsApp-Image-2019-07-23-at-20.24.15.jpeg?resize=300%2C230&amp;ssl=1 300w, https:\/\/i0.wp.com\/www3.santoandre.sp.gov.br\/fip\/wp-content\/uploads\/2021\/07\/WhatsApp-Image-2019-07-23-at-20.24.15.jpeg?resize=768%2C589&amp;ssl=1 768w, https:\/\/i0.wp.com\/www3.santoandre.sp.gov.br\/fip\/wp-content\/uploads\/2021\/07\/WhatsApp-Image-2019-07-23-at-20.24.15.jpeg?w=942&amp;ssl=1 942w\" sizes=\"auto, (max-width: 300px) 100vw, 300px\" \/><\/a><\/figure>\n<\/figure>\n<\/div>\n<\/div>\n\n\n\n<p><\/p>\n","protected":false},"excerpt":{"rendered":"<p>A Vila de Paranapiacaba possui op\u00e7\u00f5es de passeios, trilhas, museus e restaurantes, atendendo a todos os gostos. Separamos aqui algumas dicas para tornar essa experi\u00eancia ainda mais proveitosa! Confira:<\/p>\n","protected":false},"author":1,"featured_media":0,"parent":0,"menu_order":0,"comment_status":"closed","ping_status":"closed","template":"","meta":{"ngg_post_thumbnail":0,"pgc_sgb_lightbox_settings":"","footnotes":""},"class_list":["post-27022","page","type-page","status-publish","hentry"],"jetpack_sharing_enabled":true,"_links":{"self":[{"href":"https:\/\/www3.santoandre.sp.gov.br\/fip\/wp-json\/wp\/v2\/pages\/27022","targetHints":{"allow":["GET"]}}],"collection":[{"href":"https:\/\/www3.santoandre.sp.gov.br\/fip\/wp-json\/wp\/v2\/pages"}],"about":[{"href":"https:\/\/www3.santoandre.sp.gov.br\/fip\/wp-json\/wp\/v2\/types\/page"}],"author":[{"embeddable":true,"href":"https:\/\/www3.santoandre.sp.gov.br\/fip\/wp-json\/wp\/v2\/users\/1"}],"replies":[{"embeddable":true,"href":"https:\/\/www3.santoandre.sp.gov.br\/fip\/wp-json\/wp\/v2\/comments?post=27022"}],"version-history":[{"count":1,"href":"https:\/\/www3.santoandre.sp.gov.br\/fip\/wp-json\/wp\/v2\/pages\/27022\/revisions"}],"predecessor-version":[{"id":27785,"href":"https:\/\/www3.santoandre.sp.gov.br\/fip\/wp-json\/wp\/v2\/pages\/27022\/revisions\/27785"}],"wp:attachment":[{"href":"https:\/\/www3.santoandre.sp.gov.br\/fip\/wp-json\/wp\/v2\/media?parent=27022"}],"curies":[{"name":"wp","href":"https:\/\/api.w.org\/{rel}","templated":true}]}}