{"id":25822,"date":"2021-07-21T13:53:58","date_gmt":"2021-07-21T16:53:58","guid":{"rendered":"https:\/\/www3.santoandre.sp.gov.br\/fip\/?page_id=25822"},"modified":"2025-07-18T17:35:56","modified_gmt":"2025-07-18T20:35:56","slug":"domingo-20-07-2025","status":"publish","type":"page","link":"https:\/\/www3.santoandre.sp.gov.br\/fip\/domingo-20-07-2025\/","title":{"rendered":"Domingo &#8211; 20\/07\/2025"},"content":{"rendered":"<p class=\"fonts-plugin-block \" style=\"font-size: 58px;line-height: 2.8;text-align: center\"><strong>Domingo &#8211; 20\/07\/2025<\/strong><\/p>\n\n\n<hr class=\"wp-block-separator has-css-opacity is-style-wide\"\/>\n\n\n\n<p class=\"has-medium-font-size\"><strong>Palco Mercado<\/strong><\/p>\n\n\n\n<p>11h \u2013 Balan\u00e7o de Varanda | Show Yay\u00e1, Yoy\u00f4 &#8211; homenagem a Elizeth Cardoso e Cyro Monteiro (MPB)<\/p>\n\n\n\n<p>13h \u2013 Claudia Castelo Branco | Show Viva Sivuca (MPB)<\/p>\n\n\n\n<p>15h \u2013 Luarada Brasileira | Show Aqui Tem Forr\u00f3 (Forr\u00f3)<\/p>\n\n\n\n<p>17h \u2013 Samuca e a Selva | Especial 10 anos de estrada (Groove Latino)<\/p>\n\n\n\n<p class=\"has-medium-font-size\"><strong>Palco Rua Direita<\/strong><\/p>\n\n\n\n<p>12h \u2013 Movimento Naufrago (Indie)<\/p>\n\n\n\n<p>14h \u2013 Judy Black | Show S\u00f3 Eu soul (Soul)&nbsp;&nbsp;<\/p>\n\n\n\n<p>16h &#8211; Onde iremos chegar? (Punk)<\/p>\n\n\n\n<p>18h \u2013 May Puertas y Las Muertas (Metal)<\/p>\n\n\n\n<p class=\"has-medium-font-size\"><strong>Viradouro<\/strong><\/p>\n\n\n\n<p>11h \u00e0s 18h \u2013 Ocupa\u00e7\u00e3o Cultural: Amigos do SACI com Coletivo ARCA (Artes Integradas)<\/p>\n\n\n\n<p>11h00 &#8211;&nbsp; Abertura Interativa com desfile de Bonec\u00f5es&nbsp;&nbsp;&nbsp;<\/p>\n\n\n\n<p>11h30 &#8211;&nbsp; Conta\u00e7\u00e3o de Hist\u00f3rias: \u201cCantos, contos e causos \u201d<\/p>\n\n\n\n<p>12h30 &#8211;&nbsp; Oficinas de Arte: \u201cCrie seu Saci\u201d&nbsp;<\/p>\n\n\n\n<p>13h30 &#8211;&nbsp; Brincadeiras e brinquedos Populares&nbsp;<\/p>\n\n\n\n<p>14h30 &#8211; Leitura Mediada: \u201cLendas do Brasil\u201d&nbsp;<\/p>\n\n\n\n<p>15h00 &#8211; Roda de Conversa: \u201cQuem \u00e9 o Saci?\u201d&nbsp;<\/p>\n\n\n\n<p>15h30&nbsp; -Oficina de Estandartes Folcl\u00f3ricos&nbsp;<\/p>\n\n\n\n<p>16h30 &#8211; Rodas Cantadas&nbsp;<\/p>\n\n\n\n<p>17h15 &#8211; Roda de Coco<\/p>\n\n\n\n<p class=\"has-medium-font-size\"><strong>Biblioteca<\/strong><\/p>\n\n\n\n<p>14h \u2013 Andr\u00e9ia Maressa | Show Hist\u00f3rias do Tom\u00edlio<\/p>\n\n\n\n<p class=\"has-medium-font-size\"><strong>Itinerante (Sa\u00edda do Coreto)<\/strong><\/p>\n\n\n\n<p>12h \u2013 Baque CT | Maracatu com Baque CT&nbsp;<\/p>\n\n\n\n<p>14h \u2013 Plataforma Panelinha | Um Pouco de Tudo, Com Pitadas de Nada<\/p>\n\n\n\n<p>16h \u2013 Margarida Ag\u00eancia de Cultura | Interven\u00e7\u00e3o Margarida<\/p>\n\n\n\n<p class=\"has-medium-font-size\"><strong>Cine Lyra<\/strong><\/p>\n\n\n\n<p>11h \u00e0s 18h \u2013 Feira Livre do Vinil<\/p>\n\n\n\n<p class=\"has-medium-font-size\"><strong>Programa\u00e7\u00e3o Escola Livre de Cinema e V\u00eddeo:<\/strong><\/p>\n\n\n\n<p>11h \u00e0s 18h \u2013 Set de Cinema: instala\u00e7\u00e3o Instagram\u00e1vel (Foyer)<\/p>\n\n\n\n<p>13h \u2013 Curtas infantis &#8211; Sess\u00e3o 1 | Parceria DIA &#8211; Dia Internacional Anima\u00e7\u00e3o<\/p>\n\n\n\n<p>14h \u2013 Curtas infantis &#8211; Sess\u00e3o 2 | Parceria DIA &#8211; Dia Internacional Anima\u00e7\u00e3o<\/p>\n\n\n\n<p>15h \u2013 Sess\u00e3o Curtas Paranapiacaba: \u2018O v\u00e9u da Noiva\u2019<\/p>\n\n\n\n<p>16h \u2013 Sess\u00e3o Curtas Paranapiacaba: \u2018Document\u00e1rio As Bruxas de Paranapiacaba\u2019<\/p>\n\n\n\n<p>17h \u2013 Document\u00e1rio \u2018Paranapiacaba ao Peabiru\u2019<\/p>\n","protected":false},"excerpt":{"rendered":"<p>Palco Mercado 11h \u2013 Balan\u00e7o de Varanda | Show Yay\u00e1, Yoy\u00f4 &#8211; homenagem a Elizeth Cardoso e Cyro Monteiro (MPB) 13h \u2013 Claudia Castelo Branco | Show Viva Sivuca (MPB) 15h \u2013 Luarada Brasileira | Show Aqui Tem Forr\u00f3 (Forr\u00f3) 17h \u2013 Samuca e a Selva | Especial 10 anos de estrada (Groove Latino) Palco&hellip;<\/p>\n","protected":false},"author":2,"featured_media":0,"parent":0,"menu_order":0,"comment_status":"closed","ping_status":"closed","template":"","meta":{"ngg_post_thumbnail":0,"pgc_sgb_lightbox_settings":"","footnotes":""},"class_list":["post-25822","page","type-page","status-publish","hentry"],"jetpack_sharing_enabled":true,"_links":{"self":[{"href":"https:\/\/www3.santoandre.sp.gov.br\/fip\/wp-json\/wp\/v2\/pages\/25822","targetHints":{"allow":["GET"]}}],"collection":[{"href":"https:\/\/www3.santoandre.sp.gov.br\/fip\/wp-json\/wp\/v2\/pages"}],"about":[{"href":"https:\/\/www3.santoandre.sp.gov.br\/fip\/wp-json\/wp\/v2\/types\/page"}],"author":[{"embeddable":true,"href":"https:\/\/www3.santoandre.sp.gov.br\/fip\/wp-json\/wp\/v2\/users\/2"}],"replies":[{"embeddable":true,"href":"https:\/\/www3.santoandre.sp.gov.br\/fip\/wp-json\/wp\/v2\/comments?post=25822"}],"version-history":[{"count":4,"href":"https:\/\/www3.santoandre.sp.gov.br\/fip\/wp-json\/wp\/v2\/pages\/25822\/revisions"}],"predecessor-version":[{"id":27908,"href":"https:\/\/www3.santoandre.sp.gov.br\/fip\/wp-json\/wp\/v2\/pages\/25822\/revisions\/27908"}],"wp:attachment":[{"href":"https:\/\/www3.santoandre.sp.gov.br\/fip\/wp-json\/wp\/v2\/media?parent=25822"}],"curies":[{"name":"wp","href":"https:\/\/api.w.org\/{rel}","templated":true}]}}