{"id":25821,"date":"2021-07-21T13:53:58","date_gmt":"2021-07-21T16:53:58","guid":{"rendered":"https:\/\/www3.santoandre.sp.gov.br\/fip\/?page_id=25821"},"modified":"2025-07-18T17:42:36","modified_gmt":"2025-07-18T20:42:36","slug":"sabado-19-07-25","status":"publish","type":"page","link":"https:\/\/www3.santoandre.sp.gov.br\/fip\/sabado-19-07-25\/","title":{"rendered":"S\u00e1bado &#8211; 19\/07\/25"},"content":{"rendered":"<p class=\"fonts-plugin-block \" style=\"font-size: 58px;line-height: 2.8;text-align: center\"><strong>S\u00e1bado &#8211; 19\/07\/2025<\/strong><\/p>\n\n\n<hr class=\"wp-block-separator has-css-opacity is-style-wide\"\/>\n\n\n\n<p class=\"has-medium-font-size\"><strong>Palco Mercado<\/strong><\/p>\n\n\n\n<p>13h \u2013 Tuany | Show Metamorfose (MPB)&nbsp;<\/p>\n\n\n\n<p>15h \u2013 \u00c9rika Martins | Show V\u00eanus (MPB) &#8211;&nbsp;<\/p>\n\n\n\n<p><a href=\"https:\/\/www3.santoandre.sp.gov.br\/fip\/sabado-19-07-25\/?popup_preview=0cf32d0d7b&amp;popup=27870\">17h \u2013 Big Chico | Show 30 Anos de Blues (Blues)<\/a><\/p>\n\n\n\n<p class=\"has-medium-font-size\"><strong>Palco Rua Direita<\/strong><\/p>\n\n\n\n<p>12h \u2013 El Blend | Show El Blend em Paranapiacaba (Rock)<\/p>\n\n\n\n<p>14h \u2013 Flavia K | Show Universo Suspenso (Jazz)<\/p>\n\n\n\n<p>16h \u2013 Pepe Bueno &amp; Os Estranhos | Show Confiss\u00f5es e Outros Blues (Blues)<\/p>\n\n\n\n<p>18h \u2013 Denise D\u2019Paula | Show Denise D\u2019Paula em Paranapiacaba (Reggae)<\/p>\n\n\n\n<p class=\"has-medium-font-size\"><strong>Viradouro&nbsp;<\/strong><\/p>\n\n\n\n<p>13h \u2013 Circo da Veneta | Espet\u00e1culo Qui\u00e7\u00e1 (Circo)<\/p>\n\n\n\n<p>15h \u2013 Cia Terezinha de Conta\u00e7\u00e3o de Hist\u00f3rias | Espet\u00e1culo Cordel de Feira! (Circo)<\/p>\n\n\n\n<p>17h \u2013 Grupo Ciclistas Bonequeiros | Teatro Lambe Lambe &#8211; Trilogia Circo (Circo)<\/p>\n\n\n\n<p class=\"has-medium-font-size\"><strong>Biblioteca<\/strong><\/p>\n\n\n\n<p>14h \u2013 Lucas Valadares | Recontando Esopo (Conta\u00e7\u00e3o de hist\u00f3rias)<\/p>\n\n\n\n<p class=\"has-medium-font-size\"><strong>Itinerante (Sa\u00edda do Coreto)<\/strong><\/p>\n\n\n\n<p>12h \u2013 Andr\u00e9 Di Peroli e Juliana Taino | V\u00e9u da Despedida &#8211; \u00d3pera na Vila<\/p>\n\n\n\n<p>14h \u2013 Projeto Futura\u00e7\u00e3o (M\u00fasica)<\/p>\n\n\n\n<p>16h \u2013 Mulheres do ABC | Viva \u00e0s Matriarcas &#8211; Firmes como ra\u00edzes, vibrantes como o tambor (Bloco)<\/p>\n\n\n\n<p class=\"has-medium-font-size\"><strong>Cine Lyra<\/strong><\/p>\n\n\n\n<p>10h \u2013 Abertura:&nbsp; Projeto Futura\u00e7\u00e3o&nbsp;<\/p>\n\n\n\n<p>11h \u00e0s 18h \u2013 Feira Livre do Vinil<\/p>\n\n\n\n<p>19h &#8211; Exibi\u00e7\u00e3o do longa \u2018Oficina do Diabo\u2019<\/p>\n\n\n\n<p class=\"has-medium-font-size\"><strong>Programa\u00e7\u00e3o Escola Livre de Cinema e V\u00eddeo:<\/strong><\/p>\n\n\n\n<p>11h \u00e0s 18h \u2013 Set de Cinema: instala\u00e7\u00e3o Instagram\u00e1vel (Foyer)<\/p>\n\n\n\n<p>15h \u2013 Lan\u00e7amento do Livro \u2018Cinemando por a\u00ed\u2019, de Diaulas Ulyssses<\/p>\n\n\n\n<p class=\"has-medium-font-size\">17h \u2013 Document\u00e1rio Leci Brand\u00e3o&nbsp;<\/p>\n\n\n\n<p><\/p>\n","protected":false},"excerpt":{"rendered":"<p>Palco Mercado 13h \u2013 Tuany | Show Metamorfose (MPB)&nbsp; 15h \u2013 \u00c9rika Martins | Show V\u00eanus (MPB) &#8211;&nbsp; 17h \u2013 Big Chico | Show 30 Anos de Blues (Blues) Palco Rua Direita 12h \u2013 El Blend | Show El Blend em Paranapiacaba (Rock) 14h \u2013 Flavia K | Show Universo Suspenso (Jazz) 16h \u2013 Pepe&hellip;<\/p>\n","protected":false},"author":4,"featured_media":0,"parent":0,"menu_order":0,"comment_status":"closed","ping_status":"closed","template":"","meta":{"ngg_post_thumbnail":0,"pgc_sgb_lightbox_settings":"","footnotes":""},"class_list":["post-25821","page","type-page","status-publish","hentry"],"jetpack_sharing_enabled":true,"_links":{"self":[{"href":"https:\/\/www3.santoandre.sp.gov.br\/fip\/wp-json\/wp\/v2\/pages\/25821","targetHints":{"allow":["GET"]}}],"collection":[{"href":"https:\/\/www3.santoandre.sp.gov.br\/fip\/wp-json\/wp\/v2\/pages"}],"about":[{"href":"https:\/\/www3.santoandre.sp.gov.br\/fip\/wp-json\/wp\/v2\/types\/page"}],"author":[{"embeddable":true,"href":"https:\/\/www3.santoandre.sp.gov.br\/fip\/wp-json\/wp\/v2\/users\/4"}],"replies":[{"embeddable":true,"href":"https:\/\/www3.santoandre.sp.gov.br\/fip\/wp-json\/wp\/v2\/comments?post=25821"}],"version-history":[{"count":4,"href":"https:\/\/www3.santoandre.sp.gov.br\/fip\/wp-json\/wp\/v2\/pages\/25821\/revisions"}],"predecessor-version":[{"id":27909,"href":"https:\/\/www3.santoandre.sp.gov.br\/fip\/wp-json\/wp\/v2\/pages\/25821\/revisions\/27909"}],"wp:attachment":[{"href":"https:\/\/www3.santoandre.sp.gov.br\/fip\/wp-json\/wp\/v2\/media?parent=25821"}],"curies":[{"name":"wp","href":"https:\/\/api.w.org\/{rel}","templated":true}]}}