{"id":653,"date":"2021-06-25T14:52:29","date_gmt":"2021-06-25T17:52:29","guid":{"rendered":"https:\/\/www3.santoandre.sp.gov.br\/educacaodetransito\/?page_id=653"},"modified":"2021-06-30T11:22:05","modified_gmt":"2021-06-30T14:22:05","slug":"area-baby","status":"publish","type":"page","link":"https:\/\/www3.santoandre.sp.gov.br\/educacaodetransito\/index.php\/area-baby\/","title":{"rendered":"\u00c1rea Baby"},"content":{"rendered":"\n<div class=\"wp-block-media-text alignwide is-stacked-on-mobile\"><figure class=\"wp-block-media-text__media\"><video controls src=\"https:\/\/www3.santoandre.sp.gov.br\/educacaodetransito\/wp-content\/uploads\/2021\/06\/JOAOZINHO-APRENDEU-A-USARA-A-CADEIRINHA.mp4\"><\/video><\/figure><div class=\"wp-block-media-text__content\">\n<p class=\"has-text-align-left\" style=\"font-size:17px\"><span class=\"has-inline-color has-luminous-vivid-orange-color\"><strong>T\u00edtulo:<\/strong> Jo\u00e3ozinho aprendeu a usar a cadeirinha<\/span><\/p>\n\n\n\n<p class=\"has-text-align-left\" style=\"font-size:17px\"><strong><span class=\"has-inline-color has-luminous-vivid-orange-color\">Fo<\/span><\/strong><span class=\"has-inline-color has-luminous-vivid-orange-color\"><strong>nte:<\/strong> Canal do Jo\u00e3ozinho       <\/span><\/p>\n\n\n\n<p><\/p>\n\n\n\n<p><\/p>\n<\/div><\/div>\n\n\n\n<p><\/p>\n\n\n\n<p><\/p>\n\n\n\n<figure class=\"wp-block-embed is-type-video is-provider-youtube wp-block-embed-youtube wp-embed-aspect-4-3 wp-has-aspect-ratio\"><div class=\"wp-block-embed__wrapper\">\n<iframe loading=\"lazy\" title=\"Bicicleta\" width=\"800\" height=\"600\" src=\"https:\/\/www.youtube.com\/embed\/sonnKhf-84g?list=PLmlGr-c8k4YrWkyJM86WOpzFCqJtz_xAy\" frameborder=\"0\" allow=\"accelerometer; autoplay; clipboard-write; encrypted-media; gyroscope; picture-in-picture\" allowfullscreen><\/iframe>\n<\/div><figcaption>Artista:&nbsp;Toquinho<br>\u00c1lbum:&nbsp;Toquinho e suas can\u00e7\u00f5es preferidas<br>Data de lan\u00e7amento:&nbsp;1996<\/figcaption><\/figure>\n\n\n\n<div class=\"wp-block-buttons is-content-justification-center is-layout-flex wp-block-buttons-is-layout-flex\">\n<div class=\"wp-block-button\"><a class=\"wp-block-button__link has-white-background-color has-background\" href=\"https:\/\/www3.santoandre.sp.gov.br\/educacaodetransito\/index.php\/122-2\/\"><img loading=\"lazy\" decoding=\"async\" width=\"150\" height=\"150\" class=\"wp-image-704\" style=\"width: 150px;\" src=\"https:\/\/www3.santoandre.sp.gov.br\/educacaodetransito\/wp-content\/uploads\/2021\/06\/VOLTAR.png\" alt=\"\" srcset=\"https:\/\/www3.santoandre.sp.gov.br\/educacaodetransito\/wp-content\/uploads\/2021\/06\/VOLTAR.png 493w, https:\/\/www3.santoandre.sp.gov.br\/educacaodetransito\/wp-content\/uploads\/2021\/06\/VOLTAR-300x300.png 300w, https:\/\/www3.santoandre.sp.gov.br\/educacaodetransito\/wp-content\/uploads\/2021\/06\/VOLTAR-150x150.png 150w\" sizes=\"auto, (max-width: 150px) 100vw, 150px\" \/><\/a><\/div>\n<\/div>\n","protected":false},"excerpt":{"rendered":"<p>T\u00edtulo: Jo\u00e3ozinho aprendeu a usar a cadeirinha Fonte: Canal do Jo\u00e3ozinho<\/p>\n","protected":false},"author":2,"featured_media":0,"parent":0,"menu_order":0,"comment_status":"closed","ping_status":"closed","template":"","meta":{"_EventAllDay":false,"_EventTimezone":"","_EventStartDate":"","_EventEndDate":"","_EventStartDateUTC":"","_EventEndDateUTC":"","_EventShowMap":false,"_EventShowMapLink":false,"_EventURL":"","_EventCost":"","_EventCostDescription":"","_EventCurrencySymbol":"","_EventCurrencyCode":"","_EventCurrencyPosition":"","_EventDateTimeSeparator":"","_EventTimeRangeSeparator":"","_EventOrganizerID":[],"_EventVenueID":[],"_OrganizerEmail":"","_OrganizerPhone":"","_OrganizerWebsite":"","_VenueAddress":"","_VenueCity":"","_VenueCountry":"","_VenueProvince":"","_VenueState":"","_VenueZip":"","_VenuePhone":"","_VenueURL":"","_VenueStateProvince":"","_VenueLat":"","_VenueLng":"","_VenueShowMap":false,"_VenueShowMapLink":false,"footnotes":""},"class_list":["post-653","page","type-page","status-publish","hentry"],"_links":{"self":[{"href":"https:\/\/www3.santoandre.sp.gov.br\/educacaodetransito\/index.php\/wp-json\/wp\/v2\/pages\/653","targetHints":{"allow":["GET"]}}],"collection":[{"href":"https:\/\/www3.santoandre.sp.gov.br\/educacaodetransito\/index.php\/wp-json\/wp\/v2\/pages"}],"about":[{"href":"https:\/\/www3.santoandre.sp.gov.br\/educacaodetransito\/index.php\/wp-json\/wp\/v2\/types\/page"}],"author":[{"embeddable":true,"href":"https:\/\/www3.santoandre.sp.gov.br\/educacaodetransito\/index.php\/wp-json\/wp\/v2\/users\/2"}],"replies":[{"embeddable":true,"href":"https:\/\/www3.santoandre.sp.gov.br\/educacaodetransito\/index.php\/wp-json\/wp\/v2\/comments?post=653"}],"version-history":[{"count":7,"href":"https:\/\/www3.santoandre.sp.gov.br\/educacaodetransito\/index.php\/wp-json\/wp\/v2\/pages\/653\/revisions"}],"predecessor-version":[{"id":772,"href":"https:\/\/www3.santoandre.sp.gov.br\/educacaodetransito\/index.php\/wp-json\/wp\/v2\/pages\/653\/revisions\/772"}],"wp:attachment":[{"href":"https:\/\/www3.santoandre.sp.gov.br\/educacaodetransito\/index.php\/wp-json\/wp\/v2\/media?parent=653"}],"curies":[{"name":"wp","href":"https:\/\/api.w.org\/{rel}","templated":true}]}}