{"id":539,"date":"2021-06-21T10:44:00","date_gmt":"2021-06-21T13:44:00","guid":{"rendered":"https:\/\/www3.santoandre.sp.gov.br\/educacaodetransito\/?page_id=539"},"modified":"2025-04-24T09:44:14","modified_gmt":"2025-04-24T12:44:14","slug":"agendamento-e-contato","status":"publish","type":"page","link":"https:\/\/www3.santoandre.sp.gov.br\/educacaodetransito\/index.php\/agendamento-e-contato\/","title":{"rendered":"Agendamento e contato"},"content":{"rendered":"\n<p class=\"has-text-align-center has-black-color has-text-color\" style=\"font-size:28px\"><\/p>\n\n\n\n<p>Informamos que est\u00e1 <strong>ABERTA<\/strong> a agenda de MAR\u00c7O, ABRIL, MAIO e JUNHO para a vista ao Centro de Educa\u00e7\u00e3o para&nbsp; Mobilidade(CEM). Clique <strong><a href=\"https:\/\/forms.gle\/LxZjx96BNRCNcBUf9\">AQUI<\/a><\/strong>  para preencher sua solicita\u00e7\u00e3o de agendamento e aguarde a confirma\u00e7\u00e3o da equipe do CEM com as datas.<\/p>\n\n\n\n<p><strong>Para realizar o agendamento do CEM \u00e9 importante saber:<\/strong><\/p>\n\n\n\n<ul class=\"wp-block-list\">\n<li>N\u00e3o fornecemos lanche, apenas possu\u00edmos um refeit\u00f3rio adequado para que os alunos possam lanchar. Sendo assim, orientamos que o lanche seja solicitado a CRAISA com anteced\u00eancia m\u00ednima de 15 dias, conforme estabelecido pela pr\u00f3pria CRAISA. No entanto, considerando eventualidades, as datas dispon\u00edveis para a visita\u00e7\u00e3o podem ser encaminhadas a escola em prazo menor que 15 dias, o que inviabiliza a solicita\u00e7\u00e3o de lanche. <\/li>\n\n\n\n<li>A atividade ser\u00e1 mantida em caso de condi\u00e7\u00f5es clim\u00e1ticas adversas(chuva, garoa), uma vez que nosso espa\u00e7o possui atividades alternativas que s\u00e3o realizadas em ambiente interno. No entanto, caso a unidade escolar avalie que n\u00e3o h\u00e1 condi\u00e7\u00f5es de se manter a atividade, esta ser\u00e1 cancelada e reagendada conforme a disponibilidade de datas. <\/li>\n<\/ul>\n\n\n\n<figure class=\"wp-block-image size-large\"><a href=\"https:\/\/docs.google.com\/forms\/d\/e\/1FAIpQLSdx62HwtS78EV2GilRx64alj8YYNCjoCqeF4bndyS2hLii-Bw\/viewform?usp=header\"><img loading=\"lazy\" decoding=\"async\" width=\"1024\" height=\"192\" src=\"https:\/\/www3.santoandre.sp.gov.br\/educacaodetransito\/wp-content\/uploads\/2023\/03\/Copia-de-AGENDAMENTO-1-1024x192.png\" alt=\"\" class=\"wp-image-1304\" srcset=\"https:\/\/www3.santoandre.sp.gov.br\/educacaodetransito\/wp-content\/uploads\/2023\/03\/Copia-de-AGENDAMENTO-1-1024x192.png 1024w, https:\/\/www3.santoandre.sp.gov.br\/educacaodetransito\/wp-content\/uploads\/2023\/03\/Copia-de-AGENDAMENTO-1-300x56.png 300w, https:\/\/www3.santoandre.sp.gov.br\/educacaodetransito\/wp-content\/uploads\/2023\/03\/Copia-de-AGENDAMENTO-1-768x144.png 768w, https:\/\/www3.santoandre.sp.gov.br\/educacaodetransito\/wp-content\/uploads\/2023\/03\/Copia-de-AGENDAMENTO-1-1536x288.png 1536w, https:\/\/www3.santoandre.sp.gov.br\/educacaodetransito\/wp-content\/uploads\/2023\/03\/Copia-de-AGENDAMENTO-1.png 1600w\" sizes=\"auto, (max-width: 1024px) 100vw, 1024px\" \/><\/a><\/figure>\n\n\n\n<p class=\"has-text-align-center has-black-color has-text-color\" style=\"font-size:28px\"><strong>Agendamento ABERTO para o CIMOB<\/strong><\/p>\n\n\n\n<p>Informamos que est\u00e1 <strong>ABERTA<\/strong> a agenda de MAR\u00c7O, ABRIL, MAIO e JUNHO para a Circuito Itinerante de Mobilidade (CIMOB). Clique <strong><a href=\"https:\/\/forms.gle\/dfSmyRQvUKaYYqdH6\">AQUI<\/a><\/strong>  para preencher sua solicita\u00e7\u00e3o de agendamento e aguarde a confirma\u00e7\u00e3o da equipe do CEM com as datas.<\/p>\n\n\n\n<p><strong>Para realizar o agendamento do CIMOB \u00e9 importante saber:<\/strong><\/p>\n\n\n\n<ul class=\"wp-block-list\">\n<li>O CIMOB faz o atendimento semanal, ou seja, a cada semana estamos em uma escola diferente.<\/li>\n\n\n\n<li>2. Ap\u00f3s o envio das informa\u00e7\u00f5es, a equipe do CIMOB ir\u00e1 organizar um cronograma e entra em contato com a escola para confirma\u00e7\u00e3o ou sugest\u00f5es de melhores datas, de acordo com a quantidade de turmas em cada&nbsp;institui\u00e7\u00e3o.<\/li>\n\n\n\n<li>O CIMOB atende&nbsp;as turmas de ciclo final do ensino infantil, at\u00e9 o 5\u00ba Ano do ensino fundamental.&nbsp;<\/li>\n<\/ul>\n\n\n\n<ol class=\"wp-block-list\">\n<li><\/li>\n<\/ol>\n\n\n\n<figure class=\"wp-block-image size-large\"><a href=\"https:\/\/docs.google.com\/forms\/d\/e\/1FAIpQLSdO_IEAyrz4fKexmn8h8WLXiIjhyOWfcf7Y40fswEGYBhsb3w\/viewform?usp=sharing\"><img loading=\"lazy\" decoding=\"async\" width=\"1024\" height=\"192\" src=\"https:\/\/www3.santoandre.sp.gov.br\/educacaodetransito\/wp-content\/uploads\/2023\/03\/Copia-de-AGENDAMENTO-1024x192.png\" alt=\"\" class=\"wp-image-1306\" srcset=\"https:\/\/www3.santoandre.sp.gov.br\/educacaodetransito\/wp-content\/uploads\/2023\/03\/Copia-de-AGENDAMENTO-1024x192.png 1024w, https:\/\/www3.santoandre.sp.gov.br\/educacaodetransito\/wp-content\/uploads\/2023\/03\/Copia-de-AGENDAMENTO-300x56.png 300w, https:\/\/www3.santoandre.sp.gov.br\/educacaodetransito\/wp-content\/uploads\/2023\/03\/Copia-de-AGENDAMENTO-768x144.png 768w, https:\/\/www3.santoandre.sp.gov.br\/educacaodetransito\/wp-content\/uploads\/2023\/03\/Copia-de-AGENDAMENTO-1536x288.png 1536w, https:\/\/www3.santoandre.sp.gov.br\/educacaodetransito\/wp-content\/uploads\/2023\/03\/Copia-de-AGENDAMENTO.png 1600w\" sizes=\"auto, (max-width: 1024px) 100vw, 1024px\" \/><\/a><\/figure>\n\n\n\n<h2 class=\"wp-block-heading\">Contato<\/h2>\n\n\n\n<div class=\"wp-block-columns is-layout-flex wp-container-core-columns-is-layout-28f84493 wp-block-columns-is-layout-flex\">\n<div class=\"wp-block-column is-layout-flow wp-block-column-is-layout-flow\" style=\"flex-basis:100%\">\n<div class=\"wp-block-columns is-layout-flex wp-container-core-columns-is-layout-28f84493 wp-block-columns-is-layout-flex\">\n<div class=\"wp-block-column is-layout-flow wp-block-column-is-layout-flow\">\n<div class=\"wp-block-media-text alignwide is-stacked-on-mobile\" style=\"grid-template-columns:15% auto\"><figure class=\"wp-block-media-text__media\"><img loading=\"lazy\" decoding=\"async\" width=\"111\" height=\"112\" src=\"https:\/\/www3.santoandre.sp.gov.br\/educacaodetransito\/wp-content\/uploads\/2021\/06\/Imagem1.png\" alt=\"\" class=\"wp-image-544 size-full\"\/><\/figure><div class=\"wp-block-media-text__content\">\n<p class=\"has-normal-font-size\">get@santoandre.sp.gov.br<\/p>\n\n\n\n<p>NLMBMoraes@santoandre.sp.gov.br<\/p>\n<\/div><\/div>\n<\/div>\n\n\n\n<div class=\"wp-block-column is-layout-flow wp-block-column-is-layout-flow\">\n<div class=\"wp-block-media-text alignwide is-stacked-on-mobile\" style=\"grid-template-columns:15% auto\"><figure class=\"wp-block-media-text__media\"><img loading=\"lazy\" decoding=\"async\" width=\"900\" height=\"560\" src=\"https:\/\/www3.santoandre.sp.gov.br\/educacaodetransito\/wp-content\/uploads\/2021\/06\/icone-telefone.jpg\" alt=\"\" class=\"wp-image-545 size-full\" srcset=\"https:\/\/www3.santoandre.sp.gov.br\/educacaodetransito\/wp-content\/uploads\/2021\/06\/icone-telefone.jpg 900w, https:\/\/www3.santoandre.sp.gov.br\/educacaodetransito\/wp-content\/uploads\/2021\/06\/icone-telefone-300x187.jpg 300w, https:\/\/www3.santoandre.sp.gov.br\/educacaodetransito\/wp-content\/uploads\/2021\/06\/icone-telefone-768x478.jpg 768w\" sizes=\"auto, (max-width: 900px) 100vw, 900px\" \/><\/figure><div class=\"wp-block-media-text__content\">\n<p class=\"has-normal-font-size\">(11) 4422-2003 ou (11) 4422-2006 <\/p>\n<\/div><\/div>\n<\/div>\n<\/div>\n<\/div>\n<\/div>\n\n\n\n<div class=\"wp-block-buttons is-horizontal is-content-justification-center is-layout-flex wp-container-core-buttons-is-layout-03627597 wp-block-buttons-is-layout-flex\">\n<div class=\"wp-block-button\"><a class=\"wp-block-button__link has-white-background-color has-background wp-element-button\" href=\"https:\/\/www3.santoandre.sp.gov.br\/educacaodetransito\/\"><img loading=\"lazy\" decoding=\"async\" width=\"150\" height=\"150\" class=\"wp-image-268\" style=\"width: 150px;\" src=\"https:\/\/www3.santoandre.sp.gov.br\/educacaodetransito\/wp-content\/uploads\/2021\/06\/RETORNO.png\" alt=\"\" srcset=\"https:\/\/www3.santoandre.sp.gov.br\/educacaodetransito\/wp-content\/uploads\/2021\/06\/RETORNO.png 807w, https:\/\/www3.santoandre.sp.gov.br\/educacaodetransito\/wp-content\/uploads\/2021\/06\/RETORNO-300x300.png 300w, https:\/\/www3.santoandre.sp.gov.br\/educacaodetransito\/wp-content\/uploads\/2021\/06\/RETORNO-150x150.png 150w, https:\/\/www3.santoandre.sp.gov.br\/educacaodetransito\/wp-content\/uploads\/2021\/06\/RETORNO-768x768.png 768w\" sizes=\"auto, (max-width: 150px) 100vw, 150px\" \/><\/a><\/div>\n<\/div>\n","protected":false},"excerpt":{"rendered":"<p>Informamos que est\u00e1 ABERTA a agenda de MAR\u00c7O, ABRIL, MAIO e JUNHO para a vista ao Centro de Educa\u00e7\u00e3o para&nbsp;<\/p>\n","protected":false},"author":2,"featured_media":0,"parent":0,"menu_order":0,"comment_status":"closed","ping_status":"closed","template":"","meta":{"_EventAllDay":false,"_EventTimezone":"","_EventStartDate":"","_EventEndDate":"","_EventStartDateUTC":"","_EventEndDateUTC":"","_EventShowMap":false,"_EventShowMapLink":false,"_EventURL":"","_EventCost":"","_EventCostDescription":"","_EventCurrencySymbol":"","_EventCurrencyCode":"","_EventCurrencyPosition":"","_EventDateTimeSeparator":"","_EventTimeRangeSeparator":"","_EventOrganizerID":[],"_EventVenueID":[],"_OrganizerEmail":"","_OrganizerPhone":"","_OrganizerWebsite":"","_VenueAddress":"","_VenueCity":"","_VenueCountry":"","_VenueProvince":"","_VenueState":"","_VenueZip":"","_VenuePhone":"","_VenueURL":"","_VenueStateProvince":"","_VenueLat":"","_VenueLng":"","_VenueShowMap":false,"_VenueShowMapLink":false,"footnotes":""},"class_list":["post-539","page","type-page","status-publish","hentry"],"_links":{"self":[{"href":"https:\/\/www3.santoandre.sp.gov.br\/educacaodetransito\/index.php\/wp-json\/wp\/v2\/pages\/539","targetHints":{"allow":["GET"]}}],"collection":[{"href":"https:\/\/www3.santoandre.sp.gov.br\/educacaodetransito\/index.php\/wp-json\/wp\/v2\/pages"}],"about":[{"href":"https:\/\/www3.santoandre.sp.gov.br\/educacaodetransito\/index.php\/wp-json\/wp\/v2\/types\/page"}],"author":[{"embeddable":true,"href":"https:\/\/www3.santoandre.sp.gov.br\/educacaodetransito\/index.php\/wp-json\/wp\/v2\/users\/2"}],"replies":[{"embeddable":true,"href":"https:\/\/www3.santoandre.sp.gov.br\/educacaodetransito\/index.php\/wp-json\/wp\/v2\/comments?post=539"}],"version-history":[{"count":30,"href":"https:\/\/www3.santoandre.sp.gov.br\/educacaodetransito\/index.php\/wp-json\/wp\/v2\/pages\/539\/revisions"}],"predecessor-version":[{"id":1503,"href":"https:\/\/www3.santoandre.sp.gov.br\/educacaodetransito\/index.php\/wp-json\/wp\/v2\/pages\/539\/revisions\/1503"}],"wp:attachment":[{"href":"https:\/\/www3.santoandre.sp.gov.br\/educacaodetransito\/index.php\/wp-json\/wp\/v2\/media?parent=539"}],"curies":[{"name":"wp","href":"https:\/\/api.w.org\/{rel}","templated":true}]}}