{"id":500,"date":"2021-06-18T09:33:57","date_gmt":"2021-06-18T12:33:57","guid":{"rendered":"https:\/\/www3.santoandre.sp.gov.br\/educacaodetransito\/?page_id=500"},"modified":"2021-07-09T12:14:37","modified_gmt":"2021-07-09T15:14:37","slug":"da-criacao","status":"publish","type":"page","link":"https:\/\/www3.santoandre.sp.gov.br\/educacaodetransito\/index.php\/da-criacao\/","title":{"rendered":"Da cria\u00e7\u00e3o&#8230;"},"content":{"rendered":"\n<p>O espa\u00e7o Vivencial de Mobilidade, mais conhecido como mini cidade de tr\u00e2nsito, foi concebido em 2005, pela Secretaria de Obras e Servi\u00e7os Municipais( atual Secretaria de Mobilidade Urbana), a partir da necessidade &nbsp;de que as atividades &nbsp;de Educa\u00e7\u00e3o de Tr\u00e2nsito tivessem&nbsp; car\u00e1ter e execu\u00e7\u00e3o pedag\u00f3gica com continuidade e constru\u00e7\u00e3o de um projeto e, n\u00e3o mais de eventos comemorativos.<\/p>\n\n\n\n<p>Em parceria com a Secretaria de Educa\u00e7\u00e3o, em 2006 iniciou-se a adequa\u00e7\u00e3o e concep\u00e7\u00e3o do espa\u00e7o, localizado ao lado do pr\u00e9dio da SABINA, &nbsp;com terraplanagem, asfalto, pintura e sinaliza\u00e7\u00e3o que representassem a cidade de Santo Andr\u00e9. Para o projeto, o cen\u00f3grafo Marcelo Oka, respons\u00e1vel pela cenografia do Castelo R\u00e1-Tim-Bum e outros programas infantis da TV Cultura, criou a Escola de Tr\u00e2nsito, com 88 pr\u00e9dios que reproduziam &nbsp;Santo Andr\u00e9&nbsp; e seus &nbsp;espa\u00e7os p\u00fablicos para serem facilmente reconhecidos pelas crian\u00e7as, como: &nbsp;o Pa\u00e7o Municipal, o cal\u00e7ad\u00e3o da Oliveira Lima, a Igreja do Carmo, e o Museu de Santo Andr\u00e9. O objetivo era de que as crian\u00e7as pudessem interagir com eles &nbsp;e entendessem que a Cidade pertence a todos os moradores.<\/p>\n\n\n\n<p>Para resistir ao tempo, os pr\u00e9dios, com no m\u00e1ximo 2,5 metros, s\u00e3o met\u00e1licos, mas com apar\u00eancia de cartoons, dando um ar l\u00fadico \u00e0 cidade.<\/p>\n\n\n\n<p>Em abril de 2007 o espa\u00e7o foi inaugurado com atividades que contemplassem os principais modais de tr\u00e2nsito: Pedestre, Transporte coletivo, ciclistas, motoristas, motociclistas.<\/p>\n\n\n\n<div class=\"wp-block-buttons is-content-justification-center is-layout-flex wp-block-buttons-is-layout-flex\">\n<div class=\"wp-block-button\"><a class=\"wp-block-button__link has-white-background-color has-background\" href=\"https:\/\/www3.santoandre.sp.gov.br\/educacaodetransito\/index.php\/espaco-vivencial-de-mobilidade\/\"><img loading=\"lazy\" decoding=\"async\" width=\"150\" height=\"150\" class=\"wp-image-704\" style=\"width: 150px;\" src=\"https:\/\/www3.santoandre.sp.gov.br\/educacaodetransito\/wp-content\/uploads\/2021\/06\/VOLTAR.png\" alt=\"\" srcset=\"https:\/\/www3.santoandre.sp.gov.br\/educacaodetransito\/wp-content\/uploads\/2021\/06\/VOLTAR.png 493w, https:\/\/www3.santoandre.sp.gov.br\/educacaodetransito\/wp-content\/uploads\/2021\/06\/VOLTAR-300x300.png 300w, https:\/\/www3.santoandre.sp.gov.br\/educacaodetransito\/wp-content\/uploads\/2021\/06\/VOLTAR-150x150.png 150w\" sizes=\"auto, (max-width: 150px) 100vw, 150px\" \/><\/a><\/div>\n<\/div>\n\n\n\n<p><\/p>\n","protected":false},"excerpt":{"rendered":"<p>O espa\u00e7o Vivencial de Mobilidade, mais conhecido como mini cidade de tr\u00e2nsito, foi concebido em 2005, pela Secretaria de Obras<\/p>\n","protected":false},"author":2,"featured_media":0,"parent":0,"menu_order":0,"comment_status":"closed","ping_status":"closed","template":"","meta":{"_EventAllDay":false,"_EventTimezone":"","_EventStartDate":"","_EventEndDate":"","_EventStartDateUTC":"","_EventEndDateUTC":"","_EventShowMap":false,"_EventShowMapLink":false,"_EventURL":"","_EventCost":"","_EventCostDescription":"","_EventCurrencySymbol":"","_EventCurrencyCode":"","_EventCurrencyPosition":"","_EventDateTimeSeparator":"","_EventTimeRangeSeparator":"","_EventOrganizerID":[],"_EventVenueID":[],"_OrganizerEmail":"","_OrganizerPhone":"","_OrganizerWebsite":"","_VenueAddress":"","_VenueCity":"","_VenueCountry":"","_VenueProvince":"","_VenueState":"","_VenueZip":"","_VenuePhone":"","_VenueURL":"","_VenueStateProvince":"","_VenueLat":"","_VenueLng":"","_VenueShowMap":false,"_VenueShowMapLink":false,"footnotes":""},"class_list":["post-500","page","type-page","status-publish","hentry"],"_links":{"self":[{"href":"https:\/\/www3.santoandre.sp.gov.br\/educacaodetransito\/index.php\/wp-json\/wp\/v2\/pages\/500","targetHints":{"allow":["GET"]}}],"collection":[{"href":"https:\/\/www3.santoandre.sp.gov.br\/educacaodetransito\/index.php\/wp-json\/wp\/v2\/pages"}],"about":[{"href":"https:\/\/www3.santoandre.sp.gov.br\/educacaodetransito\/index.php\/wp-json\/wp\/v2\/types\/page"}],"author":[{"embeddable":true,"href":"https:\/\/www3.santoandre.sp.gov.br\/educacaodetransito\/index.php\/wp-json\/wp\/v2\/users\/2"}],"replies":[{"embeddable":true,"href":"https:\/\/www3.santoandre.sp.gov.br\/educacaodetransito\/index.php\/wp-json\/wp\/v2\/comments?post=500"}],"version-history":[{"count":5,"href":"https:\/\/www3.santoandre.sp.gov.br\/educacaodetransito\/index.php\/wp-json\/wp\/v2\/pages\/500\/revisions"}],"predecessor-version":[{"id":889,"href":"https:\/\/www3.santoandre.sp.gov.br\/educacaodetransito\/index.php\/wp-json\/wp\/v2\/pages\/500\/revisions\/889"}],"wp:attachment":[{"href":"https:\/\/www3.santoandre.sp.gov.br\/educacaodetransito\/index.php\/wp-json\/wp\/v2\/media?parent=500"}],"curies":[{"name":"wp","href":"https:\/\/api.w.org\/{rel}","templated":true}]}}