{"id":23,"date":"2021-05-26T09:22:23","date_gmt":"2021-05-26T12:22:23","guid":{"rendered":"https:\/\/www3.santoandre.sp.gov.br\/educacaodetransito\/?page_id=23"},"modified":"2025-03-13T16:16:37","modified_gmt":"2025-03-13T19:16:37","slug":"espaco-vivencial-de-mobilidade","status":"publish","type":"page","link":"https:\/\/www3.santoandre.sp.gov.br\/educacaodetransito\/index.php\/espaco-vivencial-de-mobilidade\/","title":{"rendered":"CENTRO DE EDUCA\u00c7\u00c3O PARA MOBILIDADE-CEM"},"content":{"rendered":"\n<p><\/p>\n\n\n\n<div class=\"wp-block-media-text alignfull is-stacked-on-mobile\"><figure class=\"wp-block-media-text__media\"><img loading=\"lazy\" decoding=\"async\" width=\"1024\" height=\"575\" src=\"https:\/\/www3.santoandre.sp.gov.br\/educacaodetransito\/wp-content\/uploads\/2021\/05\/WhatsApp-Image-2021-05-26-at-9.50.57-AM-1024x575.jpeg\" alt=\"\" class=\"wp-image-50 size-full\" srcset=\"https:\/\/www3.santoandre.sp.gov.br\/educacaodetransito\/wp-content\/uploads\/2021\/05\/WhatsApp-Image-2021-05-26-at-9.50.57-AM-1024x575.jpeg 1024w, https:\/\/www3.santoandre.sp.gov.br\/educacaodetransito\/wp-content\/uploads\/2021\/05\/WhatsApp-Image-2021-05-26-at-9.50.57-AM-300x169.jpeg 300w, https:\/\/www3.santoandre.sp.gov.br\/educacaodetransito\/wp-content\/uploads\/2021\/05\/WhatsApp-Image-2021-05-26-at-9.50.57-AM-768x431.jpeg 768w, https:\/\/www3.santoandre.sp.gov.br\/educacaodetransito\/wp-content\/uploads\/2021\/05\/WhatsApp-Image-2021-05-26-at-9.50.57-AM.jpeg 1280w\" sizes=\"auto, (max-width: 1024px) 100vw, 1024px\" \/><\/figure><div class=\"wp-block-media-text__content\">\n<p class=\"has-black-color has-text-color has-medium-font-size\"><strong>O CENTRO DE EDUCA\u00c7\u00c3O PARA MOBILIDADE-CEM, mais conhecido como CEM, \u00e9 um espa\u00e7o destinado \u00e0 realiza\u00e7\u00e3o de atividades l\u00fadicas e pedag\u00f3gicas de educa\u00e7\u00e3o para o tr\u00e2nsito, onde s\u00e3o transmitidas aos visitantes no\u00e7\u00f5es b\u00e1sicas de seguran\u00e7a e a import\u00e2ncia de se adotar sempre comportamentos seguros no tr\u00e2nsito.<\/strong><\/p>\n<\/div><\/div>\n\n\n\n<div class=\"wp-block-columns is-layout-flex wp-container-core-columns-is-layout-28f84493 wp-block-columns-is-layout-flex\">\n<div class=\"wp-block-column is-layout-flow wp-block-column-is-layout-flow\" style=\"flex-basis:50%\">\n<div class=\"wp-block-columns is-layout-flex wp-container-core-columns-is-layout-28f84493 wp-block-columns-is-layout-flex\">\n<div class=\"wp-block-column is-layout-flow wp-block-column-is-layout-flow\" style=\"flex-basis:100%\">\n<p><\/p>\n<\/div>\n<\/div>\n<\/div>\n\n\n\n<div class=\"wp-block-column is-layout-flow wp-block-column-is-layout-flow\" style=\"flex-basis:50%\">\n<p><\/p>\n<\/div>\n<\/div>\n\n\n\n<div class=\"wp-block-columns is-layout-flex wp-container-core-columns-is-layout-28f84493 wp-block-columns-is-layout-flex\">\n<div class=\"wp-block-column is-layout-flow wp-block-column-is-layout-flow\">\n<figure class=\"wp-block-image aligncenter size-full is-resized\"><a href=\"https:\/\/www3.santoandre.sp.gov.br\/educacaodetransito\/index.php\/da-criacao\/\"><img loading=\"lazy\" decoding=\"async\" width=\"660\" height=\"667\" src=\"https:\/\/www3.santoandre.sp.gov.br\/educacaodetransito\/wp-content\/uploads\/2021\/09\/VOCE-SABIA.png\" alt=\"\" class=\"wp-image-996\" style=\"width:226px;height:228px\" srcset=\"https:\/\/www3.santoandre.sp.gov.br\/educacaodetransito\/wp-content\/uploads\/2021\/09\/VOCE-SABIA.png 660w, https:\/\/www3.santoandre.sp.gov.br\/educacaodetransito\/wp-content\/uploads\/2021\/09\/VOCE-SABIA-297x300.png 297w\" sizes=\"auto, (max-width: 660px) 100vw, 660px\" \/><\/a><\/figure>\n<\/div>\n\n\n\n<div class=\"wp-block-column is-layout-flow wp-block-column-is-layout-flow\">\n<figure class=\"wp-block-image size-full is-resized\"><a href=\"https:\/\/www3.santoandre.sp.gov.br\/educacaodetransito\/index.php\/gallery\/espaco-vivencial-de-mobilidade\/\"><img loading=\"lazy\" decoding=\"async\" width=\"507\" height=\"535\" src=\"https:\/\/www3.santoandre.sp.gov.br\/educacaodetransito\/wp-content\/uploads\/2021\/09\/GALERIA-VIRTUAL2.png\" alt=\"\" class=\"wp-image-999\" style=\"width:235px;height:248px\" srcset=\"https:\/\/www3.santoandre.sp.gov.br\/educacaodetransito\/wp-content\/uploads\/2021\/09\/GALERIA-VIRTUAL2.png 507w, https:\/\/www3.santoandre.sp.gov.br\/educacaodetransito\/wp-content\/uploads\/2021\/09\/GALERIA-VIRTUAL2-284x300.png 284w\" sizes=\"auto, (max-width: 507px) 100vw, 507px\" \/><\/a><\/figure>\n<\/div>\n\n\n\n<div class=\"wp-block-column is-layout-flow wp-block-column-is-layout-flow\">\n<figure class=\"wp-block-image aligncenter size-full is-resized\"><a href=\"https:\/\/www3.santoandre.sp.gov.br\/educacaodetransito\/index.php\/tour-virtual\/\"><img loading=\"lazy\" decoding=\"async\" width=\"508\" height=\"655\" src=\"https:\/\/www3.santoandre.sp.gov.br\/educacaodetransito\/wp-content\/uploads\/2021\/09\/TOUR-VIRTUAL.png\" alt=\"\" class=\"wp-image-1002\" style=\"width:195px;height:251px\" srcset=\"https:\/\/www3.santoandre.sp.gov.br\/educacaodetransito\/wp-content\/uploads\/2021\/09\/TOUR-VIRTUAL.png 508w, https:\/\/www3.santoandre.sp.gov.br\/educacaodetransito\/wp-content\/uploads\/2021\/09\/TOUR-VIRTUAL-233x300.png 233w\" sizes=\"auto, (max-width: 508px) 100vw, 508px\" \/><\/a><\/figure>\n<\/div>\n<\/div>\n\n\n\n<div class=\"wp-block-buttons is-horizontal is-content-justification-center is-layout-flex wp-container-core-buttons-is-layout-03627597 wp-block-buttons-is-layout-flex\">\n<div class=\"wp-block-button\"><a class=\"wp-block-button__link has-white-background-color has-background wp-element-button\" href=\"https:\/\/www3.santoandre.sp.gov.br\/educacaodetransito\/\">Volta<img loading=\"lazy\" decoding=\"async\" width=\"150\" height=\"150\" class=\"wp-image-268\" style=\"width: 150px;\" src=\"https:\/\/www3.santoandre.sp.gov.br\/educacaodetransito\/wp-content\/uploads\/2021\/06\/RETORNO.png\" alt=\"\" srcset=\"https:\/\/www3.santoandre.sp.gov.br\/educacaodetransito\/wp-content\/uploads\/2021\/06\/RETORNO.png 807w, https:\/\/www3.santoandre.sp.gov.br\/educacaodetransito\/wp-content\/uploads\/2021\/06\/RETORNO-300x300.png 300w, https:\/\/www3.santoandre.sp.gov.br\/educacaodetransito\/wp-content\/uploads\/2021\/06\/RETORNO-150x150.png 150w, https:\/\/www3.santoandre.sp.gov.br\/educacaodetransito\/wp-content\/uploads\/2021\/06\/RETORNO-768x768.png 768w\" sizes=\"auto, (max-width: 150px) 100vw, 150px\" \/>r<\/a><\/div>\n<\/div>\n\n\n\n<p><\/p>\n","protected":false},"excerpt":{"rendered":"<p>O CENTRO DE EDUCA\u00c7\u00c3O PARA MOBILIDADE-CEM, mais conhecido como CEM, \u00e9 um espa\u00e7o destinado \u00e0 realiza\u00e7\u00e3o de atividades l\u00fadicas e<\/p>\n","protected":false},"author":2,"featured_media":0,"parent":0,"menu_order":0,"comment_status":"closed","ping_status":"closed","template":"","meta":{"_EventAllDay":false,"_EventTimezone":"","_EventStartDate":"","_EventEndDate":"","_EventStartDateUTC":"","_EventEndDateUTC":"","_EventShowMap":false,"_EventShowMapLink":false,"_EventURL":"","_EventCost":"","_EventCostDescription":"","_EventCurrencySymbol":"","_EventCurrencyCode":"","_EventCurrencyPosition":"","_EventDateTimeSeparator":"","_EventTimeRangeSeparator":"","_EventOrganizerID":[],"_EventVenueID":[],"_OrganizerEmail":"","_OrganizerPhone":"","_OrganizerWebsite":"","_VenueAddress":"","_VenueCity":"","_VenueCountry":"","_VenueProvince":"","_VenueState":"","_VenueZip":"","_VenuePhone":"","_VenueURL":"","_VenueStateProvince":"","_VenueLat":"","_VenueLng":"","_VenueShowMap":false,"_VenueShowMapLink":false,"footnotes":""},"class_list":["post-23","page","type-page","status-publish","hentry"],"_links":{"self":[{"href":"https:\/\/www3.santoandre.sp.gov.br\/educacaodetransito\/index.php\/wp-json\/wp\/v2\/pages\/23","targetHints":{"allow":["GET"]}}],"collection":[{"href":"https:\/\/www3.santoandre.sp.gov.br\/educacaodetransito\/index.php\/wp-json\/wp\/v2\/pages"}],"about":[{"href":"https:\/\/www3.santoandre.sp.gov.br\/educacaodetransito\/index.php\/wp-json\/wp\/v2\/types\/page"}],"author":[{"embeddable":true,"href":"https:\/\/www3.santoandre.sp.gov.br\/educacaodetransito\/index.php\/wp-json\/wp\/v2\/users\/2"}],"replies":[{"embeddable":true,"href":"https:\/\/www3.santoandre.sp.gov.br\/educacaodetransito\/index.php\/wp-json\/wp\/v2\/comments?post=23"}],"version-history":[{"count":42,"href":"https:\/\/www3.santoandre.sp.gov.br\/educacaodetransito\/index.php\/wp-json\/wp\/v2\/pages\/23\/revisions"}],"predecessor-version":[{"id":1495,"href":"https:\/\/www3.santoandre.sp.gov.br\/educacaodetransito\/index.php\/wp-json\/wp\/v2\/pages\/23\/revisions\/1495"}],"wp:attachment":[{"href":"https:\/\/www3.santoandre.sp.gov.br\/educacaodetransito\/index.php\/wp-json\/wp\/v2\/media?parent=23"}],"curies":[{"name":"wp","href":"https:\/\/api.w.org\/{rel}","templated":true}]}}