{"id":175,"date":"2021-05-31T10:21:53","date_gmt":"2021-05-31T13:21:53","guid":{"rendered":"https:\/\/www3.santoandre.sp.gov.br\/educacaodetransito\/?page_id=175"},"modified":"2021-06-25T09:10:06","modified_gmt":"2021-06-25T12:10:06","slug":"sobre-nos-2","status":"publish","type":"page","link":"https:\/\/www3.santoandre.sp.gov.br\/educacaodetransito\/index.php\/sobre-nos-2\/","title":{"rendered":"Sobre n\u00f3s"},"content":{"rendered":"\n<p class=\"has-drop-cap has-text-align-left has-luminous-vivid-orange-color has-white-background-color has-text-color has-background\"><strong>Somos a&nbsp;<em>Ger\u00eancia de Educa\u00e7\u00e3o para o Tr\u00e2nsito (GET)<\/em>&nbsp;e nosso principal objetivo \u00e9 &nbsp;oferecer ao p\u00fablico alvo o exerc\u00edcio de pr\u00e1ticas educativas,&nbsp; viv\u00eancias e aprendizado sobre mobilidade urbana; sensibilizando para a import\u00e2ncia da ado\u00e7\u00e3o de comportamentos seguros no tr\u00e2nsito e o compartilhamento do espa\u00e7o publico; valorizando boas pr\u00e1ticas de mobilidade e desenvolvendo a\u00e7\u00f5es de cidadania al\u00e9m de campanhas de conscientiza\u00e7\u00e3o para os diversos usu\u00e1rios das vias publicas.<\/strong><\/p>\n\n\n\n<p class=\"has-luminous-vivid-orange-color has-white-background-color has-text-color has-background\"><strong>Engana-se quem pensa que Educa\u00e7\u00e3o de tr\u00e2nsito \u00e9 ensinar a dirigir ou t\u00e3o somente ensinar a reconhecer as placas e as leis. A Educa\u00e7\u00e3o de tr\u00e2nsito trabalha valores importantes para a forma\u00e7\u00e3o do indiv\u00edduo, abordando temas como cordialidade, respeito, solidariedade e responsabilidade.<\/strong><\/p>\n\n\n\n<p class=\"has-luminous-vivid-orange-color has-white-background-color has-text-color has-background\"><strong>Educar para o tr\u00e2nsito \u00e9 contribuir para a forma\u00e7\u00e3o de cidad\u00e3os melhores, que utilizam os espa\u00e7os p\u00fablicos com educa\u00e7\u00e3o, empatia e respeito, colaborando para que o tr\u00e2nsito seja mais gentil e humano e as cidades mais agrad\u00e1veis de se viver.<\/strong><\/p>\n\n\n\n<p class=\"has-luminous-vivid-orange-color has-white-background-color has-text-color has-background\"><strong>Para isso, entendemos que \u00e9 fundamental iniciarmos essa abordagem desde a inf\u00e2ncia, quando a crian\u00e7a come\u00e7a a se entender como parte do mundo e aprende, seja na escola ou em casa, a conviver em sociedade.<\/strong><\/p>\n\n\n\n<p class=\"has-luminous-vivid-orange-color has-white-background-color has-text-color has-background\"><strong>De forma l\u00fadica, apresentamos conceitos e pr\u00e1ticas que provocam a reflex\u00e3o sobre como juntos somos capazes de construir um tr\u00e2nsito mais seguro e saud\u00e1vel para todos.<\/strong><\/p>\n\n\n\n<div class=\"wp-block-image\"><figure class=\"aligncenter size-large is-resized\"><a href=\"https:\/\/www3.santoandre.sp.gov.br\/educacaodetransito\/\"><img loading=\"lazy\" decoding=\"async\" src=\"https:\/\/www3.santoandre.sp.gov.br\/educacaodetransito\/wp-content\/uploads\/2021\/06\/RETORNO.png\" alt=\"\" class=\"wp-image-268\" width=\"112\" height=\"112\" srcset=\"https:\/\/www3.santoandre.sp.gov.br\/educacaodetransito\/wp-content\/uploads\/2021\/06\/RETORNO.png 807w, https:\/\/www3.santoandre.sp.gov.br\/educacaodetransito\/wp-content\/uploads\/2021\/06\/RETORNO-300x300.png 300w, https:\/\/www3.santoandre.sp.gov.br\/educacaodetransito\/wp-content\/uploads\/2021\/06\/RETORNO-150x150.png 150w, https:\/\/www3.santoandre.sp.gov.br\/educacaodetransito\/wp-content\/uploads\/2021\/06\/RETORNO-768x768.png 768w\" sizes=\"auto, (max-width: 112px) 100vw, 112px\" \/><\/a><\/figure><\/div>\n\n\n\n<p><\/p>\n","protected":false},"excerpt":{"rendered":"<p>Somos a&nbsp;Ger\u00eancia de Educa\u00e7\u00e3o para o Tr\u00e2nsito (GET)&nbsp;e nosso principal objetivo \u00e9 &nbsp;oferecer ao p\u00fablico alvo o exerc\u00edcio de pr\u00e1ticas<\/p>\n","protected":false},"author":2,"featured_media":0,"parent":0,"menu_order":0,"comment_status":"closed","ping_status":"closed","template":"","meta":{"_EventAllDay":false,"_EventTimezone":"","_EventStartDate":"","_EventEndDate":"","_EventStartDateUTC":"","_EventEndDateUTC":"","_EventShowMap":false,"_EventShowMapLink":false,"_EventURL":"","_EventCost":"","_EventCostDescription":"","_EventCurrencySymbol":"","_EventCurrencyCode":"","_EventCurrencyPosition":"","_EventDateTimeSeparator":"","_EventTimeRangeSeparator":"","_EventOrganizerID":[],"_EventVenueID":[],"_OrganizerEmail":"","_OrganizerPhone":"","_OrganizerWebsite":"","_VenueAddress":"","_VenueCity":"","_VenueCountry":"","_VenueProvince":"","_VenueState":"","_VenueZip":"","_VenuePhone":"","_VenueURL":"","_VenueStateProvince":"","_VenueLat":"","_VenueLng":"","_VenueShowMap":false,"_VenueShowMapLink":false,"footnotes":""},"class_list":["post-175","page","type-page","status-publish","hentry"],"_links":{"self":[{"href":"https:\/\/www3.santoandre.sp.gov.br\/educacaodetransito\/index.php\/wp-json\/wp\/v2\/pages\/175","targetHints":{"allow":["GET"]}}],"collection":[{"href":"https:\/\/www3.santoandre.sp.gov.br\/educacaodetransito\/index.php\/wp-json\/wp\/v2\/pages"}],"about":[{"href":"https:\/\/www3.santoandre.sp.gov.br\/educacaodetransito\/index.php\/wp-json\/wp\/v2\/types\/page"}],"author":[{"embeddable":true,"href":"https:\/\/www3.santoandre.sp.gov.br\/educacaodetransito\/index.php\/wp-json\/wp\/v2\/users\/2"}],"replies":[{"embeddable":true,"href":"https:\/\/www3.santoandre.sp.gov.br\/educacaodetransito\/index.php\/wp-json\/wp\/v2\/comments?post=175"}],"version-history":[{"count":10,"href":"https:\/\/www3.santoandre.sp.gov.br\/educacaodetransito\/index.php\/wp-json\/wp\/v2\/pages\/175\/revisions"}],"predecessor-version":[{"id":581,"href":"https:\/\/www3.santoandre.sp.gov.br\/educacaodetransito\/index.php\/wp-json\/wp\/v2\/pages\/175\/revisions\/581"}],"wp:attachment":[{"href":"https:\/\/www3.santoandre.sp.gov.br\/educacaodetransito\/index.php\/wp-json\/wp\/v2\/media?parent=175"}],"curies":[{"name":"wp","href":"https:\/\/api.w.org\/{rel}","templated":true}]}}