
{"id":54103,"date":"2025-05-19T18:21:58","date_gmt":"2025-05-19T21:21:58","guid":{"rendered":"https:\/\/www3.santoandre.sp.gov.br\/cultura\/?page_id=54103"},"modified":"2025-06-13T17:04:35","modified_gmt":"2025-06-13T20:04:35","slug":"pnab2025","status":"publish","type":"page","link":"https:\/\/www3.santoandre.sp.gov.br\/cultura\/pnab2025\/","title":{"rendered":"pnab2025"},"content":{"rendered":"\n\n\t<p>A Pol\u00edtica Nacional Aldir Blanc (PNAB) tem como objetivo fomentar, de forma descentralizada, o desenvolvimento cultural como direito de cidadania garantido na Constitui\u00e7\u00e3o Brasileira. A PNAB de Fomento \u00e0 Cultura, institu\u00edda pela <a href=\"https:\/\/www.planalto.gov.br\/ccivil_03\/_ato2019-2022\/2022\/lei\/l14399.htm\">Lei n\u00ba 14.399<\/a>, de 08 de julho de 2022, tem como objetivo fomentar a cultura em todos os estados, munic\u00edpios e Distrito Federal, sendo uma oportunidade hist\u00f3rica de estruturar o sistema federativo de financiamento \u00e0 cultura, mediante repasses da Uni\u00e3o aos demais entes federativos de forma continuada.<\/p>\nDiferente das a\u00e7\u00f5es da Lei Aldir Blanc 1 e da Lei Paulo Gustavo (LPG), que tinham car\u00e1ter emergencial, a Pol\u00edtica Nacional Aldir Blanc e Politica Nacional CULTURA VIVA,\u00a0 receber\u00e3o investimentos regulares.\nOs recursos da Pol\u00edtica Nacional Aldir Blanc podem ser direcionados a editais de fomento, ou realiza\u00e7\u00e3o de a\u00e7\u00f5es diretas pelos entes federativos, como festejos e festas populares, aquisi\u00e7\u00e3o de bens culturais, constru\u00e7\u00e3o e manuten\u00e7\u00e3o de espa\u00e7os culturais, entre outras possibilidades de a\u00e7\u00f5es e atividades destinadas a fomentar a cultura local. Os PONTOS DE CULTURA, s\u00e3o parte destas pol\u00edticas, sendo locais, entidades com CNPJ ou coletivos sem CNPJ, que desenvolvam um trabalho cultural continuado no munic\u00edpio.\n<p>A partir de 2024, por cinco anos, o Minist\u00e9rio da Cultura ir\u00e1 transferir diretamente aos Estados e aos Munic\u00edpios R$ 3 bilh\u00f5es do Fundo Nacional de Cultura. Em 2024, Santo Andr\u00e9 recebeu o valor de R$ 4.616.863,82, e em 2025 est\u00e1 previsto o recebimento de mais R$ 4.591.500,86, dando inicio ao 2\u00ba Ciclo da PNAB.<\/p>\n<p>Esta p\u00e1gina servir\u00e1 para divulga\u00e7\u00e3o e registro de todo o processo realizado em 2025 para execu\u00e7\u00e3o da PNAB em Santo Andr\u00e9.<\/p>\n\t\t\t<a href=\"https:\/\/www3.santoandre.sp.gov.br\/cultura\/manualdelogospnab\/\" target=\"_blank\" rel=\"noopener\">\n\t\t\t\t\t\t\tManual de Logos\n\t\t\t\t\t<\/a>\n<h2>\n\t\t<a href=\"#calendario\" title=\"CALEND\u00c1RIO\"  target=\"_self\">\n\t\t\tCALEND\u00c1RIO \t\t<\/a>\n\t<\/h2>\n\t<h5>Confira os prazos de todas as etapas da Pol\u00edtica Nacional Aldir Blanc (PNAB) 2025 em Santo Andr\u00e9:<\/h5>\n<p>&nbsp;<\/p>\n<h5><strong>INSCRI\u00c7\u00d5ES: DE 20 DE MAIO A 30 DE JUNHO DE 2025<\/strong><\/h5>\n<p>&nbsp;<\/p>\n\t<p>&nbsp;<\/p>\n<table>\n<tbody>\n<tr>\n<td width=\"283\"><\/td>\n<td width=\"283\"><\/td>\n<\/tr>\n<tr>\n<td width=\"283\"><strong>PUBLICA\u00c7\u00c3O DO RESULTADO PROVIS\u00d3RIO<\/strong>\n&nbsp;<\/td>\n<td width=\"283\">\n<p>A PARTIR DE 01 DE AGOSTO<\/p>\n&nbsp;<\/td>\n<\/tr>\n<tr>\n<td width=\"283\"><strong>RECURSOS CONTRA O RESULTADO PROVIS\u00d3RIO<\/strong>\n&nbsp;<\/td>\n<td width=\"283\">\n<p>03 DIAS \u00daTEIS<\/p>\n&nbsp;<\/td>\n<\/tr>\n<tr>\n<td width=\"283\"><strong>PUBLICA\u00c7\u00c3O DO RESULTADO FINAL AP\u00d3S O JULGAMENTO DOS RECURSOS<\/strong>\n&nbsp;<\/td>\n<td width=\"283\">\n<p>A PARTIR DE 15 DE AGOSTO<\/p>\n&nbsp;<\/td>\n<\/tr>\n<tr>\n<td width=\"283\"><strong>ENTREGA DO CONJUNTO DOCUMENTAL<\/strong>\n&nbsp;<\/td>\n<td width=\"283\">\n<p>05 DIAS \u00daTEIS<\/p>\n&nbsp;<\/td>\n<\/tr>\n<tr>\n<td width=\"283\">\n<p><strong>PUBLICA\u00c7\u00c3O DO RESULTADO PROVIS\u00d3RIO AP\u00d3S HABILITA\u00c7\u00c3O DOCUMENTAL<\/strong><\/p>\n&nbsp;<\/td>\n<td width=\"283\">\n<p>A PARTIR DE 02 DE SETEMBRO<\/p>\n&nbsp;<\/td>\n<\/tr>\n<tr>\n<td width=\"283\">\n<p><strong>RECURSOS CONTRA O RESULTADO PROVIS\u00d3RIO AP\u00d3S HABILITA\u00c7\u00c3O DOCUMENTAL<\/strong><\/p>\n&nbsp;<\/td>\n<td width=\"283\">\n<p>03 DIAS \u00daTEIS<\/p>\n&nbsp;<\/td>\n<\/tr>\n<tr>\n<td width=\"283\">\n<p><strong>PUBLICA\u00c7\u00c3O DO RESULTADO FINAL<\/strong><\/p>\n<\/td>\n<td width=\"283\">\n<p>A PARTIR DE 10 DE SETEMBRO<\/p>\n<\/td>\n<\/tr>\n<\/tbody>\n<\/table>\n<p><strong>\u00a0<\/strong><\/p>\n<h2>\n\t\t<a href=\"#EDITAIS\" title=\"ACESSO AOS EDITAIS\"  target=\"_self\">\n\t\t\tACESSO AOS EDITAIS\t\t<\/a>\n\t<\/h2>\n\t<p>Ser\u00e3o<strong> disponibilizados 5 editais para repasse dos recursos da Pol\u00edtica Nacional Aldir Blanc em Santo Andr\u00e9.<\/strong><\/p>\n<p><strong>Informa\u00e7\u00f5es gerais sobre todos os editais, legisla\u00e7\u00e3o relacionada e outros, estar\u00e3o dispon\u00edveis em:<\/strong><\/p>\n<p><a href=\"https:\/\/culturaz.santoandre.sp.gov.br\/oportunidade\/2187\/\">https:\/\/culturaz.santoandre.sp.gov.br\/oportunidade\/2187\/<\/a> ou <a href=\"https:\/\/culturaz.santoandre.sp.gov.br\/oportunidade\/2187\/\">bit.ly\/pnab2025<\/a><\/p>\n<p><strong>OBS<\/strong> . Para participar, os proponentes dever\u00e3o atuar ou residir no munic\u00edpio de Santo Andr\u00e9 h\u00e1 pelo menos um ano. Mais crit\u00e9rios est\u00e3o descritos em cada convocat\u00f3ria. As cotas para pessoas negras (25%), ind\u00edgenas (10%) e com defici\u00eancia (5%) est\u00e3o garantidas Nos 2 editais. Todos os editais dever\u00e3o contemplar, no m\u00ednimo, 50% de \u00e1reas perif\u00e9ricas e vulner\u00e1veis \u200b\u200bda cidade.<\/p>\n<p>&nbsp;<\/p>\n<p><strong>Para acessar especificamente cada edital:<\/strong><\/p>\n<p><strong>\u00a0<\/strong><\/p>\n<p><strong>Edital n\u00ba 01.05.2025 &#8211; FOMENTO &#8211; Pontos de Cultura &#8211; PNCV (TCC)<\/strong><\/p>\n<p>O edital tem como objetivo a sele\u00e7\u00e3o de projetos que promovam o acesso da popula\u00e7\u00e3o aos bens e aos servi\u00e7os culturais nos territ\u00f3rios e comunidades onde atuam, fomentando o desenvolvimento da &#8216;Rede Municipal de Pontos de Cultura de Santo Andr\u00e9\/SP&#8217; por meio da Pol\u00edtica Nacional de Cultura Viva (PNCV).<\/p>\n<p><strong>Modalidade: <\/strong>Pessoa Jur\u00eddica (PJ)<\/p>\n<p><strong>Valor total:<\/strong> R$ 250 mil<\/p>\n<p><strong>Vagas previstas:<\/strong> 8 propostas<\/p>\n<p><strong>Categorias:<\/strong> GERAL para apoio a espa\u00e7os, coletivos e associa\u00e7\u00f5es interessados \u200b\u200bem se cadastrar como Pontos de Cultura<\/p>\n<p><strong>Acesse: <\/strong><a href=\"https:\/\/culturaz.santoandre.sp.gov.br\/oportunidade\/2187\/\">https:\/\/culturaz.santoandre.sp.gov.br\/oportunidade\/2187\/<\/a><\/p>\n<p>&nbsp;<\/p>\n<p><strong>Edital n\u00ba 02.05.2025 &#8211; PREMIA\u00c7\u00c3O &#8211; Pontos de Cultura &#8211; PNCV<\/strong><\/p>\n<p>O edital premiar\u00e1 projetos, iniciativas, atividades ou a\u00e7\u00f5es de Pontos de Cultura, de acordo com o Pol\u00edtica Nacional de Cultura Viva (PNCV). Trata-se de reconhecimento por contribui\u00e7\u00e3o j\u00e1 realizada por Pontos de Cultura (com ou sem CNPJ), al\u00e9m de entidades (com CNPJ) e coletivos informais (sem CNPJ) que ainda n\u00e3o sejam certificados como Pontos de Cultura, mas que possuam caracter\u00edsticas de Pontos de Cultura.<\/p>\n<p><strong>Valor total:<\/strong> R$ 1.120.000,00<\/p>\n<p><strong>Vagas previstas:<\/strong>\u00a0 32 propostas<\/p>\n<p><strong>Categorias:<\/strong><\/p>\n<p>&#8211; Categoria A &#8211; SEM CNPJ<\/p>\n<p>&#8211; Categoria B &#8211; COM CNPJ<\/p>\n<p><strong>Acesse: <\/strong><a href=\"https:\/\/culturaz.santoandre.sp.gov.br\/oportunidade\/2187\/\">https:\/\/culturaz.santoandre.sp.gov.br\/oportunidade\/2187\/<\/a><\/p>\n<p><strong>\u00a0<\/strong><\/p>\n<h2>\n\t\t<a href=\"#PAAR\" title=\"PAR\"  target=\"_self\">\n\t\t\tPAR\t\t<\/a>\n\t<\/h2>\n\t<p>O\u00a0 <strong>PAR &#8211; Plano de Aplica\u00e7\u00e3o de Recursos<\/strong> \u00e9 um documento que define como o recurso recebido por meio da Pol\u00edtica Nacional Aldir Blanc ser\u00e1 utilizado no munic\u00edpio de Santo Andr\u00e9.<\/p>\n<p>Este documento foi elaborado a partir de pesquisas com a sociedade civil em manifesta\u00e7\u00f5es abertas e aprovado pelo Conselho Municipal de Pol\u00edticas Culturais e suas representa\u00e7\u00f5es.<\/p>\n<p><strong><a href=\"https:\/\/www3.santoandre.sp.gov.br\/cultura\/wp-content\/uploads\/2024\/07\/U078H4P8-SP-MUNICIPIO-DE-SANTO-ANDRE.pdf\" target=\"_blank\" rel=\"noopener\">Acesse o PAR AQUI<\/a><\/strong><\/p>\n<h2>\n\t\t<a href=\"#PAAR\" title=\"APOIO AO PROPONENTE\"  target=\"_self\">\n\t\t\tAPOIO AO PROPONENTE\t\t<\/a>\n\t<\/h2>\n\t<p>Para dar suporte aos proponentes espec\u00edficos em propostas culturais subordinadas nos editais da Pol\u00edtica Nacional Aldir Blanc (PNAB) em Santo Andr\u00e9, uma s\u00e9rie de a\u00e7\u00f5es est\u00e1 programada com reuni\u00f5es e plant\u00f5es tira-d\u00favidas on line.<\/p>\n<p>&nbsp;<\/p>\n<p>Confira:<\/p>\n\t<h3><strong>PLANT\u00d5ES TIRA-D\u00daVIDAS PNAB\/CULTURA VIVA\/PONTOS DE CULTURA<\/strong><\/h3>\n<p>O plant\u00e3o tira-d\u00favidas \u00e9 um atendimento dedicado a auxiliares proponentes que est\u00e3o com dificuldades de fazer a sua inscri\u00e7\u00e3o ou com d\u00favidas sobre os editais.<\/p>\n<p>&nbsp;<\/p>\n<p><strong>DADOS:\u00a0<\/strong><\/p>\n<p>26\/05\/2025 (segunda) &#8211; 19h<\/p>\n<p>29\/05\/2025 (quinta) &#8211; 19h<\/p>\n<p>03\/06\/25 (ter\u00e7a) &#8211; 19h<\/p>\n<p>05\/06\/25 (quinta) &#8211; 19h<\/p>\n<p>10\/06\/25 (ter\u00e7a) &#8211; 19h<\/p>\n<p>12\/06\/25 (quinta) &#8211; 19h<\/p>\n<p>17\/06\/25 (ter\u00e7a) &#8211; 19h<\/p>\n<p>19\/06\/25 (quinta) &#8211; 19h<\/p>\n<p>24\/06\/25 (ter\u00e7a) &#8211; 19h<\/p>\n<p>26\/06\/25 (quinta) &#8211; 19h<\/p>\n<p>&nbsp;<\/p>\n<p><strong>PARA PARTICIPAR:<\/strong><\/p>\n<p>Realizar inscri\u00e7\u00e3o pr\u00e9via, com no m\u00ednimo 24h de anteced\u00eancia, d0 referente Plant\u00e3o Tira-D\u00favidas atrav\u00e9s do formul\u00e1rio: <a href=\"https:\/\/forms.gle\/6f6USeTJCAVMEYd17\">https:\/\/forms.gle\/6f6USeTJCAVMEYd17<\/a> ou\u00a0<\/p>\n<p>Sala virtual: <a href=\"https:\/\/meet.jit.si\/pnabsecultsa\">https:\/\/meet.jit.si\/pnabsecultsa<\/a><\/p>\n<p>&nbsp;<\/p>\n<p><strong>Atendimento presencial:<\/strong><\/p>\n<p>DADOS SER\u00c3O DIVULGADOS EM BREVE<\/p>\n<p>Em junho, \u00e0s 19h<\/p>\n<p>Local: Audit\u00f3rio Heleny Guariba (Teatro Municipal) | Pra\u00e7a IV Centen\u00e1rio &#8211; Centro.<\/p>\n<p>&nbsp;<\/p>\n<p>&nbsp;<\/p>\n<h3><strong>CICLO DE ENCONTROS PNAB<\/strong><\/h3>\n<p>Os encontros s\u00e3o reuni\u00f5es presenciais com a finalidade de explicar os editais do PNAB lan\u00e7ados pela Secretaria de Cultura.<\/p>\n<p>&nbsp;<\/p>\n<p>&nbsp;<\/p>\n<h3><strong>REUNI\u00d5ES SETORIAIS &#8211; ONLINE <\/strong><\/h3>\n<p>As reuni\u00f5es setoriais t\u00eam a finalidade de explicar os editais do PNAB lan\u00e7ados pela Secretaria de Cultura para segmentos culturais. Novas informa\u00e7\u00f5es, se agendadas, ser\u00e3o divulgadas abaixo.<\/p>\n<p>&nbsp;<\/p>\n<p><strong>Outras reuni\u00f5es poder\u00e3o ser agendadas sobre demanda.<\/strong><\/p>\n<p>&nbsp;<\/p>\n<p>&nbsp;<\/p>\n<h2  id=\"leipaulogustavo\">\n\t\t<a href=\"#editais\" title=\"DOCUMENTOS\"  target=\"_self\">\n\t\t\tDOCUMENTOS\t\t<\/a>\n\t<\/h2>\n\t<p>Confira rela\u00e7\u00e3o de documentos relacionados \u00e0 Pol\u00edtica Nacional Aldir Blanc (PNAB).<\/p>\n\t<p><a href=\"https:\/\/www3.santoandre.sp.gov.br\/cultura\/wp-content\/uploads\/2024\/07\/U078H4P8-SP-MUNICIPIO-DE-SANTO-ANDRE.pdf\"><strong>PAAR\u00a0 \u00a0AQUI<\/strong><\/a><\/p>\n\t<p><strong>Legisla\u00e7\u00f5es baseadas no PNAB <a href=\"https:\/\/www.gov.br\/cultura\/pt-br\/assuntos\/pnab\/legislacao\">AQUI<\/a> <\/strong><\/p>\n\t<p><strong>O que \u00e9 Pol\u00edtica Nacional Aldir Blanc &#8211; PNAB <a href=\"https:\/\/www3.santoandre.sp.gov.br\/cultura\/wp-content\/uploads\/2024\/04\/PNAB_colecao_andreense.pdf\">AQUI.<\/a><\/strong><\/p>\n\t<p><strong><a href=\"https:\/\/www.gov.br\/cultura\/pt-br\/assuntos\/pnab\/planodeimplementaoPNCVnaPNAB.pdf\">Plano de implementa\u00e7\u00e3o dos investimentos da Pol\u00edtica Nacional Aldir Blanc (PNAB) na Pol\u00edtica Nacional de Cultura Viva (PNCV) AQUI<\/a><\/strong><\/p>\n\t<p><a href=\"http:\/\/culturaviva.gov.br\/busca\/##(global:(enabled:(agent:!t),filterEntity:agent,map:(center:(lat:-15.834535741221552,lng:-47.87841796875),zoom:5)))\"><strong>Mapa Cultura Viva &#8211; Veja onde est\u00e3o os Pontos\/Pont\u00f5es de Cultura Cadastrados AQUI<\/strong><\/a><\/p>\n\t<p><strong><a href=\"https:\/\/bibliotecadigital.economia.gov.br\/bitstream\/123456789\/959\/2\/L13018_Pol%c3%adtica%20Nacional%20de%20Cultura%20Viva.pdf\">Lei n.\u00ba 13.018\/2014, que instituiu a Pol\u00edtica Nacional de Cultura Viva (PNCV) AQUI.<\/a><\/strong><\/p>\n\t<p><a href=\"https:\/\/culturaviva.cultura.gov.br\/novo-cadastro\/\"><strong>Cadastro de Pontos\/Pont\u00f5es de Cultura AQUI.<\/strong><\/a><\/p>\n<h2  id=\"leipaulogustavo\">\n\t\t<a href=\"#editais\" title=\"FAQ\"  target=\"_self\">\n\t\t\tFAQ\t\t<\/a>\n\t<\/h2>\n\t\t\t\t\t\t\t\t                     1. O QUE \u00c9 A POL\u00cdTICA NACIONAL ALDIR BLANC DE FOMENTO \u00c0 CULTURA? \n\t\t\t\t                    <i>+<\/i>\n\t\t\t\t\t\t\t\t                    <i>&#8211;<\/i>\n\t\t\t\t\t\t\t\t<p>A PNAB (Pol\u00edtica Nacional Aldir Blanc de Fomento \u00e0 Cultura) \u00e9 uma oportunidade hist\u00f3rica de estruturar o sistema federativo de financiamento \u00e0 cultura mediante os repasses da Uni\u00e3o aos Estados, Distrito Federal e Munic\u00edpios de forma continuada.Por meio dessa pol\u00edtica, ser\u00e1 poss\u00edvel investir regularmente em projetos e programas, n\u00e3o s\u00f3 de modo emergencial, como foi na Lei Aldir Blanc 1 e na Lei Paulo Gustavo. Os entes federativos ir\u00e3o implementar a\u00e7\u00f5es p\u00fablicas em editais e chamamentos abertos para os\/as trabalhadores(as) da \u00e1rea da cultura. Assim como poder\u00e3o executar os recursos nas pol\u00edticas culturais locais de maneira direta.<\/p>            \n\t\t\t\t\t\t\t\t                     2. QUAL O VALOR QUE SANTO ANDR\u00c9 RECEBER\u00c1 PELA PNAB? \n\t\t\t\t                    <i>+<\/i>\n\t\t\t\t\t\t\t\t                    <i>&#8211;<\/i>\n\t\t\t\t\t\t\t\t<p>Est\u00e1 reservada e garantida a transfer\u00eancia do Fundo Nacional de Cultura para o Munic\u00edpio de Santo Andr\u00e9 do valor de R$ 4.616.863,82.<\/p>            \n\t\t\t\t\t\t\t\t                     3. DURANTE QUANTO TEMPO SANTO ANDR\u00c9 RECEBER\u00c1 OS RECURSOS DA PNAB? \n\t\t\t\t                    <i>+<\/i>\n\t\t\t\t\t\t\t\t                    <i>&#8211;<\/i>\n\t\t\t\t\t\t\t\t<p>O munic\u00edpio poder\u00e1 receber os recursos, anualmente, durante 5 anos. O primeiro repasse j\u00e1 est\u00e1 garantido com a aprova\u00e7\u00e3o do Plano de A\u00e7\u00e3o apresentado em 2023. O \u00faltimo repasse est\u00e1 previsto para 2027.<\/p>            \n\t\t\t\t\t\t\t\t                     4. QUAL O PASSO A PASSO DO REPASSE DE RECURSOS OS TRABALHADORES E AS TRABALHADORAS DA CULTURA? \n\t\t\t\t                    <i>+<\/i>\n\t\t\t\t\t\t\t\t                    <i>&#8211;<\/i>\n\t\t\t\t\t\t\t\t<p>1\u00ba &#8211; os entes federativos fazem a ades\u00e3o \u00e0 PNAB por meio do envio do Plano de A\u00e7\u00e3o na Transferegov;2\u00ba &#8211; o Minist\u00e9rio da Cultura repassa os recursos da PNAB aos entes aprovados na fase de ades\u00e3o;3\u00ba &#8211; os entes federativos realizam consulta p\u00fablica, elaboram o PAAR e promovem a adequa\u00e7\u00e3o or\u00e7ament\u00e1ria;4\u00ba &#8211; entes federativos lan\u00e7am os Editais de chamamento p\u00fablico, e demais instrumentos de sele\u00e7\u00e3o ou aquisi\u00e7\u00e3o de bens e servi\u00e7os;5\u00ba &#8211; os entes federativos repassam os recursos aos\/as trabalhadores\/as da cultura selecionados em editais, e realizam as aquisi\u00e7\u00f5es e contrata\u00e7\u00f5es necess\u00e1rias ao desenvolvimento dos projetos diretamente realizados pela administra\u00e7\u00e3o p\u00fablica.<\/p>            \n\t\t\t\t\t\t\t\t                     5. QUEM PODE RECEBER RECURSOS E DESENVOLVER PROJETOS PELA POL\u00cdTICA NACIONAL ALDIR BLANC (PNAB)? \n\t\t\t\t                    <i>+<\/i>\n\t\t\t\t\t\t\t\t                    <i>&#8211;<\/i>\n\t\t\t\t\t\t\t\t<p>Podem inscrever projetos em Editais publicados pelos entes federativos e receber recursos da PNAB os\/as trabalhadores(as) da cultura, as entidades, pessoas f\u00edsicas e jur\u00eddicas que atuem na produ\u00e7\u00e3o, na difus\u00e3o, na promo\u00e7\u00e3o, na preserva\u00e7\u00e3o e na aquisi\u00e7\u00e3o de bens, produtos ou servi\u00e7os art\u00edsticos e culturais, inclusive o patrim\u00f4nio cultural material e imaterial.\u00a0<\/p>            \n\t\t\t\t\t\t\t\t                     6 &#8211; COMO SER\u00c1 FEITA A EXECU\u00c7\u00c3O DOS RECURSOS DA PNAB PELOS ESTADOS, DISTRITO FEDERAL E MUNIC\u00cdPIOS? \n\t\t\t\t                    <i>+<\/i>\n\t\t\t\t\t\t\t\t                    <i>&#8211;<\/i>\n\t\t\t\t\t\t\t\t<p>A execu\u00e7\u00e3o dos recursos dever\u00e1 ser feita de duas maneiras: 1. 80% (oitenta por cento) em a\u00e7\u00f5es de apoio ao setor cultural por meio de: a) editais, chamadas p\u00fablicas, pr\u00eamios, aquisi\u00e7\u00e3o de bens e servi\u00e7os vinculados ao setor cultural e outros instrumentos destinados \u00e0 manuten\u00e7\u00e3o de agentes, de espa\u00e7os, de iniciativas, de cursos, de produ\u00e7\u00f5es, de desenvolvimento de atividades de economia criativa e de economia solid\u00e1ria, de produ\u00e7\u00f5es audiovisuais, de manifesta\u00e7\u00f5es culturais, bem como \u00e0 realiza\u00e7\u00e3o de atividades art\u00edsticas e culturais que possam ser transmitidas por meios telem\u00e1ticos e digitais; b) subs\u00eddio para manuten\u00e7\u00e3o de espa\u00e7os art\u00edsticos e de ambientes culturais que desenvolvam atividades regulares de forma permanente em seus territ\u00f3rios e comunidades; 2. 20% do valor total do recurso recebido pelo ente federativo deve ser utilizado a fim de fomentar a\u00e7\u00f5es, projetos e programas realizados em \u00e1reas perif\u00e9ricas, urbanas e rurais, bem como em \u00e1reas de povos e comunidades tradicionais, por meio de editais de chamamento p\u00fablico, e outros instrumentos que permitam o apoio \u00e0 produ\u00e7\u00e3o cultural nesses territ\u00f3rios.O subs\u00eddio a espa\u00e7os e a ambientes mencionados acima, no item b, ser\u00e1 pago de acordo com crit\u00e9rios estabelecidos pelo gestor local, considerado o valor de manuten\u00e7\u00e3o mensal de R$ 3.000,00 (tr\u00eas mil reais) a R$ 10.000,00 (dez mil reais), que pode ser destinado ao uso em atividades-meio ou em atividades-fim, observado que essa faixa de valores dever\u00e1 ser corrigida anualmente, conforme \u00edndice de infla\u00e7\u00e3o.\u00a0<\/p>            \n\t\t\t\t\t\t\t\t                     7 &#8211; O QUE S\u00c3O A\u00c7\u00d5ES FINAL\u00cdSTICAS OU ATIVIDADES-FIM? \n\t\t\t\t                    <i>+<\/i>\n\t\t\t\t\t\t\t\t                    <i>&#8211;<\/i>\n\t\t\t\t\t\t\t\t<p>As a\u00e7\u00f5es final\u00edsticas ou atividades-fim s\u00e3o aquelas que contribuem para a finalidade do espa\u00e7o. Por exemplo, a contra\u00e7\u00e3o de dan\u00e7arino\/a, core\u00f3grafo\/a, a realiza\u00e7\u00e3o de festival de dan\u00e7a, etc, poder\u00e3o ser feitos com o recurso para a\u00e7\u00f5es final\u00edsticas por um centro de dan\u00e7a, j\u00e1 que essas atividades contribuem para a finalidade do espa\u00e7o.\u00a0<\/p>            \n\t\t\t\t\t\t\t\t                     8 &#8211; O QUE S\u00c3O A\u00c7\u00d5ES MEIO OU ATIVIDADES-MEIO? \n\t\t\t\t                    <i>+<\/i>\n\t\t\t\t\t\t\t\t                    <i>&#8211;<\/i>\n\t\t\t\t\t\t\t\t<p>As a\u00e7\u00f5es meio ou atividades-meio s\u00e3o aquelas que n\u00e3o est\u00e3o ligadas diretamente \u00e0 finalidade da institui\u00e7\u00e3o, mas s\u00e3o necess\u00e1rias para seu funcionamento. Por exemplo, o mesmo centro de dan\u00e7a poder\u00e1 utilizar o recurso para atividades-meio nos casos de: pagar o seguran\u00e7a do espa\u00e7o, pagar conta de energia, pagar conta de \u00e1gua, etc.<\/p>            \n\t\t\t\t\t\t\t\t                     9 &#8211; QUAIS ESPA\u00c7OS E AMBIENTES PODEM RECEBER SUBS\u00cdDIO?   \n\t\t\t\t                    <i>+<\/i>\n\t\t\t\t\t\t\t\t                    <i>&#8211;<\/i>\n\t\t\t\t\t\t\t\t<p>Pela Lei da PNAB, compreendem-se como espa\u00e7os, ambientes e iniciativas art\u00edstico-culturais aqueles organizados e mantidos por pessoas, organiza\u00e7\u00f5es da sociedade civil, microempresas culturais, organiza\u00e7\u00f5es culturais comunit\u00e1rias, cooperativas com finalidade cultural e institui\u00e7\u00f5es culturais sem fins lucrativos que tenham pelo menos 2 (dois) anos de funcionamento regular comprovado e que se dediquem a realizar atividades art\u00edsticas e culturais.<\/p>            \n\t\t\t\t\t\t\t\t                     10 &#8211; ESPA\u00c7OS, AMBIENTES E INICIATIVAS ART\u00cdSTICOCULTURAIS PRECISAM DE ALGUM CADASTRO PARA RECEBIMENTO DOS RECURSOS DA PNAB? \n\t\t\t\t                    <i>+<\/i>\n\t\t\t\t\t\t\t\t                    <i>&#8211;<\/i>\n\t\t\t\t\t\t\t\t<p>Poder\u00e3o receber o benef\u00edcio os espa\u00e7os, as iniciativas art\u00edstico-culturais e os ambientes culturais que comprovarem atividade regular de acesso p\u00fablico e a sua inscri\u00e7\u00e3o e respectiva homologa\u00e7\u00e3o em, pelo menos, um dos seguintes cadastros: \u2022 Cadastros Estaduais de Cultura; \u2022 Cadastros Municipais de Cultura;\u2022 Cadastro Distrital de Cultura; \u2022 Cadastro Nacional de Pontos e Pont\u00f5es de Cultura; \u2022 Cadastros Estaduais de Pontos e Pont\u00f5es de Cultura; \u2022 Sistema Nacional de Informa\u00e7\u00f5es e Indicadores Culturais (Sniic); \u2022 Sistema de Informa\u00e7\u00f5es Cadastrais do Artesanato Brasileiro (Sicab); 27 \u2022 outros cadastros existentes ou que venham a ser criados nos entes federativos referentes a atividades e a identidades culturais e comunit\u00e1rias, bem como a projetos culturais apoiados nos termos da Lei n\u00ba 8.313, de 23 de dezembro de 1991, e em leis de incentivo estaduais, distritais ou municipais, nos 24 (vinte e quatro) meses imediatamente anteriores \u00e0 data de publica\u00e7\u00e3o da PNAB.<\/p>            \n\t\t\t\t\t\t\t\t                     11 &#8211; HAVER\u00c1 POL\u00cdTICA DE A\u00c7\u00c3O AFIRMATIVA PREVISTA NA PNAB?   \n\t\t\t\t                    <i>+<\/i>\n\t\t\t\t\t\t\t\t                    <i>&#8211;<\/i>\n\t\t\t\t\t\t\t\t<p>Sim, nos editais de chamamentos p\u00fablicos, os entes federativos dever\u00e3o estabelecer pol\u00edticas de a\u00e7\u00e3o afirmativa, de acordo com os regramentos estabelecidos pelos atos normativos publicados pelo Minist\u00e9rio da Cultura.<\/p>            \n\t\t\t\t\t\t\t\t                     12 &#8211; QUAIS S\u00c3O OS CANAIS DE APOIO AO PROPONENTE EM SANTO ANDR\u00c9? \n\t\t\t\t                    <i>+<\/i>\n\t\t\t\t\t\t\t\t                    <i>&#8211;<\/i>\n\t\t\t\t\t\t\t\t<p>Informa\u00e7\u00f5es sobre o PNAB:PNAB@SANTOANDRE.SP.GOV.BR<\/p>            \n\t\t\t\t\t\t\t\t                     13 &#8211; O QUE \u00c9 A POL\u00cdTICA NACIONAL DE CULTURA VIVA (PNCV)? \n\t\t\t\t                    <i>+<\/i>\n\t\t\t\t\t\t\t\t                    <i>&#8211;<\/i>\n\t\t\t\t\t\t\t\t<p>A <a name=\"_Hlk165554597\"><\/a>Pol\u00edtica Nacional de Cultura Viva (PNCV), institu\u00edda pela Lei n.\u00ba 13.018\/2014, \u00e9 a pol\u00edtica de base comunit\u00e1ria do Sistema Nacional de Cultura (SNC). Criada em 2004, parte do reconhecimento de que o acesso aos bens e servi\u00e7os culturais \u00e9 um direito social b\u00e1sico e, portanto, uma obriga\u00e7\u00e3o do Estado. Mas, diferente da ideia de que o Estado deve &#8220;levar&#8221; cultura, a pol\u00edtica est\u00e1 baseada no sentido de potencializar os grupos e agentes culturais j\u00e1 existentes nos territ\u00f3rios e comunidades do pa\u00eds. Visa \u00e0 constru\u00e7\u00e3o da cidadania cultural, como consci\u00eancia do direito a ter direitos.<\/p>            \n\t\t\t\t\t\t\t\t                     14 &#8211; O QUE S\u00c3O PONTOS DE CULTURA? \n\t\t\t\t                    <i>+<\/i>\n\t\t\t\t\t\t\t\t                    <i>&#8211;<\/i>\n\t\t\t\t\t\t\t\t<p>Pontos de Cultura s\u00e3o grupos culturais da sociedade civil que promovem o acesso da popula\u00e7\u00e3o aos bens e aos servi\u00e7os culturais nos territ\u00f3rios e comunidades onde atuam.<\/p>            \n\t\t\t\t\t\t\t\t                     15 &#8211; O QUE S\u00c3O PONT\u00d5ES DE CULTURA? \n\t\t\t\t                    <i>+<\/i>\n\t\t\t\t\t\t\t\t                    <i>&#8211;<\/i>\n\t\t\t\t\t\t\t\t<p>Pont\u00f5es de Cultura s\u00e3o entidades que desenvolvem, acompanham e articulam atividades culturais, em parceria com as redes regionais, identit\u00e1rias e\/ou tem\u00e1ticas de Pontos de Cultura e outras redes tem\u00e1ticas.<\/p>            \n<h2  id=\"leipaulogustavo\">\n\t\t<a href=\"#editais\" title=\"CONTATO\"  target=\"_self\">\n\t\t\tCONTATO\t\t<\/a>\n\t<\/h2>\n\t<p><a href=\"mailto:pnab@santoandre.sp.gov.br\">pnab@santoandre.sp.gov.br<\/a><\/p>\n<p>Segunda a sexta-feira, das 9h \u00e0s 17h<\/p>\n\n","protected":false},"excerpt":{"rendered":"<p>A Pol\u00edtica Nacional Aldir Blanc (PNAB) tem como objetivo fomentar, de forma descentralizada, o desenvolvimento cultural como direito de cidadania garantido na Constitui\u00e7\u00e3o Brasileira. A PNAB de Fomento \u00e0 Cultura, institu\u00edda pela Lei n\u00ba 14.399, de 08 de julho de 2022, tem como objetivo fomentar a cultura em todos os estados, munic\u00edpios e Distrito Federal,&hellip;<\/p>\n","protected":false},"author":1,"featured_media":0,"parent":0,"menu_order":0,"comment_status":"closed","ping_status":"closed","template":"template-page-builder-no-header-footer.php","meta":{"footnotes":""},"class_list":["post-54103","page","type-page","status-publish","hentry"],"jetpack_sharing_enabled":true,"_links":{"self":[{"href":"https:\/\/www3.santoandre.sp.gov.br\/cultura\/wp-json\/wp\/v2\/pages\/54103","targetHints":{"allow":["GET"]}}],"collection":[{"href":"https:\/\/www3.santoandre.sp.gov.br\/cultura\/wp-json\/wp\/v2\/pages"}],"about":[{"href":"https:\/\/www3.santoandre.sp.gov.br\/cultura\/wp-json\/wp\/v2\/types\/page"}],"author":[{"embeddable":true,"href":"https:\/\/www3.santoandre.sp.gov.br\/cultura\/wp-json\/wp\/v2\/users\/1"}],"replies":[{"embeddable":true,"href":"https:\/\/www3.santoandre.sp.gov.br\/cultura\/wp-json\/wp\/v2\/comments?post=54103"}],"version-history":[{"count":8,"href":"https:\/\/www3.santoandre.sp.gov.br\/cultura\/wp-json\/wp\/v2\/pages\/54103\/revisions"}],"predecessor-version":[{"id":62725,"href":"https:\/\/www3.santoandre.sp.gov.br\/cultura\/wp-json\/wp\/v2\/pages\/54103\/revisions\/62725"}],"wp:attachment":[{"href":"https:\/\/www3.santoandre.sp.gov.br\/cultura\/wp-json\/wp\/v2\/media?parent=54103"}],"curies":[{"name":"wp","href":"https:\/\/api.w.org\/{rel}","templated":true}]}}