
{"id":48700,"date":"2024-03-08T11:15:30","date_gmt":"2024-03-08T14:15:30","guid":{"rendered":"https:\/\/www3.santoandre.sp.gov.br\/cultura\/?page_id=48700"},"modified":"2024-03-14T15:35:16","modified_gmt":"2024-03-14T18:35:16","slug":"manualdelogos","status":"publish","type":"page","link":"https:\/\/www3.santoandre.sp.gov.br\/cultura\/manualdelogos\/","title":{"rendered":"Manual de  Logos"},"content":{"rendered":"\n\n\t<p>Santo Andr\u00e9<\/p>\n<p><strong>MANUAL DE COMUNICA\u00c7\u00c3O | LEI PAULO GUSTAVO<\/strong><\/p>\n<p>Aplica\u00e7\u00e3o das Marcas Oficiais e Demais Orienta\u00e7\u00f5es<\/p>\n<p>Mar\u00e7o de 2024<\/p>\n<p>&nbsp;<\/p>\n<p>&nbsp;<\/p>\n<p>&nbsp;<\/p>\n\t<p><strong>1 &#8211; ORIENTA\u00c7\u00d5ES GERAIS<\/strong><\/p>\n<p>&nbsp;<\/p>\n<p>Todos os <strong>PRODUTOS<\/strong> aprovados e executados com recursos da Lei Federal Complementar n\u00ba 195, de 8 de julho de 2022 (Lei Paulo Gustavo), em parceria com a Prefeitura de Santo Andr\u00e9, em qualquer formato ou suporte, <strong>BEM COMO SEUS MATERIAIS DE DIVULGA\u00c7\u00c3O<\/strong>, devem conter os cr\u00e9ditos oficiais no formato de <strong>IMAGEM<\/strong> (r\u00e9gua de logos) ou de <strong>TEXTO<\/strong> (frase institucional). Estes elementos e suas aplicabilidades est\u00e3o explicados a seguir.<\/p>\n<p>&nbsp;<\/p>\n<p>Ao final, est\u00e3o orienta\u00e7\u00f5es para divulga\u00e7\u00e3o nas redes sociais em parceria com a Secretaria de Cultura.<\/p>\n\t<p><strong>2 &#8211; APLICA\u00c7\u00c3O EM IMAGEM (R\u00c9GUA DE LOGOS)<\/strong><\/p>\n<p>&nbsp;<\/p>\n<p>A r\u00e9gua de logos da Lei Paulo Gustavo em Santo Andr\u00e9 \u00e9 composta pelas marcas do Governo Federal e da Prefeitura de Santo Andr\u00e9.<\/p>\n<p><strong>A ORDEM DOS ELEMENTOS N\u00c3O PODE SER ALTERADA, BEM COMO AS MARCAS N\u00c3O PODEM SER DESMEMBRADAS, DISTORCIDAS EM SEU TAMANHO\/PROPOR\u00c7\u00c3O OU APLICADAS SEPARADAMENTE.<\/strong><\/p>\n<p>&nbsp;<\/p>\n<p>Toda e qualquer marca a ser adicionada pelo proponente deve ser inserida <strong>ANTES (<\/strong><strong>\u00c0 ESQUERDA)<\/strong> da r\u00e9gua de logos.<\/p>\n<p>&nbsp;<\/p>\n<p>&nbsp;<\/p>\n<p><strong>2.1 | ARQUIVOS <\/strong><\/p>\n<p>Os arquivos da r\u00e9gua de logos s\u00e3o fornecidos prontos pela Secretaria de Cultura nos formatos .PNG e .PDF j\u00e1 com as marcas aplicadas, na vertical e horizontal e com varia\u00e7\u00f5es de cores (colorido, positivo e negativo), e est\u00e3o dispon\u00edveis nos links abaixo.<\/p>\n<p>&nbsp;<\/p>\n<p>Modelos:<\/p>\n\t\t\t\t<img loading=\"lazy\" decoding=\"async\" src=\"https:\/\/www3.santoandre.sp.gov.br\/cultura\/wp-content\/uploads\/2024\/03\/Imagem1.png\" alt=\"Imagem1\" itemprop=\"image\" height=\"125\" width=\"1304\" title=\"Imagem1\" onerror=\"this.style.display='none'\"  \/>\n\t\t\t\t<img loading=\"lazy\" decoding=\"async\" src=\"https:\/\/www3.santoandre.sp.gov.br\/cultura\/wp-content\/uploads\/2024\/03\/Imagem2.png\" alt=\"Imagem2\" itemprop=\"image\" height=\"125\" width=\"1304\" title=\"Imagem2\" onerror=\"this.style.display='none'\"  \/>\n\t\t\t\t<img loading=\"lazy\" decoding=\"async\" src=\"https:\/\/www3.santoandre.sp.gov.br\/cultura\/wp-content\/uploads\/2024\/03\/Imagem1-1.png\" alt=\"Imagem1\" itemprop=\"image\" height=\"143\" width=\"1304\" title=\"Imagem1\" onerror=\"this.style.display='none'\"  \/>\n\t\t\t<a href=\"https:\/\/www3.santoandre.sp.gov.br\/cultura\/wp-content\/uploads\/2024\/03\/Horizontal.zip\" download target=\"_self\" rel=\"noopener\">\n\t\t\t\t\t\t\tLogo Horizontal\n\t\t\t\t\t<\/a>\n\t\t\t<a href=\"https:\/\/www3.santoandre.sp.gov.br\/cultura\/wp-content\/uploads\/2024\/03\/Vertical.zip\" download target=\"_blank\" rel=\"noopener\">\n\t\t\t\t\t\t\tLogo Vertical\n\t\t\t\t\t<\/a>\n\t<p><strong>2.2 | POSI\u00c7\u00c3O: <\/strong><\/p>\n<p>No caso de <strong>MATERIAIS IMPRESSOS<\/strong> (capa de livros, cartazes, banners, flyers, etc.) ou virtuais\/digitais (flyers, redes sociais, etc), as marcas devem ser aplicadas sempre AO FINAL DA ARTE, DE FORMA CENTRALIZADA OU NO CANTO INFERIOR DIREITO.<\/p>\n<p>&nbsp;<\/p>\n<p>Em <strong>V\u00cdDEOS<\/strong>, as marcas devem ser aplicadas sempre no frame final por tr\u00eas segundos. No caso de legendas que &#8220;sobem a tela&#8221;, devem ser o \u00faltimo item do v\u00eddeo, permanecendo fixadas por tr\u00eas segundos.<\/p>\n<p>&nbsp;<\/p>\n<p>&nbsp;<\/p>\n<p><strong>2.3 | CORES: <\/strong><\/p>\n<p>A r\u00e9gua de logos deve ser feita, prioritariamente, na vers\u00e3o colorida (04 cores) e sobre fundo branco. No caso de materiais P&amp;B (preto e branco) ou com uma cor apenas, utilizar as vers\u00f5es positivo (marcas e fontes pretos) ou negativo (marcas e fontes brancos).<\/p>\n<p>&nbsp;<\/p>\n<p>&nbsp;<\/p>\n<p><strong>2.4 | FUNDOS: <\/strong><\/p>\n<p>Fundo de cores s\u00f3lidas: A r\u00e9gua de logos pode ser aplicada sobre fundo colorido, desde que se mantenha o contraste.<\/p>\n<p>&nbsp;<\/p>\n<p>Nos casos em que a cor de fundo coincidir com a cor dos elementos da r\u00e9gua ou que comprometa a leitura (fundo inst\u00e1vel), deve ser usado um box branco em torno das marcas seguindo o padr\u00e3o de n\u00e3o interfer\u00eancia.<\/p>\n<p>&nbsp;<\/p>\n\t<p><strong>3 . APLICA\u00c7\u00c3O EM TEXTOS (FRASE INSTITUCIONAL)<\/strong><\/p>\n<p>&nbsp;<\/p>\n<p>A frase institucional deve ser inserida em textos ou em \u00e1udios de acordo com as seguintes situa\u00e7\u00f5es:<\/p>\n<p>&nbsp;<\/p>\n<p><strong>3.1 | Releases, posts e descri\u00e7\u00f5es no YouTube<\/strong><\/p>\n<p>Quando os produtos aprovados e executados com recursos da Lei Paulo Gustavo forem citados em textos como releases para imprensa, posts de redes sociais, descri\u00e7\u00e3o de v\u00eddeos no YouTube, etc, deve-se incluir a frase <strong>&#8220;Projeto realizado com recursos da Lei Federal Paulo Gustavo em parceria com a Prefeitura de Santo Andr\u00e9.&#8221; <\/strong>No caso de releases, a frase deve ser inserida no lide\/lead (primeiro par\u00e1grafo).<\/p>\n<p>&nbsp;<\/p>\n<p><strong>3.2 | Podcasts e spots<\/strong><\/p>\n<p>A frase <strong>&#8220;Projeto realizado com recursos da Lei Federal Paulo Gustavo em parceria com a Prefeitura de Santo Andr\u00e9.&#8221;<\/strong> deve encerrar o arquivo de \u00e1udio.<\/p>\n<strong>3.3 | Eventos<\/strong><br \/>\nCaso o produto aprovado seja um evento de qualquer natureza, incluindo espet\u00e1culos, shows, mostras, festivais, dentre outros, dever\u00e3o ser veiculados \u00e1udios ou apresenta\u00e7\u00e3o oral que antecedam as atividades com a frase <strong>&#8220;Projeto realizado com recursos da Lei Federal Paulo Gustavo em parceria com a Prefeitura de Santo Andr\u00e9.&#8221;<\/strong>\n<p>&nbsp;<\/p>\n\t<p><strong>4 . APROVA\u00c7\u00c3O<\/strong><\/p>\n<p>&nbsp;<\/p>\n<p>Os proponentes devem enviar <strong>OS PRODUTOS FINAIS<\/strong> para aprova\u00e7\u00e3o da Secretaria de Cultura pelo e-mail <strong>projetosculturais@santoandre.sp.gov.br<\/strong>, antes do fechamento dos mesmos, com prazo de <strong>DEZ<\/strong> dias \u00fateis. O envio deve ser feito, preferencialmente, por meio de nuvens (Google Drive, WeTranfer, OneDrive, etc).<\/p>\n<p>&nbsp;<\/p>\n<p>Os materiais de divulga\u00e7\u00e3o n\u00e3o necessitam de aprova\u00e7\u00e3o pr\u00e9via, desde seja sejam atendidas todas as determina\u00e7\u00f5es deste manual. Caso a Secretaria de Cultura observe aplica\u00e7\u00e3o dos cr\u00e9ditos oficiais de forma equivocada, o proponente poder\u00e1 ser notificado a realizar as corre\u00e7\u00f5es necess\u00e1rias.<\/p>\n\t<p><strong>5 .STORIES NO INSTAGRAM E FACEBOOK<\/strong><\/p>\n<p>A Secretaria de Cultura poder\u00e1 colaborar com a divulga\u00e7\u00e3o dos projetos no Instagram e Facebook. Para isso, o proponente deve publicar seu material nos <strong>STORIES<\/strong> e marcar o perfil <strong>@secult.santoandre.<\/strong><\/p>\n<p>&nbsp;<\/p>\n\t<p><strong>6 .HASTAGS<\/strong><\/p>\n<p>Rela\u00e7\u00e3o de hashtags a serem utilizadas nas redes sociais:<\/p>\n<p><strong>#leipaulogustavosa #leipaulogustavo #secultsa #secultsantoandre #prefeituradesantoandre #culturasantoandre<\/strong><\/p>\n<p>&nbsp;<\/p>\n\t<p><strong>7 .D\u00daVIDAS<\/strong><\/p>\n<p>Em caso de d\u00favida sobre a especificidade de seu material, o proponente deve encaminhar e-mail para <strong>projetosculturais@santoandre.sp.gov.br.<\/strong><\/p>\n<p>&nbsp;<\/p>\n\n","protected":false},"excerpt":{"rendered":"<p>Santo Andr\u00e9 MANUAL DE COMUNICA\u00c7\u00c3O | LEI PAULO GUSTAVO Aplica\u00e7\u00e3o das Marcas Oficiais e Demais Orienta\u00e7\u00f5es Mar\u00e7o de 2024 &nbsp; &nbsp; &nbsp; 1 &#8211; ORIENTA\u00c7\u00d5ES GERAIS &nbsp; Todos os PRODUTOS aprovados e executados com recursos da Lei Federal Complementar n\u00ba 195, de 8 de julho de 2022 (Lei Paulo Gustavo), em parceria com a Prefeitura&hellip;<\/p>\n","protected":false},"author":1,"featured_media":0,"parent":0,"menu_order":0,"comment_status":"closed","ping_status":"closed","template":"template-page-builder-no-header-footer.php","meta":{"footnotes":""},"class_list":["post-48700","page","type-page","status-publish","hentry"],"jetpack_sharing_enabled":true,"_links":{"self":[{"href":"https:\/\/www3.santoandre.sp.gov.br\/cultura\/wp-json\/wp\/v2\/pages\/48700","targetHints":{"allow":["GET"]}}],"collection":[{"href":"https:\/\/www3.santoandre.sp.gov.br\/cultura\/wp-json\/wp\/v2\/pages"}],"about":[{"href":"https:\/\/www3.santoandre.sp.gov.br\/cultura\/wp-json\/wp\/v2\/types\/page"}],"author":[{"embeddable":true,"href":"https:\/\/www3.santoandre.sp.gov.br\/cultura\/wp-json\/wp\/v2\/users\/1"}],"replies":[{"embeddable":true,"href":"https:\/\/www3.santoandre.sp.gov.br\/cultura\/wp-json\/wp\/v2\/comments?post=48700"}],"version-history":[{"count":8,"href":"https:\/\/www3.santoandre.sp.gov.br\/cultura\/wp-json\/wp\/v2\/pages\/48700\/revisions"}],"predecessor-version":[{"id":48808,"href":"https:\/\/www3.santoandre.sp.gov.br\/cultura\/wp-json\/wp\/v2\/pages\/48700\/revisions\/48808"}],"wp:attachment":[{"href":"https:\/\/www3.santoandre.sp.gov.br\/cultura\/wp-json\/wp\/v2\/media?parent=48700"}],"curies":[{"name":"wp","href":"https:\/\/api.w.org\/{rel}","templated":true}]}}