
{"id":28477,"date":"2023-05-02T15:16:28","date_gmt":"2023-05-02T18:16:28","guid":{"rendered":"https:\/\/www3.santoandre.sp.gov.br\/cultura\/?page_id=28477"},"modified":"2023-05-02T16:16:03","modified_gmt":"2023-05-02T19:16:03","slug":"na-lupa","status":"publish","type":"page","link":"https:\/\/www3.santoandre.sp.gov.br\/cultura\/na-lupa\/","title":{"rendered":"NA LUPA"},"content":{"rendered":"\n\n\t<p><strong>Santo Andr\u00e9 na Lupa<\/strong><\/p>\n\t<p>Apresentar produtores e agentes que contribuem com a identidade cultural de Santo Andr\u00e9, contando suas hist\u00f3rias e mostrando a forma como elas fortalecem a cultura andreense. Essa \u00e9 a ideia do Santo Andr\u00e9 na Lupa, projeto idealizado pela Secretaria de Cultura lan\u00e7ado em janeiro de 2023 em canal no YouTube (<a href=\"https:\/\/www.youtube.com\/@santoandrenalupa\">youtube.com\/@santoandrenalupa<\/a>).<\/p>\n<p>A primeira temporada \u00e9 composta por oito epis\u00f3dios, cada um com cerca de 20 minutos de dura\u00e7\u00e3o, lan\u00e7ados quinzenalmente. Entre os prop\u00f3sitos do programa est\u00e3o percorrer a cultura da cidade e exibi-la para a comunidade andreense, a partir da viv\u00eancia e experi\u00eancia de pessoas dentro de suas atividades art\u00edsticas. Ser\u00e1 apresentado um pouco do que existe nesse segmento em cada bairro do munic\u00edpio.<\/p>\n<p>O projeto amplia o campo da cultura, explorando assuntos como gastronomia e religi\u00e3o, descobrindo hist\u00f3rias que contribuem para a pluralidade art\u00edstica e cultural de Santo Andr\u00e9. Consequentemente, a expectativa \u00e9 a de que o projeto ganhe corpo, for\u00e7a e continuidade.<\/p>\n<p>Os epis\u00f3dios da primeira temporada passeiam pelos bairros Jardim Ana Maria, Jardim Santo Andr\u00e9, Vila Guiomar e Sacadura Cabral, Parque Marajoara, Parque Ja\u00e7atuba, Vila Floresta, Vila Assun\u00e7\u00e3o e Recreio da Borda do Campo.<\/p>\n<p>Outros detalhes, informa\u00e7\u00f5es e v\u00eddeos com extras, bastidores, melhores momentos e muito mais podem ser conferidos no <a href=\"https:\/\/www.instagram.com\/santoandrenalupa\/\">Instagram<\/a> e no <a href=\"https:\/\/www.tiktok.com\/@santoandrenalupa\">TikTok<\/a> no perfil @santoandrenalupa.<\/p>\n<p>&nbsp;<\/p>\n\t<p><strong>Confira episodios da primeira temporada:\u00a0<\/strong><\/p>\n\t<iframe loading=\"lazy\" width=\"560\" height=\"315\" src=\"https:\/\/www.youtube.com\/embed\/videoseries?list=PLupqas5fNb0ilec44HwhdMf38r5SwVaUy\" title=\"YouTube video player\" frameborder=\"0\" allow=\"accelerometer; autoplay; clipboard-write; encrypted-media; gyroscope; picture-in-picture; web-share\" allowfullscreen><\/iframe>\n\n","protected":false},"excerpt":{"rendered":"<p>Santo Andr\u00e9 na Lupa Apresentar produtores e agentes que contribuem com a identidade cultural de Santo Andr\u00e9, contando suas hist\u00f3rias e mostrando a forma como elas fortalecem a cultura andreense. Essa \u00e9 a ideia do Santo Andr\u00e9 na Lupa, projeto idealizado pela Secretaria de Cultura lan\u00e7ado em janeiro de 2023 em canal no YouTube (youtube.com\/@santoandrenalupa).&hellip;<\/p>\n","protected":false},"author":1,"featured_media":0,"parent":0,"menu_order":0,"comment_status":"closed","ping_status":"closed","template":"","meta":{"footnotes":""},"class_list":["post-28477","page","type-page","status-publish","hentry"],"jetpack_sharing_enabled":true,"_links":{"self":[{"href":"https:\/\/www3.santoandre.sp.gov.br\/cultura\/wp-json\/wp\/v2\/pages\/28477","targetHints":{"allow":["GET"]}}],"collection":[{"href":"https:\/\/www3.santoandre.sp.gov.br\/cultura\/wp-json\/wp\/v2\/pages"}],"about":[{"href":"https:\/\/www3.santoandre.sp.gov.br\/cultura\/wp-json\/wp\/v2\/types\/page"}],"author":[{"embeddable":true,"href":"https:\/\/www3.santoandre.sp.gov.br\/cultura\/wp-json\/wp\/v2\/users\/1"}],"replies":[{"embeddable":true,"href":"https:\/\/www3.santoandre.sp.gov.br\/cultura\/wp-json\/wp\/v2\/comments?post=28477"}],"version-history":[{"count":8,"href":"https:\/\/www3.santoandre.sp.gov.br\/cultura\/wp-json\/wp\/v2\/pages\/28477\/revisions"}],"predecessor-version":[{"id":28494,"href":"https:\/\/www3.santoandre.sp.gov.br\/cultura\/wp-json\/wp\/v2\/pages\/28477\/revisions\/28494"}],"wp:attachment":[{"href":"https:\/\/www3.santoandre.sp.gov.br\/cultura\/wp-json\/wp\/v2\/media?parent=28477"}],"curies":[{"name":"wp","href":"https:\/\/api.w.org\/{rel}","templated":true}]}}