
{"id":14021,"date":"2022-05-17T06:18:37","date_gmt":"2022-05-17T09:18:37","guid":{"rendered":"https:\/\/www3.santoandre.sp.gov.br\/cultura\/?page_id=14021"},"modified":"2022-06-20T10:34:36","modified_gmt":"2022-06-20T13:34:36","slug":"programa-informacoes-de-cultura-e-lazer-conteudos-digitais","status":"publish","type":"page","link":"https:\/\/www3.santoandre.sp.gov.br\/cultura\/programa-informacoes-de-cultura-e-lazer-conteudos-digitais\/","title":{"rendered":"PROGRAMA INFORMA\u00c7\u00d5ES DE CULTURA E LAZER &#038; CONTE\u00daDOS DIGITAIS"},"content":{"rendered":"\n\n\t<h2><strong>PROGRAMA INFORMA\u00c7\u00d5ES DE CULTURA &amp; CONTE\u00daDOS DIGITAIS<\/strong><\/h2>\n<p>O Programa Informa\u00e7\u00f5es de Cultura &amp; Conte\u00fados Digitais objetiva a organiza\u00e7\u00e3o e disponibiliza\u00e7\u00e3o de informa\u00e7\u00f5es de dados culturais, al\u00e9m da potencializa\u00e7\u00e3o dos meios de comunica\u00e7\u00e3o\/divulga\u00e7\u00e3o\/acesso (georeferenciamento, plataforma Culturaz, Agenda Cultural, redes sociais, etc..). Futuramente ser\u00e1 desmembrado em dois: Sistema Municipal de Informa\u00e7\u00f5es e Indicadores Culturais e Programa de Conte\u00fados Digitais e Licen\u00e7as Livres.<\/p>\n<p>O Sistema Municipal de Informa\u00e7\u00f5es e Indicadores Culturais &#8211; SMIIC ter\u00e1 a finalidade de gerar informa\u00e7\u00f5es, estat\u00edsticas e indicadores culturais. O SMIIC \u00e9 constitu\u00eddo de bancos de dados diversos e tem como produto relat\u00f3rios peri\u00f3dicos. O Programa de Conte\u00fados Digitais disponibilizar\u00e1 digitalmente diversos conte\u00fados produzidos ou decorrentes de a\u00e7\u00f5es da Secretaria de Cultura e realizar\u00e1 estudos sobre licen\u00e7as livres para futura ado\u00e7\u00e3o pelos acervos da Secretaria.<\/p>\n<p>Mais informa\u00e7\u00f5es:\u00a0<a href=\"http:\/\/culturaz.santoandre.sp.gov.br\/projeto\/1015\/\" target=\"_blank\" rel=\"noopener\">http:\/\/culturaz.santoandre.sp.gov.br\/projeto\/1015\/<\/a><\/p>\n\t<p><strong>PROJETOS<\/strong><\/p>\n<strong>SISTEMA BARTIRA<\/strong><br \/>\nMais informa\u00e7\u00f5es:\u00a0<a href=\"http:\/\/culturaz.santoandre.sp.gov.br\/projeto\/1016\">http:\/\/culturaz.santoandre.sp.gov.br\/projeto\/1016<\/a>\n<strong>CULTUR\u00d4METRO<\/strong><br \/>\nMais informa\u00e7\u00f5es:<a href=\"http:\/\/culturaz.santoandre.sp.gov.br\/projeto\/547\/\">\u00a0http:\/\/culturaz.santoandre.sp.gov.br\/projeto\/547\/<\/a>\n<strong>PLATAFORMA CULTURAZ<\/strong><br \/>\nMais informa\u00e7\u00f5es:\u00a0<a href=\"http:\/\/culturaz.santoandre.sp.gov.br\/projeto\/1027\">http:\/\/culturaz.santoandre.sp.gov.br\/projeto\/1027<\/a>\n<strong>AGENDA CULTURAL<\/strong><br \/>\nMais informa\u00e7\u00f5es:\u00a0<a href=\"http:\/\/culturaz.santoandre.sp.gov.br\/projeto\/1030\">http:\/\/culturaz.santoandre.sp.gov.br\/projeto\/1030<\/a>\n<strong>PORTAL DE ACERVOS<\/strong><br \/>\nMais informa\u00e7\u00f5es:\u00a0<a href=\"http:\/\/culturaz.santoandre.sp.gov.br\/projeto\/1031\">http:\/\/culturaz.santoandre.sp.gov.br\/projeto\/1031<\/a>\n\n","protected":false},"excerpt":{"rendered":"<p>PROGRAMA INFORMA\u00c7\u00d5ES DE CULTURA &amp; CONTE\u00daDOS DIGITAIS O Programa Informa\u00e7\u00f5es de Cultura &amp; Conte\u00fados Digitais objetiva a organiza\u00e7\u00e3o e disponibiliza\u00e7\u00e3o de informa\u00e7\u00f5es de dados culturais, al\u00e9m da potencializa\u00e7\u00e3o dos meios de comunica\u00e7\u00e3o\/divulga\u00e7\u00e3o\/acesso (georeferenciamento, plataforma Culturaz, Agenda Cultural, redes sociais, etc..). Futuramente ser\u00e1 desmembrado em dois: Sistema Municipal de Informa\u00e7\u00f5es e Indicadores Culturais e Programa de&hellip;<\/p>\n","protected":false},"author":1,"featured_media":0,"parent":0,"menu_order":0,"comment_status":"closed","ping_status":"closed","template":"","meta":{"footnotes":""},"class_list":["post-14021","page","type-page","status-publish","hentry"],"jetpack_sharing_enabled":true,"_links":{"self":[{"href":"https:\/\/www3.santoandre.sp.gov.br\/cultura\/wp-json\/wp\/v2\/pages\/14021","targetHints":{"allow":["GET"]}}],"collection":[{"href":"https:\/\/www3.santoandre.sp.gov.br\/cultura\/wp-json\/wp\/v2\/pages"}],"about":[{"href":"https:\/\/www3.santoandre.sp.gov.br\/cultura\/wp-json\/wp\/v2\/types\/page"}],"author":[{"embeddable":true,"href":"https:\/\/www3.santoandre.sp.gov.br\/cultura\/wp-json\/wp\/v2\/users\/1"}],"replies":[{"embeddable":true,"href":"https:\/\/www3.santoandre.sp.gov.br\/cultura\/wp-json\/wp\/v2\/comments?post=14021"}],"version-history":[{"count":4,"href":"https:\/\/www3.santoandre.sp.gov.br\/cultura\/wp-json\/wp\/v2\/pages\/14021\/revisions"}],"predecessor-version":[{"id":14241,"href":"https:\/\/www3.santoandre.sp.gov.br\/cultura\/wp-json\/wp\/v2\/pages\/14021\/revisions\/14241"}],"wp:attachment":[{"href":"https:\/\/www3.santoandre.sp.gov.br\/cultura\/wp-json\/wp\/v2\/media?parent=14021"}],"curies":[{"name":"wp","href":"https:\/\/api.w.org\/{rel}","templated":true}]}}