
{"id":14017,"date":"2022-05-17T06:14:00","date_gmt":"2022-05-17T09:14:00","guid":{"rendered":"https:\/\/www3.santoandre.sp.gov.br\/cultura\/?page_id=14017"},"modified":"2022-05-17T06:14:00","modified_gmt":"2022-05-17T09:14:00","slug":"programa-memoria-e-preservacao-cultural","status":"publish","type":"page","link":"https:\/\/www3.santoandre.sp.gov.br\/cultura\/programa-memoria-e-preservacao-cultural\/","title":{"rendered":"PROGRAMA MEM\u00d3RIA E PRESERVA\u00c7\u00c3O CULTURAL"},"content":{"rendered":"\n\n\t<h2><strong>PROGRAMA MEM\u00d3RIA E PRESERVA\u00c7\u00c3O CULTURAL<\/strong><\/h2>\n<p>Atrav\u00e9s do Programa Mem\u00f3ria e Preserva\u00e7\u00e3o Cultural s\u00e3o promovidas atividades diversas relacionadas a educa\u00e7\u00e3o patrimonial, difus\u00e3o dos bens tombados e da mem\u00f3ria local, incentivo \u00e0 preserva\u00e7\u00e3o do patrim\u00f4nio cultural e reconhecimento dos valores atribu\u00eddos pela comunidade aos seus &#8220;patrim\u00f4nios&#8221;.<\/p>\n<p>Mais informa\u00e7\u00f5es:\u00a0<a href=\"http:\/\/culturaz.santoandre.sp.gov.br\/projeto\/941\" target=\"_blank\" rel=\"noopener\">http:\/\/culturaz.santoandre.sp.gov.br\/projeto\/941<\/a><\/p>\n\t<p><strong>PROJETOS<\/strong><\/p>\n<strong>GEST\u00c3O DO PATRIM\u00d4NIO E MEM\u00d3RIA<\/strong><br \/>\nMais informa\u00e7\u00f5es:\u00a0<a href=\"http:\/\/culturaz.santoandre.sp.gov.br\/projeto\/943\">http:\/\/culturaz.santoandre.sp.gov.br\/projeto\/943<\/a>\n<strong>RECONHECIMENTO DE PAISAGENS: INVENT\u00c1RIO DOS BENS CULTURAIS DE SANTO ANDR\u00c9<\/strong><br \/>\nMais informa\u00e7\u00f5es:\u00a0<a href=\"http:\/\/culturaz.santoandre.sp.gov.br\/projeto\/942\">http:\/\/culturaz.santoandre.sp.gov.br\/projeto\/942<\/a>\n\n","protected":false},"excerpt":{"rendered":"<p>PROGRAMA MEM\u00d3RIA E PRESERVA\u00c7\u00c3O CULTURAL Atrav\u00e9s do Programa Mem\u00f3ria e Preserva\u00e7\u00e3o Cultural s\u00e3o promovidas atividades diversas relacionadas a educa\u00e7\u00e3o patrimonial, difus\u00e3o dos bens tombados e da mem\u00f3ria local, incentivo \u00e0 preserva\u00e7\u00e3o do patrim\u00f4nio cultural e reconhecimento dos valores atribu\u00eddos pela comunidade aos seus &#8220;patrim\u00f4nios&#8221;. Mais informa\u00e7\u00f5es:\u00a0http:\/\/culturaz.santoandre.sp.gov.br\/projeto\/941 PROJETOS GEST\u00c3O DO PATRIM\u00d4NIO E MEM\u00d3RIA Mais informa\u00e7\u00f5es:\u00a0http:\/\/culturaz.santoandre.sp.gov.br\/projeto\/943 RECONHECIMENTO&hellip;<\/p>\n","protected":false},"author":1,"featured_media":0,"parent":0,"menu_order":0,"comment_status":"closed","ping_status":"closed","template":"","meta":{"footnotes":""},"class_list":["post-14017","page","type-page","status-publish","hentry"],"jetpack_sharing_enabled":true,"_links":{"self":[{"href":"https:\/\/www3.santoandre.sp.gov.br\/cultura\/wp-json\/wp\/v2\/pages\/14017","targetHints":{"allow":["GET"]}}],"collection":[{"href":"https:\/\/www3.santoandre.sp.gov.br\/cultura\/wp-json\/wp\/v2\/pages"}],"about":[{"href":"https:\/\/www3.santoandre.sp.gov.br\/cultura\/wp-json\/wp\/v2\/types\/page"}],"author":[{"embeddable":true,"href":"https:\/\/www3.santoandre.sp.gov.br\/cultura\/wp-json\/wp\/v2\/users\/1"}],"replies":[{"embeddable":true,"href":"https:\/\/www3.santoandre.sp.gov.br\/cultura\/wp-json\/wp\/v2\/comments?post=14017"}],"version-history":[{"count":2,"href":"https:\/\/www3.santoandre.sp.gov.br\/cultura\/wp-json\/wp\/v2\/pages\/14017\/revisions"}],"predecessor-version":[{"id":14019,"href":"https:\/\/www3.santoandre.sp.gov.br\/cultura\/wp-json\/wp\/v2\/pages\/14017\/revisions\/14019"}],"wp:attachment":[{"href":"https:\/\/www3.santoandre.sp.gov.br\/cultura\/wp-json\/wp\/v2\/media?parent=14017"}],"curies":[{"name":"wp","href":"https:\/\/api.w.org\/{rel}","templated":true}]}}