
{"id":14013,"date":"2022-05-17T06:07:06","date_gmt":"2022-05-17T09:07:06","guid":{"rendered":"https:\/\/www3.santoandre.sp.gov.br\/cultura\/?page_id=14013"},"modified":"2022-05-17T06:07:06","modified_gmt":"2022-05-17T09:07:06","slug":"programa-incentivo-a-leitura","status":"publish","type":"page","link":"https:\/\/www3.santoandre.sp.gov.br\/cultura\/programa-incentivo-a-leitura\/","title":{"rendered":"PROGRAMA INCENTIVO \u00c0 LEITURA"},"content":{"rendered":"\n\n\t<h2><strong>PROGRAMA INCENTIVO \u00c0 LEITURA<\/strong><\/h2>\n<p>Programa destinado ao desenvolvimento de a\u00e7\u00f5es de fomento ao interesse pela leitura e escrita, apresenta\u00e7\u00f5es culturais, cursos de curta dura\u00e7\u00e3o e palestras que promovam o a forma\u00e7\u00e3o cidad\u00e3 e atuem como espa\u00e7os de conviv\u00eancia. \u00c9 base do Sistema Municipal de Bibliotecas, Leitura e Literatura e ser\u00e1 aperfei\u00e7oado a partir da Plano Municipal de Bibliotecas, Leitura e Literatura, em desenvolvimento de proposta a ser implantada conforme meta estabelecida no PMC.<\/p>\n<p>Mais informa\u00e7\u00f5es:\u00a0<a href=\"http:\/\/culturaz.santoandre.sp.gov.br\/projeto\/955\" target=\"_blank\" rel=\"noopener\">http:\/\/culturaz.santoandre.sp.gov.br\/projeto\/955<\/a><\/p>\n\t<p><strong>PROJETOS:<\/strong><\/p>\n<strong>INCENTIVO \u00c0 LEITURA<\/strong><br \/>\nMais informa\u00e7\u00f5es:\u00a0<a href=\"http:\/\/culturaz.santoandre.sp.gov.br\/projeto\/956\">http:\/\/culturaz.santoandre.sp.gov.br\/projeto\/956<\/a>\n\n","protected":false},"excerpt":{"rendered":"<p>PROGRAMA INCENTIVO \u00c0 LEITURA Programa destinado ao desenvolvimento de a\u00e7\u00f5es de fomento ao interesse pela leitura e escrita, apresenta\u00e7\u00f5es culturais, cursos de curta dura\u00e7\u00e3o e palestras que promovam o a forma\u00e7\u00e3o cidad\u00e3 e atuem como espa\u00e7os de conviv\u00eancia. \u00c9 base do Sistema Municipal de Bibliotecas, Leitura e Literatura e ser\u00e1 aperfei\u00e7oado a partir da Plano&hellip;<\/p>\n","protected":false},"author":1,"featured_media":0,"parent":0,"menu_order":0,"comment_status":"closed","ping_status":"closed","template":"","meta":{"footnotes":""},"class_list":["post-14013","page","type-page","status-publish","hentry"],"jetpack_sharing_enabled":true,"_links":{"self":[{"href":"https:\/\/www3.santoandre.sp.gov.br\/cultura\/wp-json\/wp\/v2\/pages\/14013","targetHints":{"allow":["GET"]}}],"collection":[{"href":"https:\/\/www3.santoandre.sp.gov.br\/cultura\/wp-json\/wp\/v2\/pages"}],"about":[{"href":"https:\/\/www3.santoandre.sp.gov.br\/cultura\/wp-json\/wp\/v2\/types\/page"}],"author":[{"embeddable":true,"href":"https:\/\/www3.santoandre.sp.gov.br\/cultura\/wp-json\/wp\/v2\/users\/1"}],"replies":[{"embeddable":true,"href":"https:\/\/www3.santoandre.sp.gov.br\/cultura\/wp-json\/wp\/v2\/comments?post=14013"}],"version-history":[{"count":2,"href":"https:\/\/www3.santoandre.sp.gov.br\/cultura\/wp-json\/wp\/v2\/pages\/14013\/revisions"}],"predecessor-version":[{"id":14015,"href":"https:\/\/www3.santoandre.sp.gov.br\/cultura\/wp-json\/wp\/v2\/pages\/14013\/revisions\/14015"}],"wp:attachment":[{"href":"https:\/\/www3.santoandre.sp.gov.br\/cultura\/wp-json\/wp\/v2\/media?parent=14013"}],"curies":[{"name":"wp","href":"https:\/\/api.w.org\/{rel}","templated":true}]}}