
{"id":13994,"date":"2022-05-16T11:36:09","date_gmt":"2022-05-16T14:36:09","guid":{"rendered":"https:\/\/www3.santoandre.sp.gov.br\/cultura\/?page_id=13994"},"modified":"2022-05-16T11:36:09","modified_gmt":"2022-05-16T14:36:09","slug":"post-13844-copy","status":"publish","type":"page","link":"https:\/\/www3.santoandre.sp.gov.br\/cultura\/post-13844-copy\/","title":{"rendered":"C\u00f3pia de Post #13844"},"content":{"rendered":"\n\n\t<h1><strong>USO DE ESPA\u00c7OS<\/strong><\/h1>\n\t<p><a href=\"https:\/\/www3.santoandre.sp.gov.br\/cultura\/wp-content\/uploads\/2022\/04\/17.079-30-07-2018-Regulamenta-a-concessao-de-autorizacao-de-uso-dos-espacos-publicos-administrados-pela-Secretaria-de-Cultura.pdf\"><strong>DECRETO N\u00ba 17.079 DE 30 DE JULHO DE 2018 <\/strong><\/a><\/p>\n<p>PUBLICADO: Di\u00e1rio do Grande ABC N\u00ba 17.324 Data 01.08.2018 Errata 04\/2018: Di\u00e1rio do Grande ABC N\u00ba 17.325 Data 02.08.2018 Caderno: Empregos e Oportunidades, pag.03 REGULAMENTA a concess\u00e3o de<strong> autoriza\u00e7\u00e3o de uso dos espa\u00e7os p\u00fablicos administrados pela Secretaria de Cultura<\/strong> e d\u00e1 outras provid\u00eancias.<\/p>\n\n","protected":false},"excerpt":{"rendered":"<p>USO DE ESPA\u00c7OS DECRETO N\u00ba 17.079 DE 30 DE JULHO DE 2018 PUBLICADO: Di\u00e1rio do Grande ABC N\u00ba 17.324 Data 01.08.2018 Errata 04\/2018: Di\u00e1rio do Grande ABC N\u00ba 17.325 Data 02.08.2018 Caderno: Empregos e Oportunidades, pag.03 REGULAMENTA a concess\u00e3o de autoriza\u00e7\u00e3o de uso dos espa\u00e7os p\u00fablicos administrados pela Secretaria de Cultura e d\u00e1 outras provid\u00eancias.<\/p>\n","protected":false},"author":1,"featured_media":0,"parent":0,"menu_order":0,"comment_status":"closed","ping_status":"closed","template":"","meta":{"footnotes":""},"class_list":["post-13994","page","type-page","status-publish","hentry"],"jetpack_sharing_enabled":true,"_links":{"self":[{"href":"https:\/\/www3.santoandre.sp.gov.br\/cultura\/wp-json\/wp\/v2\/pages\/13994","targetHints":{"allow":["GET"]}}],"collection":[{"href":"https:\/\/www3.santoandre.sp.gov.br\/cultura\/wp-json\/wp\/v2\/pages"}],"about":[{"href":"https:\/\/www3.santoandre.sp.gov.br\/cultura\/wp-json\/wp\/v2\/types\/page"}],"author":[{"embeddable":true,"href":"https:\/\/www3.santoandre.sp.gov.br\/cultura\/wp-json\/wp\/v2\/users\/1"}],"replies":[{"embeddable":true,"href":"https:\/\/www3.santoandre.sp.gov.br\/cultura\/wp-json\/wp\/v2\/comments?post=13994"}],"version-history":[{"count":1,"href":"https:\/\/www3.santoandre.sp.gov.br\/cultura\/wp-json\/wp\/v2\/pages\/13994\/revisions"}],"predecessor-version":[{"id":13995,"href":"https:\/\/www3.santoandre.sp.gov.br\/cultura\/wp-json\/wp\/v2\/pages\/13994\/revisions\/13995"}],"wp:attachment":[{"href":"https:\/\/www3.santoandre.sp.gov.br\/cultura\/wp-json\/wp\/v2\/media?parent=13994"}],"curies":[{"name":"wp","href":"https:\/\/api.w.org\/{rel}","templated":true}]}}