
{"id":13919,"date":"2022-04-26T08:35:34","date_gmt":"2022-04-26T11:35:34","guid":{"rendered":"https:\/\/www3.santoandre.sp.gov.br\/cultura\/?page_id=13919"},"modified":"2026-02-02T17:02:53","modified_gmt":"2026-02-02T20:02:53","slug":"publicacoes-2","status":"publish","type":"page","link":"https:\/\/www3.santoandre.sp.gov.br\/cultura\/publicacoes-2\/","title":{"rendered":"publica\u00e7\u00f5es"},"content":{"rendered":"\n\n\t<h1><strong>Publica\u00e7\u00f5es<\/strong><\/h1>\n\t<p>Criar mecanismos de compartilhamento de informa\u00e7\u00f5es que garantam a transpar\u00eancia das a\u00e7\u00f5es p\u00fablicas \u00e9 uma das diretrizes da Secretaria de Cultura de Santo Andr\u00e9 (Secult). Esta \u00e1rea facilita o acesso \u00e0 produ\u00e7\u00e3o por parte dos agentes culturais e p\u00fablico geral.<\/p>\n<p>Conhe\u00e7a as publica\u00e7\u00f5es, em texto ou video, realizadas pela Secult clicando nas capas.<\/p>\n\t<h3><strong>Conte\u00fado em texto<\/strong>\u00a0<\/h3>\n<figure itemscope itemtype=\"https:\/\/schema.org\/ImageObject\">\n\t\t\t\t<a href=\"https:\/\/www3.santoandre.sp.gov.br\/cultura\/wp-content\/uploads\/2026\/02\/PUBLICACAO_Bens-Tombados_compressed.pdf\"  target=\"_blank\" rel=\"noopener\"  itemprop=\"url\">\n\t\t\t\t<img decoding=\"async\" src=\"https:\/\/www3.santoandre.sp.gov.br\/cultura\/wp-content\/uploads\/2024\/02\/bustos-bens-tombados-publicac\u0327o\u0303es.png\" alt=\"bustos bens tombados publicac\u0327o\u0303es\" height=\"1350\" width=\"1080\" title=\"bustos bens tombados publicac\u0327o\u0303es\" onerror=\"this.style.display='none'\" loading=\"lazy\" \/>\n\t\t\t\t<\/a>\n\t<\/figure>\n<figure itemscope itemtype=\"https:\/\/schema.org\/ImageObject\">\n\t\t\t\t<a href=\"https:\/\/www3.santoandre.sp.gov.br\/cultura\/wp-content\/uploads\/2026\/02\/PUBLICACAO_INVENTARIO-DE-BUSTOS-ESTATUAS-PAINEIS-MURAIS-ESCULTURAS-ENTRE-OUTROS-SANTO-ANDRE-AP4_compressed.pdf\"  target=\"_blank\" rel=\"noopener\"  itemprop=\"url\">\n\t\t\t\t<img decoding=\"async\" src=\"https:\/\/www3.santoandre.sp.gov.br\/cultura\/wp-content\/uploads\/2024\/02\/bustos-capa-publicac\u0327o\u0303es.png\" alt=\"bustos capa publicac\u0327o\u0303es\" height=\"1350\" width=\"1080\" title=\"bustos capa publicac\u0327o\u0303es\" onerror=\"this.style.display='none'\" loading=\"lazy\" \/>\n\t\t\t\t<\/a>\n\t<\/figure>\n<figure itemscope itemtype=\"https:\/\/schema.org\/ImageObject\">\n\t\t\t\t<a href=\"https:\/\/www.santoandre.sp.gov.br\/pesquisa\/ebooks\/440193.PDF\"  target=\"_blank\" rel=\"noopener\"  itemprop=\"url\">\n\t\t\t\t<img decoding=\"async\" src=\"https:\/\/www3.santoandre.sp.gov.br\/cultura\/wp-content\/uploads\/2023\/10\/capa-publicac\u0327a\u0303o-C21LAB.png\" alt=\"capa publicac\u0327a\u0303o C21LAB\" height=\"797\" width=\"542\" title=\"capa publicac\u0327a\u0303o C21LAB\" onerror=\"this.style.display='none'\" loading=\"lazy\" \/>\n\t\t\t\t<\/a>\n\t<\/figure>\n<figure itemscope itemtype=\"https:\/\/schema.org\/ImageObject\">\n\t\t\t\t<a href=\"https:\/\/www3.santoandre.sp.gov.br\/cultura\/wp-content\/uploads\/2026\/02\/PUBLICACAO_-Centro-Civico-1.pdf\"  target=\"_blank\" rel=\"noopener\"  itemprop=\"url\">\n\t\t\t\t<img decoding=\"async\" src=\"https:\/\/www3.santoandre.sp.gov.br\/cultura\/wp-content\/uploads\/2023\/06\/capa-bota\u0303o-centro-ci\u0301vico.png\" alt=\"capa bota\u0303o centro ci\u0301vico\" height=\"2000\" width=\"1414\" title=\"capa bota\u0303o centro ci\u0301vico\" onerror=\"this.style.display='none'\" loading=\"lazy\" \/>\n\t\t\t\t<\/a>\n\t<\/figure>\n<figure itemscope itemtype=\"https:\/\/schema.org\/ImageObject\">\n\t\t\t\t<a href=\"https:\/\/www.santoandre.sp.gov.br\/pesquisa\/ebooks\/438058.PDF\"  target=\"_blank\" rel=\"noopener\"  itemprop=\"url\">\n\t\t\t\t<img decoding=\"async\" src=\"https:\/\/www3.santoandre.sp.gov.br\/cultura\/wp-content\/uploads\/2023\/05\/capa-monitoramento-metas-AGO22.png\" alt=\"capa monitoramento metas AGO22\" height=\"909\" width=\"640\" title=\"capa monitoramento metas AGO22\" onerror=\"this.style.display='none'\" loading=\"lazy\" \/>\n\t\t\t\t<\/a>\n\t<\/figure>\n<figure itemscope itemtype=\"https:\/\/schema.org\/ImageObject\">\n\t\t\t\t<a href=\"https:\/\/www3.santoandre.sp.gov.br\/cultura\/wp-content\/uploads\/2026\/02\/PUBLICACAO_Carlos_Gomes.pdf\"  target=\"_blank\" rel=\"noopener\"  itemprop=\"url\">\n\t\t\t\t<img decoding=\"async\" src=\"https:\/\/www3.santoandre.sp.gov.br\/cultura\/wp-content\/uploads\/2023\/04\/Publicacao3.png\" alt=\"Publica\u00e7\u00e3o3\" height=\"469\" width=\"330\" title=\"Publica\u00e7\u00e3o3\" onerror=\"this.style.display='none'\" loading=\"lazy\" \/>\n\t\t\t\t<\/a>\n\t<\/figure>\n<figure itemscope itemtype=\"https:\/\/schema.org\/ImageObject\">\n\t\t\t\t<a href=\"https:\/\/www3.santoandre.sp.gov.br\/cultura\/wp-content\/uploads\/2026\/02\/PUBLICACAO_Opera-Punk.pdf\"  target=\"_blank\" rel=\"noopener\"  itemprop=\"url\">\n\t\t\t\t<img decoding=\"async\" src=\"https:\/\/www3.santoandre.sp.gov.br\/cultura\/wp-content\/uploads\/2023\/04\/Capa-Opera-Punk_resized.png\" alt=\"Capa \u00d3pera Punk_resized\" height=\"300\" width=\"209\" title=\"Capa \u00d3pera Punk_resized\" onerror=\"this.style.display='none'\" loading=\"lazy\" \/>\n\t\t\t\t<\/a>\n\t<\/figure>\n<figure itemscope itemtype=\"https:\/\/schema.org\/ImageObject\">\n\t\t\t\t<a href=\"http:\/\/www.santoandre.sp.gov.br\/pesquisa\/ebooks\/428668.pdf\"  target=\"_blank\" rel=\"noopener\"  itemprop=\"url\">\n\t\t\t\t<img decoding=\"async\" src=\"https:\/\/www3.santoandre.sp.gov.br\/cultura\/wp-content\/uploads\/2022\/04\/6281684e-e0e9-4a5f-92cb-bc8f2c035ba6-1.jpg\" alt=\"6281684e-e0e9-4a5f-92cb-bc8f2c035ba6\" height=\"300\" width=\"212\" title=\"6281684e-e0e9-4a5f-92cb-bc8f2c035ba6\" onerror=\"this.style.display='none'\" loading=\"lazy\" \/>\n\t\t\t\t<\/a>\n\t<\/figure>\n<figure itemscope itemtype=\"https:\/\/schema.org\/ImageObject\">\n\t\t\t\t<a href=\"http:\/\/www.santoandre.sp.gov.br\/pesquisa\/ebooks\/428708.PDF\"  target=\"_blank\" rel=\"noopener\"  itemprop=\"url\">\n\t\t\t\t<img decoding=\"async\" src=\"https:\/\/www3.santoandre.sp.gov.br\/cultura\/wp-content\/uploads\/2022\/04\/WhatsApp-Image-2022-03-04-at-09.42.02-1.jpeg\" alt=\"WhatsApp-Image-2022-03-04-at-09.42.02\" height=\"300\" width=\"212\" title=\"WhatsApp-Image-2022-03-04-at-09.42.02\" onerror=\"this.style.display='none'\" loading=\"lazy\" \/>\n\t\t\t\t<\/a>\n\t<\/figure>\n<figure itemscope itemtype=\"https:\/\/schema.org\/ImageObject\">\n\t\t\t\t<a href=\"http:\/\/www.santoandre.sp.gov.br\/pesquisa\/ebooks\/428033.PDF\"  target=\"_blank\" rel=\"noopener\"  itemprop=\"url\">\n\t\t\t\t<img decoding=\"async\" src=\"https:\/\/www3.santoandre.sp.gov.br\/cultura\/wp-content\/uploads\/2022\/04\/capa-ELT_linktree.png\" alt=\"capa ELT_linktree\" height=\"300\" width=\"230\" title=\"capa ELT_linktree\" onerror=\"this.style.display='none'\" loading=\"lazy\" \/>\n\t\t\t\t<\/a>\n\t<\/figure>\n<figure itemscope itemtype=\"https:\/\/schema.org\/ImageObject\">\n\t\t\t\t<a href=\"http:\/\/www.santoandre.sp.gov.br\/pesquisa\/ebooks\/419598.pdf\"  target=\"_blank\" rel=\"noopener\"  itemprop=\"url\">\n\t\t\t\t<img decoding=\"async\" src=\"https:\/\/www3.santoandre.sp.gov.br\/cultura\/wp-content\/uploads\/2021\/11\/5-232x300.jpg\" alt=\"5\" height=\"300\" width=\"232\" title=\"5\" onerror=\"this.style.display='none'\" loading=\"lazy\" \/>\n\t\t\t\t<\/a>\n\t<\/figure>\n<figure itemscope itemtype=\"https:\/\/schema.org\/ImageObject\">\n\t\t\t\t<a href=\"http:\/\/www.santoandre.sp.gov.br\/pesquisa\/ebooks\/417036.pdf\"  target=\"_blank\" rel=\"noopener\"  itemprop=\"url\">\n\t\t\t\t<img decoding=\"async\" src=\"https:\/\/www3.santoandre.sp.gov.br\/cultura\/wp-content\/uploads\/2022\/04\/capa-com-fio-tartaruga-EMIA.png\" alt=\"capa com fio tartaruga EMIA\" height=\"300\" width=\"212\" title=\"capa com fio tartaruga EMIA\" onerror=\"this.style.display='none'\" loading=\"lazy\" \/>\n\t\t\t\t<\/a>\n\t<\/figure>\n<figure itemscope itemtype=\"https:\/\/schema.org\/ImageObject\">\n\t\t\t\t<a href=\"http:\/\/www.santoandre.sp.gov.br\/pesquisa\/ebooks\/428067.PDF\"  target=\"_blank\" rel=\"noopener\"  itemprop=\"url\">\n\t\t\t\t<img decoding=\"async\" src=\"https:\/\/www3.santoandre.sp.gov.br\/cultura\/wp-content\/uploads\/2022\/04\/capa-ELT_inventario.png\" alt=\"capa ELT_invent\u00e1rio\" height=\"300\" width=\"230\" title=\"capa ELT_invent\u00e1rio\" onerror=\"this.style.display='none'\" loading=\"lazy\" \/>\n\t\t\t\t<\/a>\n\t<\/figure>\n<figure itemscope itemtype=\"https:\/\/schema.org\/ImageObject\">\n\t\t\t\t<img decoding=\"async\" src=\"https:\/\/www3.santoandre.sp.gov.br\/cultura\/wp-content\/uploads\/2022\/04\/PROJETO-CINE-THEATRO-DE-VARIEDADES-CARLOS-GOMES.png\" alt=\"PROJETO CINE-THEATRO DE VARIEDADES CARLOS GOMES\" height=\"300\" width=\"212\" title=\"PROJETO CINE-THEATRO DE VARIEDADES CARLOS GOMES\" onerror=\"this.style.display='none'\" loading=\"lazy\" \/>\n\t<\/figure>\n<figure itemscope itemtype=\"https:\/\/schema.org\/ImageObject\">\n\t\t\t\t<img decoding=\"async\" src=\"https:\/\/www3.santoandre.sp.gov.br\/cultura\/wp-content\/uploads\/2022\/05\/capa-show-ELT-30-anos-publicacoes-portal-1.png\" alt=\"capa show ELT 30 anos - publica\u00e7\u00f5es portal\" height=\"300\" width=\"212\" title=\"capa show ELT 30 anos - publica\u00e7\u00f5es portal\" onerror=\"this.style.display='none'\" loading=\"lazy\" \/>\n\t<\/figure>\n<figure itemscope itemtype=\"https:\/\/schema.org\/ImageObject\">\n\t\t\t\t<a href=\"https:\/\/www3.santoandre.sp.gov.br\/cultura\/wp-content\/uploads\/2022\/06\/PLANO-MUNICIPAL-DE-CULTURA-ERRATA-100622.pdf\"  target=\"_blank\" rel=\"noopener\"  itemprop=\"url\">\n\t\t\t\t<img decoding=\"async\" src=\"https:\/\/www3.santoandre.sp.gov.br\/cultura\/wp-content\/uploads\/2022\/04\/capa-PMC.png\" alt=\"capa PMC\" height=\"300\" width=\"212\" title=\"capa PMC\" onerror=\"this.style.display='none'\" loading=\"lazy\" \/>\n\t\t\t\t<\/a>\n\t<\/figure>\n<figure itemscope itemtype=\"https:\/\/schema.org\/ImageObject\">\n\t\t\t\t<a href=\"https:\/\/drive.google.com\/file\/d\/1kTISEEjj-wuZfAYiGR-DAjPY_eAzi5tv\/view\"  target=\"_blank\" rel=\"noopener\"  itemprop=\"url\">\n\t\t\t\t<img decoding=\"async\" src=\"https:\/\/www3.santoandre.sp.gov.br\/cultura\/wp-content\/uploads\/2021\/11\/imagens-212x300.jpg\" alt=\"imagens\" height=\"300\" width=\"212\" title=\"imagens\" onerror=\"this.style.display='none'\" loading=\"lazy\" \/>\n\t\t\t\t<\/a>\n\t<\/figure>\n<figure itemscope itemtype=\"https:\/\/schema.org\/ImageObject\">\n\t\t\t\t<a href=\"http:\/\/www.santoandre.sp.gov.br\/pesquisa\/ebooks\/417044.pdf\"  target=\"_blank\" rel=\"noopener\"  itemprop=\"url\">\n\t\t\t\t<img decoding=\"async\" src=\"https:\/\/www3.santoandre.sp.gov.br\/cultura\/wp-content\/uploads\/2021\/11\/imagen2-211x300.jpg\" alt=\"imagen2\" height=\"300\" width=\"211\" title=\"imagen2\" onerror=\"this.style.display='none'\" loading=\"lazy\" \/>\n\t\t\t\t<\/a>\n\t<\/figure>\n\t<h3><strong>Conte\u00fado em video<\/strong>\u00a0<\/h3>\n<figure itemscope itemtype=\"https:\/\/schema.org\/ImageObject\">\n\t\t\t\t<a href=\"https:\/\/www.youtube.com\/@santoandrenalupa\"  target=\"_blank\" rel=\"noopener\"  itemprop=\"url\">\n\t\t\t\t<img decoding=\"async\" src=\"https:\/\/www3.santoandre.sp.gov.br\/cultura\/wp-content\/uploads\/2023\/06\/Bota\u0303o-Lupa-para-Publicac\u0327o\u0303es.png\" alt=\"Bota\u0303o Lupa para Publicac\u0327o\u0303es\" height=\"300\" width=\"212\" title=\"Bota\u0303o Lupa para Publicac\u0327o\u0303es\" onerror=\"this.style.display='none'\" loading=\"lazy\" \/>\n\t\t\t\t<\/a>\n\t<\/figure>\n<figure itemscope itemtype=\"https:\/\/schema.org\/ImageObject\">\n\t\t\t\t<a href=\"https:\/\/youtu.be\/kEPpuO30qWs\"  target=\"_blank\" rel=\"noopener\"  itemprop=\"url\">\n\t\t\t\t<img decoding=\"async\" src=\"https:\/\/www3.santoandre.sp.gov.br\/cultura\/wp-content\/uploads\/2022\/05\/capa-bruxo-publicacoes-portal.png\" alt=\"capa bruxo - publica\u00e7\u00f5es portal\" height=\"300\" width=\"212\" title=\"capa bruxo - publica\u00e7\u00f5es portal\" onerror=\"this.style.display='none'\" loading=\"lazy\" \/>\n\t\t\t\t<\/a>\n\t<\/figure>\n\t<p><img loading=\"lazy\" decoding=\"async\" src=\"https:\/\/www3.santoandre.sp.gov.br\/cultura\/wp-content\/uploads\/2022\/03\/SELO-PMC-2022.webp\" alt=\"\" width=\"63\" height=\"66\" \/>Esta a\u00e7\u00e3o atende \u00e0 Estrat\u00e9gia 9.1, Meta 52 do Plano Municipal de Cultura de Santo Andr\u00e9: &#8220;100% (cem por cento) de obras\/bens, produzidos nos projetos de forma\u00e7\u00e3o cultural ou advindas de doa\u00e7\u00f5es, disponibilizadas gratuitamente sob licen\u00e7as livres, a partir de 2 (dois) anos ap\u00f3s a aprova\u00e7\u00e3o do Plano&#8221;.<\/p>\n\n","protected":false},"excerpt":{"rendered":"<p>Publica\u00e7\u00f5es Criar mecanismos de compartilhamento de informa\u00e7\u00f5es que garantam a transpar\u00eancia das a\u00e7\u00f5es p\u00fablicas \u00e9 uma das diretrizes da Secretaria de Cultura de Santo Andr\u00e9 (Secult). Esta \u00e1rea facilita o acesso \u00e0 produ\u00e7\u00e3o por parte dos agentes culturais e p\u00fablico geral. Conhe\u00e7a as publica\u00e7\u00f5es, em texto ou video, realizadas pela Secult clicando nas capas. Conte\u00fado&hellip;<\/p>\n","protected":false},"author":1,"featured_media":0,"parent":0,"menu_order":0,"comment_status":"closed","ping_status":"closed","template":"","meta":{"footnotes":""},"class_list":["post-13919","page","type-page","status-publish","hentry"],"jetpack_sharing_enabled":true,"_links":{"self":[{"href":"https:\/\/www3.santoandre.sp.gov.br\/cultura\/wp-json\/wp\/v2\/pages\/13919","targetHints":{"allow":["GET"]}}],"collection":[{"href":"https:\/\/www3.santoandre.sp.gov.br\/cultura\/wp-json\/wp\/v2\/pages"}],"about":[{"href":"https:\/\/www3.santoandre.sp.gov.br\/cultura\/wp-json\/wp\/v2\/types\/page"}],"author":[{"embeddable":true,"href":"https:\/\/www3.santoandre.sp.gov.br\/cultura\/wp-json\/wp\/v2\/users\/1"}],"replies":[{"embeddable":true,"href":"https:\/\/www3.santoandre.sp.gov.br\/cultura\/wp-json\/wp\/v2\/comments?post=13919"}],"version-history":[{"count":11,"href":"https:\/\/www3.santoandre.sp.gov.br\/cultura\/wp-json\/wp\/v2\/pages\/13919\/revisions"}],"predecessor-version":[{"id":70756,"href":"https:\/\/www3.santoandre.sp.gov.br\/cultura\/wp-json\/wp\/v2\/pages\/13919\/revisions\/70756"}],"wp:attachment":[{"href":"https:\/\/www3.santoandre.sp.gov.br\/cultura\/wp-json\/wp\/v2\/media?parent=13919"}],"curies":[{"name":"wp","href":"https:\/\/api.w.org\/{rel}","templated":true}]}}