
{"id":13844,"date":"2022-04-18T11:11:31","date_gmt":"2022-04-18T14:11:31","guid":{"rendered":"https:\/\/www3.santoandre.sp.gov.br\/cultura\/?page_id=13844"},"modified":"2022-05-16T11:45:12","modified_gmt":"2022-05-16T14:45:12","slug":"post-13844","status":"publish","type":"page","link":"https:\/\/www3.santoandre.sp.gov.br\/cultura\/post-13844\/","title":{"rendered":"Post #13844"},"content":{"rendered":"\n\n\t<h1><strong>OUTRAS<\/strong><\/h1>\n\t<p><a href=\"https:\/\/www3.santoandre.sp.gov.br\/cultura\/wp-content\/uploads\/2022\/04\/10.273-19-12-2019-INSTITUI-o-Fundo-de-Apoio-a-Gestao-Cultural.pdf\"><strong>LEI N\u00b0 10.273 DE 19 DE DEZEMBRO DE 2019 <\/strong><\/a><\/p>\n<p>PUBLICADO: Di\u00e1rio do Grande ABC N\u00ba 17.831 Data 21 \/ 12 \/ 2019 Caderno: Classificados Pag. 03 Veto: Di\u00e1rio do Grande ABC N\u00ba 17.918 &#8211; Data 17\/03\/2020 Caderno: Classificados Pag. 01 Processo Administrativo n\u00ba 31.729\/2019 &#8211; Projeto de Lei n\u00ba 55\/2019. INSTITUI o <strong>Fundo de Apoio \u00e0 Gest\u00e3o Cultural<\/strong> e d\u00e1 outras provid\u00eancias.<\/p>\n<p>&nbsp;<\/p>\n\t<p><a href=\"https:\/\/www3.santoandre.sp.gov.br\/cultura\/wp-content\/uploads\/2022\/04\/8.504-04-06-2003-DENOMINA-Casa-do-Olhar-Luiz-Sacilotto-imovel-publico-localizado-na-Rua-Campos-Sales-no-Centro.pdf\"><strong>LEI N\u00ba 8.504, DE 04 DE JUNHO DE 2003<\/strong><\/a><\/p>\nPubl. &#8220;D. Grande ABC&#8221; 05-06-03, Cad.Class.,pag 05<br \/>\nAutores: Vereadora Dinah Zekcer &#8211; PTB e outros &#8211; Projeto de Lei CM n\u00ba 09\/03Proc. CM n\u00ba 234\/03.<br \/>\n<strong>DENOMINA &#8220;Casa do Olhar Luiz Sacilotto&#8221;<\/strong> im\u00f3vel p\u00fablico localizado na Rua Campos Sales, no Centro.<br \/>\nJO\u00c3O AVAMILENO, Prefeito do Munic\u00edpio de Santo Andr\u00e9, Estado de S\u00e3o Paulo, no uso e gozo de suas atribui\u00e7\u00f5es legais.\n<p>&nbsp;<\/p>\n<p>&nbsp;<\/p>\n<p>&nbsp;<\/p>\n\n","protected":false},"excerpt":{"rendered":"<p>OUTRAS LEI N\u00b0 10.273 DE 19 DE DEZEMBRO DE 2019 PUBLICADO: Di\u00e1rio do Grande ABC N\u00ba 17.831 Data 21 \/ 12 \/ 2019 Caderno: Classificados Pag. 03 Veto: Di\u00e1rio do Grande ABC N\u00ba 17.918 &#8211; Data 17\/03\/2020 Caderno: Classificados Pag. 01 Processo Administrativo n\u00ba 31.729\/2019 &#8211; Projeto de Lei n\u00ba 55\/2019. INSTITUI o Fundo de&hellip;<\/p>\n","protected":false},"author":1,"featured_media":0,"parent":0,"menu_order":0,"comment_status":"closed","ping_status":"closed","template":"","meta":{"footnotes":""},"class_list":["post-13844","page","type-page","status-publish","hentry"],"jetpack_sharing_enabled":true,"_links":{"self":[{"href":"https:\/\/www3.santoandre.sp.gov.br\/cultura\/wp-json\/wp\/v2\/pages\/13844","targetHints":{"allow":["GET"]}}],"collection":[{"href":"https:\/\/www3.santoandre.sp.gov.br\/cultura\/wp-json\/wp\/v2\/pages"}],"about":[{"href":"https:\/\/www3.santoandre.sp.gov.br\/cultura\/wp-json\/wp\/v2\/types\/page"}],"author":[{"embeddable":true,"href":"https:\/\/www3.santoandre.sp.gov.br\/cultura\/wp-json\/wp\/v2\/users\/1"}],"replies":[{"embeddable":true,"href":"https:\/\/www3.santoandre.sp.gov.br\/cultura\/wp-json\/wp\/v2\/comments?post=13844"}],"version-history":[{"count":3,"href":"https:\/\/www3.santoandre.sp.gov.br\/cultura\/wp-json\/wp\/v2\/pages\/13844\/revisions"}],"predecessor-version":[{"id":14000,"href":"https:\/\/www3.santoandre.sp.gov.br\/cultura\/wp-json\/wp\/v2\/pages\/13844\/revisions\/14000"}],"wp:attachment":[{"href":"https:\/\/www3.santoandre.sp.gov.br\/cultura\/wp-json\/wp\/v2\/media?parent=13844"}],"curies":[{"name":"wp","href":"https:\/\/api.w.org\/{rel}","templated":true}]}}