
{"id":13841,"date":"2022-04-18T10:45:45","date_gmt":"2022-04-18T13:45:45","guid":{"rendered":"https:\/\/www3.santoandre.sp.gov.br\/cultura\/?page_id=13841"},"modified":"2022-04-18T10:45:45","modified_gmt":"2022-04-18T13:45:45","slug":"post-13841","status":"publish","type":"page","link":"https:\/\/www3.santoandre.sp.gov.br\/cultura\/post-13841\/","title":{"rendered":"Post #13841"},"content":{"rendered":"\n\n\t<h1><strong>comdephaapasa e patrim\u00f4nio cultural<\/strong><\/h1>\n\t<p><a href=\"https:\/\/www3.santoandre.sp.gov.br\/cultura\/wp-content\/uploads\/2022\/04\/9.071-05-09-2008-Institui-o-PPPC.pdf\"><strong>LEI N\u00b0 9.071 DE 05 DE SETEMBRO DE 2008<\/strong><\/a><\/p>\n<p>PUBLICADO: Di\u00e1rio do Grande ABC N\u00b0 13708 : 04 DATA 06 \/ 09 \/ 08 &#8220;VIDE DEC. 15.875\/09&#8221; Projeto de Lei n\u00ba 004, de 03.03.2008 &#8211; Proc. n\u00ba 40.576\/2007-6. INSTITUI <strong>o Plano de Preserva\u00e7\u00e3o do Patrim\u00f4nio Cultural no Munic\u00edpio de Santo Andr\u00e9- PPPC<\/strong>.<\/p>\n<p>&nbsp;<\/p>\n\t<p><a href=\"https:\/\/www3.santoandre.sp.gov.br\/cultura\/wp-content\/uploads\/2022\/04\/15.875-24-03-2009-Aprova-o-Regimento-Interno-do-COMDEPHAAPASA.pdf\"><strong>DECRETO N\u00ba 15.875, DE 24 DE MAR\u00c7O DE 2009<\/strong><\/a><\/p>\nPUBLICADO: DCI N\u00b0 1767 : C3 DATA 25 \/ 03 \/ 09<br \/>\nAPROVA o <strong>Regimento Interno do Conselho Municipal de Defesa do Patrim\u00f4nio Hist\u00f3rico, Art\u00edstico, Arquitet\u00f4nico-Urban\u00edstico e Paisag\u00edstico de Santo Andr\u00e9 &#8211; COMDEPHAAPASA<\/strong>, criado pela Lei n\u00ba 9.071, de 05 de setembro de 2008.\n\n","protected":false},"excerpt":{"rendered":"<p>comdephaapasa e patrim\u00f4nio cultural LEI N\u00b0 9.071 DE 05 DE SETEMBRO DE 2008 PUBLICADO: Di\u00e1rio do Grande ABC N\u00b0 13708 : 04 DATA 06 \/ 09 \/ 08 &#8220;VIDE DEC. 15.875\/09&#8221; Projeto de Lei n\u00ba 004, de 03.03.2008 &#8211; Proc. n\u00ba 40.576\/2007-6. INSTITUI o Plano de Preserva\u00e7\u00e3o do Patrim\u00f4nio Cultural no Munic\u00edpio de Santo Andr\u00e9-&hellip;<\/p>\n","protected":false},"author":1,"featured_media":0,"parent":0,"menu_order":0,"comment_status":"closed","ping_status":"closed","template":"","meta":{"footnotes":""},"class_list":["post-13841","page","type-page","status-publish","hentry"],"jetpack_sharing_enabled":true,"_links":{"self":[{"href":"https:\/\/www3.santoandre.sp.gov.br\/cultura\/wp-json\/wp\/v2\/pages\/13841","targetHints":{"allow":["GET"]}}],"collection":[{"href":"https:\/\/www3.santoandre.sp.gov.br\/cultura\/wp-json\/wp\/v2\/pages"}],"about":[{"href":"https:\/\/www3.santoandre.sp.gov.br\/cultura\/wp-json\/wp\/v2\/types\/page"}],"author":[{"embeddable":true,"href":"https:\/\/www3.santoandre.sp.gov.br\/cultura\/wp-json\/wp\/v2\/users\/1"}],"replies":[{"embeddable":true,"href":"https:\/\/www3.santoandre.sp.gov.br\/cultura\/wp-json\/wp\/v2\/comments?post=13841"}],"version-history":[{"count":2,"href":"https:\/\/www3.santoandre.sp.gov.br\/cultura\/wp-json\/wp\/v2\/pages\/13841\/revisions"}],"predecessor-version":[{"id":13843,"href":"https:\/\/www3.santoandre.sp.gov.br\/cultura\/wp-json\/wp\/v2\/pages\/13841\/revisions\/13843"}],"wp:attachment":[{"href":"https:\/\/www3.santoandre.sp.gov.br\/cultura\/wp-json\/wp\/v2\/media?parent=13841"}],"curies":[{"name":"wp","href":"https:\/\/api.w.org\/{rel}","templated":true}]}}