
{"id":13838,"date":"2022-04-18T10:37:48","date_gmt":"2022-04-18T13:37:48","guid":{"rendered":"https:\/\/www3.santoandre.sp.gov.br\/cultura\/?page_id=13838"},"modified":"2022-05-16T13:05:10","modified_gmt":"2022-05-16T16:05:10","slug":"post-13838","status":"publish","type":"page","link":"https:\/\/www3.santoandre.sp.gov.br\/cultura\/post-13838\/","title":{"rendered":"Post #13838"},"content":{"rendered":"\n\n\t<h1><strong>artistas de rua<\/strong><\/h1>\n\t<p><a href=\"https:\/\/www3.santoandre.sp.gov.br\/cultura\/wp-content\/uploads\/2022\/04\/17.077-17-07-2018-Regulamenta-a-Lei-Municipal-no-9.902-de-14-12-2016.pdf\"><strong>DECRETO N\u00ba 17.077 DE 17 DE JULHO DE 2018 <\/strong><\/a><\/p>\n<p>PUBLICADO: Di\u00e1rio do Grande ABC N\u00ba 17.310 Data 18.07. 2018\u00a0REGULAMENTA a Lei Municipal n\u00ba 9.902, de 14 de dezembro de 2016, que disp\u00f5e sobre a apresenta\u00e7\u00e3o de &#8220;<strong>artista de rua<\/strong>&#8221; nos logradouros do Munic\u00edpio de Santo Andr\u00e9.<\/p>\n<p>&nbsp;<\/p>\n\t<p><a href=\"https:\/\/www3.santoandre.sp.gov.br\/cultura\/wp-content\/uploads\/2022\/04\/9.902-14-12-2016-Dispoe-sobre-a-apresentacao-de-artistas-de-rua-nos-logradouros-publicos-do-Municipio-de-Santo-Andre.pdf\"><strong>LEI\u00a0 N\u00ba 9.902 DE 14 DEDEZEMBRO DE 2016<\/strong><\/a><\/p>\nPUBLICADO: Di\u00e1rio do Grande ABC N\u00b016731 DATA 16\/12\/16 Processo Administrativo n\u00ba 15.190\/2016 &#8211; Projeto de Lei n\u00ba 41\/2016.<br \/>\nDISP\u00d5E sobre a apresenta\u00e7\u00e3o de <strong>artistas de rua<\/strong> nos logradouros p\u00fablicos do Munic\u00edpio de Santo Andr\u00e9, e d\u00e1 outras provid\u00eancias.\n\n","protected":false},"excerpt":{"rendered":"<p>artistas de rua DECRETO N\u00ba 17.077 DE 17 DE JULHO DE 2018 PUBLICADO: Di\u00e1rio do Grande ABC N\u00ba 17.310 Data 18.07. 2018\u00a0REGULAMENTA a Lei Municipal n\u00ba 9.902, de 14 de dezembro de 2016, que disp\u00f5e sobre a apresenta\u00e7\u00e3o de &#8220;artista de rua&#8221; nos logradouros do Munic\u00edpio de Santo Andr\u00e9. &nbsp; LEI\u00a0 N\u00ba 9.902 DE 14&hellip;<\/p>\n","protected":false},"author":1,"featured_media":0,"parent":0,"menu_order":0,"comment_status":"closed","ping_status":"closed","template":"","meta":{"footnotes":""},"class_list":["post-13838","page","type-page","status-publish","hentry"],"jetpack_sharing_enabled":true,"_links":{"self":[{"href":"https:\/\/www3.santoandre.sp.gov.br\/cultura\/wp-json\/wp\/v2\/pages\/13838","targetHints":{"allow":["GET"]}}],"collection":[{"href":"https:\/\/www3.santoandre.sp.gov.br\/cultura\/wp-json\/wp\/v2\/pages"}],"about":[{"href":"https:\/\/www3.santoandre.sp.gov.br\/cultura\/wp-json\/wp\/v2\/types\/page"}],"author":[{"embeddable":true,"href":"https:\/\/www3.santoandre.sp.gov.br\/cultura\/wp-json\/wp\/v2\/users\/1"}],"replies":[{"embeddable":true,"href":"https:\/\/www3.santoandre.sp.gov.br\/cultura\/wp-json\/wp\/v2\/comments?post=13838"}],"version-history":[{"count":2,"href":"https:\/\/www3.santoandre.sp.gov.br\/cultura\/wp-json\/wp\/v2\/pages\/13838\/revisions"}],"predecessor-version":[{"id":13840,"href":"https:\/\/www3.santoandre.sp.gov.br\/cultura\/wp-json\/wp\/v2\/pages\/13838\/revisions\/13840"}],"wp:attachment":[{"href":"https:\/\/www3.santoandre.sp.gov.br\/cultura\/wp-json\/wp\/v2\/media?parent=13838"}],"curies":[{"name":"wp","href":"https:\/\/api.w.org\/{rel}","templated":true}]}}