
{"id":13835,"date":"2022-04-18T10:28:17","date_gmt":"2022-04-18T13:28:17","guid":{"rendered":"https:\/\/www3.santoandre.sp.gov.br\/cultura\/?page_id=13835"},"modified":"2022-05-16T11:31:58","modified_gmt":"2022-05-16T14:31:58","slug":"post-13835","status":"publish","type":"page","link":"https:\/\/www3.santoandre.sp.gov.br\/cultura\/post-13835\/","title":{"rendered":"Post #13835"},"content":{"rendered":"\n\n\t<h1><strong>eventos institu\u00eddos por lei<\/strong><\/h1>\n\t<p><a href=\"https:\/\/www3.santoandre.sp.gov.br\/cultura\/wp-content\/uploads\/2022\/04\/9.069-25-08-2008-AUTORIZA-a-promocao-da-Mostra-de-Video-em-Santo-Andre.pdf\"><strong>LEI N\u00b0 9.069 DE 25 DE AGOSTO DE 2008 <\/strong><\/a><\/p>\n<p>PUBLICADO: Di\u00e1rio do Grande ABC N\u00b0 13697 : 03 DATA 26 \/ 08 \/ 08 Projeto de Lei n\u00ba 22, de 02.06.2008 &#8211; Proc. n\u00ba 2.795\/1995-5. AUTORIZA a promo\u00e7\u00e3o <strong>da Mostra de V\u00eddeo em Santo Andr\u00e9<\/strong>.<\/p>\n<p>&nbsp;<\/p>\n\t<p><a href=\"https:\/\/www3.santoandre.sp.gov.br\/cultura\/wp-content\/uploads\/2022\/04\/8.919-17-04-2007-Institui-a-Bienal-da-Gravura.pdf\"><strong>LEI N\u00ba 8.919 DE 17 DE ABRIL DE 2007<\/strong><\/a><\/p>\n<p>PUBLICADO: Di\u00e1rio do Grande ABC N\u00b0 13201 : 03 DATA 18.04.07 Projeto de Lei n\u00ba 006, de 13.02.2007 &#8211; Proc. n\u00ba 21.800\/1999-6. Institui a <strong>Bienal da Gravura<\/strong>, no \u00e2mbito do Munic\u00edpio de Santo Andr\u00e9.<\/p>\n<p>&nbsp;<\/p>\n\t<p><a href=\"https:\/\/www3.santoandre.sp.gov.br\/cultura\/wp-content\/uploads\/2022\/04\/8.502-29-05-2003-DENOMINA-Salao-de-Arte-Contemporanea-Luiz-Sacilotto-o-Salao-de-Arte-Contemporanea-de-Santo-Andre.pdf\"><strong>LEI N\u00b0 8.502 DE 29 DE MAIO DE 2003 <\/strong><\/a><\/p>\n<p>PUBLICADO: Di\u00e1rio do Grande ABC N\u00b0 11783 : 05 DATA 30.05.03 Autores: Klinger Luiz de Oliveira Sousa e Outros &#8211; PT &#8211; Projeto de Lei CM n\u00ba 10\/2003 &#8211; Proc. CM n\u00ba 260\/03 <strong>DENOMINA &#8220;Sal\u00e3o de Arte Contempor\u00e2nea Luiz Sacilotto&#8221; <\/strong>o Sal\u00e3o de Arte Contempor\u00e2nea de Santo Andr\u00e9.<\/p>\n\t<a href=\"https:\/\/www3.santoandre.sp.gov.br\/cultura\/wp-content\/uploads\/2022\/05\/7.588-12-12-1997-ALTERA-A-REDACAO-DA-LEI-No-5.901-DE-12-03-1982.pdf\"><strong>LEI N\u00ba 7.588, DE 12 DE DEZEMBRO DE 1997<\/strong><\/a><br \/>\n(Publ. &#8220;D. Grande ABC&#8221;, 16.12.97, Cad. Class. P\u00e1g. 17)<br \/>\nALTERA A REDA\u00c7\u00c3O DA LEI N\u00ba 5.901, DE 12 DE MAR\u00c7O DE 1982\n\t<p><a href=\"https:\/\/www3.santoandre.sp.gov.br\/cultura\/wp-content\/uploads\/2022\/04\/5.901-12-03-1982-Prefeitura-Municipal-autorizada-a-promover-anualmente-uma-exposicao-de-artes-plasticas-denominada-SALAO-DE-ARTE-CONTEMPORANEA-.pdf\"><strong>LEI N\u00ba 5.901, DE 12 DE MAR\u00c7O DE 1982 <\/strong><\/a><\/p>\n<p>(Publ. &#8220;Sto. Andr\u00e9 em Not\u00edcias&#8221;, 20.03.82) VIDE DEC. 10.510\/82 A C\u00e2mara Municipal de Santo Andr\u00e9 decreta e eu promulgo a seguinte lei: Art. 1\u00ba &#8211; Fica a Prefeitura Municipal autorizada a promover, anualmente, uma exposi\u00e7\u00e3o de artes pl\u00e1sticas, denominada &#8220;<strong>SAL\u00c3O DE ARTE CONTEMPOR\u00c2NEA DE SANTO ANDR\u00c9&#8221;.<\/strong><\/p>\n\n","protected":false},"excerpt":{"rendered":"<p>eventos institu\u00eddos por lei LEI N\u00b0 9.069 DE 25 DE AGOSTO DE 2008 PUBLICADO: Di\u00e1rio do Grande ABC N\u00b0 13697 : 03 DATA 26 \/ 08 \/ 08 Projeto de Lei n\u00ba 22, de 02.06.2008 &#8211; Proc. n\u00ba 2.795\/1995-5. AUTORIZA a promo\u00e7\u00e3o da Mostra de V\u00eddeo em Santo Andr\u00e9. &nbsp; LEI N\u00ba 8.919 DE 17&hellip;<\/p>\n","protected":false},"author":1,"featured_media":0,"parent":0,"menu_order":0,"comment_status":"closed","ping_status":"closed","template":"","meta":{"footnotes":""},"class_list":["post-13835","page","type-page","status-publish","hentry"],"jetpack_sharing_enabled":true,"_links":{"self":[{"href":"https:\/\/www3.santoandre.sp.gov.br\/cultura\/wp-json\/wp\/v2\/pages\/13835","targetHints":{"allow":["GET"]}}],"collection":[{"href":"https:\/\/www3.santoandre.sp.gov.br\/cultura\/wp-json\/wp\/v2\/pages"}],"about":[{"href":"https:\/\/www3.santoandre.sp.gov.br\/cultura\/wp-json\/wp\/v2\/types\/page"}],"author":[{"embeddable":true,"href":"https:\/\/www3.santoandre.sp.gov.br\/cultura\/wp-json\/wp\/v2\/users\/1"}],"replies":[{"embeddable":true,"href":"https:\/\/www3.santoandre.sp.gov.br\/cultura\/wp-json\/wp\/v2\/comments?post=13835"}],"version-history":[{"count":3,"href":"https:\/\/www3.santoandre.sp.gov.br\/cultura\/wp-json\/wp\/v2\/pages\/13835\/revisions"}],"predecessor-version":[{"id":13992,"href":"https:\/\/www3.santoandre.sp.gov.br\/cultura\/wp-json\/wp\/v2\/pages\/13835\/revisions\/13992"}],"wp:attachment":[{"href":"https:\/\/www3.santoandre.sp.gov.br\/cultura\/wp-json\/wp\/v2\/media?parent=13835"}],"curies":[{"name":"wp","href":"https:\/\/api.w.org\/{rel}","templated":true}]}}