
{"id":13806,"date":"2022-04-18T10:02:44","date_gmt":"2022-04-18T13:02:44","guid":{"rendered":"https:\/\/www3.santoandre.sp.gov.br\/cultura\/?page_id=13806"},"modified":"2022-04-18T10:02:44","modified_gmt":"2022-04-18T13:02:44","slug":"leis-sistema-municipal","status":"publish","type":"page","link":"https:\/\/www3.santoandre.sp.gov.br\/cultura\/leis-sistema-municipal\/","title":{"rendered":"Leis sistema municipal"},"content":{"rendered":"\n\n\t<h1><strong>Sistema Municipal de Cultura<\/strong><\/h1>\n\t<p><a href=\"https:\/\/www3.santoandre.sp.gov.br\/cultura\/wp-content\/uploads\/2022\/04\/10.328-31-08-2020-ALTERA-a-Lei-no-9.776-07-12-2015-Dispoe-sobre-o-Sistema-Municipal-de-Cultura-de-Santo-Andre.pdf\"><strong>LEI N\u00ba 10.328, DE 31 DE AGOSTO DE 2020 <\/strong><\/a><\/p>\n<p>Processo Administrativo n\u00ba 4.511\/2013 &#8211; Projeto de Lei n\u00ba 27\/2020. ALTERA a Lei n\u00ba 9.776, de 07 de dezembro de 2015, que disp\u00f5e sobre o <strong>Sistema Municipal de Cultura de Santo Andr\u00e9<\/strong>, seus princ\u00edpios, objetivos, estrutura, organiza\u00e7\u00e3o, gest\u00e3o, interrela\u00e7\u00f5es entre os seus componentes, recursos humanos, financiamento, e d\u00e1 outras provid\u00eancias. PAULO SERRA, Prefeito do Munic\u00edpio de Santo Andr\u00e9, Estado de S\u00e3o Paulo, no uso e gozo de suas atribui\u00e7\u00f5es legais, FAZ SABER que a C\u00e2mara Municipal aprovou e ele sanciona e promulga a seguinte lei: Art. 1\u00ba Os artigos 52 e 55, da Lei n\u00ba 9.776, de 07 de dezembro de 2015, passam a vigorar com a seguinte reda\u00e7\u00e3o:<\/p>\n<p><strong>\u00a0<\/strong><\/p>\n\t<p><a href=\"https:\/\/www3.santoandre.sp.gov.br\/cultura\/wp-content\/uploads\/2022\/04\/10.138-22-02-2019-Dispoe-sobre-o-Plano-Municipal-de-Cultura-de-Santo-Andre.pdf\"><strong>LEI N\u00b0 10.138 DE 22 DE FEVEREIRO DE 2019 <\/strong><\/a><\/p>\n<p>PUBLICADO: Di\u00e1rio do Grande ABC N\u00ba 17.530 Data 23 \/ 02 \/ 2019 Caderno: Empregos e Oportunidades Pag. 06 Processo Administrativo n\u00ba 4.511\/2013-6 &#8211; Projeto de Lei n\u00ba 55\/2018. DISP\u00d5E sobre o <strong>Plano Municipal de Cultura de Santo Andr\u00e9<\/strong>. PAULO SERRA, Prefeito do Munic\u00edpio de Santo Andr\u00e9, Estado de S\u00e3o Paulo, no uso e gozo de suas atribui\u00e7\u00f5es legais, FAZ SABER que a C\u00e2mara Municipal aprovou e ele sanciona e promulga a seguinte lei: Art. 1\u00ba Fica aprovado o Plano Municipal de Cultura de Santo Andr\u00e9, para o dec\u00eanio 2019-2028, nos termos dos art. 46 e 47, da Lei n\u00ba 9.776, de 07 de dezembro de 2015, que disp\u00f5e sobre o Sistema Municipal de Cultura de Santo Andr\u00e9, conforme Anexo \u00danico, parte integrante desta lei.<\/p>\n<p>&nbsp;<\/p>\n\t<p><a href=\"https:\/\/www3.santoandre.sp.gov.br\/cultura\/wp-content\/uploads\/2022\/04\/17.021-18-01-2018-Aprova-o-Regulamento-do-FMC.pdf\"><strong>DECRETO N\u00ba 17.021 DE 18 DE JANEIRO DE 2018 <\/strong><\/a><\/p>\n<p>APROVA o regulamento do <strong>Fundo Municipal de Cultura &#8211; FMC<\/strong>, criado pela Lei Municipal n\u00ba 9.776, de 07 de dezembro de 2015.<\/p>\n\t<p><a href=\"https:\/\/www3.santoandre.sp.gov.br\/cultura\/wp-content\/uploads\/2022\/04\/16.788-20-05-2016-Regulamenta-o-Conselho-Municipal-de-Politicas-Culturais---CMPC.pdf\"><strong>DECRETO N\u00b0 16.788 DE 20 DE MAIO DE 2016 <\/strong><\/a><\/p>\n<p>PUBLICADO: Di\u00e1rio do Grande ABC N\u00b0 16525 : 07 DATA 24 \/ 05 \/ 16 REGULAMENTA o <strong>Conselho Municipal de Pol\u00edticas Culturais &#8211; CMPC<\/strong>, criado pela Lei n\u00ba 9.776, de 07 de dezembro de 2015, que instituiu o Sistema Municipal de Cultura &#8211; SMC e d\u00e1 outras provid\u00eancias.<\/p>\n<p>&nbsp;<\/p>\n\t<p><a href=\"https:\/\/www3.santoandre.sp.gov.br\/cultura\/wp-content\/uploads\/2022\/04\/9.776-07-12-2015-DISPOE-sobre-o-Sistema-Municipal-de-Cultura-de-Santo-Andre.pdf\"><strong>LEI N\u00ba 9.776 DE 07 DE DEZEMBRO DE 2015 <em>(Atualizada at\u00e9 a Lei 10328, de 31\/08\/2020) <\/em><\/strong><\/a><\/p>\n<p>PUBLICADO: Di\u00e1rio do Grande ABC N\u00b0 16357 : 07 DATA 08 \/ 12 \/ 15 Processo Administrativo n\u00ba 4511\/2013-6. &#8211; Projeto de Lei n\u00ba 52\/2015. DISP\u00d5E sobre o <strong>Sistema Municipal de Cultura de Santo Andr\u00e9,<\/strong> seus princ\u00edpios, objetivos, estrutura, organiza\u00e7\u00e3o, gest\u00e3o, interrela\u00e7\u00f5es entre os seus componentes, recursos humanos, financiamento, e d\u00e1 outras provid\u00eancias.<\/p>\n<p><strong>\u00a0<\/strong><\/p>\n\n","protected":false},"excerpt":{"rendered":"<p>Sistema Municipal de Cultura LEI N\u00ba 10.328, DE 31 DE AGOSTO DE 2020 Processo Administrativo n\u00ba 4.511\/2013 &#8211; Projeto de Lei n\u00ba 27\/2020. ALTERA a Lei n\u00ba 9.776, de 07 de dezembro de 2015, que disp\u00f5e sobre o Sistema Municipal de Cultura de Santo Andr\u00e9, seus princ\u00edpios, objetivos, estrutura, organiza\u00e7\u00e3o, gest\u00e3o, interrela\u00e7\u00f5es entre os seus&hellip;<\/p>\n","protected":false},"author":1,"featured_media":0,"parent":0,"menu_order":0,"comment_status":"closed","ping_status":"closed","template":"","meta":{"footnotes":""},"class_list":["post-13806","page","type-page","status-publish","hentry"],"jetpack_sharing_enabled":true,"_links":{"self":[{"href":"https:\/\/www3.santoandre.sp.gov.br\/cultura\/wp-json\/wp\/v2\/pages\/13806","targetHints":{"allow":["GET"]}}],"collection":[{"href":"https:\/\/www3.santoandre.sp.gov.br\/cultura\/wp-json\/wp\/v2\/pages"}],"about":[{"href":"https:\/\/www3.santoandre.sp.gov.br\/cultura\/wp-json\/wp\/v2\/types\/page"}],"author":[{"embeddable":true,"href":"https:\/\/www3.santoandre.sp.gov.br\/cultura\/wp-json\/wp\/v2\/users\/1"}],"replies":[{"embeddable":true,"href":"https:\/\/www3.santoandre.sp.gov.br\/cultura\/wp-json\/wp\/v2\/comments?post=13806"}],"version-history":[{"count":2,"href":"https:\/\/www3.santoandre.sp.gov.br\/cultura\/wp-json\/wp\/v2\/pages\/13806\/revisions"}],"predecessor-version":[{"id":13831,"href":"https:\/\/www3.santoandre.sp.gov.br\/cultura\/wp-json\/wp\/v2\/pages\/13806\/revisions\/13831"}],"wp:attachment":[{"href":"https:\/\/www3.santoandre.sp.gov.br\/cultura\/wp-json\/wp\/v2\/media?parent=13806"}],"curies":[{"name":"wp","href":"https:\/\/api.w.org\/{rel}","templated":true}]}}