
{"id":13395,"date":"2022-03-28T11:11:26","date_gmt":"2022-03-28T14:11:26","guid":{"rendered":"https:\/\/www3.santoandre.sp.gov.br\/cultura\/?page_id=13395"},"modified":"2022-03-28T11:18:13","modified_gmt":"2022-03-28T14:18:13","slug":"sistema-municipal-de-cultura-2","status":"publish","type":"page","link":"https:\/\/www3.santoandre.sp.gov.br\/cultura\/sistema-municipal-de-cultura-2\/","title":{"rendered":"Sistema municipal de cultura"},"content":{"rendered":"\n\n\t<h1><strong>Sistema Municipal de Cultura<\/strong><\/h1>\n\t<p>O Sistema Municipal de Cultura &#8211; SMC integra o Sistema Nacional de Cultura &#8211; SNC e se constitui no principal articulador, no \u00e2mbito municipal, das pol\u00edticas p\u00fablicas de cultura, estabelecendo mecanismos de gest\u00e3o compartilhada com os demais entes federados e a sociedade civil.<\/p>\n<p>Se constitui num instrumento de articula\u00e7\u00e3o, gest\u00e3o, fomento e promo\u00e7\u00e3o de pol\u00edticas p\u00fablicas, bem como de informa\u00e7\u00e3o e forma\u00e7\u00e3o na \u00e1rea cultural, tendo como ess\u00eancia a coordena\u00e7\u00e3o e coopera\u00e7\u00e3o intergovernamental com vistas ao fortalecimento institucional, \u00e0 democratiza\u00e7\u00e3o dos processos decis\u00f3rios e \u00e0 obten\u00e7\u00e3o de economicidade, efici\u00eancia, efic\u00e1cia, equidade e efetividade na aplica\u00e7\u00e3o dos recursos p\u00fablicos.<\/p>\n<p>Fundamenta-se na pol\u00edtica municipal de cultura expressa e nas suas diretrizes, estabelecidas no Plano Municipal de Cultura, para instituir um processo de gest\u00e3o compartilhada com os demais entes federativos da Rep\u00fablica Brasileira &#8211; Uni\u00e3o, Estados, Munic\u00edpios e Distrito Federal &#8211; com suas respectivas pol\u00edticas e institui\u00e7\u00f5es culturais e a sociedade civil.<\/p>\n<p>Fa\u00e7a aqui o download da LEI N\u00ba 9.776, DE 07 DE DEZEMBRO DE 2015, que institui o Sistema Municipal de Cultura de Santo Andr\u00e9<\/p>\n<p>Integram o Sistema Municipal de Cultura &#8211; SMC:<\/p>\n<p>I &#8211; Coordena\u00e7\u00e3o: Secretaria de Cultura e Turismo &#8211; SCT.<\/p>\n<p>II &#8211; Inst\u00e2ncias de Articula\u00e7\u00e3o, Pactua\u00e7\u00e3o e Delibera\u00e7\u00e3o:<\/p>\na) Conselho Municipal de Pol\u00edticas Culturais &#8211; CMPC;<br \/>\nb) Confer\u00eancia Municipal de Cultura &#8211; CMC.\n<p>III &#8211; Instrumentos de Gest\u00e3o:<\/p>\na) Plano Municipal de Cultura &#8211; PMC (veja a Lei municipal N\u00b0 10.138, de 22 de fevereiro de 2019);<br \/>\nb) Sistema Municipal de Financiamento \u00e0 Cultura &#8211; SMFC;<br \/>\nc) Sistema Municipal de Informa\u00e7\u00f5es e Indicadores Culturais &#8211; SMIIC;<br \/>\nd) Programa Municipal de Forma\u00e7\u00e3o Cultural &#8211; PROMFC\n<p>IV &#8211; Sistemas Setoriais de Cultura:<\/p>\na) Sistema Municipal de Patrim\u00f4nio Cultural &#8211; SMPC;<br \/>\nb) Sistema Municipal de Bibliotecas, Leitura e Literatura &#8211; SMBLL;<br \/>\nc) outros que venham a ser constitu\u00eddos.\n\n","protected":false},"excerpt":{"rendered":"<p>Sistema Municipal de Cultura O Sistema Municipal de Cultura &#8211; SMC integra o Sistema Nacional de Cultura &#8211; SNC e se constitui no principal articulador, no \u00e2mbito municipal, das pol\u00edticas p\u00fablicas de cultura, estabelecendo mecanismos de gest\u00e3o compartilhada com os demais entes federados e a sociedade civil. Se constitui num instrumento de articula\u00e7\u00e3o, gest\u00e3o, fomento&hellip;<\/p>\n","protected":false},"author":1,"featured_media":0,"parent":0,"menu_order":0,"comment_status":"closed","ping_status":"closed","template":"","meta":{"footnotes":""},"class_list":["post-13395","page","type-page","status-publish","hentry"],"jetpack_sharing_enabled":true,"_links":{"self":[{"href":"https:\/\/www3.santoandre.sp.gov.br\/cultura\/wp-json\/wp\/v2\/pages\/13395","targetHints":{"allow":["GET"]}}],"collection":[{"href":"https:\/\/www3.santoandre.sp.gov.br\/cultura\/wp-json\/wp\/v2\/pages"}],"about":[{"href":"https:\/\/www3.santoandre.sp.gov.br\/cultura\/wp-json\/wp\/v2\/types\/page"}],"author":[{"embeddable":true,"href":"https:\/\/www3.santoandre.sp.gov.br\/cultura\/wp-json\/wp\/v2\/users\/1"}],"replies":[{"embeddable":true,"href":"https:\/\/www3.santoandre.sp.gov.br\/cultura\/wp-json\/wp\/v2\/comments?post=13395"}],"version-history":[{"count":3,"href":"https:\/\/www3.santoandre.sp.gov.br\/cultura\/wp-json\/wp\/v2\/pages\/13395\/revisions"}],"predecessor-version":[{"id":13399,"href":"https:\/\/www3.santoandre.sp.gov.br\/cultura\/wp-json\/wp\/v2\/pages\/13395\/revisions\/13399"}],"wp:attachment":[{"href":"https:\/\/www3.santoandre.sp.gov.br\/cultura\/wp-json\/wp\/v2\/media?parent=13395"}],"curies":[{"name":"wp","href":"https:\/\/api.w.org\/{rel}","templated":true}]}}