
{"id":12981,"date":"2022-01-11T10:58:06","date_gmt":"2022-01-11T13:58:06","guid":{"rendered":"https:\/\/www3.santoandre.sp.gov.br\/cultura\/?page_id=12981"},"modified":"2023-05-11T13:52:36","modified_gmt":"2023-05-11T16:52:36","slug":"oportunidades-3","status":"publish","type":"page","link":"https:\/\/www3.santoandre.sp.gov.br\/cultura\/oportunidades-3\/","title":{"rendered":"Oportunidades"},"content":{"rendered":"\n\n\t<h1><strong>Oportunidades<\/strong><\/h1>\n\t<p><strong>OPORTUNIDADES NA SECULT<\/strong><\/p>\n<p>A Secretaria de Cultura prioriza a contrata\u00e7\u00e3o em geral por meio de editais ou convocat\u00f3rias p\u00fablicas, tornando mais acess\u00edvel que artistas, educadores e agentes culturais interessados participem das atividades promovidas pela pasta.<\/p>\n<p>Acesse os editais abertos <strong><a href=\"https:\/\/www3.santoandre.sp.gov.br\/cultura\/editais-sa\/\">AQUI<\/a>.<\/strong><\/p>\n<p>&nbsp;<\/p>\n<p><strong>OPORTUNIDADES EXTERNAS<\/strong><\/p>\n<p>A Secretaria de Cultura elabora um boletim quinzenal com uma compila\u00e7\u00e3o de iniciativas da pasta e tamb\u00e9m de terceiros, no intuito de facilitar o acesso dos agentes culturais da cidade \u00e0s oportunidades que surgem no setor cultural.<\/p>\n<p>O material inclui editais de financiamento, cursos, concursos e interc\u00e2mbios de projetos culturais oferecidos por empresas, institui\u00e7\u00f5es nacionais e internacionais, Governo Federal e Governo do Estado de S\u00e3o Paulo.<\/p>\n<p>Os boletins s\u00e3o disponibilizados na plataforma CulturAZ no formato PDF.<\/p>\n<p>Acesse <a href=\"http:\/\/culturaz.santoandre.sp.gov.br\/projeto\/969\/\"><strong>AQUI<\/strong><\/a>.<\/p>\n<p>&nbsp;<\/p>\n\n","protected":false},"excerpt":{"rendered":"<p>Oportunidades OPORTUNIDADES NA SECULT A Secretaria de Cultura prioriza a contrata\u00e7\u00e3o em geral por meio de editais ou convocat\u00f3rias p\u00fablicas, tornando mais acess\u00edvel que artistas, educadores e agentes culturais interessados participem das atividades promovidas pela pasta. Acesse os editais abertos AQUI. &nbsp; OPORTUNIDADES EXTERNAS A Secretaria de Cultura elabora um boletim quinzenal com uma compila\u00e7\u00e3o&hellip;<\/p>\n","protected":false},"author":1,"featured_media":0,"parent":0,"menu_order":0,"comment_status":"closed","ping_status":"closed","template":"","meta":{"footnotes":""},"class_list":["post-12981","page","type-page","status-publish","hentry"],"jetpack_sharing_enabled":true,"_links":{"self":[{"href":"https:\/\/www3.santoandre.sp.gov.br\/cultura\/wp-json\/wp\/v2\/pages\/12981","targetHints":{"allow":["GET"]}}],"collection":[{"href":"https:\/\/www3.santoandre.sp.gov.br\/cultura\/wp-json\/wp\/v2\/pages"}],"about":[{"href":"https:\/\/www3.santoandre.sp.gov.br\/cultura\/wp-json\/wp\/v2\/types\/page"}],"author":[{"embeddable":true,"href":"https:\/\/www3.santoandre.sp.gov.br\/cultura\/wp-json\/wp\/v2\/users\/1"}],"replies":[{"embeddable":true,"href":"https:\/\/www3.santoandre.sp.gov.br\/cultura\/wp-json\/wp\/v2\/comments?post=12981"}],"version-history":[{"count":6,"href":"https:\/\/www3.santoandre.sp.gov.br\/cultura\/wp-json\/wp\/v2\/pages\/12981\/revisions"}],"predecessor-version":[{"id":29271,"href":"https:\/\/www3.santoandre.sp.gov.br\/cultura\/wp-json\/wp\/v2\/pages\/12981\/revisions\/29271"}],"wp:attachment":[{"href":"https:\/\/www3.santoandre.sp.gov.br\/cultura\/wp-json\/wp\/v2\/media?parent=12981"}],"curies":[{"name":"wp","href":"https:\/\/api.w.org\/{rel}","templated":true}]}}