
{"id":12699,"date":"2021-11-04T18:06:59","date_gmt":"2021-11-04T21:06:59","guid":{"rendered":"https:\/\/www3.santoandre.sp.gov.br\/cultura\/?page_id=12699"},"modified":"2022-04-18T13:22:33","modified_gmt":"2022-04-18T16:22:33","slug":"post-12699","status":"publish","type":"page","link":"https:\/\/www3.santoandre.sp.gov.br\/cultura\/post-12699\/","title":{"rendered":"Post #12699"},"content":{"rendered":"\n\n\t<p>&nbsp;<\/p>\n<h3><strong>PROGRAMA INCENTIVO \u00c0 CRIA\u00c7\u00c3O ART\u00cdSTICA<\/strong><\/h3>\n<p>Programa que objetiva a constru\u00e7\u00e3o colaborativa de pol\u00edtica de incentivo \u00e0 cria\u00e7\u00e3o art\u00edstica. Oferece, atrav\u00e9s de cursos, oficinas, palestras, etc, diversas possibilidades de contato com linguagens e express\u00f5es. Junto ao futuro N\u00facleo de Forma\u00e7\u00e3o em Gest\u00e3o e Pol\u00edticas Culturais, integrar\u00e1 o Programa de Forma\u00e7\u00e3o Cultural previsto na lei do Sistema Municipal de Cultura.<\/p>\n<p>Mais informa\u00e7\u00f5es: <a href=\"http:\/\/culturaz.santoandre.sp.gov.br\/projeto\/263\" target=\"_blank\" rel=\"noopener\">http:\/\/culturaz.santoandre.sp.gov.br\/projeto\/263<\/a><\/p>\n<p>&nbsp;<\/p>\n\t<p><strong>PROJETOS:<\/strong><\/p>\n<h4><strong>ESCOLA LIVRE DE CINEMA E V\u00cdDEO &#8211; ELCV<\/strong><\/h4>\n<p>Mais informa\u00e7\u00f5es: <a href=\"http:\/\/culturaz.santoandre.sp.gov.br\/projeto\/936\">http:\/\/culturaz.santoandre.sp.gov.br\/projeto\/936<\/a><\/p>\n<h4><strong>ESCOLA LIVRE DE DAN\u00c7A &#8211; ELD<\/strong><\/h4>\n<p>Mais informa\u00e7\u00f5es: <a href=\"http:\/\/culturaz.santoandre.sp.gov.br\/projeto\/937\">http:\/\/culturaz.santoandre.sp.gov.br\/projeto\/937<\/a><\/p>\n<h4><strong>ESCOLA LIVRE DE TEATRO &#8211; ELT<\/strong><\/h4>\n<p>Mais informa\u00e7\u00f5es: <a href=\"http:\/\/culturaz.santoandre.sp.gov.br\/projeto\/264\">http:\/\/culturaz.santoandre.sp.gov.br\/projeto\/264<\/a><\/p>\n<h4><strong>ESCOLA MUNICIPAL DE INICIA\u00c7\u00c3O ART\u00cdSTICA &#8211; EMIA<\/strong><\/h4>\n<p>Mais informa\u00e7\u00f5es: <a href=\"http:\/\/culturaz.santoandre.sp.gov.br\/projeto\/938\">http:\/\/culturaz.santoandre.sp.gov.br\/projeto\/938<\/a><\/p>\n<h4><strong>DIFUS\u00c3O DE PROCESSOS<\/strong><\/h4>\n<p>Mais informa\u00e7\u00f5es: <a href=\"http:\/\/culturaz.santoandre.sp.gov.br\/projeto\/939\/\">http:\/\/culturaz.santoandre.sp.gov.br\/projeto\/939\/<\/a><\/p>\n<h4><strong>INTERC\u00c2MBIO DE PROCESSOS<\/strong><\/h4>\n<p>Mais informa\u00e7\u00f5es: <a href=\"http:\/\/culturaz.santoandre.sp.gov.br\/projeto\/940\/\">http:\/\/culturaz.santoandre.sp.gov.br\/projeto\/940\/<\/a><\/p>\n<h4><strong>BANCO DE ARTISTAS EDUCADORES PARA EMIA<\/strong><\/h4>\n<p>Mais informa\u00e7\u00f5es:\u00a0<a href=\"http:\/\/culturaz.santoandre.sp.gov.br\/projeto\/1048\/\" target=\"_blank\" rel=\"noopener\">http:\/\/culturaz.santoandre.sp.gov.br\/projeto\/1048\/<\/a><\/p>\n<h4><strong>BANCO DE PROPOSTAS DE PROFISSIONAIS PARA EXERCER ASSESSORIA ART\u00cdSTICO-PEDAG\u00d3GICA NA ESCOLA LIVRE DE CINEMA E V\u00cdDEO &#8211; ELCV<\/strong><\/h4>\n<p>Mais informa\u00e7\u00f5es:\u00a0<a href=\"http:\/\/culturaz.santoandre.sp.gov.br\/projeto\/1059\/\" target=\"_blank\" rel=\"noopener\">http:\/\/culturaz.santoandre.sp.gov.br\/projeto\/1059\/<\/a><\/p>\n\n","protected":false},"excerpt":{"rendered":"<p>&nbsp; PROGRAMA INCENTIVO \u00c0 CRIA\u00c7\u00c3O ART\u00cdSTICA Programa que objetiva a constru\u00e7\u00e3o colaborativa de pol\u00edtica de incentivo \u00e0 cria\u00e7\u00e3o art\u00edstica. Oferece, atrav\u00e9s de cursos, oficinas, palestras, etc, diversas possibilidades de contato com linguagens e express\u00f5es. Junto ao futuro N\u00facleo de Forma\u00e7\u00e3o em Gest\u00e3o e Pol\u00edticas Culturais, integrar\u00e1 o Programa de Forma\u00e7\u00e3o Cultural previsto na lei do&hellip;<\/p>\n","protected":false},"author":1,"featured_media":0,"parent":0,"menu_order":0,"comment_status":"closed","ping_status":"closed","template":"","meta":{"footnotes":""},"class_list":["post-12699","page","type-page","status-publish","hentry"],"jetpack_sharing_enabled":true,"_links":{"self":[{"href":"https:\/\/www3.santoandre.sp.gov.br\/cultura\/wp-json\/wp\/v2\/pages\/12699","targetHints":{"allow":["GET"]}}],"collection":[{"href":"https:\/\/www3.santoandre.sp.gov.br\/cultura\/wp-json\/wp\/v2\/pages"}],"about":[{"href":"https:\/\/www3.santoandre.sp.gov.br\/cultura\/wp-json\/wp\/v2\/types\/page"}],"author":[{"embeddable":true,"href":"https:\/\/www3.santoandre.sp.gov.br\/cultura\/wp-json\/wp\/v2\/users\/1"}],"replies":[{"embeddable":true,"href":"https:\/\/www3.santoandre.sp.gov.br\/cultura\/wp-json\/wp\/v2\/comments?post=12699"}],"version-history":[{"count":7,"href":"https:\/\/www3.santoandre.sp.gov.br\/cultura\/wp-json\/wp\/v2\/pages\/12699\/revisions"}],"predecessor-version":[{"id":13876,"href":"https:\/\/www3.santoandre.sp.gov.br\/cultura\/wp-json\/wp\/v2\/pages\/12699\/revisions\/13876"}],"wp:attachment":[{"href":"https:\/\/www3.santoandre.sp.gov.br\/cultura\/wp-json\/wp\/v2\/media?parent=12699"}],"curies":[{"name":"wp","href":"https:\/\/api.w.org\/{rel}","templated":true}]}}