
{"id":12693,"date":"2021-11-04T17:53:06","date_gmt":"2021-11-04T20:53:06","guid":{"rendered":"https:\/\/www3.santoandre.sp.gov.br\/cultura\/?page_id=12693"},"modified":"2022-06-20T10:32:39","modified_gmt":"2022-06-20T13:32:39","slug":"post-12693","status":"publish","type":"page","link":"https:\/\/www3.santoandre.sp.gov.br\/cultura\/post-12693\/","title":{"rendered":"Post #12693"},"content":{"rendered":"\n\n\t<h3><strong>PROGRAMA GEST\u00c3O DE CULTURA\u00a0<\/strong><\/h3>\n<p>O Programa Gest\u00e3o de Cultura\u00a0 \u00e9 respons\u00e1vel pela comunica\u00e7\u00e3o, participa\u00e7\u00e3o em redes de coopera\u00e7\u00e3o, capacita\u00e7\u00e3o, reposi\u00e7\u00e3o e reorganiza\u00e7\u00e3o de RH, atualiza\u00e7\u00e3o de equipamentos, adequa\u00e7\u00e3o do funcionamento dos equipamentos e servi\u00e7os, or\u00e7amento e conv\u00eanios.<\/p>\n<p>Mais informa\u00e7\u00f5es: <a href=\"http:\/\/culturaz.santoandre.sp.gov.br\/projeto\/1032\" target=\"_blank\" rel=\"noopener\">http:\/\/culturaz.santoandre.sp.gov.br\/projeto\/1032<\/a><\/p>\n\t<p><strong>PROJETOS:<\/strong><\/p>\n<h4><strong>COMUNICA\u00c7\u00c3O<\/strong><br \/>\nMais informa\u00e7\u00f5es: <a href=\"http:\/\/culturaz.santoandre.sp.gov.br\/projeto\/1033\">http:\/\/culturaz.santoandre.sp.gov.br\/projeto\/1033<\/a>\n<\/h4><h4><strong>CAPACITA\u00c7\u00c3O<\/strong><br \/>\nMais informa\u00e7\u00f5es: <a href=\"http:\/\/culturaz.santoandre.sp.gov.br\/projeto\/1034\">http:\/\/culturaz.santoandre.sp.gov.br\/projeto\/1034<\/a>\n<\/h4><h4><strong>REDES DE COOPERA\u00c7\u00c3O<\/strong><br \/>\nMais informa\u00e7\u00f5es: <a href=\"http:\/\/culturaz.santoandre.sp.gov.br\/projeto\/1035\">http:\/\/culturaz.santoandre.sp.gov.br\/projeto\/1035<\/a>\n<\/h4><h4><strong>OR\u00c7AMENTO<\/strong><br \/>\nMais informa\u00e7\u00f5es:\u00a0<a href=\"http:\/\/culturaz.santoandre.sp.gov.br\/projeto\/1036\">http:\/\/culturaz.santoandre.sp.gov.br\/projeto\/1036<\/a>\n<\/h4><h4><strong>CONV\u00caNIOS<\/strong><br \/>\nMais informa\u00e7\u00f5es: <a href=\"http:\/\/culturaz.santoandre.sp.gov.br\/projeto\/1037\">http:\/\/culturaz.santoandre.sp.gov.br\/projeto\/1037<\/a>\n<\/h4>\n","protected":false},"excerpt":{"rendered":"<p>PROGRAMA GEST\u00c3O DE CULTURA\u00a0 O Programa Gest\u00e3o de Cultura\u00a0 \u00e9 respons\u00e1vel pela comunica\u00e7\u00e3o, participa\u00e7\u00e3o em redes de coopera\u00e7\u00e3o, capacita\u00e7\u00e3o, reposi\u00e7\u00e3o e reorganiza\u00e7\u00e3o de RH, atualiza\u00e7\u00e3o de equipamentos, adequa\u00e7\u00e3o do funcionamento dos equipamentos e servi\u00e7os, or\u00e7amento e conv\u00eanios. Mais informa\u00e7\u00f5es: http:\/\/culturaz.santoandre.sp.gov.br\/projeto\/1032 PROJETOS: COMUNICA\u00c7\u00c3O Mais informa\u00e7\u00f5es: http:\/\/culturaz.santoandre.sp.gov.br\/projeto\/1033 CAPACITA\u00c7\u00c3O Mais informa\u00e7\u00f5es: http:\/\/culturaz.santoandre.sp.gov.br\/projeto\/1034 REDES DE COOPERA\u00c7\u00c3O Mais informa\u00e7\u00f5es: http:\/\/culturaz.santoandre.sp.gov.br\/projeto\/1035&hellip;<\/p>\n","protected":false},"author":1,"featured_media":0,"parent":0,"menu_order":0,"comment_status":"closed","ping_status":"closed","template":"","meta":{"footnotes":""},"class_list":["post-12693","page","type-page","status-publish","hentry"],"jetpack_sharing_enabled":true,"_links":{"self":[{"href":"https:\/\/www3.santoandre.sp.gov.br\/cultura\/wp-json\/wp\/v2\/pages\/12693","targetHints":{"allow":["GET"]}}],"collection":[{"href":"https:\/\/www3.santoandre.sp.gov.br\/cultura\/wp-json\/wp\/v2\/pages"}],"about":[{"href":"https:\/\/www3.santoandre.sp.gov.br\/cultura\/wp-json\/wp\/v2\/types\/page"}],"author":[{"embeddable":true,"href":"https:\/\/www3.santoandre.sp.gov.br\/cultura\/wp-json\/wp\/v2\/users\/1"}],"replies":[{"embeddable":true,"href":"https:\/\/www3.santoandre.sp.gov.br\/cultura\/wp-json\/wp\/v2\/comments?post=12693"}],"version-history":[{"count":6,"href":"https:\/\/www3.santoandre.sp.gov.br\/cultura\/wp-json\/wp\/v2\/pages\/12693\/revisions"}],"predecessor-version":[{"id":14240,"href":"https:\/\/www3.santoandre.sp.gov.br\/cultura\/wp-json\/wp\/v2\/pages\/12693\/revisions\/14240"}],"wp:attachment":[{"href":"https:\/\/www3.santoandre.sp.gov.br\/cultura\/wp-json\/wp\/v2\/media?parent=12693"}],"curies":[{"name":"wp","href":"https:\/\/api.w.org\/{rel}","templated":true}]}}