
{"id":12688,"date":"2021-11-04T17:40:00","date_gmt":"2021-11-04T20:40:00","guid":{"rendered":"https:\/\/www3.santoandre.sp.gov.br\/cultura\/?page_id=12688"},"modified":"2022-06-20T10:27:13","modified_gmt":"2022-06-20T13:27:13","slug":"post-12688","status":"publish","type":"page","link":"https:\/\/www3.santoandre.sp.gov.br\/cultura\/post-12688\/","title":{"rendered":"Post #12688"},"content":{"rendered":"\n\n\t<h3><strong>PROGRAMA FRUI\u00c7\u00c3O DE CULTURA\u00a0<\/strong><\/h3>\n<p>O Programa de Frui\u00e7\u00e3o de Cultura\u00a0 promove atividades diversas relacionadas a eventos, ocupa\u00e7\u00e3o de equipamentos e recrea\u00e7\u00e3o, media\u00e7\u00f5es de leitura, etc.<\/p>\n<p>Mais informa\u00e7\u00f5es: <a href=\"http:\/\/culturaz.santoandre.sp.gov.br\/projeto\/958\" target=\"_blank\" rel=\"noopener\">http:\/\/culturaz.santoandre.sp.gov.br\/projeto\/958<\/a><\/p>\n\t<p><strong>PROJETOS:<\/strong><\/p>\n<h4><strong>DIFUS\u00c3O CULTURAL<\/strong><\/h4>\n<p>Mais informa\u00e7\u00f5es: <a href=\"http:\/\/culturaz.santoandre.sp.gov.br\/projeto\/960\/\">http:\/\/culturaz.santoandre.sp.gov.br\/projeto\/960\/<\/a><\/p>\n<h4><strong>OKUPA<\/strong><\/h4>\n<p>Mais informa\u00e7\u00f5es: <a href=\"http:\/\/culturaz.santoandre.sp.gov.br\/projeto\/444\/\">http:\/\/culturaz.santoandre.sp.gov.br\/projeto\/444\/<\/a><\/p>\n<h4><strong>OSSA &#8211; ORQUESTRA SINF\u00d4NICA DE SANTO ANDR\u00c9<\/strong><\/h4>\n<p>Mais informa\u00e7\u00f5es: <a href=\"http:\/\/culturaz.santoandre.sp.gov.br\/projeto\/965\">http:\/\/culturaz.santoandre.sp.gov.br\/projeto\/965<\/a><\/p>\n<h4><strong>ANIVERS\u00c1RIO DA CIDADE<\/strong><\/h4>\n<p>Mais informa\u00e7\u00f5es: <a href=\"http:\/\/culturaz.santoandre.sp.gov.br\/projeto\/150\">http:\/\/culturaz.santoandre.sp.gov.br\/projeto\/150<\/a><\/p>\n<h4><strong>FESTIVAL DE INVERNO DE PARANAPIACABA<\/strong><\/h4>\n<p>Mais informa\u00e7\u00f5es: <a href=\"http:\/\/culturaz.santoandre.sp.gov.br\/projeto\/102\">http:\/\/culturaz.santoandre.sp.gov.br\/projeto\/102<\/a><\/p>\n\n","protected":false},"excerpt":{"rendered":"<p>PROGRAMA FRUI\u00c7\u00c3O DE CULTURA\u00a0 O Programa de Frui\u00e7\u00e3o de Cultura\u00a0 promove atividades diversas relacionadas a eventos, ocupa\u00e7\u00e3o de equipamentos e recrea\u00e7\u00e3o, media\u00e7\u00f5es de leitura, etc. Mais informa\u00e7\u00f5es: http:\/\/culturaz.santoandre.sp.gov.br\/projeto\/958 PROJETOS: DIFUS\u00c3O CULTURAL Mais informa\u00e7\u00f5es: http:\/\/culturaz.santoandre.sp.gov.br\/projeto\/960\/ OKUPA Mais informa\u00e7\u00f5es: http:\/\/culturaz.santoandre.sp.gov.br\/projeto\/444\/ OSSA &#8211; ORQUESTRA SINF\u00d4NICA DE SANTO ANDR\u00c9 Mais informa\u00e7\u00f5es: http:\/\/culturaz.santoandre.sp.gov.br\/projeto\/965 ANIVERS\u00c1RIO DA CIDADE Mais informa\u00e7\u00f5es: http:\/\/culturaz.santoandre.sp.gov.br\/projeto\/150 FESTIVAL&hellip;<\/p>\n","protected":false},"author":1,"featured_media":0,"parent":0,"menu_order":0,"comment_status":"closed","ping_status":"closed","template":"","meta":{"footnotes":""},"class_list":["post-12688","page","type-page","status-publish","hentry"],"jetpack_sharing_enabled":true,"_links":{"self":[{"href":"https:\/\/www3.santoandre.sp.gov.br\/cultura\/wp-json\/wp\/v2\/pages\/12688","targetHints":{"allow":["GET"]}}],"collection":[{"href":"https:\/\/www3.santoandre.sp.gov.br\/cultura\/wp-json\/wp\/v2\/pages"}],"about":[{"href":"https:\/\/www3.santoandre.sp.gov.br\/cultura\/wp-json\/wp\/v2\/types\/page"}],"author":[{"embeddable":true,"href":"https:\/\/www3.santoandre.sp.gov.br\/cultura\/wp-json\/wp\/v2\/users\/1"}],"replies":[{"embeddable":true,"href":"https:\/\/www3.santoandre.sp.gov.br\/cultura\/wp-json\/wp\/v2\/comments?post=12688"}],"version-history":[{"count":10,"href":"https:\/\/www3.santoandre.sp.gov.br\/cultura\/wp-json\/wp\/v2\/pages\/12688\/revisions"}],"predecessor-version":[{"id":14237,"href":"https:\/\/www3.santoandre.sp.gov.br\/cultura\/wp-json\/wp\/v2\/pages\/12688\/revisions\/14237"}],"wp:attachment":[{"href":"https:\/\/www3.santoandre.sp.gov.br\/cultura\/wp-json\/wp\/v2\/media?parent=12688"}],"curies":[{"name":"wp","href":"https:\/\/api.w.org\/{rel}","templated":true}]}}