
{"id":12685,"date":"2021-11-04T17:32:31","date_gmt":"2021-11-04T20:32:31","guid":{"rendered":"https:\/\/www3.santoandre.sp.gov.br\/cultura\/?page_id=12685"},"modified":"2022-04-18T12:27:37","modified_gmt":"2022-04-18T15:27:37","slug":"post-12685","status":"publish","type":"page","link":"https:\/\/www3.santoandre.sp.gov.br\/cultura\/post-12685\/","title":{"rendered":"Post #12685"},"content":{"rendered":"\n\n\t<h3><strong>PROGRAMA APOIO \u00c0 PRODU\u00c7\u00c3O CULTURAL<\/strong><\/h3>\n<p>O Programa Apoio a Produ\u00e7\u00e3o Cultural \u00e9 o embri\u00e3o do Programa Economia da Cultura e envolve a disponibiliza\u00e7\u00e3o de Editais \/ Convocat\u00f3rias, a realiza\u00e7\u00e3o de rodadas de neg\u00f3cios, capacita\u00e7\u00e3o para projetos, assessoria aos produtores, divulga\u00e7\u00e3o de oportunidades de financiamento, dentre outras a\u00e7\u00f5es.<\/p>\n<p>Mais informa\u00e7\u00f5es: <a href=\"http:\/\/culturaz.santoandre.sp.gov.br\/projeto\/966\" target=\"_blank\" rel=\"noopener\">http:\/\/culturaz.santoandre.sp.gov.br\/projeto\/966<\/a><\/p>\n\t<p><strong>PROJETOS:<\/strong><\/p>\n<p><strong>BANCO DE PROJETOS CULTURAIS<\/strong><\/p>\n<p>Mais informa\u00e7\u00f5es: <a href=\"https:\/\/culturaz.santoandre.sp.gov.br\/projeto\/967\">https:\/\/culturaz.santoandre.sp.gov.br\/projeto\/967<\/a><\/p>\n<h4><strong>ENCONTRO DE PRODUTORES CULTURAIS<\/strong><\/h4>\n<p>Mais informa\u00e7\u00f5es: <a href=\"http:\/\/culturaz.santoandre.sp.gov.br\/projeto\/968\">http:\/\/culturaz.santoandre.sp.gov.br\/projeto\/968<\/a><\/p>\n<h4><strong>BANCO DE OPORTUNIDADES<\/strong><\/h4>\n<p>Mais informa\u00e7\u00f5es: <a href=\"http:\/\/culturaz.santoandre.sp.gov.br\/projeto\/969\">http:\/\/culturaz.santoandre.sp.gov.br\/projeto\/969<\/a><\/p>\n<h4><strong>FESTIVAL MULTICULTURAL<\/strong><\/h4>\n<p>Mais informa\u00e7\u00f5es: <a href=\"http:\/\/culturaz.santoandre.sp.gov.br\/projeto\/973\">http:\/\/culturaz.santoandre.sp.gov.br\/projeto\/973<\/a><\/p>\n\n","protected":false},"excerpt":{"rendered":"<p>PROGRAMA APOIO \u00c0 PRODU\u00c7\u00c3O CULTURAL O Programa Apoio a Produ\u00e7\u00e3o Cultural \u00e9 o embri\u00e3o do Programa Economia da Cultura e envolve a disponibiliza\u00e7\u00e3o de Editais \/ Convocat\u00f3rias, a realiza\u00e7\u00e3o de rodadas de neg\u00f3cios, capacita\u00e7\u00e3o para projetos, assessoria aos produtores, divulga\u00e7\u00e3o de oportunidades de financiamento, dentre outras a\u00e7\u00f5es. Mais informa\u00e7\u00f5es: http:\/\/culturaz.santoandre.sp.gov.br\/projeto\/966 PROJETOS: BANCO DE PROJETOS CULTURAIS&hellip;<\/p>\n","protected":false},"author":1,"featured_media":0,"parent":0,"menu_order":0,"comment_status":"closed","ping_status":"closed","template":"","meta":{"footnotes":""},"class_list":["post-12685","page","type-page","status-publish","hentry"],"jetpack_sharing_enabled":true,"_links":{"self":[{"href":"https:\/\/www3.santoandre.sp.gov.br\/cultura\/wp-json\/wp\/v2\/pages\/12685","targetHints":{"allow":["GET"]}}],"collection":[{"href":"https:\/\/www3.santoandre.sp.gov.br\/cultura\/wp-json\/wp\/v2\/pages"}],"about":[{"href":"https:\/\/www3.santoandre.sp.gov.br\/cultura\/wp-json\/wp\/v2\/types\/page"}],"author":[{"embeddable":true,"href":"https:\/\/www3.santoandre.sp.gov.br\/cultura\/wp-json\/wp\/v2\/users\/1"}],"replies":[{"embeddable":true,"href":"https:\/\/www3.santoandre.sp.gov.br\/cultura\/wp-json\/wp\/v2\/comments?post=12685"}],"version-history":[{"count":5,"href":"https:\/\/www3.santoandre.sp.gov.br\/cultura\/wp-json\/wp\/v2\/pages\/12685\/revisions"}],"predecessor-version":[{"id":13867,"href":"https:\/\/www3.santoandre.sp.gov.br\/cultura\/wp-json\/wp\/v2\/pages\/12685\/revisions\/13867"}],"wp:attachment":[{"href":"https:\/\/www3.santoandre.sp.gov.br\/cultura\/wp-json\/wp\/v2\/media?parent=12685"}],"curies":[{"name":"wp","href":"https:\/\/api.w.org\/{rel}","templated":true}]}}