
{"id":12680,"date":"2021-11-04T17:23:31","date_gmt":"2021-11-04T20:23:31","guid":{"rendered":"https:\/\/www3.santoandre.sp.gov.br\/cultura\/?page_id=12680"},"modified":"2023-07-10T12:37:07","modified_gmt":"2023-07-10T15:37:07","slug":"post-12680","status":"publish","type":"page","link":"https:\/\/www3.santoandre.sp.gov.br\/cultura\/post-12680\/","title":{"rendered":"Post #12680"},"content":{"rendered":"\n\n\t<h3><strong>PROGRAMA A\u00c7\u00c3O CULTURAL E TERRITORIAL<\/strong><\/h3>\n<p>O Programa A\u00e7\u00e3o Cultural e Territorial \u00e9 o principal eixo de a\u00e7\u00e3o da atual gest\u00e3o da Secretaria de Cultura, acolhendo a gest\u00e3o de equipamentos e projetos, com foco nos territ\u00f3rios e suas caracter\u00edsticas culturais. Integra a pol\u00edtica cultural de descentraliza\u00e7\u00e3o com valoriza\u00e7\u00e3o das culturas locais de forma compartilhada e colaborativa, atrav\u00e9s da escuta e participa\u00e7\u00e3o cidad\u00e3.<\/p>\n<p>Prop\u00f5e processos de mapeamento, organiza\u00e7\u00e3o, articula\u00e7\u00e3o, capacita\u00e7\u00e3o e potencializa\u00e7\u00e3o de agentes e iniciativas das comunidades locais perif\u00e9ricas da cidade, para que assumam o protagonismo na ocupa\u00e7\u00e3o de espa\u00e7os e equipamentos p\u00fablicos, bem como na realiza\u00e7\u00e3o de a\u00e7\u00f5es culturais nos territ\u00f3rios.<\/p>\n<p>Mais informa\u00e7\u00f5es: <a href=\"http:\/\/culturaz.santoandre.sp.gov.br\/projeto\/925\/\" target=\"_blank\" rel=\"noopener\">http:\/\/culturaz.santoandre.sp.gov.br\/projeto\/925\/<\/a><\/p>\n<p>&nbsp;<\/p>\n\t<p><strong>PROJETOS:<\/strong><\/p>\n<h4><strong>A\u00c7\u00c3O TERRITORIAL<\/strong><\/h4>\n<p>Mais informa\u00e7\u00f5es: <a href=\"http:\/\/culturaz.santoandre.sp.gov.br\/projeto\/926\/\">http:\/\/culturaz.santoandre.sp.gov.br\/projeto\/926\/<\/a><\/p>\n<h4><strong>SANTO ANDR\u00c9 DE M\u00daLTIPLOS TONS<\/strong><\/h4>\n<p>Mais informa\u00e7\u00f5es: <a href=\"http:\/\/culturaz.santoandre.sp.gov.br\/projeto\/927\/\">http:\/\/culturaz.santoandre.sp.gov.br\/projeto\/927\/<\/a><\/p>\n<h4><strong>SANTO ANDR\u00c9 \u00c9 VOC\u00ca!<\/strong><\/h4>\n<p>Mais informa\u00e7\u00f5es: <a href=\"http:\/\/culturaz.santoandre.sp.gov.br\/projeto\/928\/\">http:\/\/culturaz.santoandre.sp.gov.br\/projeto\/928\/<\/a><\/p>\n<h4><strong>BAIRROS: INCLUINDO MEM\u00d3RIAS, INCUINDO CIDAD\u00c3OS<\/strong><\/h4>\n<p>Mais informa\u00e7\u00f5es:<\/p>\n<h4><strong>GEST\u00c3O INTEGRADA DE BIBLIOTECAS<\/strong><\/h4>\n<p>Mais informa\u00e7\u00f5es: <a href=\"http:\/\/culturaz.santoandre.sp.gov.br\/projeto\/931\/\">http:\/\/culturaz.santoandre.sp.gov.br\/projeto\/931\/<\/a><\/p>\n<h4><strong>BIBLIOTECAS VIVAS<\/strong><\/h4>\n<p>Mais informa\u00e7\u00f5es: <a href=\"http:\/\/culturaz.santoandre.sp.gov.br\/projeto\/932\/\">http:\/\/culturaz.santoandre.sp.gov.br\/projeto\/932\/<\/a><\/p>\n<h4><strong>TERRIT\u00d3RIOS DE CULTURA<\/strong><\/h4>\n<p>Mais informa\u00e7\u00f5es:<a href=\"http:\/\/culturaz.santoandre.sp.gov.br\/agente\/1956\/\">\u00a0<\/a><a href=\"http:\/\/culturaz.santoandre.sp.gov.br\/projeto\/218\/\">http:\/\/culturaz.santoandre.sp.gov.br\/projeto\/218\/<\/a><\/p>\n\n","protected":false},"excerpt":{"rendered":"<p>PROGRAMA A\u00c7\u00c3O CULTURAL E TERRITORIAL O Programa A\u00e7\u00e3o Cultural e Territorial \u00e9 o principal eixo de a\u00e7\u00e3o da atual gest\u00e3o da Secretaria de Cultura, acolhendo a gest\u00e3o de equipamentos e projetos, com foco nos territ\u00f3rios e suas caracter\u00edsticas culturais. Integra a pol\u00edtica cultural de descentraliza\u00e7\u00e3o com valoriza\u00e7\u00e3o das culturas locais de forma compartilhada e colaborativa,&hellip;<\/p>\n","protected":false},"author":1,"featured_media":0,"parent":0,"menu_order":0,"comment_status":"closed","ping_status":"closed","template":"","meta":{"footnotes":""},"class_list":["post-12680","page","type-page","status-publish","hentry"],"jetpack_sharing_enabled":true,"_links":{"self":[{"href":"https:\/\/www3.santoandre.sp.gov.br\/cultura\/wp-json\/wp\/v2\/pages\/12680","targetHints":{"allow":["GET"]}}],"collection":[{"href":"https:\/\/www3.santoandre.sp.gov.br\/cultura\/wp-json\/wp\/v2\/pages"}],"about":[{"href":"https:\/\/www3.santoandre.sp.gov.br\/cultura\/wp-json\/wp\/v2\/types\/page"}],"author":[{"embeddable":true,"href":"https:\/\/www3.santoandre.sp.gov.br\/cultura\/wp-json\/wp\/v2\/users\/1"}],"replies":[{"embeddable":true,"href":"https:\/\/www3.santoandre.sp.gov.br\/cultura\/wp-json\/wp\/v2\/comments?post=12680"}],"version-history":[{"count":5,"href":"https:\/\/www3.santoandre.sp.gov.br\/cultura\/wp-json\/wp\/v2\/pages\/12680\/revisions"}],"predecessor-version":[{"id":39693,"href":"https:\/\/www3.santoandre.sp.gov.br\/cultura\/wp-json\/wp\/v2\/pages\/12680\/revisions\/39693"}],"wp:attachment":[{"href":"https:\/\/www3.santoandre.sp.gov.br\/cultura\/wp-json\/wp\/v2\/media?parent=12680"}],"curies":[{"name":"wp","href":"https:\/\/api.w.org\/{rel}","templated":true}]}}