
{"id":12677,"date":"2021-11-04T16:56:07","date_gmt":"2021-11-04T19:56:07","guid":{"rendered":"https:\/\/www3.santoandre.sp.gov.br\/cultura\/?page_id=12677"},"modified":"2022-06-20T10:50:43","modified_gmt":"2022-06-20T13:50:43","slug":"plano-municipal","status":"publish","type":"page","link":"https:\/\/www3.santoandre.sp.gov.br\/cultura\/plano-municipal\/","title":{"rendered":"Plano Municipal"},"content":{"rendered":"\n\n\t<h2><strong>PLANO MUNICIPAL DE CULTURA<\/strong><\/h2>\n<p>&nbsp;<\/p>\n<p>O Plano Municipal de Cultura passou por revis\u00e3o de metas junto ao Conselho Municipal de Pol\u00edticas Culturais, tendo sido objeto de Confer\u00eancia Extraordin\u00e1ria em 17 de agosto de 2017 e criado por lei em fevereiro de 2019.<\/p>\n<p>Mais informa\u00e7\u00f5es: <a href=\"http:\/\/culturaz.santoandre.sp.gov.br\/projeto\/110\" target=\"_blank\" rel=\"noopener\">http:\/\/culturaz.santoandre.sp.gov.br\/projeto\/110<\/a><\/p>\n<p>&nbsp;<\/p>\n\t\t\t\t<a href=\"https:\/\/www3.santoandre.sp.gov.br\/cultura\/wp-content\/uploads\/2022\/06\/PLANO-MUNICIPAL-DE-CULTURA-ERRATA-100622.pdf\" target=\"_blank\" rel=\"noopener\" itemprop=\"url\">\n\t\t\t\t<img loading=\"lazy\" decoding=\"async\" src=\"https:\/\/www3.santoandre.sp.gov.br\/cultura\/wp-content\/uploads\/2022\/04\/capa-PMC.png\" alt=\"capa PMC\" itemprop=\"image\" height=\"300\" width=\"212\" title=\"capa PMC\" onerror=\"this.style.display='none'\"  \/>\n\t\t\t\t<\/a>\n\t<p><img loading=\"lazy\" decoding=\"async\" src=\"https:\/\/www3.santoandre.sp.gov.br\/cultura\/wp-content\/uploads\/2022\/01\/SELO-PMC-2022-286x300.png\" alt=\"\" width=\"57\" height=\"60\" \/><\/p>\n<p>Esta a\u00e7\u00e3o atende \u00e0 Estrat\u00e9gia 5.3, Meta 32 do Plano Municipal de Cultura de Santo Andr\u00e9: &#8220;Informa\u00e7\u00f5es sobre pol\u00edticas, programas e projetos organizadas e disponibilizadas em meio digital a partir da aprova\u00e7\u00e3o do Plano&#8221;.<\/p>\n\n","protected":false},"excerpt":{"rendered":"<p>PLANO MUNICIPAL DE CULTURA &nbsp; O Plano Municipal de Cultura passou por revis\u00e3o de metas junto ao Conselho Municipal de Pol\u00edticas Culturais, tendo sido objeto de Confer\u00eancia Extraordin\u00e1ria em 17 de agosto de 2017 e criado por lei em fevereiro de 2019. Mais informa\u00e7\u00f5es: http:\/\/culturaz.santoandre.sp.gov.br\/projeto\/110 &nbsp; Esta a\u00e7\u00e3o atende \u00e0 Estrat\u00e9gia 5.3, Meta 32 do&hellip;<\/p>\n","protected":false},"author":1,"featured_media":0,"parent":0,"menu_order":0,"comment_status":"closed","ping_status":"closed","template":"","meta":{"footnotes":""},"class_list":["post-12677","page","type-page","status-publish","hentry"],"jetpack_sharing_enabled":true,"_links":{"self":[{"href":"https:\/\/www3.santoandre.sp.gov.br\/cultura\/wp-json\/wp\/v2\/pages\/12677","targetHints":{"allow":["GET"]}}],"collection":[{"href":"https:\/\/www3.santoandre.sp.gov.br\/cultura\/wp-json\/wp\/v2\/pages"}],"about":[{"href":"https:\/\/www3.santoandre.sp.gov.br\/cultura\/wp-json\/wp\/v2\/types\/page"}],"author":[{"embeddable":true,"href":"https:\/\/www3.santoandre.sp.gov.br\/cultura\/wp-json\/wp\/v2\/users\/1"}],"replies":[{"embeddable":true,"href":"https:\/\/www3.santoandre.sp.gov.br\/cultura\/wp-json\/wp\/v2\/comments?post=12677"}],"version-history":[{"count":14,"href":"https:\/\/www3.santoandre.sp.gov.br\/cultura\/wp-json\/wp\/v2\/pages\/12677\/revisions"}],"predecessor-version":[{"id":14248,"href":"https:\/\/www3.santoandre.sp.gov.br\/cultura\/wp-json\/wp\/v2\/pages\/12677\/revisions\/14248"}],"wp:attachment":[{"href":"https:\/\/www3.santoandre.sp.gov.br\/cultura\/wp-json\/wp\/v2\/media?parent=12677"}],"curies":[{"name":"wp","href":"https:\/\/api.w.org\/{rel}","templated":true}]}}