
{"id":12516,"date":"2021-09-17T05:56:28","date_gmt":"2021-09-17T08:56:28","guid":{"rendered":"https:\/\/www3.santoandre.sp.gov.br\/cultura\/?page_id=12516"},"modified":"2022-06-20T10:40:10","modified_gmt":"2022-06-20T13:40:10","slug":"institucional","status":"publish","type":"page","link":"https:\/\/www3.santoandre.sp.gov.br\/cultura\/institucional\/","title":{"rendered":"Institucional"},"content":{"rendered":"\n\n\t<p><strong>A Secretaria de Cultura<\/strong><\/p>\n\t\t\t\t<img loading=\"lazy\" decoding=\"async\" src=\"https:\/\/www3.santoandre.sp.gov.br\/cultura\/wp-content\/uploads\/2022\/06\/ca7ff01b-2388-4940-a773-f1925b0fb9e7.jpg\" alt=\"ca7ff01b-2388-4940-a773-f1925b0fb9e7\" itemprop=\"image\" height=\"1200\" width=\"1600\" title=\"ca7ff01b-2388-4940-a773-f1925b0fb9e7\" onerror=\"this.style.display='none'\"  \/>\n\t<p>A Secretaria de Cultura de Santo Andr\u00e9 (Secult) \u00e9 a pasta respons\u00e1vel por elaborar, executar e avaliar pol\u00edticas p\u00fablicas de Cultura na cidade. \u00c9 composta pelas diretorias de Cultura e de Planejamento e Projetos Especiais.<\/p>\n<p>Fazem parte da estrutura 30 equipamentos e diversos programas e projetos que colocam em pr\u00e1tica a pol\u00edtica cultural de Santo Andr\u00e9 como, por exemplo, o programa de A\u00e7\u00e3o Territorial, que traduz o novo olhar sobre o trabalho na \u00e1rea. O organograma completo pode ser conferido <a href=\"https:\/\/www3.santoandre.sp.gov.br\/cultura\/organograma-2\/\">AQUI<\/a>.<\/p>\n<p>A Secult atua de forma a atender \u00e0s 55 metas dispostas no Plano Municipal de Cultura, com uma pol\u00edtica baseada em programas de forma estruturada e interconectada.<\/p>\n<p>Conceito &#8211; Para inaugurar uma nova fase de como entender e trabalhar Cultura, uma premissa foi institu\u00edda e pode ser sintetizada por uma f\u00f3rmula simples: trabalhar menos &#8220;para&#8221; e mais &#8220;com&#8221; a popula\u00e7\u00e3o.<\/p>\n\t<p>A Secult prioriza a articula\u00e7\u00e3o com e entre as diversas manifesta\u00e7\u00f5es culturais de Santo Andr\u00e9, reconhece que o poder p\u00fablico n\u00e3o produz cultura, n\u00e3o deve impor pautas ou est\u00e9ticas, mas fortalecer a autonomia e as potencialidades existentes nos diversos territ\u00f3rios da cidade. Desta maneira, as a\u00e7\u00f5es realizadas com o or\u00e7amento p\u00fablico passam a ser prioritariamente fruto desta articula\u00e7\u00e3o, deixando de lado a fun\u00e7\u00e3o de mera programadora de eventos.<\/p>\n<p>Para aplicar este novo modo de trabalho, foi preciso tamb\u00e9m ampliar o significado do que \u00e9 Cultura. Para a Secult, Cultura \u00e9 todo processo humano que se constr\u00f3i na pr\u00e1tica social e que pode contribuir com a elabora\u00e7\u00e3o de pol\u00edticas p\u00fablicas que promovam inclus\u00e3o sociocultural, reconhecendo-se as diversidades constitu\u00eddas hist\u00f3rica e socialmente.<\/p>\n<p>Para alcan\u00e7ar esta amplitude conceitual, a SECULT segue as premissas dos Sistemas Nacional e Municipal de Cultura a partir das dimens\u00f5es simb\u00f3lica, cidad\u00e3 e econ\u00f4mica da cultura, objetivando o fortalecimento das rela\u00e7\u00f5es com e entre as pessoas a cidade, centrando esfor\u00e7os no mapeamento, reconhecimento e potencializa\u00e7\u00e3o de a\u00e7\u00f5es que j\u00e1 acontecem nos territ\u00f3rios que comp\u00f5em Santo Andr\u00e9.<\/p>\n<p><strong>S\u00e3o diretrizes da Secretaria de Cultura:<\/strong><\/p>\n<ul>\n<li>promover a participa\u00e7\u00e3o e a escuta formal e informal da sociedade civil no processo de formula\u00e7\u00e3o e avalia\u00e7\u00e3o de pol\u00edticas culturais;<\/li>\n<li>mapear, reconhecer e valorizar a diversidade cultural;<\/li>\n<li>criar mecanismos de compartilhamento de informa\u00e7\u00f5es que garantam a transpar\u00eancia das a\u00e7\u00f5es p\u00fablicas.<\/li>\n<\/ul>\n\n","protected":false},"excerpt":{"rendered":"<p>A Secretaria de Cultura A Secretaria de Cultura de Santo Andr\u00e9 (Secult) \u00e9 a pasta respons\u00e1vel por elaborar, executar e avaliar pol\u00edticas p\u00fablicas de Cultura na cidade. \u00c9 composta pelas diretorias de Cultura e de Planejamento e Projetos Especiais. Fazem parte da estrutura 30 equipamentos e diversos programas e projetos que colocam em pr\u00e1tica a&hellip;<\/p>\n","protected":false},"author":1,"featured_media":0,"parent":0,"menu_order":0,"comment_status":"closed","ping_status":"closed","template":"","meta":{"footnotes":""},"class_list":["post-12516","page","type-page","status-publish","hentry"],"jetpack_sharing_enabled":true,"_links":{"self":[{"href":"https:\/\/www3.santoandre.sp.gov.br\/cultura\/wp-json\/wp\/v2\/pages\/12516","targetHints":{"allow":["GET"]}}],"collection":[{"href":"https:\/\/www3.santoandre.sp.gov.br\/cultura\/wp-json\/wp\/v2\/pages"}],"about":[{"href":"https:\/\/www3.santoandre.sp.gov.br\/cultura\/wp-json\/wp\/v2\/types\/page"}],"author":[{"embeddable":true,"href":"https:\/\/www3.santoandre.sp.gov.br\/cultura\/wp-json\/wp\/v2\/users\/1"}],"replies":[{"embeddable":true,"href":"https:\/\/www3.santoandre.sp.gov.br\/cultura\/wp-json\/wp\/v2\/comments?post=12516"}],"version-history":[{"count":15,"href":"https:\/\/www3.santoandre.sp.gov.br\/cultura\/wp-json\/wp\/v2\/pages\/12516\/revisions"}],"predecessor-version":[{"id":14244,"href":"https:\/\/www3.santoandre.sp.gov.br\/cultura\/wp-json\/wp\/v2\/pages\/12516\/revisions\/14244"}],"wp:attachment":[{"href":"https:\/\/www3.santoandre.sp.gov.br\/cultura\/wp-json\/wp\/v2\/media?parent=12516"}],"curies":[{"name":"wp","href":"https:\/\/api.w.org\/{rel}","templated":true}]}}