
{"id":11528,"date":"2020-10-13T15:34:34","date_gmt":"2020-10-13T18:34:34","guid":{"rendered":"https:\/\/www3.santoandre.sp.gov.br\/agendacultural\/site\/fale-conosco\/"},"modified":"2026-01-26T17:46:35","modified_gmt":"2026-01-26T20:46:35","slug":"fale-conosco","status":"publish","type":"page","link":"https:\/\/www3.santoandre.sp.gov.br\/cultura\/fale-conosco\/","title":{"rendered":"Fale conosco"},"content":{"rendered":"\n<form>\n\t\t            <!-- Render Heading Module  -->\n    <!-- Main Title -->\n        <h1>\n\t\t\t\t\tFale Conosco\t\t\t    <\/h1>\n<!-- Separator -->\n<!-- subtitle section -->\n        <h4>Mande sua mensagem <\/h4>\n                        <input type=\"text\" name=\"njba-first-name\"\n                               value=\"\"  placeholder=\"Nome\" \/>\n                    Please enter your first name.\n                        <input type=\"email\" name=\"njba-email\" value=\"\"\n\t\t\t\t\t\t       placeholder=\"Email\"\/>\n                    Please enter an email.\n                    Please enter a valid email address.\n                        <input type=\"text\" name=\"njba-subject\" value=\"\"\n\t\t\t\t\t\t       placeholder=\"Assunto\"\/>\n                    Please enter a subject.\n                        <textarea name=\"njba-message\"\n                                  placeholder=\"Deixe sua mensagem\"><\/textarea>\n                    Please enter a message.\n        <!-- Render Button Module  -->\n    <a href=\"#\" target=\"_self\">\n\t\t\t\t        Enviar\n\t\t    <\/a>\n\t    Falha no envio\n<\/form>\n    <p>Obrigado por contatar a Secretaria de Cultura de Santo Andr\u00e9!Em breve retornaremos.<\/p>\n\t<strong>Secretaria de Cultura de Santo Andr\u00e9<\/strong><br \/>\nPra\u00e7a IV Centen\u00e1rio, s\/n\u00ba &#8211; Centro &#8211; Santo Andr\u00e9\/SP<br \/>\nPr\u00e9dio da Biblioteca &#8211; 3\u00ba andar<br \/>\nCEP 09015-080<br \/>\n(11) 4433-0730<br \/>\nsecult.santoandre@santoandre.sp.gov.br\n<p>&nbsp;<\/p>\n\t<p><strong>Siga nossas redes sociais<\/strong><\/p>\n<p>Facebook: <a href=\"https:\/\/www.facebook.com\/secult.santoandre\">https:\/\/www.facebook.com\/secult.santoandre<\/a><\/p>\n<p>Instagram: <a href=\"https:\/\/www.instagram.com\/secult.santoandre\/\">https:\/\/www.instagram.com\/secult.santoandre<\/a><\/p>\n<p>YouTube: <a href=\"https:\/\/bit.ly\/YouTube_SecretariadeCulturaSA\">https:\/\/bit.ly\/YouTube_SecretariadeCulturaSA<\/a><\/p>\n\n","protected":false},"excerpt":{"rendered":"<p>Fale Conosco Mande sua mensagem Please enter your first name. Please enter an email. Please enter a valid email address. Please enter a subject. Please enter a message. Enviar Falha no envio Obrigado por contatar a Secretaria de Cultura de Santo Andr\u00e9!Em breve retornaremos. Secretaria de Cultura de Santo Andr\u00e9 Pra\u00e7a IV Centen\u00e1rio, s\/n\u00ba &#8211;&hellip;<\/p>\n","protected":false},"author":2,"featured_media":0,"parent":0,"menu_order":0,"comment_status":"closed","ping_status":"closed","template":"","meta":{"footnotes":""},"class_list":["post-11528","page","type-page","status-publish","hentry"],"jetpack_sharing_enabled":true,"_links":{"self":[{"href":"https:\/\/www3.santoandre.sp.gov.br\/cultura\/wp-json\/wp\/v2\/pages\/11528","targetHints":{"allow":["GET"]}}],"collection":[{"href":"https:\/\/www3.santoandre.sp.gov.br\/cultura\/wp-json\/wp\/v2\/pages"}],"about":[{"href":"https:\/\/www3.santoandre.sp.gov.br\/cultura\/wp-json\/wp\/v2\/types\/page"}],"author":[{"embeddable":true,"href":"https:\/\/www3.santoandre.sp.gov.br\/cultura\/wp-json\/wp\/v2\/users\/2"}],"replies":[{"embeddable":true,"href":"https:\/\/www3.santoandre.sp.gov.br\/cultura\/wp-json\/wp\/v2\/comments?post=11528"}],"version-history":[{"count":5,"href":"https:\/\/www3.santoandre.sp.gov.br\/cultura\/wp-json\/wp\/v2\/pages\/11528\/revisions"}],"predecessor-version":[{"id":70732,"href":"https:\/\/www3.santoandre.sp.gov.br\/cultura\/wp-json\/wp\/v2\/pages\/11528\/revisions\/70732"}],"wp:attachment":[{"href":"https:\/\/www3.santoandre.sp.gov.br\/cultura\/wp-json\/wp\/v2\/media?parent=11528"}],"curies":[{"name":"wp","href":"https:\/\/api.w.org\/{rel}","templated":true}]}}