
{"id":11527,"date":"2020-10-13T15:33:52","date_gmt":"2020-10-13T18:33:52","guid":{"rendered":"https:\/\/www3.santoandre.sp.gov.br\/agendacultural\/site\/espacos-culturais\/"},"modified":"2026-02-02T16:10:34","modified_gmt":"2026-02-02T19:10:34","slug":"espacos-culturais","status":"publish","type":"page","link":"https:\/\/www3.santoandre.sp.gov.br\/cultura\/espacos-culturais\/","title":{"rendered":"Espa\u00e7os Culturais"},"content":{"rendered":"\n\n\t<h1><strong>Espa\u00e7os Culturais\u00a0<\/strong><\/h1>\n\t<strong>AUDIT\u00d3RIO HELENY GUARIBA<\/strong><br \/>\nPra\u00e7a IV Centen\u00e1rio, s\/n\u00ba, Centro, Santo Andr\u00e9 &#8211; SP<br \/>\nTelefone: (11) 4433-0789<br \/>\nMais informa\u00e7\u00f5es: <a href=\"http:\/\/culturaz.santoandre.sp.gov.br\/espaco\/14\/\">http:\/\/culturaz.santoandre.sp.gov.br\/espaco\/14\/<\/a>\n<p>&nbsp;<\/p>\n<strong>BIBLIOTECA CATA PRETA<\/strong><br \/>\nEstrada da Cata Preta, 810, Vila Jo\u00e3o Ramalho, Santo Andr\u00e9 &#8211; SP<br \/>\nTelefone: (11) 3356-7730<br \/>\nMais informa\u00e7\u00f5es: <a href=\"http:\/\/culturaz.santoandre.sp.gov.br\/espaco\/23\/\">http:\/\/culturaz.santoandre.sp.gov.br\/espaco\/23\/<\/a>\n<p>&nbsp;<\/p>\n<strong>BIBLIOTECA DE PARANAPIACABA \u00c1BIA FERREIRA FRANCISCO<\/strong><br \/>\nAv. Rodrigues Alves, s\/n\u00ba, Vila de Paranapiacaba, Santo Andr\u00e9 &#8211; SP<br \/>\nMais informa\u00e7\u00f5es: <a href=\"http:\/\/culturaz.santoandre.sp.gov.br\/espaco\/28\/\">http:\/\/culturaz.santoandre.sp.gov.br\/espaco\/28\/<\/a>\n<p>&nbsp;<\/p>\n<strong>BIBLIOTECA DISTRITAL CEC\u00cdLIA MEIRELES<\/strong><br \/>\nPra\u00e7a Waldemar Soares, s\/n\u00ba, Parque das Na\u00e7\u00f5es, Santo Andr\u00e9 &#8211; SP<br \/>\nTelefone: (11) 4401-4533<br \/>\nMais informa\u00e7\u00f5es: <a href=\"http:\/\/culturaz.santoandre.sp.gov.br\/espaco\/22\/\">http:\/\/culturaz.santoandre.sp.gov.br\/espaco\/22\/<\/a>\n<p>&nbsp;<\/p>\n<strong>BIBLIOTECA DO MUSEU DE SANTO ANDR\u00c9<\/strong><br \/>\nRua Senador Fl\u00e1quer, 470 &#8211; Centro, Santo Andr\u00e9 &#8211; SP<br \/>\nMais informa\u00e7\u00f5es:<br \/>\nBIBLIOTECA ESCOLA LIVRE DE DAN\u00c7A<br \/>\nRua Eduardo Monteiro, 410, Jardim Bela Vista, Santo Andr\u00e9 &#8211; SP<br \/>\nTelefone: (11) 4438-5021<br \/>\nMais informa\u00e7\u00f5es: <a href=\"http:\/\/culturaz.santoandre.sp.gov.br\/espaco\/75\/\">http:\/\/culturaz.santoandre.sp.gov.br\/espaco\/75\/<\/a>\n<p>&nbsp;<\/p>\n<strong>BIBLIOTECA NAIR LACERDA<\/strong><br \/>\nPra\u00e7a IV Centen\u00e1rio, s\/n\u00ba, Centro, Santo Andr\u00e9 &#8211; SP<br \/>\nTelefone: (11) 4433-0768<br \/>\nMais informa\u00e7\u00f5es: <a href=\"http:\/\/culturaz.santoandre.sp.gov.br\/espaco\/21\/\">http:\/\/culturaz.santoandre.sp.gov.br\/espaco\/21\/<\/a>\n<p>&nbsp;<\/p>\n<strong>BIBLIOTECA NOVO ORAT\u00d3RIO<\/strong><br \/>\nRua Tanganica, 385, Parque Novo Orat\u00f3rio, Santo Andr\u00e9 &#8211; SP<br \/>\nTelefone: (11) 4479-0303<br \/>\nMais informa\u00e7\u00f5es: <a href=\"http:\/\/culturaz.santoandre.sp.gov.br\/espaco\/25\/\">http:\/\/culturaz.santoandre.sp.gov.br\/espaco\/25\/<\/a>\n<p>&nbsp;<\/p>\n<strong>BIBLIOTECA PARQUE ERASMO<\/strong><br \/>\nRua Ipanema, 253, Parque Erasmo Assun\u00e7\u00e3o, Santo Andr\u00e9 &#8211; SP<br \/>\nTelefone: (11) 3356-7958<br \/>\nMais informa\u00e7\u00f5es: <a href=\"http:\/\/culturaz.santoandre.sp.gov.br\/espaco\/24\/\">http:\/\/culturaz.santoandre.sp.gov.br\/espaco\/24\/<\/a>\n<p>&nbsp;<\/p>\n<strong>BIBLIOTECA SANTO ALBERTO<\/strong><br \/>\nRua Petr\u00f3grado, s\/n\u00ba, Jardim Santo Alberto, Santo Andr\u00e9 &#8211; SP<br \/>\nMais informa\u00e7\u00f5es: <a href=\"http:\/\/culturaz.santoandre.sp.gov.br\/espaco\/105\/\">http:\/\/culturaz.santoandre.sp.gov.br\/espaco\/105\/<\/a>\n<p>&nbsp;<\/p>\n<strong>BIBLIOTECA VILA FLORESTA<\/strong><br \/>\nRua Parintins, 344, Vila Floresta, Santo Andr\u00e9 &#8211; SP<br \/>\nTelefone: (11) 3356-7779<br \/>\nMais informa\u00e7\u00f5es: <a href=\"http:\/\/culturaz.santoandre.sp.gov.br\/espaco\/30\/\">http:\/\/culturaz.santoandre.sp.gov.br\/espaco\/30\/<\/a>\n<p>&nbsp;<\/p>\n<strong>BIBLIOTECA VILA HUMAIT\u00c1<\/strong><br \/>\nRua Guerra Junqueira, 366, Vila Humait\u00e1, Santo Andr\u00e9 &#8211; SP<br \/>\nTelefone: (11) 3356-7782<br \/>\nMais informa\u00e7\u00f5es: <a href=\"http:\/\/culturaz.santoandre.sp.gov.br\/espaco\/27\/\">http:\/\/culturaz.santoandre.sp.gov.br\/espaco\/27\/<\/a>\n<p>&nbsp;<\/p>\n<strong>BIBLIOTECA VILA LINDA<\/strong><br \/>\nRua Carij\u00f3s, 2.286, Vila Linda, Santo Andr\u00e9 &#8211; SP<br \/>\nTelefone: (11) 3356-8021<br \/>\nMais informa\u00e7\u00f5es: <a href=\"http:\/\/culturaz.santoandre.sp.gov.br\/espaco\/31\/\">http:\/\/culturaz.santoandre.sp.gov.br\/espaco\/31\/<\/a>\n<p>&nbsp;<\/p>\n<strong>BIBLIOTECA VILA PALMARES<\/strong><br \/>\nRua Armando Rocha, 220, Vila Palmares, Santo Andr\u00e9 &#8211; SP<br \/>\nMais informa\u00e7\u00f5es: <a href=\"http:\/\/culturaz.santoandre.sp.gov.br\/espaco\/32\/\">http:\/\/culturaz.santoandre.sp.gov.br\/espaco\/32\/<\/a>\n<p>&nbsp;<\/p>\n<strong>A CASA<\/strong><br \/>\nAv. Industrial, 1740 &#8211; Bairro Jardim<br \/>\nMais informa\u00e7\u00f5es: <a <ahttps:\/\/culturaz.santoandre.sp.gov.br\/espaco\/715\/#info\">https:\/\/culturaz.santoandre.sp.gov.br\/espaco\/715\/#info<\/a>\n\t<strong>CASA DA PALAVRA M\u00c1RIO QUINTANA<\/strong><br \/>\n Pra\u00e7a do Carmo, 171, Centro, Santo Andr\u00e9 &#8211; SP<br \/>\nTelefone: (11) 4427-7701<br \/>\nMais informa\u00e7\u00f5es:<a href=\"http:\/\/culturaz.santoandre.sp.gov.br\/espaco\/135\/\"> http:\/\/culturaz.santoandre.sp.gov.br\/espaco\/135\/<\/a>\n<p>&nbsp;<\/p>\n<strong>CASA DO OLHAR LUIZ SACILOTTO<\/strong><br \/>\n Rua Campos Sales, 414, Centro, Santo Andr\u00e9 &#8211; SP<br \/>\nTelefone: (11) 4992-7730<br \/>\nMais informa\u00e7\u00f5es:<a href=\"http:\/\/culturaz.santoandre.sp.gov.br\/espaco\/5\/\"> http:\/\/culturaz.santoandre.sp.gov.br\/espaco\/5\/<\/a>\n<p>&nbsp;<\/p>\n<strong>CENTRO CULTURAL ANTONIO CHIARELLI<\/strong><br \/>\n Pra\u00e7a IV Centen\u00e1rio, s\/n\u00ba, Centro, Santo Andr\u00e9 &#8211; SP<br \/>\nMais informa\u00e7\u00f5es:<a href=\"http:\/\/culturaz.santoandre.sp.gov.br\/espaco\/441\/\"> http:\/\/culturaz.santoandre.sp.gov.br\/espaco\/441\/<\/a>\n<p>&nbsp;<\/p>\n<strong>CEU ANA MARIA<\/strong><br \/>\n Pra\u00e7a Vereador Ven\u00e2ncio Neto, s\/n\u00ba, Jardim Ana Maria, Santo Andr\u00e9 &#8211; SP<br \/>\nMais informa\u00e7\u00f5es:<a href=\"http:\/\/culturaz.santoandre.sp.gov.br\/espaco\/259\/\"> http:\/\/culturaz.santoandre.sp.gov.br\/espaco\/259\/<\/a>\n<p>&nbsp;<\/p>\n<strong>CINE THEATRO DE VARIEDADES CARLOS GOMES<\/strong><br \/>\n Rua Senador Flaquer, 110, Centro, Santo Andr\u00e9 &#8211; SP<br \/>\nMais informa\u00e7\u00f5es:<a href=\"http:\/\/culturaz.santoandre.sp.gov.br\/espaco\/117\/\"> http:\/\/culturaz.santoandre.sp.gov.br\/espaco\/117\/<\/a>\n<p>&nbsp;<\/p>\n<strong>ELCV &#8211; ESCOLA LIVRE DE CINEMA E V\u00cdDEO<\/strong><br \/>\n Av. Industrial, 1740 &#8211; Bairro Jardim<br \/>\nTelefone: (11) 4461-2081<br \/>\nMais informa\u00e7\u00f5es:<a href=\"http:\/\/culturaz.santoandre.sp.gov.br\/espaco\/8\/\"> http:\/\/culturaz.santoandre.sp.gov.br\/espaco\/8\/<\/a>\n<p>&nbsp;<\/p>\n<strong>CENTRO DE DAN\u00c7A (Sede da ELD &#8211; ESCOLA LIVRE DE DAN\u00c7A)<\/strong><br \/>\n Rua Eduardo Monteiro, 410, Jardim Bela Vista, Santo Andr\u00e9 &#8211; SP<br \/>\nTelefone: (11) 4438-5021<br \/>\nMais informa\u00e7\u00f5es:<a href=\"http:\/\/culturaz.santoandre.sp.gov.br\/espaco\/6\/\"> http:\/\/culturaz.santoandre.sp.gov.br\/espaco\/6\/<\/a>\n<p>&nbsp;<\/p>\n<strong>ELT &#8211; ESCOLA LIVRE DE TEATRO (PROJETO)<\/strong><br \/>\n Pra\u00e7a Rui Barbosa, 12, Santa Terezinha, Santo Andr\u00e9 &#8211; SP<br \/>\nTelefone: (11) 4990-4474<br \/>\nMais informa\u00e7\u00f5es:<a href=\"http:\/\/culturaz.santoandre.sp.gov.br\/espaco\/170\/\"> http:\/\/culturaz.santoandre.sp.gov.br\/espaco\/170\/<\/a>\n<p>&nbsp;<\/p>\n<strong>ESCOLA MUNICIPAL DE INICIA\u00c7\u00c3O ART\u00cdSTICA &#8211; EMIA ARON FELDMAN (SEDE DO HARAS JA\u00c7ATUBA)<\/strong><br \/>\n Av. Itamarati, 536, Parque Ja\u00e7atuba, Santo Andr\u00e9 &#8211; SP<br \/>\nTelefone: (11) 4476-7437<br \/>\nMais informa\u00e7\u00f5es:<a href=\"http:\/\/culturaz.santoandre.sp.gov.br\/espaco\/226\/\"> http:\/\/culturaz.santoandre.sp.gov.br\/espaco\/226\/<\/a>\n<p>&nbsp;<\/p>\n<strong>ESPA\u00c7O PERMANENTE DO ACERVO DE ARTE CONTEMPOR\u00c2NEA DE SANTO ANDR\u00c9 &#8211; PINACOTECA (DESATIVADO)<\/strong><br \/>\n Rua Juqui\u00e1, Sem n\u00famero, Vila Eld\u00edzia, Santo Andr\u00e9 &#8211; SP<br \/>\nTelefone: (11) 4992-7730<br \/>\nMais informa\u00e7\u00f5es:<a href=\"http:\/\/culturaz.santoandre.sp.gov.br\/espaco\/10\/\"> http:\/\/culturaz.santoandre.sp.gov.br\/espaco\/10\/<\/a>\n<p>&nbsp;<\/p>\n<strong>MUSEU DE SANTO ANDR\u00c9 DR OCTAVIANO ARMANDO GAIARSA<\/strong><br \/>\n Rua Senador Fl\u00e1quer, 470, Centro, Santo Andr\u00e9 &#8211; SP<br \/>\nTelefone: (11) 4436-3631<br \/>\nMais informa\u00e7\u00f5es:<a href=\"http:\/\/culturaz.santoandre.sp.gov.br\/espaco\/334\/\"> http:\/\/culturaz.santoandre.sp.gov.br\/espaco\/334\/<\/a>\n<p>&nbsp;<\/p>\n<strong>SAL\u00c3O DE EXPOSI\u00c7\u00d5ES<\/strong><br \/>\n Pra\u00e7a IV Centen\u00e1rio, s\/n\u00ba, Sagu\u00e3o do Teatro Municipal de Santo Andr\u00e9, Centro, Santo Andr\u00e9 &#8211; SP<br \/>\nMais informa\u00e7\u00f5es:<a href=\"http:\/\/culturaz.santoandre.sp.gov.br\/espaco\/11\/\"> http:\/\/culturaz.santoandre.sp.gov.br\/espaco\/11\/<\/a>\n<p>&nbsp;<\/p>\n<strong>TEATRO CONCHITA DE MORAES<\/strong><br \/>\n Pra\u00e7a Rui Barbosa, s\/n\u00ba, Santa Terezinha, Santo Andr\u00e9 &#8211; SP<br \/>\nTelefone: (11) 4996-2164<br \/>\nMais informa\u00e7\u00f5es:<a href=\"http:\/\/culturaz.santoandre.sp.gov.br\/espaco\/9\/\"> http:\/\/culturaz.santoandre.sp.gov.br\/espaco\/9\/<\/a>\n<p>&nbsp;<\/p>\n<strong>TEATRO MUNICIPAL MAESTRO FLAVIO FLORENCE<\/strong><br \/>\n Pra\u00e7a IV Centen\u00e1rio, s\/n\u00ba, Pa\u00e7o Municipal de Santo Andr\u00e9, Centro, Santo Andr\u00e9 &#8211; SP<br \/>\nTelefone: (11) 4433-0789<br \/>\nMais informa\u00e7\u00f5es:<a href=\"http:\/\/culturaz.santoandre.sp.gov.br\/espaco\/12\/\"> http:\/\/culturaz.santoandre.sp.gov.br\/espaco\/12\/<\/a>\n\n","protected":false},"excerpt":{"rendered":"<p>Espa\u00e7os Culturais\u00a0 AUDIT\u00d3RIO HELENY GUARIBA Pra\u00e7a IV Centen\u00e1rio, s\/n\u00ba, Centro, Santo Andr\u00e9 &#8211; SP Telefone: (11) 4433-0789 Mais informa\u00e7\u00f5es: http:\/\/culturaz.santoandre.sp.gov.br\/espaco\/14\/ &nbsp; BIBLIOTECA CATA PRETA Estrada da Cata Preta, 810, Vila Jo\u00e3o Ramalho, Santo Andr\u00e9 &#8211; SP Telefone: (11) 3356-7730 Mais informa\u00e7\u00f5es: http:\/\/culturaz.santoandre.sp.gov.br\/espaco\/23\/ &nbsp; BIBLIOTECA DE PARANAPIACABA \u00c1BIA FERREIRA FRANCISCO Av. Rodrigues Alves, s\/n\u00ba, Vila de&hellip;<\/p>\n","protected":false},"author":2,"featured_media":0,"parent":0,"menu_order":0,"comment_status":"closed","ping_status":"closed","template":"","meta":{"footnotes":""},"class_list":["post-11527","page","type-page","status-publish","hentry"],"jetpack_sharing_enabled":true,"_links":{"self":[{"href":"https:\/\/www3.santoandre.sp.gov.br\/cultura\/wp-json\/wp\/v2\/pages\/11527","targetHints":{"allow":["GET"]}}],"collection":[{"href":"https:\/\/www3.santoandre.sp.gov.br\/cultura\/wp-json\/wp\/v2\/pages"}],"about":[{"href":"https:\/\/www3.santoandre.sp.gov.br\/cultura\/wp-json\/wp\/v2\/types\/page"}],"author":[{"embeddable":true,"href":"https:\/\/www3.santoandre.sp.gov.br\/cultura\/wp-json\/wp\/v2\/users\/2"}],"replies":[{"embeddable":true,"href":"https:\/\/www3.santoandre.sp.gov.br\/cultura\/wp-json\/wp\/v2\/comments?post=11527"}],"version-history":[{"count":11,"href":"https:\/\/www3.santoandre.sp.gov.br\/cultura\/wp-json\/wp\/v2\/pages\/11527\/revisions"}],"predecessor-version":[{"id":70754,"href":"https:\/\/www3.santoandre.sp.gov.br\/cultura\/wp-json\/wp\/v2\/pages\/11527\/revisions\/70754"}],"wp:attachment":[{"href":"https:\/\/www3.santoandre.sp.gov.br\/cultura\/wp-json\/wp\/v2\/media?parent=11527"}],"curies":[{"name":"wp","href":"https:\/\/api.w.org\/{rel}","templated":true}]}}