
{"id":11521,"date":"2020-10-13T15:30:39","date_gmt":"2020-10-13T18:30:39","guid":{"rendered":"https:\/\/www3.santoandre.sp.gov.br\/agendacultural\/site\/equipe\/"},"modified":"2026-01-26T17:15:28","modified_gmt":"2026-01-26T20:15:28","slug":"equipe","status":"publish","type":"page","link":"https:\/\/www3.santoandre.sp.gov.br\/cultura\/equipe\/","title":{"rendered":"Equipe"},"content":{"rendered":"\n\n\t<p><strong>Equipe<\/strong><\/p>\n\tSecret\u00e1ria de Cultura <br \/>\n<strong><\/strong><strong>Az\u00ea Diniz<\/strong><br \/>\n Telefone: (11) 4433-0730 <br \/>\nE-mail: <a href=\"secultsantoandre@santoandre.sp.gov.br\">secultsantoandre<\/a>@santoandre.sp.gov.br\n\tSecret\u00e1rio Adjunto de Cultura <br \/>\n<strong><\/strong><strong>Douglas Almeida Leite<\/strong><br \/>\n Telefone: (11) 4433-0730 <br \/>\nE-mail:\u00a0 <a href=\"mailto:emdiniz@santoandre.sp.gov.br\">secultsantoandre@santoandre.sp.gov.br<\/a>\n\t<strong>DIRETORIA DE CULTURA<\/strong><br \/>\n <strong>Fernando<\/strong> <strong>Rios<\/strong><br \/>\n Telefone: (11) 4433-0728<br \/>\nE-mail:\u00a0 <a href=\"mailto:mmoretto@santoandre.sp.gov.br\"> frandrade@santoandre.sp.gov.br<\/a>\n\tDIRETORIA DE PLANEJAMENTO, OR\u00c7AMENTO E INDICADORES CULTURAIS<br \/>\n<strong>Ariel Gruman Castello<\/strong><br \/>\n Telefone: (11) 4433-0729 <br \/>\nE-mail:\u00a0 <a href=\"http:\/\/agcastelo\">agcastelo@santoandre.sp.gov.br<\/a>\n\tDIRETORIA DE BIBLIOTECAS, PRESERVA\u00c7\u00c3O E MEMORIA <br \/>\n<strong><\/strong><strong>Marco<\/strong> <strong>Moretto<\/strong><br \/>\n Telefone: (11) 4433-0421 <br \/>\nE-mail:\u00a0 <a href=\"mailto:mmoretto@santoandre.sp.gov.br\">mmoretto@santoandre.sp.gov.br<\/a>\n\n","protected":false},"excerpt":{"rendered":"<p>Equipe Secret\u00e1ria de Cultura Az\u00ea Diniz Telefone: (11) 4433-0730 E-mail: secultsantoandre@santoandre.sp.gov.br Secret\u00e1rio Adjunto de Cultura Douglas Almeida Leite Telefone: (11) 4433-0730 E-mail:\u00a0 secultsantoandre@santoandre.sp.gov.br DIRETORIA DE CULTURA Fernando Rios Telefone: (11) 4433-0728 E-mail:\u00a0 frandrade@santoandre.sp.gov.br DIRETORIA DE PLANEJAMENTO, OR\u00c7AMENTO E INDICADORES CULTURAIS Ariel Gruman Castello Telefone: (11) 4433-0729 E-mail:\u00a0 agcastelo@santoandre.sp.gov.br DIRETORIA DE BIBLIOTECAS, PRESERVA\u00c7\u00c3O E MEMORIA Marco&hellip;<\/p>\n","protected":false},"author":2,"featured_media":0,"parent":0,"menu_order":0,"comment_status":"closed","ping_status":"closed","template":"","meta":{"footnotes":""},"class_list":["post-11521","page","type-page","status-publish","hentry"],"jetpack_sharing_enabled":true,"_links":{"self":[{"href":"https:\/\/www3.santoandre.sp.gov.br\/cultura\/wp-json\/wp\/v2\/pages\/11521","targetHints":{"allow":["GET"]}}],"collection":[{"href":"https:\/\/www3.santoandre.sp.gov.br\/cultura\/wp-json\/wp\/v2\/pages"}],"about":[{"href":"https:\/\/www3.santoandre.sp.gov.br\/cultura\/wp-json\/wp\/v2\/types\/page"}],"author":[{"embeddable":true,"href":"https:\/\/www3.santoandre.sp.gov.br\/cultura\/wp-json\/wp\/v2\/users\/2"}],"replies":[{"embeddable":true,"href":"https:\/\/www3.santoandre.sp.gov.br\/cultura\/wp-json\/wp\/v2\/comments?post=11521"}],"version-history":[{"count":11,"href":"https:\/\/www3.santoandre.sp.gov.br\/cultura\/wp-json\/wp\/v2\/pages\/11521\/revisions"}],"predecessor-version":[{"id":70730,"href":"https:\/\/www3.santoandre.sp.gov.br\/cultura\/wp-json\/wp\/v2\/pages\/11521\/revisions\/70730"}],"wp:attachment":[{"href":"https:\/\/www3.santoandre.sp.gov.br\/cultura\/wp-json\/wp\/v2\/media?parent=11521"}],"curies":[{"name":"wp","href":"https:\/\/api.w.org\/{rel}","templated":true}]}}