{"id":37313,"date":"2021-11-22T11:53:17","date_gmt":"2021-11-22T14:53:17","guid":{"rendered":"https:\/\/www3.santoandre.sp.gov.br\/cultura\/acervosculturais\/?page_id=37313"},"modified":"2022-05-17T06:01:14","modified_gmt":"2022-05-17T09:01:14","slug":"uso-de-imagem","status":"publish","type":"page","link":"https:\/\/www3.santoandre.sp.gov.br\/cultura\/acervosculturais\/uso-de-imagem\/","title":{"rendered":"Uso de imagem"},"content":{"rendered":"\n<h1 class=\"has-text-align-center wp-block-heading\">Normas para uso de imagens do Portal de Acervos Culturais de       Santo Andr\u00e9<\/h1>\n\n\n\n<p class=\"has-text-color\" style=\"color:#0b0a0a\"><\/p>\n\n\n\n<p class=\"has-text-color\" style=\"color:#0b0a0a\">Todas as informa\u00e7\u00f5es e imagens contidas no Portal de Acervos Culturais de Santo Andr\u00e9 podem ser utilizadas gratuitamente, desde que destinadas para consultas, pesquisas, divulga\u00e7\u00e3o e atividades educativas.<\/p>\n\n\n\n<p class=\"has-text-color\" style=\"color:#0b0a0a\">A utiliza\u00e7\u00e3o para finalidades diversas e comerciais deve ter autoriza\u00e7\u00e3o pr\u00e9via. Especificamente para estes casos, para obter autoriza\u00e7\u00e3o para reprodu\u00e7\u00e3o das imagens, deve-se encaminhar o pedido preenchendo formul\u00e1rio espec\u00edfico\u00a0<em><a href=\"https:\/\/www3.santoandre.sp.gov.br\/cultura\/?page_id=14010\">(<\/a><a href=\"https:\/\/www3.santoandre.sp.gov.br\/cultura\/?page_id=14010\" target=\"_blank\" rel=\"noreferrer noopener\">clique aqui<\/a><a href=\"https:\/\/www3.santoandre.sp.gov.br\/cultura\/?page_id=14010\">)<\/a><\/em>.<\/p>\n\n\n\n<p class=\"has-text-color\" style=\"color:#0b0a0a\">A Prefeitura de Santo Andr\u00e9 n\u00e3o se responsabiliza pelo uso indevido por terceiros das imagens disponibilizadas neste site.<\/p>\n\n\n\n<p class=\"has-text-color\" style=\"color:#0b0a0a\">Algumas obras podem conter imagens de viol\u00eancia ou nudez.<\/p>\n\n\n\n<p class=\"has-text-color\" style=\"color:#0b0a0a\">Em todo e qualquer caso<a><\/a>&nbsp;\u00e9 obrigat\u00f3ria a cita\u00e7\u00e3o do cr\u00e9dito da imagem, n\u00e3o importando o formato, tamanho ou meio de apresenta\u00e7\u00e3o.<\/p>\n\n\n\n<p class=\"has-text-color\" style=\"color:#0b0a0a\">Este cr\u00e9dito dever\u00e1 ter as seguintes informa\u00e7\u00f5es: Legenda, data, autoria das fotos (quando houver), Cole\u00e7\u00e3o, Acervo Museu de Santo Andr\u00e9 Dr. Octaviano Gaiarsa ou Casa do Olhar (conforme imagem).<\/p>\n\n\n\n<p class=\"has-text-color\" style=\"color:#0b0a0a\">Ao utilizar as imagens dispon\u00edveis no Portal de Acervos Culturais de Santo Andr\u00e9, atente para as permiss\u00f5es definidas na licen\u00e7a:<\/p>\n\n\n\n<div class=\"wp-block-image\"><figure class=\"alignleft size-full is-resized\"><img decoding=\"async\" data-attachment-id=\"123638\" data-permalink=\"https:\/\/www3.santoandre.sp.gov.br\/cultura\/acervosculturais\/uso-de-imagem\/imagem1\/\" data-orig-file=\"https:\/\/www3.santoandre.sp.gov.br\/cultura\/acervosculturais\/wp-content\/uploads\/2022\/04\/Imagem1.png\" data-orig-size=\"709,248\" data-comments-opened=\"1\" data-image-meta=\"{&quot;aperture&quot;:&quot;0&quot;,&quot;credit&quot;:&quot;&quot;,&quot;camera&quot;:&quot;&quot;,&quot;caption&quot;:&quot;&quot;,&quot;created_timestamp&quot;:&quot;0&quot;,&quot;copyright&quot;:&quot;&quot;,&quot;focal_length&quot;:&quot;0&quot;,&quot;iso&quot;:&quot;0&quot;,&quot;shutter_speed&quot;:&quot;0&quot;,&quot;title&quot;:&quot;&quot;,&quot;orientation&quot;:&quot;0&quot;}\" data-image-title=\"Imagem1\" data-image-description=\"\" data-image-caption=\"\" data-large-file=\"https:\/\/www3.santoandre.sp.gov.br\/cultura\/acervosculturais\/wp-content\/uploads\/2022\/04\/Imagem1.png\" src=\"https:\/\/www3.santoandre.sp.gov.br\/cultura\/acervosculturais\/wp-content\/uploads\/2022\/04\/Imagem1.png\" alt=\"\" class=\"wp-image-123638\" width=\"177\" height=\"62\" srcset=\"https:\/\/www3.santoandre.sp.gov.br\/cultura\/acervosculturais\/wp-content\/uploads\/2022\/04\/Imagem1.png 709w, https:\/\/www3.santoandre.sp.gov.br\/cultura\/acervosculturais\/wp-content\/uploads\/2022\/04\/Imagem1-300x105.png 300w, https:\/\/www3.santoandre.sp.gov.br\/cultura\/acervosculturais\/wp-content\/uploads\/2022\/04\/Imagem1-205x72.png 205w\" sizes=\"(max-width: 177px) 100vw, 177px\" \/><\/figure><\/div>\n\n\n\n<p class=\"has-text-color\" style=\"color:#0a0000\"><strong><a href=\"https:\/\/creativecommons.org\/licenses\/by-nc-nd\/4.0\/\">CC BY-NC-ND<\/a><\/strong>&nbsp;: Esta licen\u00e7a permite que os reutilizadores copiem e distribuam o material em qualquer meio ou formato apenas de forma n\u00e3o adaptada, apenas para fins n\u00e3o comerciais e apenas enquanto a atribui\u00e7\u00e3o for dada ao criador.&nbsp;<\/p>\n","protected":false},"excerpt":{"rendered":"<p>Normas para uso de imagens do Portal de Acervos Culturais de Santo Andr\u00e9 Todas as informa\u00e7\u00f5es e imagens contidas no Portal de Acervos Culturais de Santo Andr\u00e9 podem ser utilizadas gratuitamente, desde que destinadas para consultas, pesquisas, divulga\u00e7\u00e3o e atividades educativas. A utiliza\u00e7\u00e3o para finalidades diversas e comerciais deve ter autoriza\u00e7\u00e3o pr\u00e9via. Especificamente para estes [&hellip;]<\/p>\n","protected":false},"author":2,"featured_media":0,"parent":0,"menu_order":0,"comment_status":"closed","ping_status":"closed","template":"","meta":{"content-type":"","footnotes":""},"class_list":["post-37313","page","type-page","status-publish","hentry"],"blocksy_meta":{"styles_descriptor":{"styles":{"desktop":"","tablet":"","mobile":""},"google_fonts":[],"version":6}},"jetpack_sharing_enabled":true,"_links":{"self":[{"href":"https:\/\/www3.santoandre.sp.gov.br\/cultura\/acervosculturais\/wp-json\/wp\/v2\/pages\/37313","targetHints":{"allow":["GET"]}}],"collection":[{"href":"https:\/\/www3.santoandre.sp.gov.br\/cultura\/acervosculturais\/wp-json\/wp\/v2\/pages"}],"about":[{"href":"https:\/\/www3.santoandre.sp.gov.br\/cultura\/acervosculturais\/wp-json\/wp\/v2\/types\/page"}],"author":[{"embeddable":true,"href":"https:\/\/www3.santoandre.sp.gov.br\/cultura\/acervosculturais\/wp-json\/wp\/v2\/users\/2"}],"replies":[{"embeddable":true,"href":"https:\/\/www3.santoandre.sp.gov.br\/cultura\/acervosculturais\/wp-json\/wp\/v2\/comments?post=37313"}],"version-history":[{"count":6,"href":"https:\/\/www3.santoandre.sp.gov.br\/cultura\/acervosculturais\/wp-json\/wp\/v2\/pages\/37313\/revisions"}],"predecessor-version":[{"id":123723,"href":"https:\/\/www3.santoandre.sp.gov.br\/cultura\/acervosculturais\/wp-json\/wp\/v2\/pages\/37313\/revisions\/123723"}],"wp:attachment":[{"href":"https:\/\/www3.santoandre.sp.gov.br\/cultura\/acervosculturais\/wp-json\/wp\/v2\/media?parent=37313"}],"curies":[{"name":"wp","href":"https:\/\/api.w.org\/{rel}","templated":true}]}}