{"id":37311,"date":"2021-11-22T11:53:17","date_gmt":"2021-11-22T14:53:17","guid":{"rendered":"https:\/\/www3.santoandre.sp.gov.br\/cultura\/acervosculturais\/?page_id=37311"},"modified":"2023-05-18T14:30:57","modified_gmt":"2023-05-18T17:30:57","slug":"museu","status":"publish","type":"page","link":"https:\/\/www3.santoandre.sp.gov.br\/cultura\/acervosculturais\/museu\/","title":{"rendered":"Museu"},"content":{"rendered":"\n\n<h1>Museu de Santo Andr\u00e9 Dr. Octaviano Armando Gaiarsa\u00a0<\/h1>\n<ul>\n<li><button type=\"button\" aria-label=\"Remove\"><\/button><a id=\"collection-id-1\" href=\"https:\/\/www3.santoandre.sp.gov.br\/cultura\/acervosculturais\/museu-de-santo-andre-dr-octaviano-armando-gaiarsa\/\"><img decoding=\"async\" src=\"https:\/\/www3.santoandre.sp.gov.br\/cultura\/acervosculturais\/wp-content\/uploads\/2021\/10\/MINIATURAS-220X220-ACERVO-MUSEU-PRETO.png\" alt=\"Museu de Santo Andr\u00e9 Dr. Octaviano Armando Gaiarsa\" \/>Museu de Santo Andr\u00e9 Dr. Octaviano Armando Gaiarsa<\/a><\/li>\n<\/ul>\n<p>O primeiro n\u00facleo de acervo do Museu de Santo Andr\u00e9 foi formado pela documenta\u00e7\u00e3o conhecida como &#8220;Fundo C\u00e2mara de S\u00e3o Bernardo&#8221;, repassada pela Biblioteca Central de Santo Andr\u00e9 em 1982. Esta documenta\u00e7\u00e3o havia sido transferida na d\u00e9cada de 1960 \u00e0 Sra. Nair Lacerda, ent\u00e3o respons\u00e1vel pela Biblioteca, com a inten\u00e7\u00e3o de ser preservada por ser considerada hist\u00f3rica. Re\u00fane documentos, impressos, datilografados e manuscritos que versam sobre a cria\u00e7\u00e3o do munic\u00edpio de S\u00e3o Bernardo, que abrangia toda a regi\u00e3o do ABC a partir de 1890. S\u00e3o documentos respons\u00e1veis pelas decis\u00f5es legislativas e solicita\u00e7\u00f5es de mun\u00edcipes aos v\u00e1rios servi\u00e7os p\u00fablicos que se iniciavam na cidade.<\/p>\n<p>Com a tentativa de criar o Museu de Santo Andr\u00e9, o projeto &#8220;Museu Hist\u00f3rico Pedag\u00f3gico Am\u00e9rico Brasiliense&#8221;. Uma exposi\u00e7\u00e3o foi montada no Instituto que leva o nome do Museu, criado por Decreto. Naquela iniciativa, diversas informa\u00e7\u00f5es de interesse para a forma\u00e7\u00e3o de acervo, por\u00e9m nada foi mantido e as pe\u00e7as e documentos tiveram destino desconhecido.<\/p>\n<p>Na d\u00e9cada de 1970, a Prefeitura de Santo Andr\u00e9 realizou campanha de coleta para forma\u00e7\u00e3o do acervo municipal. A a\u00e7\u00e3o, intitulada &#8220;Nosso Passado Pode Estar com Voc\u00ea&#8221;, reuniu em exposi\u00e7\u00e3o no Sal\u00e3o de Exposi\u00e7\u00f5es do Centro C\u00edvico grande n\u00famero de fotos, objetos e outros documentos. N\u00e3o h\u00e1 levantamento total daquelas doa\u00e7\u00f5es, mas manteve-se a cole\u00e7\u00e3o de Anais da C\u00e2mara Municipal de Santo Andr\u00e9 do per\u00edodo de 1948 a 1962, al\u00e9m de fotos com imigrantes japoneses e objetos como a primeira m\u00e1quina de tricot Lanofix.<\/p>\n<p>A partir de 1982, com a forma\u00e7\u00e3o da Comiss\u00e3o Organizadora do Museu de Santo Andr\u00e9, foi iniciada coleta de forma mais t\u00e9cnica. Foram visitados v\u00e1rios setores da Prefeitura e captados muitos itens. Na mesma \u00e9poca foram efetuadas doa\u00e7\u00f5es de grandes cole\u00e7\u00f5es de artistas pl\u00e1sticos como Paulo Chaves e Guido Poianas, de escritores como Octaviano Armando Gaiarsa e de objetos de atividades esportivas da Rhodia.<\/p>\n<p>Atualmente, o Museu de Santo Andr\u00e9 Dr. Octaviano Armando Gaiarsa possui aproximadamente 70 mil itens, entre objetos, imagens e documenta\u00e7\u00e3o textual, datados do final do s\u00e9culo 19 at\u00e9 os dias atuais. A capta\u00e7\u00e3o \u00e9 um trabalho incans\u00e1vel e constante. Muitas vezes, a iniciativa parte dos pr\u00f3prios doadores interessados em salvaguardar a mem\u00f3ria da cidade. As pessoas que desejem doar itens podem entrar em contato pelo e-mail <a href=\"mailto:museu@santoandre.sp.gov.br\">museu@santoandre.sp.gov.br<\/a>.<\/p>\n<p>Saiba mais sobre o Museu de Santo Andr\u00e9 Dr. Armando Gaiarsa <a href=\"https:\/\/culturaz.santoandre.sp.gov.br\/espaco\/3\/\" target=\"_blank\" rel=\"noreferrer noopener\">AQUI<\/a>.<\/p>\n\n","protected":false},"excerpt":{"rendered":"<p>Museu de Santo Andr\u00e9 Dr. Octaviano Armando Gaiarsa\u00a0 Museu de Santo Andr\u00e9 Dr. Octaviano Armando Gaiarsa O primeiro n\u00facleo de acervo do Museu de Santo Andr\u00e9 foi formado pela documenta\u00e7\u00e3o conhecida como &#8220;Fundo C\u00e2mara de S\u00e3o Bernardo&#8221;, repassada pela Biblioteca Central de Santo Andr\u00e9 em 1982. Esta documenta\u00e7\u00e3o havia sido transferida na d\u00e9cada de 1960 [&hellip;]<\/p>\n","protected":false},"author":2,"featured_media":0,"parent":0,"menu_order":0,"comment_status":"closed","ping_status":"closed","template":"","meta":{"_angie_page":false,"content-type":"","footnotes":""},"class_list":["post-37311","page","type-page","status-publish","hentry"],"blocksy_meta":{"styles_descriptor":{"styles":{"desktop":"","tablet":"","mobile":""},"google_fonts":[],"version":6}},"jetpack_sharing_enabled":true,"_links":{"self":[{"href":"https:\/\/www3.santoandre.sp.gov.br\/cultura\/acervosculturais\/wp-json\/wp\/v2\/pages\/37311","targetHints":{"allow":["GET"]}}],"collection":[{"href":"https:\/\/www3.santoandre.sp.gov.br\/cultura\/acervosculturais\/wp-json\/wp\/v2\/pages"}],"about":[{"href":"https:\/\/www3.santoandre.sp.gov.br\/cultura\/acervosculturais\/wp-json\/wp\/v2\/types\/page"}],"author":[{"embeddable":true,"href":"https:\/\/www3.santoandre.sp.gov.br\/cultura\/acervosculturais\/wp-json\/wp\/v2\/users\/2"}],"replies":[{"embeddable":true,"href":"https:\/\/www3.santoandre.sp.gov.br\/cultura\/acervosculturais\/wp-json\/wp\/v2\/comments?post=37311"}],"version-history":[{"count":4,"href":"https:\/\/www3.santoandre.sp.gov.br\/cultura\/acervosculturais\/wp-json\/wp\/v2\/pages\/37311\/revisions"}],"predecessor-version":[{"id":123846,"href":"https:\/\/www3.santoandre.sp.gov.br\/cultura\/acervosculturais\/wp-json\/wp\/v2\/pages\/37311\/revisions\/123846"}],"wp:attachment":[{"href":"https:\/\/www3.santoandre.sp.gov.br\/cultura\/acervosculturais\/wp-json\/wp\/v2\/media?parent=37311"}],"curies":[{"name":"wp","href":"https:\/\/api.w.org\/{rel}","templated":true}]}}