{"id":37207,"date":"2021-10-18T11:01:59","date_gmt":"2021-10-18T14:01:59","guid":{"rendered":"https:\/\/www3.santoandre.sp.gov.br\/cultura\/acervosculturais\/?page_id=37207"},"modified":"2024-04-24T15:08:08","modified_gmt":"2024-04-24T18:08:08","slug":"https-www3-santoandre-sp-gov-br-cultura-acervosculturais-colecoes","status":"publish","type":"page","link":"https:\/\/www3.santoandre.sp.gov.br\/cultura\/acervosculturais\/","title":{"rendered":"Portal de Acervos Culturais de Santo Andr\u00e9"},"content":{"rendered":"<h1 style=\"text-align: center;\">Portal de acervos culturais de Santo Andr\u00e9&nbsp;<\/h1>\n\n\n<div class=\"wp-block-columns is-layout-flex wp-container-core-columns-is-layout-28f84493 wp-block-columns-is-layout-flex\">\n<div class=\"wp-block-column has-text-color is-layout-flow wp-block-column-is-layout-flow\" style=\"color:#101010\">\n<figure class=\"wp-block-image size-large is-resized\"><img decoding=\"async\" src=\"https:\/\/www3.santoandre.sp.gov.br\/cultura\/acervosculturais\/wp-content\/uploads\/2022\/03\/fc5e772f-7e26-473f-abf9-caecfbed1ab7-2-1024x749.jpg\" alt=\"&quot;Santo Andr\u00e9 eu te amo&quot;, pintura \u00f3leo sobre tela de autoria de  Jean Louis P.Blanc, novembro de 1983. Cole\u00e7\u00e3o Jean Louis P. Blanc. Acervo Museu de Santo Andr\u00e9 Dr. Octaviano Armando Gaiarsa.\" class=\"wp-image-76182\" style=\"width:654px;height:478px\"\/><figcaption class=\"wp-element-caption\">&#8220;Santo Andr\u00e9 eu te amo&#8221;, pintura \u00f3leo sobre tela de autoria de&nbsp; Jean Louis P.Blanc, novembro de 1983. Cole\u00e7\u00e3o Jean Louis P. Blanc. Acervo Museu de Santo Andr\u00e9 <br>Dr. Octaviano Armando Gaiarsa.<\/figcaption><\/figure>\n<\/div>\n\n\n\n<div class=\"wp-block-column is-vertically-aligned-top is-layout-flow wp-block-column-is-layout-flow\">\n<p class=\"has-palette-color-6-color has-text-color has-medium-font-size\">O Portal de Acervos Culturais de Santo Andr\u00e9 disponibiliza em meio digital obras e bens culturais p\u00fablicos da cidade. Est\u00e3o aqui reunidas cole\u00e7\u00f5es do Museu de Santo Andr\u00e9 Dr. Octaviano Armando Gaiarsa e da Casa do Olhar Luiz Sacilotto, produtos financiados pelo Fundo Municipal de Cultura de Santo Andr\u00e9 e acervo f\u00edsico e digital da Rede de Bibliotecas de Santo Andr\u00e9.<\/p>\n\n\n\n<p class=\"has-palette-color-6-color has-text-color has-medium-font-size\">O trabalho \u00e9 elaborado e executado pelo corpo t\u00e9cnico de funcion\u00e1rios da Secretaria de Cultura desde a sele\u00e7\u00e3o, organiza\u00e7\u00e3o e digitaliza\u00e7\u00e3o dos itens. Futuramente poder\u00e3o ser disponibilizados outros acervos p\u00fablicos e particulares.<\/p>\n\n\n\n<p class=\"has-palette-color-6-color has-text-color\" style=\"font-size:clamp(16.834px, 1.052rem + ((1vw - 3.2px) * 0.716), 26px);\"><strong>Seja bem-vindo(a)!<\/strong><\/p>\n<\/div>\n<\/div>\n\n\n\n<div class=\"wp-block-columns is-layout-flex wp-container-core-columns-is-layout-28f84493 wp-block-columns-is-layout-flex\">\n<div class=\"wp-block-column is-layout-flow wp-block-column-is-layout-flow\">\n<div class=\"wp-block-columns is-layout-flex wp-container-core-columns-is-layout-28f84493 wp-block-columns-is-layout-flex\">\n<div class=\"wp-block-column is-layout-flow wp-block-column-is-layout-flow\">\n<figure class=\"wp-block-image size-full\"><a href=\"https:\/\/www3.santoandre.sp.gov.br\/cultura\/acervosculturais\/museu-de-santo-andre\/\" target=\"_blank\" rel=\"https:\/\/www3.santoandre.sp.gov.br\/cultura\/acervosculturais\/casa-do-olhar\/?view_mode=cards noopener\"><img decoding=\"async\" width=\"200\" height=\"200\" data-attachment-id=\"123599\" data-permalink=\"https:\/\/www3.santoandre.sp.gov.br\/cultura\/acervosculturais\/cropped-acervo-museu-200x200-1-png\/\" data-orig-file=\"https:\/\/www3.santoandre.sp.gov.br\/cultura\/acervosculturais\/wp-content\/uploads\/2022\/04\/cropped-ACERVO-MUSEU-200X200-1.png\" data-orig-size=\"200,200\" data-comments-opened=\"1\" data-image-meta=\"{&quot;aperture&quot;:&quot;0&quot;,&quot;credit&quot;:&quot;&quot;,&quot;camera&quot;:&quot;&quot;,&quot;caption&quot;:&quot;&quot;,&quot;created_timestamp&quot;:&quot;0&quot;,&quot;copyright&quot;:&quot;&quot;,&quot;focal_length&quot;:&quot;0&quot;,&quot;iso&quot;:&quot;0&quot;,&quot;shutter_speed&quot;:&quot;0&quot;,&quot;title&quot;:&quot;&quot;,&quot;orientation&quot;:&quot;0&quot;,&quot;blurhash&quot;:&quot;VKRp8-xu?bt7%Mj[ayRjofof~qj[IUayM{%Mj[xuayRj&quot;}\" data-image-title=\"cropped-ACERVO-MUSEU-200X200-1.png\" data-image-description=\"&lt;p&gt;https:\/\/www3.santoandre.sp.gov.br\/cultura\/acervosculturais\/wp-content\/uploads\/2022\/04\/cropped-ACERVO-MUSEU-200X200-1.png&lt;\/p&gt;\n\" data-image-caption=\"\" data-medium-file=\"https:\/\/www3.santoandre.sp.gov.br\/cultura\/acervosculturais\/wp-content\/uploads\/2022\/04\/cropped-ACERVO-MUSEU-200X200-1.png\" data-large-file=\"https:\/\/www3.santoandre.sp.gov.br\/cultura\/acervosculturais\/wp-content\/uploads\/2022\/04\/cropped-ACERVO-MUSEU-200X200-1.png\" src=\"https:\/\/www3.santoandre.sp.gov.br\/cultura\/acervosculturais\/wp-content\/uploads\/2022\/04\/cropped-ACERVO-MUSEU-200X200-1.png\" alt=\"\" class=\"wp-image-123599\" srcset=\"https:\/\/www3.santoandre.sp.gov.br\/cultura\/acervosculturais\/wp-content\/uploads\/2022\/04\/cropped-ACERVO-MUSEU-200X200-1.png 200w, https:\/\/www3.santoandre.sp.gov.br\/cultura\/acervosculturais\/wp-content\/uploads\/2022\/04\/cropped-ACERVO-MUSEU-200X200-1-150x150.png 150w, https:\/\/www3.santoandre.sp.gov.br\/cultura\/acervosculturais\/wp-content\/uploads\/2022\/04\/cropped-ACERVO-MUSEU-200X200-1-40x40.png 40w\" sizes=\"(max-width: 200px) 100vw, 200px\" \/><\/a><\/figure>\n<\/div>\n\n\n\n<div class=\"wp-block-column is-layout-flow wp-block-column-is-layout-flow\">\n<figure class=\"wp-block-image size-full\"><a href=\"https:\/\/www3.santoandre.sp.gov.br\/cultura\/acervosculturais\/casa-do-olhar\/?view_mode=cards\" target=\"_blank\" rel=\"noopener\"><img decoding=\"async\" width=\"200\" height=\"200\" data-attachment-id=\"123604\" data-permalink=\"https:\/\/www3.santoandre.sp.gov.br\/cultura\/acervosculturais\/https-www3-santoandre-sp-gov-br-cultura-acervosculturais-colecoes\/acervo-casa-do-olhar-200x200\/\" data-orig-file=\"https:\/\/www3.santoandre.sp.gov.br\/cultura\/acervosculturais\/wp-content\/uploads\/2022\/04\/ACERVO-CASA-DO-OLHAR-200X200.png\" data-orig-size=\"200,200\" data-comments-opened=\"1\" data-image-meta=\"{&quot;aperture&quot;:&quot;0&quot;,&quot;credit&quot;:&quot;&quot;,&quot;camera&quot;:&quot;&quot;,&quot;caption&quot;:&quot;&quot;,&quot;created_timestamp&quot;:&quot;0&quot;,&quot;copyright&quot;:&quot;&quot;,&quot;focal_length&quot;:&quot;0&quot;,&quot;iso&quot;:&quot;0&quot;,&quot;shutter_speed&quot;:&quot;0&quot;,&quot;title&quot;:&quot;&quot;,&quot;orientation&quot;:&quot;0&quot;}\" data-image-title=\"ACERVO CASA DO OLHAR 200X200\" data-image-description=\"\" data-image-caption=\"\" data-medium-file=\"https:\/\/www3.santoandre.sp.gov.br\/cultura\/acervosculturais\/wp-content\/uploads\/2022\/04\/ACERVO-CASA-DO-OLHAR-200X200.png\" data-large-file=\"https:\/\/www3.santoandre.sp.gov.br\/cultura\/acervosculturais\/wp-content\/uploads\/2022\/04\/ACERVO-CASA-DO-OLHAR-200X200.png\" src=\"https:\/\/www3.santoandre.sp.gov.br\/cultura\/acervosculturais\/wp-content\/uploads\/2022\/04\/ACERVO-CASA-DO-OLHAR-200X200.png\" alt=\"\" class=\"wp-image-123604\" srcset=\"https:\/\/www3.santoandre.sp.gov.br\/cultura\/acervosculturais\/wp-content\/uploads\/2022\/04\/ACERVO-CASA-DO-OLHAR-200X200.png 200w, https:\/\/www3.santoandre.sp.gov.br\/cultura\/acervosculturais\/wp-content\/uploads\/2022\/04\/ACERVO-CASA-DO-OLHAR-200X200-150x150.png 150w, https:\/\/www3.santoandre.sp.gov.br\/cultura\/acervosculturais\/wp-content\/uploads\/2022\/04\/ACERVO-CASA-DO-OLHAR-200X200-40x40.png 40w\" sizes=\"(max-width: 200px) 100vw, 200px\" \/><\/a><\/figure>\n<\/div>\n<\/div>\n<\/div>\n\n\n\n<div class=\"wp-block-column is-layout-flow wp-block-column-is-layout-flow\">\n<div class=\"wp-block-columns is-layout-flex wp-container-core-columns-is-layout-28f84493 wp-block-columns-is-layout-flex\">\n<div class=\"wp-block-column is-layout-flow wp-block-column-is-layout-flow\">\n<figure class=\"wp-block-image size-full is-resized\"><a href=\"https:\/\/www3.santoandre.sp.gov.br\/cultura\/acervosculturais\/fundo-de-cultura\/\" target=\"_blank\" rel=\"noopener\"><img decoding=\"async\" width=\"200\" height=\"200\" data-attachment-id=\"123607\" data-permalink=\"https:\/\/www3.santoandre.sp.gov.br\/cultura\/acervosculturais\/https-www3-santoandre-sp-gov-br-cultura-acervosculturais-colecoes\/acervo-fundo-200x200\/\" data-orig-file=\"https:\/\/www3.santoandre.sp.gov.br\/cultura\/acervosculturais\/wp-content\/uploads\/2022\/04\/ACERVO-FUNDO-200X200.png\" data-orig-size=\"200,200\" data-comments-opened=\"1\" data-image-meta=\"{&quot;aperture&quot;:&quot;0&quot;,&quot;credit&quot;:&quot;&quot;,&quot;camera&quot;:&quot;&quot;,&quot;caption&quot;:&quot;&quot;,&quot;created_timestamp&quot;:&quot;0&quot;,&quot;copyright&quot;:&quot;&quot;,&quot;focal_length&quot;:&quot;0&quot;,&quot;iso&quot;:&quot;0&quot;,&quot;shutter_speed&quot;:&quot;0&quot;,&quot;title&quot;:&quot;&quot;,&quot;orientation&quot;:&quot;0&quot;}\" data-image-title=\"ACERVO FUNDO 200X200\" data-image-description=\"\" data-image-caption=\"\" data-medium-file=\"https:\/\/www3.santoandre.sp.gov.br\/cultura\/acervosculturais\/wp-content\/uploads\/2022\/04\/ACERVO-FUNDO-200X200.png\" data-large-file=\"https:\/\/www3.santoandre.sp.gov.br\/cultura\/acervosculturais\/wp-content\/uploads\/2022\/04\/ACERVO-FUNDO-200X200.png\" src=\"https:\/\/www3.santoandre.sp.gov.br\/cultura\/acervosculturais\/wp-content\/uploads\/2022\/04\/ACERVO-FUNDO-200X200.png\" alt=\"\" class=\"wp-image-123607\" style=\"width:193px;height:193px\" srcset=\"https:\/\/www3.santoandre.sp.gov.br\/cultura\/acervosculturais\/wp-content\/uploads\/2022\/04\/ACERVO-FUNDO-200X200.png 200w, https:\/\/www3.santoandre.sp.gov.br\/cultura\/acervosculturais\/wp-content\/uploads\/2022\/04\/ACERVO-FUNDO-200X200-150x150.png 150w, https:\/\/www3.santoandre.sp.gov.br\/cultura\/acervosculturais\/wp-content\/uploads\/2022\/04\/ACERVO-FUNDO-200X200-40x40.png 40w\" sizes=\"(max-width: 200px) 100vw, 200px\" \/><\/a><\/figure>\n<\/div>\n\n\n\n<div class=\"wp-block-column is-layout-flow wp-block-column-is-layout-flow\">\n<figure class=\"wp-block-image size-full is-resized is-style-default\"><a href=\"http:\/\/www.santoandre.sp.gov.br\/pesquisa\/\" target=\"_blank\" rel=\"noopener\"><img loading=\"lazy\" decoding=\"async\" width=\"200\" height=\"200\" data-attachment-id=\"123609\" data-permalink=\"https:\/\/www3.santoandre.sp.gov.br\/cultura\/acervosculturais\/https-www3-santoandre-sp-gov-br-cultura-acervosculturais-colecoes\/acervo-rebisa-200x200\/\" data-orig-file=\"https:\/\/www3.santoandre.sp.gov.br\/cultura\/acervosculturais\/wp-content\/uploads\/2022\/04\/ACERVO-REBISA-200X200.png\" data-orig-size=\"200,200\" data-comments-opened=\"1\" data-image-meta=\"{&quot;aperture&quot;:&quot;0&quot;,&quot;credit&quot;:&quot;&quot;,&quot;camera&quot;:&quot;&quot;,&quot;caption&quot;:&quot;&quot;,&quot;created_timestamp&quot;:&quot;0&quot;,&quot;copyright&quot;:&quot;&quot;,&quot;focal_length&quot;:&quot;0&quot;,&quot;iso&quot;:&quot;0&quot;,&quot;shutter_speed&quot;:&quot;0&quot;,&quot;title&quot;:&quot;&quot;,&quot;orientation&quot;:&quot;0&quot;}\" data-image-title=\"ACERVO REBISA 200X200\" data-image-description=\"\" data-image-caption=\"\" data-medium-file=\"https:\/\/www3.santoandre.sp.gov.br\/cultura\/acervosculturais\/wp-content\/uploads\/2022\/04\/ACERVO-REBISA-200X200.png\" data-large-file=\"https:\/\/www3.santoandre.sp.gov.br\/cultura\/acervosculturais\/wp-content\/uploads\/2022\/04\/ACERVO-REBISA-200X200.png\" src=\"https:\/\/www3.santoandre.sp.gov.br\/cultura\/acervosculturais\/wp-content\/uploads\/2022\/04\/ACERVO-REBISA-200X200.png\" alt=\"\" class=\"wp-image-123609\" style=\"width:194px;height:194px\" srcset=\"https:\/\/www3.santoandre.sp.gov.br\/cultura\/acervosculturais\/wp-content\/uploads\/2022\/04\/ACERVO-REBISA-200X200.png 200w, https:\/\/www3.santoandre.sp.gov.br\/cultura\/acervosculturais\/wp-content\/uploads\/2022\/04\/ACERVO-REBISA-200X200-150x150.png 150w, https:\/\/www3.santoandre.sp.gov.br\/cultura\/acervosculturais\/wp-content\/uploads\/2022\/04\/ACERVO-REBISA-200X200-40x40.png 40w\" sizes=\"(max-width: 200px) 100vw, 200px\" \/><\/a><\/figure>\n<\/div>\n<\/div>\n<\/div>\n\n\n\n<div class=\"wp-block-column is-layout-flow wp-block-column-is-layout-flow\">\n<figure class=\"wp-block-image size-full is-resized\"><a href=\"https:\/\/www3.santoandre.sp.gov.br\/cultura\/acervosculturais\/fcmsb\/\" target=\"_blank\" rel=\"noreferrer noopener\"><img loading=\"lazy\" decoding=\"async\" width=\"200\" height=\"200\" data-attachment-id=\"170560\" data-permalink=\"https:\/\/www3.santoandre.sp.gov.br\/cultura\/acervosculturais\/https-www3-santoandre-sp-gov-br-cultura-acervosculturais-colecoes\/banner_200\/\" data-orig-file=\"https:\/\/www3.santoandre.sp.gov.br\/cultura\/acervosculturais\/wp-content\/uploads\/2024\/04\/banner_200.png\" data-orig-size=\"200,200\" data-comments-opened=\"1\" data-image-meta=\"{&quot;aperture&quot;:&quot;0&quot;,&quot;credit&quot;:&quot;&quot;,&quot;camera&quot;:&quot;&quot;,&quot;caption&quot;:&quot;&quot;,&quot;created_timestamp&quot;:&quot;0&quot;,&quot;copyright&quot;:&quot;&quot;,&quot;focal_length&quot;:&quot;0&quot;,&quot;iso&quot;:&quot;0&quot;,&quot;shutter_speed&quot;:&quot;0&quot;,&quot;title&quot;:&quot;&quot;,&quot;orientation&quot;:&quot;0&quot;}\" data-image-title=\"banner_200\" data-image-description=\"\" data-image-caption=\"\" data-medium-file=\"https:\/\/www3.santoandre.sp.gov.br\/cultura\/acervosculturais\/wp-content\/uploads\/2024\/04\/banner_200.png\" data-large-file=\"https:\/\/www3.santoandre.sp.gov.br\/cultura\/acervosculturais\/wp-content\/uploads\/2024\/04\/banner_200.png\" src=\"https:\/\/www3.santoandre.sp.gov.br\/cultura\/acervosculturais\/wp-content\/uploads\/2024\/04\/banner_200.png\" alt=\"\" class=\"wp-image-170560\" style=\"object-fit:contain;width:194px;height:194px\" srcset=\"https:\/\/www3.santoandre.sp.gov.br\/cultura\/acervosculturais\/wp-content\/uploads\/2024\/04\/banner_200.png 200w, https:\/\/www3.santoandre.sp.gov.br\/cultura\/acervosculturais\/wp-content\/uploads\/2024\/04\/banner_200-150x150.png 150w, https:\/\/www3.santoandre.sp.gov.br\/cultura\/acervosculturais\/wp-content\/uploads\/2024\/04\/banner_200-40x40.png 40w\" sizes=\"(max-width: 200px) 100vw, 200px\" \/><\/a><\/figure>\n<\/div>\n<\/div>\n\n\n\n<div class=\"wp-block-columns is-layout-flex wp-container-core-columns-is-layout-28f84493 wp-block-columns-is-layout-flex\">\n<div class=\"wp-block-column is-layout-flow wp-block-column-is-layout-flow\">\n<p class=\"has-text-align-left has-palette-color-1-color has-text-color has-large-font-size\"><strong>EXPOSI\u00c7\u00d5ES <\/strong><\/p>\n\n\n\n<p class=\"has-palette-color-6-color has-text-color has-medium-font-size\">A partir das cole\u00e7\u00f5es digitalizadas, a curadoria da Secretaria de Cultura prop\u00f5e um recorte e oferece ao p\u00fablico exposi\u00e7\u00f5es in\u00e9ditas. Confira!<\/p>\n<\/div>\n<\/div>\n\n\n\n<figure class=\"wp-block-image size-full is-resized is-style-default\"><a href=\"https:\/\/www3.santoandre.sp.gov.br\/cultura\/acervosculturais\/exposicao-1o-ao-5o-salao-de-arte-contemporanea\/\" rel=\"https:\/\/www3.santoandre.sp.gov.br\/cultura\/acervosculturais\/exposicao-1o-ao-5o-salao-de-arte-contemporanea\/\"><img loading=\"lazy\" decoding=\"async\" width=\"300\" height=\"300\" data-attachment-id=\"123586\" data-permalink=\"https:\/\/www3.santoandre.sp.gov.br\/cultura\/acervosculturais\/https-www3-santoandre-sp-gov-br-cultura-acervosculturais-colecoes\/pentagramas-300x300-copia-2-2\/\" data-orig-file=\"https:\/\/www3.santoandre.sp.gov.br\/cultura\/acervosculturais\/wp-content\/uploads\/2022\/04\/PENTAGRAMAS-300X300-copia-2.png\" data-orig-size=\"300,300\" data-comments-opened=\"1\" data-image-meta=\"{&quot;aperture&quot;:&quot;0&quot;,&quot;credit&quot;:&quot;&quot;,&quot;camera&quot;:&quot;&quot;,&quot;caption&quot;:&quot;&quot;,&quot;created_timestamp&quot;:&quot;0&quot;,&quot;copyright&quot;:&quot;&quot;,&quot;focal_length&quot;:&quot;0&quot;,&quot;iso&quot;:&quot;0&quot;,&quot;shutter_speed&quot;:&quot;0&quot;,&quot;title&quot;:&quot;&quot;,&quot;orientation&quot;:&quot;0&quot;}\" data-image-title=\"PENTAGRAMAS-300X300-copia-2\" data-image-description=\"\" data-image-caption=\"\" data-medium-file=\"https:\/\/www3.santoandre.sp.gov.br\/cultura\/acervosculturais\/wp-content\/uploads\/2022\/04\/PENTAGRAMAS-300X300-copia-2.png\" data-large-file=\"https:\/\/www3.santoandre.sp.gov.br\/cultura\/acervosculturais\/wp-content\/uploads\/2022\/04\/PENTAGRAMAS-300X300-copia-2.png\" src=\"https:\/\/www3.santoandre.sp.gov.br\/cultura\/acervosculturais\/wp-content\/uploads\/2022\/04\/PENTAGRAMAS-300X300-copia-2.png\" alt=\"\" class=\"wp-image-123586\" style=\"width:310px;height:310px\" srcset=\"https:\/\/www3.santoandre.sp.gov.br\/cultura\/acervosculturais\/wp-content\/uploads\/2022\/04\/PENTAGRAMAS-300X300-copia-2.png 300w, https:\/\/www3.santoandre.sp.gov.br\/cultura\/acervosculturais\/wp-content\/uploads\/2022\/04\/PENTAGRAMAS-300X300-copia-2-150x150.png 150w, https:\/\/www3.santoandre.sp.gov.br\/cultura\/acervosculturais\/wp-content\/uploads\/2022\/04\/PENTAGRAMAS-300X300-copia-2-40x40.png 40w, https:\/\/www3.santoandre.sp.gov.br\/cultura\/acervosculturais\/wp-content\/uploads\/2022\/04\/PENTAGRAMAS-300X300-copia-2-275x275.png 275w, https:\/\/www3.santoandre.sp.gov.br\/cultura\/acervosculturais\/wp-content\/uploads\/2022\/04\/PENTAGRAMAS-300X300-copia-2-205x205.png 205w\" sizes=\"(max-width: 300px) 100vw, 300px\" \/><\/a><\/figure>\n\n\n\n<p class=\"has-palette-color-1-color has-text-color has-large-font-size\"><strong>Explore o acervo<\/strong><\/p>\n\n\n\n<p class=\"has-palette-color-6-color has-text-color has-medium-font-size\">Usando diferentes nomenclaturas conhe\u00e7a mais sobre os acervos. <\/p>\n\n\n\n<div class=\"wp-block-tainacan-facets-list has-palette-color-6-color has-text-color\" data-module=\"facets-list\" data-metadatum-id=\"91793\" data-metadatum-type=\"Tainacan\\Metadata_Types\\Taxonomy\" data-collection-id=\"91744\" data-collection-slug=\"museu-de-santo-andre\" data-show-image=\"false\" data-name-inside-image=\"false\" data-show-items-count=\"false\" data-show-search-bar=\"undefined\" data-show-load-more=\"true\" data-image-size=\"tainacan-medium\" data-append-child-terms=\"false\" data-link-term-facets-to-term-page=\"true\" data-layout=\"cloud\" data-items-count-style=\"below\" data-cloud-rate=\"1\" data-grid-margin=\"24\" data-max-facets-number=\"12\" data-max-columns-count=\"5\" data-tainacan-api-root=\"https:\/\/www3.santoandre.sp.gov.br\/cultura\/acervosculturais\/wp-json\/tainacan\/v2\" data-tainacan-site-url=\"https:\/\/www3.santoandre.sp.gov.br\/cultura\/acervosculturais\" id=\"wp-block-tainacan-facets-list_901c26f0-279b-455a-bbd2-1c7aab934caa\"><div><\/div><\/div>\n\n\n\n<div class=\"wp-block-group is-layout-flow wp-block-group-is-layout-flow\">\n<div class=\"wp-block-columns is-layout-flex wp-container-core-columns-is-layout-28f84493 wp-block-columns-is-layout-flex\">\n<div class=\"wp-block-column is-layout-flow wp-block-column-is-layout-flow\" style=\"flex-basis:100%\">\n<div class=\"wp-block-group is-layout-flow wp-block-group-is-layout-flow\"><\/div>\n<\/div>\n<\/div>\n<\/div>\n","protected":false},"excerpt":{"rendered":"<p>Portal de acervos culturais de Santo Andr\u00e9&nbsp; O Portal de Acervos Culturais de Santo Andr\u00e9 disponibiliza em meio digital obras e bens culturais p\u00fablicos da cidade. Est\u00e3o aqui reunidas cole\u00e7\u00f5es do Museu de Santo Andr\u00e9 Dr. Octaviano Armando Gaiarsa e da Casa do Olhar Luiz Sacilotto, produtos financiados pelo Fundo Municipal de Cultura de Santo [&hellip;]<\/p>\n","protected":false},"author":2,"featured_media":0,"parent":0,"menu_order":0,"comment_status":"closed","ping_status":"closed","template":"","meta":{"content-type":"","footnotes":""},"class_list":["post-37207","page","type-page","status-publish","hentry"],"blocksy_meta":{"styles_descriptor":{"styles":{"desktop":"","tablet":"","mobile":""},"google_fonts":[],"version":6}},"jetpack_sharing_enabled":true,"_links":{"self":[{"href":"https:\/\/www3.santoandre.sp.gov.br\/cultura\/acervosculturais\/wp-json\/wp\/v2\/pages\/37207","targetHints":{"allow":["GET"]}}],"collection":[{"href":"https:\/\/www3.santoandre.sp.gov.br\/cultura\/acervosculturais\/wp-json\/wp\/v2\/pages"}],"about":[{"href":"https:\/\/www3.santoandre.sp.gov.br\/cultura\/acervosculturais\/wp-json\/wp\/v2\/types\/page"}],"author":[{"embeddable":true,"href":"https:\/\/www3.santoandre.sp.gov.br\/cultura\/acervosculturais\/wp-json\/wp\/v2\/users\/2"}],"replies":[{"embeddable":true,"href":"https:\/\/www3.santoandre.sp.gov.br\/cultura\/acervosculturais\/wp-json\/wp\/v2\/comments?post=37207"}],"version-history":[{"count":19,"href":"https:\/\/www3.santoandre.sp.gov.br\/cultura\/acervosculturais\/wp-json\/wp\/v2\/pages\/37207\/revisions"}],"predecessor-version":[{"id":170562,"href":"https:\/\/www3.santoandre.sp.gov.br\/cultura\/acervosculturais\/wp-json\/wp\/v2\/pages\/37207\/revisions\/170562"}],"wp:attachment":[{"href":"https:\/\/www3.santoandre.sp.gov.br\/cultura\/acervosculturais\/wp-json\/wp\/v2\/media?parent=37207"}],"curies":[{"name":"wp","href":"https:\/\/api.w.org\/{rel}","templated":true}]}}