{"id":182561,"date":"2025-04-22T16:30:46","date_gmt":"2025-04-22T19:30:46","guid":{"rendered":"https:\/\/www3.santoandre.sp.gov.br\/cultura\/acervosculturais\/?page_id=182561"},"modified":"2025-04-25T10:48:06","modified_gmt":"2025-04-25T13:48:06","slug":"territorios-de-cultura","status":"publish","type":"page","link":"https:\/\/www3.santoandre.sp.gov.br\/cultura\/acervosculturais\/santoandreevc\/territorios-de-cultura\/","title":{"rendered":"territorios de cultura"},"content":{"rendered":"<nav class=\"has-text-color has-white-color has-background has-black-background-color  no-wrap wp-block-navigation is-nowrap is-layout-flex wp-container-core-navigation-is-layout-6c531013 wp-block-navigation-is-layout-flex\" aria-label=\"LINKS\"><ul class=\"wp-block-navigation__container has-text-color has-white-color has-background has-black-background-color  no-wrap wp-block-navigation\"><li class=\" wp-block-navigation-item  menu-item menu-item-type-custom menu-item-object-custom wp-block-navigation-link\"><a class=\"wp-block-navigation-item__content\"  href=\"https:\/\/www3.santoandre.sp.gov.br\/cultura\/\" title=\"\"><span class=\"wp-block-navigation-item__label\">Portal Secretaria<\/span><\/a><\/li><li class=\" wp-block-navigation-item  menu-item menu-item-type-custom menu-item-object-custom menu-item-home wp-block-navigation-link\"><a class=\"wp-block-navigation-item__content\"  href=\"https:\/\/www3.santoandre.sp.gov.br\/cultura\/acervosculturais\/\" title=\"\"><span class=\"wp-block-navigation-item__label\">Acervos Culturais<\/span><\/a><\/li><li class=\" wp-block-navigation-item  menu-item menu-item-type-custom menu-item-object-custom wp-block-navigation-link\"><a class=\"wp-block-navigation-item__content\"  href=\"https:\/\/www2.santoandre.sp.gov.br\/\" title=\"\"><span class=\"wp-block-navigation-item__label\">Portal Prefeitura<\/span><\/a><\/li><\/ul><\/nav>\n\n\n<figure class=\"wp-block-image aligncenter size-full is-resized\"><a href=\"https:\/\/www3.santoandre.sp.gov.br\/cultura\/acervosculturais\/santoandreevc\/\"><img fetchpriority=\"high\" decoding=\"async\" width=\"1654\" height=\"1654\" data-attachment-id=\"181740\" data-permalink=\"https:\/\/www3.santoandre.sp.gov.br\/cultura\/acervosculturais\/santoandreevc\/nasescolas-2\/sem-fundo-3\/\" data-orig-file=\"https:\/\/www3.santoandre.sp.gov.br\/cultura\/acervosculturais\/wp-content\/uploads\/2025\/04\/sem-fundo-2.png\" data-orig-size=\"1654,1654\" data-comments-opened=\"1\" data-image-meta=\"{&quot;aperture&quot;:&quot;0&quot;,&quot;credit&quot;:&quot;&quot;,&quot;camera&quot;:&quot;&quot;,&quot;caption&quot;:&quot;&quot;,&quot;created_timestamp&quot;:&quot;0&quot;,&quot;copyright&quot;:&quot;&quot;,&quot;focal_length&quot;:&quot;0&quot;,&quot;iso&quot;:&quot;0&quot;,&quot;shutter_speed&quot;:&quot;0&quot;,&quot;title&quot;:&quot;&quot;,&quot;orientation&quot;:&quot;0&quot;}\" data-image-title=\"sem fundo\" data-image-description=\"\" data-image-caption=\"\" data-medium-file=\"https:\/\/www3.santoandre.sp.gov.br\/cultura\/acervosculturais\/wp-content\/uploads\/2025\/04\/sem-fundo-2-300x300.png\" data-large-file=\"https:\/\/www3.santoandre.sp.gov.br\/cultura\/acervosculturais\/wp-content\/uploads\/2025\/04\/sem-fundo-2-1024x1024.png\" src=\"https:\/\/www3.santoandre.sp.gov.br\/cultura\/acervosculturais\/wp-content\/uploads\/2025\/04\/sem-fundo-2.png\" alt=\"\" class=\"wp-image-181740\" style=\"width:406px\" srcset=\"https:\/\/www3.santoandre.sp.gov.br\/cultura\/acervosculturais\/wp-content\/uploads\/2025\/04\/sem-fundo-2.png 1654w, https:\/\/www3.santoandre.sp.gov.br\/cultura\/acervosculturais\/wp-content\/uploads\/2025\/04\/sem-fundo-2-300x300.png 300w, https:\/\/www3.santoandre.sp.gov.br\/cultura\/acervosculturais\/wp-content\/uploads\/2025\/04\/sem-fundo-2-1024x1024.png 1024w, https:\/\/www3.santoandre.sp.gov.br\/cultura\/acervosculturais\/wp-content\/uploads\/2025\/04\/sem-fundo-2-150x150.png 150w, https:\/\/www3.santoandre.sp.gov.br\/cultura\/acervosculturais\/wp-content\/uploads\/2025\/04\/sem-fundo-2-768x768.png 768w, https:\/\/www3.santoandre.sp.gov.br\/cultura\/acervosculturais\/wp-content\/uploads\/2025\/04\/sem-fundo-2-1536x1536.png 1536w, https:\/\/www3.santoandre.sp.gov.br\/cultura\/acervosculturais\/wp-content\/uploads\/2025\/04\/sem-fundo-2-40x40.png 40w, https:\/\/www3.santoandre.sp.gov.br\/cultura\/acervosculturais\/wp-content\/uploads\/2025\/04\/sem-fundo-2-275x275.png 275w, https:\/\/www3.santoandre.sp.gov.br\/cultura\/acervosculturais\/wp-content\/uploads\/2025\/04\/sem-fundo-2-205x205.png 205w, https:\/\/www3.santoandre.sp.gov.br\/cultura\/acervosculturais\/wp-content\/uploads\/2025\/04\/sem-fundo-2-480x480.png 480w\" sizes=\"(max-width: 1654px) 100vw, 1654px\" \/><\/a><\/figure>\n\n\n<nav style=\"background-color: #8a2be2; text-transform:uppercase;\" class=\"has-text-color has-white-color has-background items-justified-center wp-block-navigation is-content-justification-center is-layout-flex wp-container-core-navigation-is-layout-a89b3969 wp-block-navigation-is-layout-flex\" aria-label=\"Santo andre e vc\"><ul style=\"background-color: #8a2be2; text-transform:uppercase;\" class=\"wp-block-navigation__container has-text-color has-white-color has-background items-justified-center wp-block-navigation\"><li class=\" wp-block-navigation-item wp-block-navigation-link\"><a class=\"wp-block-navigation-item__content\"  href=\"https:\/\/www3.santoandre.sp.gov.br\/cultura\/acervosculturais\/santoandreevc\/personalidadessa\/\"><span class=\"wp-block-navigation-item__label\">pessoas<\/span><\/a><\/li><li class=\" wp-block-navigation-item wp-block-navigation-link\"><a class=\"wp-block-navigation-item__content\"  href=\"https:\/\/www3.santoandre.sp.gov.br\/cultura\/acervosculturais\/santoandreevc\/meupedaco\/\"><span class=\"wp-block-navigation-item__label\">Territ\u00f3rios<\/span><\/a><\/li><li class=\" wp-block-navigation-item wp-block-navigation-link\"><a class=\"wp-block-navigation-item__content\"  href=\"https:\/\/www3.santoandre.sp.gov.br\/cultura\/acervosculturais\/santoandreevc\/nasescolas-2\/\"><span class=\"wp-block-navigation-item__label\">FORMA\u00c7\u00c3O DE REDES<\/span><\/a><\/li><li class=\" wp-block-navigation-item wp-block-navigation-link\"><a class=\"wp-block-navigation-item__content\"  href=\"https:\/\/www3.santoandre.sp.gov.br\/cultura\/acervosculturais\/santoandreevc\/participe\/\"><span class=\"wp-block-navigation-item__label\">PARTICIPE<\/span><\/a><\/li><li class=\" wp-block-navigation-item wp-block-navigation-link\"><a class=\"wp-block-navigation-item__content\"  href=\"https:\/\/www3.santoandre.sp.gov.br\/cultura\/acervosculturais\/santoandreevc\/outras-ferramentas\/\"><span class=\"wp-block-navigation-item__label\">SERVI\u00c7OS<\/span><\/a><\/li><li class=\" wp-block-navigation-item wp-block-navigation-link\"><a class=\"wp-block-navigation-item__content\"  href=\"https:\/\/www3.santoandre.sp.gov.br\/cultura\/acervosculturais\/noticias\/\"><span class=\"wp-block-navigation-item__label\">Not\u00edcias<\/span><\/a><\/li><\/ul><\/nav>\n\n\n<div class=\"wp-block-columns is-layout-flex wp-container-core-columns-is-layout-28f84493 wp-block-columns-is-layout-flex\">\n<div class=\"wp-block-column is-layout-constrained wp-container-core-column-is-layout-7721179c wp-block-column-is-layout-constrained\" style=\"padding-top:32px;padding-right:40px;padding-left:40px\">\n<h1 class=\"wp-block-heading has-text-align-center has-large-font-size\">Territ\u00f3rios de Cultura<\/h1>\n\n\n\n<p class=\"has-medium-font-size\">O Projeto <mark style=\"background-color:rgba(0, 0, 0, 0);color:#000000\" class=\"has-inline-color\"><strong>TERRIT\u00d3RIOS DE CULTURA <\/strong><\/mark>\u00e9 um projeto da Secretaria de Cultura de Santo Andr\u00e9 de oferta de oficinas culturais gratuitas e tem como pilar principal a descentraliza\u00e7\u00e3o das a\u00e7\u00f5es de forma\u00e7\u00e3o cultural e\/ou art\u00edstica articulando-se sobre a base territorial do munic\u00edpio.<\/p>\n\n\n\n<p class=\"has-medium-font-size\">Iniciou suas atividades em 2017, mas nasce do desdobramento do projeto<strong><mark style=\"background-color:rgba(0, 0, 0, 0);color:#000000\" class=\"has-inline-color\"> OFICINAS EMIACIDADE<\/mark><\/strong>, que permaneceu ativo de 2005 at\u00e9 2016.<\/p>\n\n\n\n<p class=\"has-medium-font-size\"><mark style=\"background-color:rgba(0, 0, 0, 0);color:#000000\" class=\"has-inline-color\">O <strong>TERRIT\u00d3RIOS DE CULTURA<\/strong> se prop\u00f5e a articular a\u00e7\u00f5es de sensibiliza\u00e7\u00e3o e incentivo cultural e\/ou art\u00edstico a partir de um conceito ampliado do fazer cultural, dentro de uma perspectiva contempor\u00e2nea e compondo uma pol\u00edtica cultural que incluiu tamb\u00e9m as <strong>ESCOLAS LIVRES<\/strong> e a <strong>EMIA<\/strong>.<\/mark><\/p>\n\n\n\n<p class=\"has-black-color has-text-color has-link-color has-medium-font-size wp-elements-b3fad421fdc4ab66a7b1aafc611ad49a\">O olhar da Secretaria de Cultura na distribui\u00e7\u00e3o das oficinas leva em conta as demandas nos<mark style=\"background-color:rgba(0, 0, 0, 0);color:#000000\" class=\"has-inline-color\"> <strong>TERRIT\u00d3RIOS CULTURAIS,<\/strong> m<\/mark>as tamb\u00e9m deixa espa\u00e7o para novas linguagens e formatos.<\/p>\n\n\n\n<p class=\"has-black-color has-text-color has-link-color has-medium-font-size wp-elements-8797f506775061afff873dd7cac5276f\">As oficinas s\u00e3o ministradas por <mark style=\"background-color:rgba(0, 0, 0, 0);color:#000000\" class=\"has-inline-color\"><strong>ORIENTADORES CULTURAIS<\/strong> <\/mark>que vivenciam o fazer cultural. O nome orientador cultural foi adotado para designar o profissional que atua diretamente com a popula\u00e7\u00e3o, com isso, buscamos refor\u00e7ar essa caracter\u00edstica mais ampla de atua\u00e7\u00e3o e do fazer cultural: um orientador que conecte processos criativos e atue como agente cultural, estabelecendo-se como mediador entre os participantes, o espa\u00e7o e o <strong><mark style=\"background-color:rgba(0, 0, 0, 0);color:#000000\" class=\"has-inline-color\">TERRIT\u00d3RIO<\/mark><\/strong>.<\/p>\n\n\n\n<p class=\"has-black-color has-text-color has-link-color has-medium-font-size wp-elements-ae119d470bda569d0ec2f64fcd8296cd\">Em 2025 o<strong><mark style=\"background-color:rgba(0, 0, 0, 0);color:#000000\" class=\"has-inline-color\"> TERRIT\u00d3RIOS DE CULTURA<\/mark><\/strong> conta com 20 <strong><mark style=\"background-color:rgba(0, 0, 0, 0);color:#000000\" class=\"has-inline-color\">ORIENTADORES CULTURAIS<\/mark><\/strong> em 32 <strong><mark style=\"background-color:rgba(0, 0, 0, 0);color:#000000\" class=\"has-inline-color\">OFICINAS <\/mark><\/strong>de 15 linguagens art\u00edsticas (hist\u00f3ria em quadrinhos, dan\u00e7a contempor\u00e2nea, dan\u00e7a do ventre, teatro adolescente, teatro adultos e para a terceira idade, perna de pau, maracatu, percuss\u00e3o, viola caipira, capoeira, canto, macrem\u00ea, aquarela, street dance e viol\u00e3o), com um total de 680 vagas.<\/p>\n\n\n\n<p class=\"has-medium-font-size\">S\u00e3o atendidos 17<mark style=\"background-color:rgba(0, 0, 0, 0);color:#000000\" class=\"has-inline-color\"> <strong>BAIRROS<\/strong><\/mark> (Vila S\u00e1, Jardim Ana Maria, Parque das Na\u00e7\u00f5es, Jardim Santo Alberto, Vila Palmares, Jardim, Jardim Bela Vista, Ja\u00e7atuba, Parque Erasmo Assun\u00e7\u00e3o, Vila Floresta, Centro, Vila Linda, Vila Humait\u00e1, Jardim Irene, Cata Preta, Parque Andreense, Paranapiacaba).<\/p>\n\n\n\n<p class=\"has-medium-font-size\">Clique nos bairros abaixo para maiores informa\u00e7\u00f5es sobre cada oficina.<\/p>\n\n\n\n<div class=\"wp-block-columns is-layout-flex wp-container-core-columns-is-layout-28f84493 wp-block-columns-is-layout-flex\">\n<div class=\"wp-block-column is-layout-flow wp-block-column-is-layout-flow\">\n\n<style>\n\t#hotspot-165054 .hotspots-image-container,\n\t#hotspot-165054 .leaflet-container {\n\t\tbackground: #ffffff\t}\n\n\t#hotspot-165054 .hotspots-placeholder {\n\t\tbackground: #ffffff;\n\t\tborder: 0 #ffffff solid;\n\t\tcolor: #000000;\n\t}\n\n\t#hotspot-165054 .hotspot-title {\n\t\tcolor: #000000;\n\t}\n\n\t\t\t#hotspot-165054 .hotspot-default {\n\t\t\tstroke-width: 1;\n\t\t\tfill: #ffffff;\n\t\t\tfill-opacity: 0;\n\t\t\tstroke: #ffffff;\n\t\t\tstroke-opacity: 0;\n\t\t}\n\t\t#hotspot-165054 .hotspot-default:hover,\n\t\t#hotspot-165054 .hotspot-default:focus-visible,\n\t\t#hotspot-165054 .hotspot-default.hotspot-active {\n\t\t\tfill: #8224e3;\n\t\t\tfill-opacity: 0.81;\n\t\t\tstroke: #d824e5;\n\t\t\tstroke-opacity: 0.01;\n\t\t}\n\t\t#hotspot-165054 .leaflet-tooltip,\n\t#hotspot-165054 .leaflet-rrose-content-wrapper {\n\t\tbackground: #ffffff;\n\t\tborder-color: #ffffff;\n\t\tcolor: #000000;\n\t}\n\n\t#hotspot-165054 a.leaflet-rrose-close-button {\n\t\tcolor: #000000;\n\t}\n\n\t#hotspot-165054 .leaflet-rrose-tip {\n\t\tbackground: #ffffff;\n\t}\n\n\t#hotspot-165054 .leaflet-popup-scrolled {\n\t\tborder-bottom-color: #000000;\n\t\tborder-top-color: #000000;\n\t}\n\n\t#hotspot-165054 .leaflet-tooltip-top:before {\n\t\tborder-top-color: #ffffff;\n\t}\n\n\t#hotspot-165054 .leaflet-tooltip-bottom:before {\n\t\tborder-bottom-color: #ffffff;\n\t}\n\t#hotspot-165054 .leaflet-tooltip-left:before {\n\t\tborder-left-color: #ffffff;\n\t}\n\t#hotspot-165054 .leaflet-tooltip-right:before {\n\t\tborder-right-color: #ffffff;\n\t}\n<\/style>\n\n\t\n\t<div class=\"hotspots-container links-only layout-left event-click\" id=\"hotspot-165054\" data-layout=\"left\" data-trigger=\"click\">\n\t\t<div class=\"hotspots-interaction\">\n\t\t\t<div class=\"hotspots-image-container\">\n\t<img\n\t\twidth=\"1078\"\n\t\theight=\"1349\"\n\t\tsrc=\"https:\/\/www3.santoandre.sp.gov.br\/cultura\/acervosculturais\/wp-content\/uploads\/2025\/04\/card-TC-2025.jpeg\"\n\t\talt=\"mapa bairros\"\n\t\tclass=\"hotspots-image skip-lazy\"\n\t\tusemap=\"#hotspots-image-165054\"\n\t\tdata-image-title=\"mapa bairros\"\n\t\tdata-image-description=\"\"\n\t\tdata-event-trigger=\"click\"\n\t\tdata-always-visible=\"false\"\n\t\tdata-id=\"165054\"\n\t\tdata-no-lazy=\"1\"\n\t\tdata-lazy-src=\"\"\n\t\tdata-lazy=\"false\"\n\t\tloading=\"eager\"\n\t\tdata-skip-lazy=\"1\"\n\t\t>\n<\/div>\t\t<\/div>\n\t\t<map name=\"hotspots-image-165054\" class=\"hotspots-map\">\n\t\t\t\t\t\t\t\t\t\t\t<area\n\t\t\t\t\tshape=\"circle\"\n\t\t\t\t\tcoords=\"344,659,22\"\n\t\t\t\t\thref=\"https:\/\/culturaz.santoandre.sp.gov.br\/agente\/24851188\/#info\"\n\t\t\t\t\trel=\"\"\n\t\t\t\t\ttitle=\"Vila Humait\u00e1\"\n\t\t\t\t\talt=\"Vila Humait\u00e1\"\n\t\t\t\t\tdata-action=\"url\"\n\t\t\t\t\tdata-color-scheme=\"\"\n\t\t\t\t\ttarget=\"_new\"\n\t\t\t\t\tclass=\"url-area\"\n\t\t\t\t\t>\n\t\t\t\t\t\t\t\t\t\t\t<area\n\t\t\t\t\tshape=\"circle\"\n\t\t\t\t\tcoords=\"909,933,27\"\n\t\t\t\t\thref=\"https:\/\/culturaz.santoandre.sp.gov.br\/agente\/24866245\/#info\"\n\t\t\t\t\trel=\"\"\n\t\t\t\t\ttitle=\"Paranapiacaba\"\n\t\t\t\t\talt=\"Paranapiacaba\"\n\t\t\t\t\tdata-action=\"url\"\n\t\t\t\t\tdata-color-scheme=\"\"\n\t\t\t\t\ttarget=\"_new\"\n\t\t\t\t\tclass=\"url-area\"\n\t\t\t\t\t>\n\t\t\t\t\t\t\t\t\t\t\t<area\n\t\t\t\t\tshape=\"circle\"\n\t\t\t\t\tcoords=\"412,832,26\"\n\t\t\t\t\thref=\"https:\/\/culturaz.santoandre.sp.gov.br\/agente\/24865544\/#info\"\n\t\t\t\t\trel=\"\"\n\t\t\t\t\ttitle=\"pq andreense\"\n\t\t\t\t\talt=\"pq andreense\"\n\t\t\t\t\tdata-action=\"url\"\n\t\t\t\t\tdata-color-scheme=\"\"\n\t\t\t\t\ttarget=\"_new\"\n\t\t\t\t\tclass=\"url-area\"\n\t\t\t\t\t>\n\t\t\t\t\t\t\t\t\t\t\t<area\n\t\t\t\t\tshape=\"circle\"\n\t\t\t\t\tcoords=\"284,760,20\"\n\t\t\t\t\thref=\"https:\/\/culturaz.santoandre.sp.gov.br\/agente\/24863176\/#info\"\n\t\t\t\t\trel=\"\"\n\t\t\t\t\ttitle=\"Cata Preta\"\n\t\t\t\t\talt=\"Cata Preta\"\n\t\t\t\t\tdata-action=\"url\"\n\t\t\t\t\tdata-color-scheme=\"\"\n\t\t\t\t\ttarget=\"_new\"\n\t\t\t\t\tclass=\"url-area\"\n\t\t\t\t\t>\n\t\t\t\t\t\t\t\t\t\t\t<area\n\t\t\t\t\tshape=\"circle\"\n\t\t\t\t\tcoords=\"269,702,14\"\n\t\t\t\t\thref=\"https:\/\/culturaz.santoandre.sp.gov.br\/agente\/24861913\/#info\"\n\t\t\t\t\trel=\"\"\n\t\t\t\t\ttitle=\"Jardim Irene\"\n\t\t\t\t\talt=\"Jardim Irene\"\n\t\t\t\t\tdata-action=\"url\"\n\t\t\t\t\tdata-color-scheme=\"\"\n\t\t\t\t\ttarget=\"_new\"\n\t\t\t\t\tclass=\"url-area\"\n\t\t\t\t\t>\n\t\t\t\t\t\t\t\t\t\t\t<area\n\t\t\t\t\tshape=\"circle\"\n\t\t\t\t\tcoords=\"222,644,17\"\n\t\t\t\t\thref=\"https:\/\/culturaz.santoandre.sp.gov.br\/agente\/24862046\/#info\"\n\t\t\t\t\trel=\"\"\n\t\t\t\t\ttitle=\"Vila Linda\"\n\t\t\t\t\talt=\"Vila Linda\"\n\t\t\t\t\tdata-action=\"url\"\n\t\t\t\t\tdata-color-scheme=\"\"\n\t\t\t\t\ttarget=\"_new\"\n\t\t\t\t\tclass=\"url-area\"\n\t\t\t\t\t>\n\t\t\t\t\t\t\t\t\t\t\t<area\n\t\t\t\t\tshape=\"circle\"\n\t\t\t\t\tcoords=\"273,607,17\"\n\t\t\t\t\thref=\"https:\/\/culturaz.santoandre.sp.gov.br\/agente\/24862874\/#info\"\n\t\t\t\t\trel=\"\"\n\t\t\t\t\ttitle=\"centro\"\n\t\t\t\t\talt=\"centro\"\n\t\t\t\t\tdata-action=\"url\"\n\t\t\t\t\tdata-color-scheme=\"\"\n\t\t\t\t\ttarget=\"_new\"\n\t\t\t\t\tclass=\"url-area\"\n\t\t\t\t\t>\n\t\t\t\t\t\t\t\t\t\t\t<area\n\t\t\t\t\tshape=\"circle\"\n\t\t\t\t\tcoords=\"330,556,11\"\n\t\t\t\t\thref=\"https:\/\/culturaz.santoandre.sp.gov.br\/agente\/24863013\/#info\"\n\t\t\t\t\trel=\"\"\n\t\t\t\t\ttitle=\"pq erasmo\"\n\t\t\t\t\talt=\"pq erasmo\"\n\t\t\t\t\tdata-action=\"url\"\n\t\t\t\t\tdata-color-scheme=\"\"\n\t\t\t\t\ttarget=\"_new\"\n\t\t\t\t\tclass=\"url-area\"\n\t\t\t\t\t>\n\t\t\t\t\t\t\t\t\t\t\t<area\n\t\t\t\t\tshape=\"circle\"\n\t\t\t\t\tcoords=\"144,586,19\"\n\t\t\t\t\thref=\"https:\/\/culturaz.santoandre.sp.gov.br\/agente\/24862038\/#info\"\n\t\t\t\t\trel=\"\"\n\t\t\t\t\ttitle=\"vila floresta\"\n\t\t\t\t\talt=\"vila floresta\"\n\t\t\t\t\tdata-action=\"url\"\n\t\t\t\t\tdata-color-scheme=\"\"\n\t\t\t\t\ttarget=\"_new\"\n\t\t\t\t\tclass=\"url-area\"\n\t\t\t\t\t>\n\t\t\t\t\t\t\t\t\t\t\t<area\n\t\t\t\t\tshape=\"circle\"\n\t\t\t\t\tcoords=\"209,546,19\"\n\t\t\t\t\thref=\"https:\/\/culturaz.santoandre.sp.gov.br\/agente\/24861248\/#info\"\n\t\t\t\t\trel=\"\"\n\t\t\t\t\ttitle=\"jardim bela vista\"\n\t\t\t\t\talt=\"jardim bela vista\"\n\t\t\t\t\tdata-action=\"url\"\n\t\t\t\t\tdata-color-scheme=\"\"\n\t\t\t\t\ttarget=\"_new\"\n\t\t\t\t\tclass=\"url-area\"\n\t\t\t\t\t>\n\t\t\t\t\t\t\t\t\t\t\t<area\n\t\t\t\t\tshape=\"circle\"\n\t\t\t\t\tcoords=\"268,523,23\"\n\t\t\t\t\thref=\"https:\/\/culturaz.santoandre.sp.gov.br\/agente\/24860148\/#info\"\n\t\t\t\t\trel=\"\"\n\t\t\t\t\ttitle=\"jacatuba\"\n\t\t\t\t\talt=\"jacatuba\"\n\t\t\t\t\tdata-action=\"url\"\n\t\t\t\t\tdata-color-scheme=\"\"\n\t\t\t\t\ttarget=\"_new\"\n\t\t\t\t\tclass=\"url-area\"\n\t\t\t\t\t>\n\t\t\t\t\t\t\t\t\t\t\t<area\n\t\t\t\t\tshape=\"circle\"\n\t\t\t\t\tcoords=\"138,488,21\"\n\t\t\t\t\thref=\"https:\/\/culturaz.santoandre.sp.gov.br\/agente\/24859368\/#info\"\n\t\t\t\t\trel=\"\"\n\t\t\t\t\ttitle=\"palmares\"\n\t\t\t\t\talt=\"palmares\"\n\t\t\t\t\tdata-action=\"url\"\n\t\t\t\t\tdata-color-scheme=\"\"\n\t\t\t\t\ttarget=\"_new\"\n\t\t\t\t\tclass=\"url-area\"\n\t\t\t\t\t>\n\t\t\t\t\t\t\t\t\t\t\t<area\n\t\t\t\t\tshape=\"circle\"\n\t\t\t\t\tcoords=\"272,447,20\"\n\t\t\t\t\thref=\"https:\/\/culturaz.santoandre.sp.gov.br\/agente\/24857903\/#info\"\n\t\t\t\t\trel=\"\"\n\t\t\t\t\ttitle=\"pq da na\u00e7oes\"\n\t\t\t\t\talt=\"pq da na\u00e7oes\"\n\t\t\t\t\tdata-action=\"url\"\n\t\t\t\t\tdata-color-scheme=\"\"\n\t\t\t\t\ttarget=\"_new\"\n\t\t\t\t\tclass=\"url-area\"\n\t\t\t\t\t>\n\t\t\t\t\t\t\t\t\t\t\t<area\n\t\t\t\t\tshape=\"circle\"\n\t\t\t\t\tcoords=\"357,476,15\"\n\t\t\t\t\thref=\"https:\/\/culturaz.santoandre.sp.gov.br\/agente\/24857636\/#info\"\n\t\t\t\t\trel=\"\"\n\t\t\t\t\ttitle=\"santo alberto\"\n\t\t\t\t\talt=\"santo alberto\"\n\t\t\t\t\tdata-action=\"url\"\n\t\t\t\t\tdata-color-scheme=\"\"\n\t\t\t\t\ttarget=\"_new\"\n\t\t\t\t\tclass=\"url-area\"\n\t\t\t\t\t>\n\t\t\t\t\t\t\t\t\t\t\t<area\n\t\t\t\t\tshape=\"circle\"\n\t\t\t\t\tcoords=\"201,478,19\"\n\t\t\t\t\thref=\"https:\/\/culturaz.santoandre.sp.gov.br\/agente\/24857500\/#info\"\n\t\t\t\t\trel=\"\"\n\t\t\t\t\ttitle=\"jardim\"\n\t\t\t\t\talt=\"jardim\"\n\t\t\t\t\tdata-action=\"url\"\n\t\t\t\t\tdata-color-scheme=\"\"\n\t\t\t\t\ttarget=\"_new\"\n\t\t\t\t\tclass=\"url-area\"\n\t\t\t\t\t>\n\t\t\t\t\t\t\t\t\t\t\t<area\n\t\t\t\t\tshape=\"circle\"\n\t\t\t\t\tcoords=\"345,395,21\"\n\t\t\t\t\thref=\"https:\/\/culturaz.santoandre.sp.gov.br\/agente\/24856442\/#info\"\n\t\t\t\t\trel=\"\"\n\t\t\t\t\ttitle=\"ana maria\"\n\t\t\t\t\talt=\"ana maria\"\n\t\t\t\t\tdata-action=\"url\"\n\t\t\t\t\tdata-color-scheme=\"\"\n\t\t\t\t\ttarget=\"_new\"\n\t\t\t\t\tclass=\"url-area\"\n\t\t\t\t\t>\n\t\t\t\t\t\t\t\t\t\t\t<area\n\t\t\t\t\tshape=\"circle\"\n\t\t\t\t\tcoords=\"214,377,17\"\n\t\t\t\t\thref=\"https:\/\/culturaz.santoandre.sp.gov.br\/agente\/24856354\/#info\"\n\t\t\t\t\trel=\"\"\n\t\t\t\t\ttitle=\"vila s\u00e1\"\n\t\t\t\t\talt=\"vila s\u00e1\"\n\t\t\t\t\tdata-action=\"url\"\n\t\t\t\t\tdata-color-scheme=\"\"\n\t\t\t\t\ttarget=\"_new\"\n\t\t\t\t\tclass=\"url-area\"\n\t\t\t\t\t>\n\t\t\t\t\t<\/map>\n\n\t\t\n\t\t\t\t\t\t\t\t\t\t\t\t\t\t\t\t\t\t\t\t\t\t\t\t\t\t\t\t\t\t\t\t\t\t\t\t\t\t\t\t\t\t\t\t\t\t\t\t\t\t\t\t\t\t<\/div>\n\n\n<\/div>\n<\/div>\n<\/div>\n<\/div>\n\n\n\n<p class=\"has-medium-font-size\"><\/p>\n\n\n\n<p><\/p>\n","protected":false},"excerpt":{"rendered":"<p>Territ\u00f3rios de Cultura O Projeto TERRIT\u00d3RIOS DE CULTURA \u00e9 um projeto da Secretaria de Cultura de Santo Andr\u00e9 de oferta de oficinas culturais gratuitas e tem como pilar principal a descentraliza\u00e7\u00e3o das a\u00e7\u00f5es de forma\u00e7\u00e3o cultural e\/ou art\u00edstica articulando-se sobre a base territorial do munic\u00edpio. Iniciou suas atividades em 2017, mas nasce do desdobramento do [&hellip;]<\/p>\n","protected":false},"author":2,"featured_media":0,"parent":172783,"menu_order":0,"comment_status":"closed","ping_status":"closed","template":"elementor_canvas","meta":{"content-type":"","footnotes":""},"class_list":["post-182561","page","type-page","status-publish","hentry"],"blocksy_meta":[],"jetpack_sharing_enabled":true,"_links":{"self":[{"href":"https:\/\/www3.santoandre.sp.gov.br\/cultura\/acervosculturais\/wp-json\/wp\/v2\/pages\/182561","targetHints":{"allow":["GET"]}}],"collection":[{"href":"https:\/\/www3.santoandre.sp.gov.br\/cultura\/acervosculturais\/wp-json\/wp\/v2\/pages"}],"about":[{"href":"https:\/\/www3.santoandre.sp.gov.br\/cultura\/acervosculturais\/wp-json\/wp\/v2\/types\/page"}],"author":[{"embeddable":true,"href":"https:\/\/www3.santoandre.sp.gov.br\/cultura\/acervosculturais\/wp-json\/wp\/v2\/users\/2"}],"replies":[{"embeddable":true,"href":"https:\/\/www3.santoandre.sp.gov.br\/cultura\/acervosculturais\/wp-json\/wp\/v2\/comments?post=182561"}],"version-history":[{"count":4,"href":"https:\/\/www3.santoandre.sp.gov.br\/cultura\/acervosculturais\/wp-json\/wp\/v2\/pages\/182561\/revisions"}],"predecessor-version":[{"id":184819,"href":"https:\/\/www3.santoandre.sp.gov.br\/cultura\/acervosculturais\/wp-json\/wp\/v2\/pages\/182561\/revisions\/184819"}],"up":[{"embeddable":true,"href":"https:\/\/www3.santoandre.sp.gov.br\/cultura\/acervosculturais\/wp-json\/wp\/v2\/pages\/172783"}],"wp:attachment":[{"href":"https:\/\/www3.santoandre.sp.gov.br\/cultura\/acervosculturais\/wp-json\/wp\/v2\/media?parent=182561"}],"curies":[{"name":"wp","href":"https:\/\/api.w.org\/{rel}","templated":true}]}}