{"id":182554,"date":"2025-04-22T16:14:39","date_gmt":"2025-04-22T19:14:39","guid":{"rendered":"https:\/\/www3.santoandre.sp.gov.br\/cultura\/acervosculturais\/?page_id=182554"},"modified":"2025-04-24T22:52:22","modified_gmt":"2025-04-25T01:52:22","slug":"meu-pedaco","status":"publish","type":"page","link":"https:\/\/www3.santoandre.sp.gov.br\/cultura\/acervosculturais\/santoandreevc\/meu-pedaco\/","title":{"rendered":"MEU PEDA\u00c7O"},"content":{"rendered":"<nav class=\"has-text-color has-white-color has-background has-black-background-color  no-wrap wp-block-navigation is-nowrap is-layout-flex wp-container-core-navigation-is-layout-6c531013 wp-block-navigation-is-layout-flex\" aria-label=\"LINKS\"><ul class=\"wp-block-navigation__container has-text-color has-white-color has-background has-black-background-color  no-wrap wp-block-navigation\"><li class=\" wp-block-navigation-item  menu-item menu-item-type-custom menu-item-object-custom wp-block-navigation-link\"><a class=\"wp-block-navigation-item__content\"  href=\"https:\/\/www3.santoandre.sp.gov.br\/cultura\/\" title=\"\"><span class=\"wp-block-navigation-item__label\">Portal Secretaria<\/span><\/a><\/li><li class=\" wp-block-navigation-item  menu-item menu-item-type-custom menu-item-object-custom menu-item-home wp-block-navigation-link\"><a class=\"wp-block-navigation-item__content\"  href=\"https:\/\/www3.santoandre.sp.gov.br\/cultura\/acervosculturais\/\" title=\"\"><span class=\"wp-block-navigation-item__label\">Acervos Culturais<\/span><\/a><\/li><li class=\" wp-block-navigation-item  menu-item menu-item-type-custom menu-item-object-custom wp-block-navigation-link\"><a class=\"wp-block-navigation-item__content\"  href=\"https:\/\/www2.santoandre.sp.gov.br\/\" title=\"\"><span class=\"wp-block-navigation-item__label\">Portal Prefeitura<\/span><\/a><\/li><\/ul><\/nav>\n\n\n<figure class=\"wp-block-image aligncenter size-full is-resized\"><a href=\"https:\/\/www3.santoandre.sp.gov.br\/cultura\/acervosculturais\/santoandreevc\/\"><img fetchpriority=\"high\" decoding=\"async\" width=\"1654\" height=\"1654\" data-attachment-id=\"181740\" data-permalink=\"https:\/\/www3.santoandre.sp.gov.br\/cultura\/acervosculturais\/santoandreevc\/nasescolas-2\/sem-fundo-3\/\" data-orig-file=\"https:\/\/www3.santoandre.sp.gov.br\/cultura\/acervosculturais\/wp-content\/uploads\/2025\/04\/sem-fundo-2.png\" data-orig-size=\"1654,1654\" data-comments-opened=\"1\" data-image-meta=\"{&quot;aperture&quot;:&quot;0&quot;,&quot;credit&quot;:&quot;&quot;,&quot;camera&quot;:&quot;&quot;,&quot;caption&quot;:&quot;&quot;,&quot;created_timestamp&quot;:&quot;0&quot;,&quot;copyright&quot;:&quot;&quot;,&quot;focal_length&quot;:&quot;0&quot;,&quot;iso&quot;:&quot;0&quot;,&quot;shutter_speed&quot;:&quot;0&quot;,&quot;title&quot;:&quot;&quot;,&quot;orientation&quot;:&quot;0&quot;}\" data-image-title=\"sem fundo\" data-image-description=\"\" data-image-caption=\"\" data-medium-file=\"https:\/\/www3.santoandre.sp.gov.br\/cultura\/acervosculturais\/wp-content\/uploads\/2025\/04\/sem-fundo-2-300x300.png\" data-large-file=\"https:\/\/www3.santoandre.sp.gov.br\/cultura\/acervosculturais\/wp-content\/uploads\/2025\/04\/sem-fundo-2-1024x1024.png\" src=\"https:\/\/www3.santoandre.sp.gov.br\/cultura\/acervosculturais\/wp-content\/uploads\/2025\/04\/sem-fundo-2.png\" alt=\"\" class=\"wp-image-181740\" style=\"width:406px\" srcset=\"https:\/\/www3.santoandre.sp.gov.br\/cultura\/acervosculturais\/wp-content\/uploads\/2025\/04\/sem-fundo-2.png 1654w, https:\/\/www3.santoandre.sp.gov.br\/cultura\/acervosculturais\/wp-content\/uploads\/2025\/04\/sem-fundo-2-300x300.png 300w, https:\/\/www3.santoandre.sp.gov.br\/cultura\/acervosculturais\/wp-content\/uploads\/2025\/04\/sem-fundo-2-1024x1024.png 1024w, https:\/\/www3.santoandre.sp.gov.br\/cultura\/acervosculturais\/wp-content\/uploads\/2025\/04\/sem-fundo-2-150x150.png 150w, https:\/\/www3.santoandre.sp.gov.br\/cultura\/acervosculturais\/wp-content\/uploads\/2025\/04\/sem-fundo-2-768x768.png 768w, https:\/\/www3.santoandre.sp.gov.br\/cultura\/acervosculturais\/wp-content\/uploads\/2025\/04\/sem-fundo-2-1536x1536.png 1536w, https:\/\/www3.santoandre.sp.gov.br\/cultura\/acervosculturais\/wp-content\/uploads\/2025\/04\/sem-fundo-2-40x40.png 40w, https:\/\/www3.santoandre.sp.gov.br\/cultura\/acervosculturais\/wp-content\/uploads\/2025\/04\/sem-fundo-2-275x275.png 275w, https:\/\/www3.santoandre.sp.gov.br\/cultura\/acervosculturais\/wp-content\/uploads\/2025\/04\/sem-fundo-2-205x205.png 205w, https:\/\/www3.santoandre.sp.gov.br\/cultura\/acervosculturais\/wp-content\/uploads\/2025\/04\/sem-fundo-2-480x480.png 480w\" sizes=\"(max-width: 1654px) 100vw, 1654px\" \/><\/a><\/figure>\n\n\n<nav style=\"background-color: #8a2be2; text-transform:uppercase;\" class=\"has-text-color has-white-color has-background items-justified-center wp-block-navigation is-content-justification-center is-layout-flex wp-container-core-navigation-is-layout-a89b3969 wp-block-navigation-is-layout-flex\" aria-label=\"Santo andre e vc\"><ul style=\"background-color: #8a2be2; text-transform:uppercase;\" class=\"wp-block-navigation__container has-text-color has-white-color has-background items-justified-center wp-block-navigation\"><li class=\" wp-block-navigation-item wp-block-navigation-link\"><a class=\"wp-block-navigation-item__content\"  href=\"https:\/\/www3.santoandre.sp.gov.br\/cultura\/acervosculturais\/santoandreevc\/personalidadessa\/\"><span class=\"wp-block-navigation-item__label\">pessoas<\/span><\/a><\/li><li class=\" wp-block-navigation-item wp-block-navigation-link\"><a class=\"wp-block-navigation-item__content\"  href=\"https:\/\/www3.santoandre.sp.gov.br\/cultura\/acervosculturais\/santoandreevc\/meupedaco\/\"><span class=\"wp-block-navigation-item__label\">Territ\u00f3rios<\/span><\/a><\/li><li class=\" wp-block-navigation-item wp-block-navigation-link\"><a class=\"wp-block-navigation-item__content\"  href=\"https:\/\/www3.santoandre.sp.gov.br\/cultura\/acervosculturais\/santoandreevc\/nasescolas-2\/\"><span class=\"wp-block-navigation-item__label\">FORMA\u00c7\u00c3O DE REDES<\/span><\/a><\/li><li class=\" wp-block-navigation-item wp-block-navigation-link\"><a class=\"wp-block-navigation-item__content\"  href=\"https:\/\/www3.santoandre.sp.gov.br\/cultura\/acervosculturais\/santoandreevc\/participe\/\"><span class=\"wp-block-navigation-item__label\">PARTICIPE<\/span><\/a><\/li><li class=\" wp-block-navigation-item wp-block-navigation-link\"><a class=\"wp-block-navigation-item__content\"  href=\"https:\/\/www3.santoandre.sp.gov.br\/cultura\/acervosculturais\/santoandreevc\/outras-ferramentas\/\"><span class=\"wp-block-navigation-item__label\">SERVI\u00c7OS<\/span><\/a><\/li><li class=\" wp-block-navigation-item wp-block-navigation-link\"><a class=\"wp-block-navigation-item__content\"  href=\"https:\/\/www3.santoandre.sp.gov.br\/cultura\/acervosculturais\/noticias\/\"><span class=\"wp-block-navigation-item__label\">Not\u00edcias<\/span><\/a><\/li><\/ul><\/nav>\n\n\n<div class=\"wp-block-columns is-layout-flex wp-container-core-columns-is-layout-28f84493 wp-block-columns-is-layout-flex\">\n<div class=\"wp-block-column is-layout-constrained wp-container-core-column-is-layout-7721179c wp-block-column-is-layout-constrained\" style=\"padding-top:32px;padding-right:40px;padding-left:40px\">\n<h1 class=\"wp-block-heading has-text-align-center has-large-font-size\">Meu Peda\u00e7o <\/h1>\n\n\n\n<p class=\"has-medium-font-size\">A proposta \u00e9 simples: convidar as pessoas de Santo Andr\u00e9 a contarem hist\u00f3rias, lembran\u00e7as e viv\u00eancias sobre os lugares onde vivem.<\/p>\n\n\n\n<p class=\"has-medium-font-size\">A Secretaria de Cultura iniciou este trabalho entrevistando moradores dos <strong>BAIRROS<\/strong> Jardim Ana Maria, Parque das Na\u00e7\u00f5es e Cata Preta; nas pr\u00f3ximas etapas vamos ampliar para outros bairros de Santo Andr\u00e9.<\/p>\n\n\n\n<p class=\"has-medium-font-size\">Agora voc\u00ea pode participar virtualmente do <strong>MEU PEDA\u00c7O<\/strong> enviando v\u00eddeos curtos, fotografias ou \u00e1udios contando suas mem\u00f3rias, hist\u00f3rias de fam\u00edlia, de festas, de costumes e momentos marcantes do seu bairro.<\/p>\n\n\n\n<p class=\"has-medium-font-size\">A participa\u00e7\u00e3o \u00e9 uma a\u00e7\u00e3o cont\u00ednua nesta plataforma digital. Participe e convide outras pessoas! Aproveite e conhe\u00e7a as a\u00e7\u00f5es realizadas.<\/p>\n\n\n\n<p class=\"has-medium-font-size\"><a href=\"https:\/\/www3.santoandre.sp.gov.br\/cultura\/acervosculturais\/santoandreevc\/participe\/\"><strong>Participe e convide outras pessoas!<\/strong><\/a><\/p>\n\n\n\n<p class=\"has-medium-font-size\"><\/p>\n<\/div>\n<\/div>\n\n\n\n<div class=\"wp-block-columns is-layout-flex wp-container-core-columns-is-layout-28f84493 wp-block-columns-is-layout-flex\">\n<div class=\"wp-block-column is-layout-constrained wp-container-core-column-is-layout-d2d0ce25 wp-block-column-is-layout-constrained\" style=\"padding-right:40px;padding-left:40px\">\n<p class=\"has-text-align-center has-large-font-size\"><strong><mark style=\"background-color:rgba(0, 0, 0, 0);color:#e2167d\" class=\"has-inline-color\">MAPA DE BAIRROS DE SANTO ANDR\u00c9<\/mark><\/strong><\/p>\n\n\n\n<p class=\"has-text-align-center\">Uma das formas de navega\u00e7\u00e3o no site \u00e9 pelo MAPA DA CIDADE, localizando seu BAIRRO.<\/p>\n\n\n\n<p class=\"has-text-align-center\">Os BAIRROS destacados j\u00e1 possuem informa\u00e7\u00f5es acess\u00edveis.<\/p>\n\n\n\n<p class=\"has-text-align-center\">Ainda estamos trabalhando nos demais bairros!<\/p>\n\n\n\n<!DOCTYPE html>\n<html lang=\"pt-br\">\n<head>\n    <meta charset=\"UTF-8\">\n    <meta name=\"viewport\" content=\"width=device-width, initial-scale=1.0\">\n    <title>Mapa Responsivo<\/title>\n    <style>\n        * {\n            box-sizing: border-box;\n            margin: 0;\n            padding: 0;\n        }\n\n        body {\n            font-family: sans-serif;\n        }\n\n        .mapa {\n            width: 100%;\n            max-width: 100%;\n            aspect-ratio: 1 \/ 1; \/* Propor\u00e7\u00e3o quadrada para celular *\/\n        }\n\n        .mapa iframe {\n            width: 100%;\n            height: 100%;\n            border: 0;\n        }\n\n        @media (min-width: 768px) {\n            .mapa {\n                aspect-ratio: 16 \/ 9; \/* Propor\u00e7\u00e3o widescreen em telas maiores *\/\n            }\n        }\n    <\/style>\n<\/head>\n<body>\n\n    <div class=\"mapa\">\n        <iframe src=\"https:\/\/sigamapa.santoandre.sp.gov.br\/index_SantoAndreVoce.php\" allowfullscreen><\/iframe>\n    <\/div>\n\n<\/body>\n<\/html>\n<\/div>\n<\/div>\n\n\n\n<p><\/p>\n","protected":false},"excerpt":{"rendered":"<p>Meu Peda\u00e7o A proposta \u00e9 simples: convidar as pessoas de Santo Andr\u00e9 a contarem hist\u00f3rias, lembran\u00e7as e viv\u00eancias sobre os lugares onde vivem. A Secretaria de Cultura iniciou este trabalho entrevistando moradores dos BAIRROS Jardim Ana Maria, Parque das Na\u00e7\u00f5es e Cata Preta; nas pr\u00f3ximas etapas vamos ampliar para outros bairros de Santo Andr\u00e9. Agora [&hellip;]<\/p>\n","protected":false},"author":2,"featured_media":0,"parent":172783,"menu_order":0,"comment_status":"closed","ping_status":"closed","template":"elementor_canvas","meta":{"content-type":"","footnotes":""},"class_list":["post-182554","page","type-page","status-publish","hentry"],"blocksy_meta":[],"jetpack_sharing_enabled":true,"_links":{"self":[{"href":"https:\/\/www3.santoandre.sp.gov.br\/cultura\/acervosculturais\/wp-json\/wp\/v2\/pages\/182554","targetHints":{"allow":["GET"]}}],"collection":[{"href":"https:\/\/www3.santoandre.sp.gov.br\/cultura\/acervosculturais\/wp-json\/wp\/v2\/pages"}],"about":[{"href":"https:\/\/www3.santoandre.sp.gov.br\/cultura\/acervosculturais\/wp-json\/wp\/v2\/types\/page"}],"author":[{"embeddable":true,"href":"https:\/\/www3.santoandre.sp.gov.br\/cultura\/acervosculturais\/wp-json\/wp\/v2\/users\/2"}],"replies":[{"embeddable":true,"href":"https:\/\/www3.santoandre.sp.gov.br\/cultura\/acervosculturais\/wp-json\/wp\/v2\/comments?post=182554"}],"version-history":[{"count":8,"href":"https:\/\/www3.santoandre.sp.gov.br\/cultura\/acervosculturais\/wp-json\/wp\/v2\/pages\/182554\/revisions"}],"predecessor-version":[{"id":184808,"href":"https:\/\/www3.santoandre.sp.gov.br\/cultura\/acervosculturais\/wp-json\/wp\/v2\/pages\/182554\/revisions\/184808"}],"up":[{"embeddable":true,"href":"https:\/\/www3.santoandre.sp.gov.br\/cultura\/acervosculturais\/wp-json\/wp\/v2\/pages\/172783"}],"wp:attachment":[{"href":"https:\/\/www3.santoandre.sp.gov.br\/cultura\/acervosculturais\/wp-json\/wp\/v2\/media?parent=182554"}],"curies":[{"name":"wp","href":"https:\/\/api.w.org\/{rel}","templated":true}]}}