{"id":181543,"date":"2025-04-15T15:59:47","date_gmt":"2025-04-15T18:59:47","guid":{"rendered":"https:\/\/www3.santoandre.sp.gov.br\/cultura\/acervosculturais\/?page_id=181543"},"modified":"2025-07-02T14:03:17","modified_gmt":"2025-07-02T17:03:17","slug":"participe","status":"publish","type":"page","link":"https:\/\/www3.santoandre.sp.gov.br\/cultura\/acervosculturais\/santoandreevc\/participe\/","title":{"rendered":"PARTICIPE"},"content":{"rendered":"<nav class=\"has-text-color has-white-color has-background has-black-background-color  no-wrap wp-block-navigation is-nowrap is-layout-flex wp-container-core-navigation-is-layout-6c531013 wp-block-navigation-is-layout-flex\" aria-label=\"LINKS\"><ul class=\"wp-block-navigation__container has-text-color has-white-color has-background has-black-background-color  no-wrap wp-block-navigation\"><li class=\" wp-block-navigation-item  menu-item menu-item-type-custom menu-item-object-custom wp-block-navigation-link\"><a class=\"wp-block-navigation-item__content\"  href=\"https:\/\/www3.santoandre.sp.gov.br\/cultura\/\" title=\"\"><span class=\"wp-block-navigation-item__label\">Portal Secretaria<\/span><\/a><\/li><li class=\" wp-block-navigation-item  menu-item menu-item-type-custom menu-item-object-custom menu-item-home wp-block-navigation-link\"><a class=\"wp-block-navigation-item__content\"  href=\"https:\/\/www3.santoandre.sp.gov.br\/cultura\/acervosculturais\/\" title=\"\"><span class=\"wp-block-navigation-item__label\">Acervos Culturais<\/span><\/a><\/li><li class=\" wp-block-navigation-item  menu-item menu-item-type-custom menu-item-object-custom wp-block-navigation-link\"><a class=\"wp-block-navigation-item__content\"  href=\"https:\/\/www2.santoandre.sp.gov.br\/\" title=\"\"><span class=\"wp-block-navigation-item__label\">Portal Prefeitura<\/span><\/a><\/li><\/ul><\/nav>\n\n\n<figure class=\"wp-block-image aligncenter size-full is-resized\"><a href=\"https:\/\/www3.santoandre.sp.gov.br\/cultura\/acervosculturais\/santoandreevc\/\"><img fetchpriority=\"high\" decoding=\"async\" width=\"1654\" height=\"1654\" data-attachment-id=\"181740\" data-permalink=\"https:\/\/www3.santoandre.sp.gov.br\/cultura\/acervosculturais\/santoandreevc\/nasescolas-2\/sem-fundo-3\/\" data-orig-file=\"https:\/\/www3.santoandre.sp.gov.br\/cultura\/acervosculturais\/wp-content\/uploads\/2025\/04\/sem-fundo-2.png\" data-orig-size=\"1654,1654\" data-comments-opened=\"1\" data-image-meta=\"{&quot;aperture&quot;:&quot;0&quot;,&quot;credit&quot;:&quot;&quot;,&quot;camera&quot;:&quot;&quot;,&quot;caption&quot;:&quot;&quot;,&quot;created_timestamp&quot;:&quot;0&quot;,&quot;copyright&quot;:&quot;&quot;,&quot;focal_length&quot;:&quot;0&quot;,&quot;iso&quot;:&quot;0&quot;,&quot;shutter_speed&quot;:&quot;0&quot;,&quot;title&quot;:&quot;&quot;,&quot;orientation&quot;:&quot;0&quot;}\" data-image-title=\"sem fundo\" data-image-description=\"\" data-image-caption=\"\" data-medium-file=\"https:\/\/www3.santoandre.sp.gov.br\/cultura\/acervosculturais\/wp-content\/uploads\/2025\/04\/sem-fundo-2-300x300.png\" data-large-file=\"https:\/\/www3.santoandre.sp.gov.br\/cultura\/acervosculturais\/wp-content\/uploads\/2025\/04\/sem-fundo-2-1024x1024.png\" src=\"https:\/\/www3.santoandre.sp.gov.br\/cultura\/acervosculturais\/wp-content\/uploads\/2025\/04\/sem-fundo-2.png\" alt=\"\" class=\"wp-image-181740\" style=\"width:406px\" srcset=\"https:\/\/www3.santoandre.sp.gov.br\/cultura\/acervosculturais\/wp-content\/uploads\/2025\/04\/sem-fundo-2.png 1654w, https:\/\/www3.santoandre.sp.gov.br\/cultura\/acervosculturais\/wp-content\/uploads\/2025\/04\/sem-fundo-2-300x300.png 300w, https:\/\/www3.santoandre.sp.gov.br\/cultura\/acervosculturais\/wp-content\/uploads\/2025\/04\/sem-fundo-2-1024x1024.png 1024w, https:\/\/www3.santoandre.sp.gov.br\/cultura\/acervosculturais\/wp-content\/uploads\/2025\/04\/sem-fundo-2-150x150.png 150w, https:\/\/www3.santoandre.sp.gov.br\/cultura\/acervosculturais\/wp-content\/uploads\/2025\/04\/sem-fundo-2-768x768.png 768w, https:\/\/www3.santoandre.sp.gov.br\/cultura\/acervosculturais\/wp-content\/uploads\/2025\/04\/sem-fundo-2-1536x1536.png 1536w, https:\/\/www3.santoandre.sp.gov.br\/cultura\/acervosculturais\/wp-content\/uploads\/2025\/04\/sem-fundo-2-40x40.png 40w, https:\/\/www3.santoandre.sp.gov.br\/cultura\/acervosculturais\/wp-content\/uploads\/2025\/04\/sem-fundo-2-275x275.png 275w, https:\/\/www3.santoandre.sp.gov.br\/cultura\/acervosculturais\/wp-content\/uploads\/2025\/04\/sem-fundo-2-205x205.png 205w, https:\/\/www3.santoandre.sp.gov.br\/cultura\/acervosculturais\/wp-content\/uploads\/2025\/04\/sem-fundo-2-480x480.png 480w\" sizes=\"(max-width: 1654px) 100vw, 1654px\" \/><\/a><\/figure>\n\n\n<nav style=\"background-color: #8a2be2; text-transform:uppercase;\" class=\"has-text-color has-white-color has-background items-justified-center wp-block-navigation is-content-justification-center is-layout-flex wp-container-core-navigation-is-layout-a89b3969 wp-block-navigation-is-layout-flex\" aria-label=\"Santo andre e vc\"><ul style=\"background-color: #8a2be2; text-transform:uppercase;\" class=\"wp-block-navigation__container has-text-color has-white-color has-background items-justified-center wp-block-navigation\"><li class=\" wp-block-navigation-item wp-block-navigation-link\"><a class=\"wp-block-navigation-item__content\"  href=\"https:\/\/www3.santoandre.sp.gov.br\/cultura\/acervosculturais\/santoandreevc\/personalidadessa\/\"><span class=\"wp-block-navigation-item__label\">pessoas<\/span><\/a><\/li><li class=\" wp-block-navigation-item wp-block-navigation-link\"><a class=\"wp-block-navigation-item__content\"  href=\"https:\/\/www3.santoandre.sp.gov.br\/cultura\/acervosculturais\/santoandreevc\/meupedaco\/\"><span class=\"wp-block-navigation-item__label\">Territ\u00f3rios<\/span><\/a><\/li><li class=\" wp-block-navigation-item wp-block-navigation-link\"><a class=\"wp-block-navigation-item__content\"  href=\"https:\/\/www3.santoandre.sp.gov.br\/cultura\/acervosculturais\/santoandreevc\/nasescolas-2\/\"><span class=\"wp-block-navigation-item__label\">FORMA\u00c7\u00c3O DE REDES<\/span><\/a><\/li><li class=\" wp-block-navigation-item wp-block-navigation-link\"><a class=\"wp-block-navigation-item__content\"  href=\"https:\/\/www3.santoandre.sp.gov.br\/cultura\/acervosculturais\/santoandreevc\/participe\/\"><span class=\"wp-block-navigation-item__label\">PARTICIPE<\/span><\/a><\/li><li class=\" wp-block-navigation-item wp-block-navigation-link\"><a class=\"wp-block-navigation-item__content\"  href=\"https:\/\/www3.santoandre.sp.gov.br\/cultura\/acervosculturais\/santoandreevc\/outras-ferramentas\/\"><span class=\"wp-block-navigation-item__label\">SERVI\u00c7OS<\/span><\/a><\/li><li class=\" wp-block-navigation-item wp-block-navigation-link\"><a class=\"wp-block-navigation-item__content\"  href=\"https:\/\/www3.santoandre.sp.gov.br\/cultura\/acervosculturais\/noticias\/\"><span class=\"wp-block-navigation-item__label\">Not\u00edcias<\/span><\/a><\/li><\/ul><\/nav>\n\n\n<div class=\"wp-block-group alignwide has-medium-font-size is-vertical is-content-justification-center is-layout-flex wp-container-core-group-is-layout-22e40030 wp-block-group-is-layout-flex\" style=\"padding-right:40px;padding-left:40px\">\n<p class=\"has-text-align-center\"><\/p>\n\n\n\n<p><strong><mark style=\"background-color:rgba(0, 0, 0, 0)\" class=\"has-inline-color has-palette-color-10-color\">IDENTIFICA\u00c7\u00c3O VOLUNT\u00c1RIA<\/mark><\/strong><\/p>\n\n\n\n<p class=\"has-text-align-left\"><strong>(uma das formas de participar da constru\u00e7\u00e3o da mem\u00f3ria coletiva de nossa cidade)<\/strong><\/p>\n\n\n\n<p class=\"has-text-align-left\">Imagine como seria bacana ter seus conhecimentos disponibilizados para outras pessoas que possam acessar informa\u00e7\u00f5es sobre seu bairro. Conhecer Santo Andr\u00e9 pelos olhos de quem nela vive \u00e9 mais uma proposta da plataforma digital <strong>Santo Andr\u00e9 \u00e9 voc\u00ea<\/strong>.<\/p>\n\n\n\n<p class=\"has-text-align-left\">E seria muito bom poder contar com voc\u00ea nesse movimento!<\/p>\n\n\n\n<p class=\"has-text-align-left\">Se voc\u00ea quiser participar \u00e9 muito f\u00e1cil; basta partilhar com a gente espa\u00e7os, viv\u00eancias suas e de outras pessoas que moram, trabalham e curtem Santo Andr\u00e9.<\/p>\n\n\n\n<p class=\"has-text-align-left\">A plataforma est\u00e1 apta a receber informa\u00e7\u00f5es, documentos, fotos, \u00e1udios e v\u00eddeos sobre manifesta\u00e7\u00f5es culturais, lugares, objetos, personagens ou grupos presentes nos diversos bairros andreenses. Este conjunto poder\u00e1 fazer parte de um processo mais amplo de constru\u00e7\u00e3o de conhecimentos sobre nosso munic\u00edpio.<\/p>\n\n\n\n<p class=\"has-text-align-left\">Para facilitar esse di\u00e1logo criamos um formul\u00e1rio no qual voc\u00ea participar desse movimento.<\/p>\n\n\n\n<p>Que tal, vamos come\u00e7ar?&nbsp;<\/p>\n\n\n\n<p class=\"has-text-align-center has-medium-font-size\">&nbsp;<\/p>\n<\/div>\n\n\n\n<div class=\"wp-block-columns is-layout-flex wp-container-core-columns-is-layout-0cc45bea wp-block-columns-is-layout-flex\" style=\"padding-right:40px;padding-left:40px\">\n<div class=\"wp-block-column is-layout-constrained wp-container-core-column-is-layout-d2d0ce25 wp-block-column-is-layout-constrained\" style=\"padding-right:40px;padding-left:40px\">\n<p class=\"has-medium-font-size\" style=\"margin-left:80px\"><mark style=\"background-color:rgba(0, 0, 0, 0)\" class=\"has-inline-color has-palette-color-4-color\"><strong>Formul\u00e1rio<\/strong><\/mark><\/p>\n\n\n\n<div style=\"font-size:16px;--tainacan-base-font-size:16px;--tainacan-background-color:rgba(255,255,255,0);--tainacan-input-color:#1d1d1d;--tainacan-input-background-color:#ffffff;--tainacan-input-border-color:#dbdbdb;--tainacan-label-color:#373839;--tainacan-info-color:#505253;--tainacan-primary:#d9eced;--tainacan-secondary:#eb870f\" class=\"wp-block-tainacan-item-submission-form\"><div id=\"tainacan-item-submission-form\" data-module=\"item-submission-form\" data-collection-id=\"168965\" data-hide-file-modal-button=\"false\" data-hide-text-modal-button=\"true\" data-hide-link-modal-button=\"true\" data-hide-thumbnail-section=\"false\" data-hide-attachments-section=\"true\" data-show-allow-comments-section=\"false\" data-hide-help-buttons=\"true\" data-hide-metadata-types=\"false\" data-hide-collapses=\"false\" data-enabled-metadata=\"{&quot;91774&quot;:false,&quot;91776&quot;:true,&quot;91778&quot;:false,&quot;91780&quot;:false,&quot;91782&quot;:false,&quot;91784&quot;:false,&quot;91786&quot;:false,&quot;91789&quot;:false,&quot;91793&quot;:false,&quot;91795&quot;:false,&quot;91799&quot;:false,&quot;91802&quot;:false,&quot;91804&quot;:false,&quot;91806&quot;:false,&quot;91808&quot;:false,&quot;91810&quot;:false,&quot;91813&quot;:false,&quot;91838&quot;:false,&quot;91841&quot;:false,&quot;108136&quot;:false,&quot;146535&quot;:false,&quot;146537&quot;:false,&quot;168968&quot;:true,&quot;168970&quot;:true,&quot;172430&quot;:false,&quot;182529&quot;:true}\" data-sent-form-heading=\"Enviado com sucesso!\" data-sent-form-message=\"Obrigada. Aguarde a verifica\u00e7\u00e3o do conte\u00fado pela Secret\u00e1ria de Cultura\" data-document-section-label=\"Documentos e Fotos \" data-thumbnail-section-label=\"Foto de Divulga\u00e7\u00e3o\" data-attachments-section-label=\"Anexos\" data-metadata-section-label=\"Informa\u00e7\u00f5es\" data-show-item-link-button=\"true\" data-show-terms-agreement-checkbox=\"true\" data-terms-agreement-message=\"autorizo a utiliza\u00e7\u00e3o e divulga\u00e7\u00e3o da minha imagem neste site, e declaro que os terceiros eventualmente envolvidos est\u00e3o cientes e de acordo com o conte\u00fado publicado.\" data-item-link-button-label=\"veja o item\" data-help-info-bellow-label=\"true\" data-is-layout-steps=\"true\"><\/div><\/div>\n<\/div>\n<\/div>\n\n\n\n<p><\/p>\n","protected":false},"excerpt":{"rendered":"<p>IDENTIFICA\u00c7\u00c3O VOLUNT\u00c1RIA (uma das formas de participar da constru\u00e7\u00e3o da mem\u00f3ria coletiva de nossa cidade) Imagine como seria bacana ter seus conhecimentos disponibilizados para outras pessoas que possam acessar informa\u00e7\u00f5es sobre seu bairro. Conhecer Santo Andr\u00e9 pelos olhos de quem nela vive \u00e9 mais uma proposta da plataforma digital Santo Andr\u00e9 \u00e9 voc\u00ea. E seria [&hellip;]<\/p>\n","protected":false},"author":2,"featured_media":0,"parent":172783,"menu_order":0,"comment_status":"closed","ping_status":"closed","template":"elementor_canvas","meta":{"content-type":"","footnotes":""},"class_list":["post-181543","page","type-page","status-publish","hentry"],"blocksy_meta":[],"jetpack_sharing_enabled":true,"_links":{"self":[{"href":"https:\/\/www3.santoandre.sp.gov.br\/cultura\/acervosculturais\/wp-json\/wp\/v2\/pages\/181543","targetHints":{"allow":["GET"]}}],"collection":[{"href":"https:\/\/www3.santoandre.sp.gov.br\/cultura\/acervosculturais\/wp-json\/wp\/v2\/pages"}],"about":[{"href":"https:\/\/www3.santoandre.sp.gov.br\/cultura\/acervosculturais\/wp-json\/wp\/v2\/types\/page"}],"author":[{"embeddable":true,"href":"https:\/\/www3.santoandre.sp.gov.br\/cultura\/acervosculturais\/wp-json\/wp\/v2\/users\/2"}],"replies":[{"embeddable":true,"href":"https:\/\/www3.santoandre.sp.gov.br\/cultura\/acervosculturais\/wp-json\/wp\/v2\/comments?post=181543"}],"version-history":[{"count":37,"href":"https:\/\/www3.santoandre.sp.gov.br\/cultura\/acervosculturais\/wp-json\/wp\/v2\/pages\/181543\/revisions"}],"predecessor-version":[{"id":185223,"href":"https:\/\/www3.santoandre.sp.gov.br\/cultura\/acervosculturais\/wp-json\/wp\/v2\/pages\/181543\/revisions\/185223"}],"up":[{"embeddable":true,"href":"https:\/\/www3.santoandre.sp.gov.br\/cultura\/acervosculturais\/wp-json\/wp\/v2\/pages\/172783"}],"wp:attachment":[{"href":"https:\/\/www3.santoandre.sp.gov.br\/cultura\/acervosculturais\/wp-json\/wp\/v2\/media?parent=181543"}],"curies":[{"name":"wp","href":"https:\/\/api.w.org\/{rel}","templated":true}]}}